{"id":98,"date":"2025-08-27T02:12:10","date_gmt":"2025-08-27T02:12:10","guid":{"rendered":"https:\/\/detaildepot.ar\/producto\/koch-chemie-h9-01-heavy-cut\/"},"modified":"2026-04-26T23:51:56","modified_gmt":"2026-04-27T02:51:56","slug":"koch-chemie-h9-01-heavy-cut","status":"publish","type":"product","link":"https:\/\/detaildepot.ar\/?product=koch-chemie-h9-01-heavy-cut","title":{"rendered":"KOCH CHEMIE H9.01 Heavy Cut"},"content":{"rendered":"<div class=\"mb-2\">\n<div id=\"js-product-information\" class=\"product-information-collapse\">Innovador pulimento de m\u00e1quina para el r\u00e1pido procesado de lacas muy deterioradas, para la eliminaci\u00f3n de rasgu\u00f1os profundos y la eliminaci\u00f3n efectiva de niebla de laca y lijados hasta un grano 1.200. Mediante el grano abrasivo extremadamente abrasivo, Heavy Cut 9.02 produce un corte especialmente alto con muy buenos resultados de brillo. Se puede pulir de forma prolongada sin pegarse y generando poco polvo. Adecuado de forma inmejorable para todos los tipos de laca (tanto blandos como tambi\u00e9n resistentes a los rasgu\u00f1os). Nivel de abrasi\u00f3n: 9,0 Nivel de brillo: 6,0<\/div>\n<div class=\"mt-1 text-center\"><\/div>\n<\/div>\n<div class=\"d-flex align-items-center mb-4\"><\/div>\n","protected":false},"excerpt":{"rendered":"<p>Innovador pulimento de m\u00e1quina para el r\u00e1pido procesado de lacas muy deterioradas, para la eliminaci\u00f3n de rasgu\u00f1os profundos y la eliminaci\u00f3n efectiva de niebla de laca y lijados hasta un grano 1.200. Mediante el grano abrasivo extremadamente abrasivo, Heavy Cut 9.02 produce un corte especialmente alto con muy buenos resultados de brillo. Se puede pulir [&hellip;]<\/p>\n","protected":false},"featured_media":603,"comment_status":"open","ping_status":"closed","template":"","meta":[],"product_brand":[53],"product_cat":[22],"product_tag":[45,28,46,25],"class_list":{"0":"post-98","1":"product","2":"type-product","3":"status-publish","4":"has-post-thumbnail","6":"product_brand-koch-chemie","7":"product_cat-pulimentos","8":"product_tag-chemie","9":"product_tag-corte","10":"product_tag-koch","11":"product_tag-pulimento","13":"first","14":"outofstock","15":"shipping-taxable","16":"purchasable","17":"product-type-variable"},"yoast_head":"<!-- This site is optimized with the Yoast SEO plugin v27.4 - https:\/\/yoast.com\/product\/yoast-seo-wordpress\/ -->\n<title>KOCH CHEMIE H9.01 Heavy Cut - Detail Depot | Tienda de insumos para detail<\/title>\n<meta name=\"robots\" content=\"index, follow, max-snippet:-1, max-image-preview:large, max-video-preview:-1\" \/>\n<link rel=\"canonical\" href=\"https:\/\/detaildepot.ar\/?product=koch-chemie-h9-01-heavy-cut\" \/>\n<meta property=\"og:locale\" content=\"es_ES\" \/>\n<meta property=\"og:type\" content=\"article\" \/>\n<meta property=\"og:title\" content=\"KOCH CHEMIE H9.01 Heavy Cut - Detail Depot | Tienda de insumos para detail\" \/>\n<meta property=\"og:description\" content=\"Innovador pulimento de m\u00e1quina para el r\u00e1pido procesado de lacas muy deterioradas, para la eliminaci\u00f3n de rasgu\u00f1os profundos y la eliminaci\u00f3n efectiva de niebla de laca y lijados hasta un grano 1.200. Mediante el grano abrasivo extremadamente abrasivo, Heavy Cut 9.02 produce un corte especialmente alto con muy buenos resultados de brillo. Se puede pulir [&hellip;]\" \/>\n<meta property=\"og:url\" content=\"https:\/\/detaildepot.ar\/?product=koch-chemie-h9-01-heavy-cut\" \/>\n<meta property=\"og:site_name\" content=\"Detail Depot | Tienda de insumos para detail\" \/>\n<meta property=\"article:modified_time\" content=\"2026-04-27T02:51:56+00:00\" \/>\n<meta property=\"og:image\" content=\"https:\/\/detaildepot.ar\/wp-content\/uploads\/2025\/08\/koch_b9.png\" \/>\n\t<meta property=\"og:image:width\" content=\"1024\" \/>\n\t<meta property=\"og:image:height\" content=\"1024\" \/>\n\t<meta property=\"og:image:type\" content=\"image\/png\" \/>\n<meta name=\"twitter:card\" content=\"summary_large_image\" \/>\n<meta name=\"twitter:label1\" content=\"Tiempo de lectura\" \/>\n\t<meta name=\"twitter:data1\" content=\"1 minuto\" \/>\n<script type=\"application\/ld+json\" class=\"yoast-schema-graph\">{\"@context\":\"https:\\\/\\\/schema.org\",\"@graph\":[{\"@type\":\"WebPage\",\"@id\":\"https:\\\/\\\/detaildepot.ar\\\/?product=koch-chemie-h9-01-heavy-cut\",\"url\":\"https:\\\/\\\/detaildepot.ar\\\/?product=koch-chemie-h9-01-heavy-cut\",\"name\":\"KOCH CHEMIE H9.01 Heavy Cut - Detail Depot | Tienda de insumos para detail\",\"isPartOf\":{\"@id\":\"https:\\\/\\\/detaildepot.ar\\\/#website\"},\"primaryImageOfPage\":{\"@id\":\"https:\\\/\\\/detaildepot.ar\\\/?product=koch-chemie-h9-01-heavy-cut#primaryimage\"},\"image\":{\"@id\":\"https:\\\/\\\/detaildepot.ar\\\/?product=koch-chemie-h9-01-heavy-cut#primaryimage\"},\"thumbnailUrl\":\"https:\\\/\\\/detaildepot.ar\\\/wp-content\\\/uploads\\\/2025\\\/08\\\/koch_b9.png\",\"datePublished\":\"2025-08-27T02:12:10+00:00\",\"dateModified\":\"2026-04-27T02:51:56+00:00\",\"breadcrumb\":{\"@id\":\"https:\\\/\\\/detaildepot.ar\\\/?product=koch-chemie-h9-01-heavy-cut#breadcrumb\"},\"inLanguage\":\"es-AR\",\"potentialAction\":[{\"@type\":\"ReadAction\",\"target\":[\"https:\\\/\\\/detaildepot.ar\\\/?product=koch-chemie-h9-01-heavy-cut\"]}]},{\"@type\":\"ImageObject\",\"inLanguage\":\"es-AR\",\"@id\":\"https:\\\/\\\/detaildepot.ar\\\/?product=koch-chemie-h9-01-heavy-cut#primaryimage\",\"url\":\"https:\\\/\\\/detaildepot.ar\\\/wp-content\\\/uploads\\\/2025\\\/08\\\/koch_b9.png\",\"contentUrl\":\"https:\\\/\\\/detaildepot.ar\\\/wp-content\\\/uploads\\\/2025\\\/08\\\/koch_b9.png\",\"width\":1024,\"height\":1024},{\"@type\":\"BreadcrumbList\",\"@id\":\"https:\\\/\\\/detaildepot.ar\\\/?product=koch-chemie-h9-01-heavy-cut#breadcrumb\",\"itemListElement\":[{\"@type\":\"ListItem\",\"position\":1,\"name\":\"Inicio\",\"item\":\"https:\\\/\\\/detaildepot.ar\\\/\"},{\"@type\":\"ListItem\",\"position\":2,\"name\":\"Tienda\",\"item\":\"https:\\\/\\\/detaildepot.ar\\\/\"},{\"@type\":\"ListItem\",\"position\":3,\"name\":\"KOCH CHEMIE H9.01 Heavy Cut\"}]},{\"@type\":\"WebSite\",\"@id\":\"https:\\\/\\\/detaildepot.ar\\\/#website\",\"url\":\"https:\\\/\\\/detaildepot.ar\\\/\",\"name\":\"Detail Depot | Tienda de insumos para detail\",\"description\":\"\",\"publisher\":{\"@id\":\"https:\\\/\\\/detaildepot.ar\\\/#organization\"},\"potentialAction\":[{\"@type\":\"SearchAction\",\"target\":{\"@type\":\"EntryPoint\",\"urlTemplate\":\"https:\\\/\\\/detaildepot.ar\\\/?s={search_term_string}\"},\"query-input\":{\"@type\":\"PropertyValueSpecification\",\"valueRequired\":true,\"valueName\":\"search_term_string\"}}],\"inLanguage\":\"es-AR\"},{\"@type\":\"Organization\",\"@id\":\"https:\\\/\\\/detaildepot.ar\\\/#organization\",\"name\":\"Detail Depot | Tienda de insumos para detail\",\"url\":\"https:\\\/\\\/detaildepot.ar\\\/\",\"logo\":{\"@type\":\"ImageObject\",\"inLanguage\":\"es-AR\",\"@id\":\"https:\\\/\\\/detaildepot.ar\\\/#\\\/schema\\\/logo\\\/image\\\/\",\"url\":\"https:\\\/\\\/detaildepot.ar\\\/wp-content\\\/uploads\\\/2026\\\/03\\\/652187CB-8631-49B2-8296-13AA835CEAD2.png\",\"contentUrl\":\"https:\\\/\\\/detaildepot.ar\\\/wp-content\\\/uploads\\\/2026\\\/03\\\/652187CB-8631-49B2-8296-13AA835CEAD2.png\",\"width\":1024,\"height\":1024,\"caption\":\"Detail Depot | Tienda de insumos para detail\"},\"image\":{\"@id\":\"https:\\\/\\\/detaildepot.ar\\\/#\\\/schema\\\/logo\\\/image\\\/\"}}]}<\/script>\n<!-- \/ Yoast SEO plugin. -->","yoast_head_json":{"title":"KOCH CHEMIE H9.01 Heavy Cut - Detail Depot | Tienda de insumos para detail","robots":{"index":"index","follow":"follow","max-snippet":"max-snippet:-1","max-image-preview":"max-image-preview:large","max-video-preview":"max-video-preview:-1"},"canonical":"https:\/\/detaildepot.ar\/?product=koch-chemie-h9-01-heavy-cut","og_locale":"es_ES","og_type":"article","og_title":"KOCH CHEMIE H9.01 Heavy Cut - Detail Depot | Tienda de insumos para detail","og_description":"Innovador pulimento de m\u00e1quina para el r\u00e1pido procesado de lacas muy deterioradas, para la eliminaci\u00f3n de rasgu\u00f1os profundos y la eliminaci\u00f3n efectiva de niebla de laca y lijados hasta un grano 1.200. Mediante el grano abrasivo extremadamente abrasivo, Heavy Cut 9.02 produce un corte especialmente alto con muy buenos resultados de brillo. Se puede pulir [&hellip;]","og_url":"https:\/\/detaildepot.ar\/?product=koch-chemie-h9-01-heavy-cut","og_site_name":"Detail Depot | Tienda de insumos para detail","article_modified_time":"2026-04-27T02:51:56+00:00","og_image":[{"width":1024,"height":1024,"url":"https:\/\/detaildepot.ar\/wp-content\/uploads\/2025\/08\/koch_b9.png","type":"image\/png"}],"twitter_card":"summary_large_image","twitter_misc":{"Tiempo de lectura":"1 minuto"},"schema":{"@context":"https:\/\/schema.org","@graph":[{"@type":"WebPage","@id":"https:\/\/detaildepot.ar\/?product=koch-chemie-h9-01-heavy-cut","url":"https:\/\/detaildepot.ar\/?product=koch-chemie-h9-01-heavy-cut","name":"KOCH CHEMIE H9.01 Heavy Cut - Detail Depot | Tienda de insumos para detail","isPartOf":{"@id":"https:\/\/detaildepot.ar\/#website"},"primaryImageOfPage":{"@id":"https:\/\/detaildepot.ar\/?product=koch-chemie-h9-01-heavy-cut#primaryimage"},"image":{"@id":"https:\/\/detaildepot.ar\/?product=koch-chemie-h9-01-heavy-cut#primaryimage"},"thumbnailUrl":"https:\/\/detaildepot.ar\/wp-content\/uploads\/2025\/08\/koch_b9.png","datePublished":"2025-08-27T02:12:10+00:00","dateModified":"2026-04-27T02:51:56+00:00","breadcrumb":{"@id":"https:\/\/detaildepot.ar\/?product=koch-chemie-h9-01-heavy-cut#breadcrumb"},"inLanguage":"es-AR","potentialAction":[{"@type":"ReadAction","target":["https:\/\/detaildepot.ar\/?product=koch-chemie-h9-01-heavy-cut"]}]},{"@type":"ImageObject","inLanguage":"es-AR","@id":"https:\/\/detaildepot.ar\/?product=koch-chemie-h9-01-heavy-cut#primaryimage","url":"https:\/\/detaildepot.ar\/wp-content\/uploads\/2025\/08\/koch_b9.png","contentUrl":"https:\/\/detaildepot.ar\/wp-content\/uploads\/2025\/08\/koch_b9.png","width":1024,"height":1024},{"@type":"BreadcrumbList","@id":"https:\/\/detaildepot.ar\/?product=koch-chemie-h9-01-heavy-cut#breadcrumb","itemListElement":[{"@type":"ListItem","position":1,"name":"Inicio","item":"https:\/\/detaildepot.ar\/"},{"@type":"ListItem","position":2,"name":"Tienda","item":"https:\/\/detaildepot.ar\/"},{"@type":"ListItem","position":3,"name":"KOCH CHEMIE H9.01 Heavy Cut"}]},{"@type":"WebSite","@id":"https:\/\/detaildepot.ar\/#website","url":"https:\/\/detaildepot.ar\/","name":"Detail Depot | Tienda de insumos para detail","description":"","publisher":{"@id":"https:\/\/detaildepot.ar\/#organization"},"potentialAction":[{"@type":"SearchAction","target":{"@type":"EntryPoint","urlTemplate":"https:\/\/detaildepot.ar\/?s={search_term_string}"},"query-input":{"@type":"PropertyValueSpecification","valueRequired":true,"valueName":"search_term_string"}}],"inLanguage":"es-AR"},{"@type":"Organization","@id":"https:\/\/detaildepot.ar\/#organization","name":"Detail Depot | Tienda de insumos para detail","url":"https:\/\/detaildepot.ar\/","logo":{"@type":"ImageObject","inLanguage":"es-AR","@id":"https:\/\/detaildepot.ar\/#\/schema\/logo\/image\/","url":"https:\/\/detaildepot.ar\/wp-content\/uploads\/2026\/03\/652187CB-8631-49B2-8296-13AA835CEAD2.png","contentUrl":"https:\/\/detaildepot.ar\/wp-content\/uploads\/2026\/03\/652187CB-8631-49B2-8296-13AA835CEAD2.png","width":1024,"height":1024,"caption":"Detail Depot | Tienda de insumos para detail"},"image":{"@id":"https:\/\/detaildepot.ar\/#\/schema\/logo\/image\/"}}]}},"jetpack_sharing_enabled":true,"_links":{"self":[{"href":"https:\/\/detaildepot.ar\/index.php?rest_route=\/wp\/v2\/product\/98","targetHints":{"allow":["GET"]}}],"collection":[{"href":"https:\/\/detaildepot.ar\/index.php?rest_route=\/wp\/v2\/product"}],"about":[{"href":"https:\/\/detaildepot.ar\/index.php?rest_route=\/wp\/v2\/types\/product"}],"replies":[{"embeddable":true,"href":"https:\/\/detaildepot.ar\/index.php?rest_route=%2Fwp%2Fv2%2Fcomments&post=98"}],"version-history":[{"count":1,"href":"https:\/\/detaildepot.ar\/index.php?rest_route=\/wp\/v2\/product\/98\/revisions"}],"predecessor-version":[{"id":1470,"href":"https:\/\/detaildepot.ar\/index.php?rest_route=\/wp\/v2\/product\/98\/revisions\/1470"}],"wp:featuredmedia":[{"embeddable":true,"href":"https:\/\/detaildepot.ar\/index.php?rest_route=\/wp\/v2\/media\/603"}],"wp:attachment":[{"href":"https:\/\/detaildepot.ar\/index.php?rest_route=%2Fwp%2Fv2%2Fmedia&parent=98"}],"wp:term":[{"taxonomy":"product_brand","embeddable":true,"href":"https:\/\/detaildepot.ar\/index.php?rest_route=%2Fwp%2Fv2%2Fproduct_brand&post=98"},{"taxonomy":"product_cat","embeddable":true,"href":"https:\/\/detaildepot.ar\/index.php?rest_route=%2Fwp%2Fv2%2Fproduct_cat&post=98"},{"taxonomy":"product_tag","embeddable":true,"href":"https:\/\/detaildepot.ar\/index.php?rest_route=%2Fwp%2Fv2%2Fproduct_tag&post=98"}],"curies":[{"name":"wp","href":"https:\/\/api.w.org\/{rel}","templated":true}]}}