{"id":863,"date":"2025-08-30T03:21:11","date_gmt":"2025-08-30T03:21:11","guid":{"rendered":"https:\/\/detaildepot.ar\/?post_type=product&#038;p=863"},"modified":"2025-09-29T00:47:53","modified_gmt":"2025-09-29T03:47:53","slug":"ps-bead-maker-paint-protectant","status":"publish","type":"product","link":"https:\/\/detaildepot.ar\/?product=ps-bead-maker-paint-protectant","title":{"rendered":"P&#038;S BEAD MAKER PAINT PROTECTANT"},"content":{"rendered":"<p>Bead Maker ahora facilita y agiliza la protecci\u00f3n de la pintura como nunca antes. Su f\u00f3rmula \u00fanica permite una r\u00e1pida aplicaci\u00f3n con pistola. Este producto, que ahorra tiempo, utiliza tecnolog\u00eda de mon\u00f3meros de pol\u00edmero aglutinante para lograr un acabado brillante y duradero que repele el agua. Bead Maker se puede aplicar tanto en veh\u00edculos h\u00famedos como secos y es seguro para rociar sobre cualquier superficie exterior. Bead Maker tambi\u00e9n incluye protecci\u00f3n UV: utilizamos una combinaci\u00f3n de filtro UV y estabilizadores UV. Lo que distingue a Bead Maker es su mol\u00e9cula migratoria superficial que se adhiere a la pintura del veh\u00edculo. Una vez adherida, esta mol\u00e9cula se reticula y polimeriza en la superficie, creando una capa protectora hidr\u00f3foba y duradera. El tiempo de curado es de aproximadamente dos horas, dependiendo de las condiciones ambientales.<\/p>\n","protected":false},"excerpt":{"rendered":"<p>Bead Maker ahora facilita y agiliza la protecci\u00f3n de la pintura como nunca antes. Su f\u00f3rmula \u00fanica permite una r\u00e1pida aplicaci\u00f3n con pistola. Este producto, que ahorra tiempo, utiliza tecnolog\u00eda de mon\u00f3meros de pol\u00edmero aglutinante para lograr un acabado brillante y duradero que repele el agua. Bead Maker se puede aplicar tanto en veh\u00edculos h\u00famedos [&hellip;]<\/p>\n","protected":false},"featured_media":864,"comment_status":"open","ping_status":"closed","template":"","meta":[],"product_brand":[325],"product_cat":[30],"product_tag":[314,313,346,315,32,33],"class_list":{"0":"post-863","1":"product","2":"type-product","3":"status-publish","4":"has-post-thumbnail","6":"product_brand-ps","7":"product_cat-selladores","8":"product_tag-bead-maker","9":"product_tag-ps","10":"product_tag-polymer","11":"product_tag-protector","12":"product_tag-sellador","13":"product_tag-spray","15":"first","16":"instock","17":"shipping-taxable","18":"purchasable","19":"product-type-variable"},"yoast_head":"<!-- This site is optimized with the Yoast SEO plugin v27.4 - https:\/\/yoast.com\/product\/yoast-seo-wordpress\/ -->\n<title>P&amp;S BEAD MAKER PAINT PROTECTANT - Detail Depot | Tienda de insumos para detail<\/title>\n<meta name=\"robots\" content=\"index, follow, max-snippet:-1, max-image-preview:large, max-video-preview:-1\" \/>\n<link rel=\"canonical\" href=\"https:\/\/detaildepot.ar\/?product=ps-bead-maker-paint-protectant\" \/>\n<meta property=\"og:locale\" content=\"es_ES\" \/>\n<meta property=\"og:type\" content=\"article\" \/>\n<meta property=\"og:title\" content=\"P&amp;S BEAD MAKER PAINT PROTECTANT - Detail Depot | Tienda de insumos para detail\" \/>\n<meta property=\"og:description\" content=\"Bead Maker ahora facilita y agiliza la protecci\u00f3n de la pintura como nunca antes. Su f\u00f3rmula \u00fanica permite una r\u00e1pida aplicaci\u00f3n con pistola. Este producto, que ahorra tiempo, utiliza tecnolog\u00eda de mon\u00f3meros de pol\u00edmero aglutinante para lograr un acabado brillante y duradero que repele el agua. Bead Maker se puede aplicar tanto en veh\u00edculos h\u00famedos [&hellip;]\" \/>\n<meta property=\"og:url\" content=\"https:\/\/detaildepot.ar\/?product=ps-bead-maker-paint-protectant\" \/>\n<meta property=\"og:site_name\" content=\"Detail Depot | Tienda de insumos para detail\" \/>\n<meta property=\"article:modified_time\" content=\"2025-09-29T03:47:53+00:00\" \/>\n<meta property=\"og:image\" content=\"https:\/\/detaildepot.ar\/wp-content\/uploads\/2025\/08\/Diseno-sin-titulo-1.png\" \/>\n\t<meta property=\"og:image:width\" content=\"1024\" \/>\n\t<meta property=\"og:image:height\" content=\"1024\" \/>\n\t<meta property=\"og:image:type\" content=\"image\/png\" \/>\n<meta name=\"twitter:card\" content=\"summary_large_image\" \/>\n<meta name=\"twitter:label1\" content=\"Tiempo de lectura\" \/>\n\t<meta name=\"twitter:data1\" content=\"1 minuto\" \/>\n<script type=\"application\/ld+json\" class=\"yoast-schema-graph\">{\"@context\":\"https:\\\/\\\/schema.org\",\"@graph\":[{\"@type\":\"WebPage\",\"@id\":\"https:\\\/\\\/detaildepot.ar\\\/?product=ps-bead-maker-paint-protectant\",\"url\":\"https:\\\/\\\/detaildepot.ar\\\/?product=ps-bead-maker-paint-protectant\",\"name\":\"P&S BEAD MAKER PAINT PROTECTANT - Detail Depot | Tienda de insumos para detail\",\"isPartOf\":{\"@id\":\"https:\\\/\\\/detaildepot.ar\\\/#website\"},\"primaryImageOfPage\":{\"@id\":\"https:\\\/\\\/detaildepot.ar\\\/?product=ps-bead-maker-paint-protectant#primaryimage\"},\"image\":{\"@id\":\"https:\\\/\\\/detaildepot.ar\\\/?product=ps-bead-maker-paint-protectant#primaryimage\"},\"thumbnailUrl\":\"https:\\\/\\\/detaildepot.ar\\\/wp-content\\\/uploads\\\/2025\\\/08\\\/Diseno-sin-titulo-1.png\",\"datePublished\":\"2025-08-30T03:21:11+00:00\",\"dateModified\":\"2025-09-29T03:47:53+00:00\",\"breadcrumb\":{\"@id\":\"https:\\\/\\\/detaildepot.ar\\\/?product=ps-bead-maker-paint-protectant#breadcrumb\"},\"inLanguage\":\"es-AR\",\"potentialAction\":[{\"@type\":\"ReadAction\",\"target\":[\"https:\\\/\\\/detaildepot.ar\\\/?product=ps-bead-maker-paint-protectant\"]}]},{\"@type\":\"ImageObject\",\"inLanguage\":\"es-AR\",\"@id\":\"https:\\\/\\\/detaildepot.ar\\\/?product=ps-bead-maker-paint-protectant#primaryimage\",\"url\":\"https:\\\/\\\/detaildepot.ar\\\/wp-content\\\/uploads\\\/2025\\\/08\\\/Diseno-sin-titulo-1.png\",\"contentUrl\":\"https:\\\/\\\/detaildepot.ar\\\/wp-content\\\/uploads\\\/2025\\\/08\\\/Diseno-sin-titulo-1.png\",\"width\":1024,\"height\":1024},{\"@type\":\"BreadcrumbList\",\"@id\":\"https:\\\/\\\/detaildepot.ar\\\/?product=ps-bead-maker-paint-protectant#breadcrumb\",\"itemListElement\":[{\"@type\":\"ListItem\",\"position\":1,\"name\":\"Inicio\",\"item\":\"https:\\\/\\\/detaildepot.ar\\\/\"},{\"@type\":\"ListItem\",\"position\":2,\"name\":\"Tienda\",\"item\":\"https:\\\/\\\/detaildepot.ar\\\/\"},{\"@type\":\"ListItem\",\"position\":3,\"name\":\"P&#038;S BEAD MAKER PAINT PROTECTANT\"}]},{\"@type\":\"WebSite\",\"@id\":\"https:\\\/\\\/detaildepot.ar\\\/#website\",\"url\":\"https:\\\/\\\/detaildepot.ar\\\/\",\"name\":\"Detail Depot | Tienda de insumos para detail\",\"description\":\"\",\"publisher\":{\"@id\":\"https:\\\/\\\/detaildepot.ar\\\/#organization\"},\"potentialAction\":[{\"@type\":\"SearchAction\",\"target\":{\"@type\":\"EntryPoint\",\"urlTemplate\":\"https:\\\/\\\/detaildepot.ar\\\/?s={search_term_string}\"},\"query-input\":{\"@type\":\"PropertyValueSpecification\",\"valueRequired\":true,\"valueName\":\"search_term_string\"}}],\"inLanguage\":\"es-AR\"},{\"@type\":\"Organization\",\"@id\":\"https:\\\/\\\/detaildepot.ar\\\/#organization\",\"name\":\"Detail Depot | Tienda de insumos para detail\",\"url\":\"https:\\\/\\\/detaildepot.ar\\\/\",\"logo\":{\"@type\":\"ImageObject\",\"inLanguage\":\"es-AR\",\"@id\":\"https:\\\/\\\/detaildepot.ar\\\/#\\\/schema\\\/logo\\\/image\\\/\",\"url\":\"https:\\\/\\\/detaildepot.ar\\\/wp-content\\\/uploads\\\/2026\\\/03\\\/652187CB-8631-49B2-8296-13AA835CEAD2.png\",\"contentUrl\":\"https:\\\/\\\/detaildepot.ar\\\/wp-content\\\/uploads\\\/2026\\\/03\\\/652187CB-8631-49B2-8296-13AA835CEAD2.png\",\"width\":1024,\"height\":1024,\"caption\":\"Detail Depot | Tienda de insumos para detail\"},\"image\":{\"@id\":\"https:\\\/\\\/detaildepot.ar\\\/#\\\/schema\\\/logo\\\/image\\\/\"}}]}<\/script>\n<!-- \/ Yoast SEO plugin. -->","yoast_head_json":{"title":"P&S BEAD MAKER PAINT PROTECTANT - Detail Depot | Tienda de insumos para detail","robots":{"index":"index","follow":"follow","max-snippet":"max-snippet:-1","max-image-preview":"max-image-preview:large","max-video-preview":"max-video-preview:-1"},"canonical":"https:\/\/detaildepot.ar\/?product=ps-bead-maker-paint-protectant","og_locale":"es_ES","og_type":"article","og_title":"P&S BEAD MAKER PAINT PROTECTANT - Detail Depot | Tienda de insumos para detail","og_description":"Bead Maker ahora facilita y agiliza la protecci\u00f3n de la pintura como nunca antes. Su f\u00f3rmula \u00fanica permite una r\u00e1pida aplicaci\u00f3n con pistola. Este producto, que ahorra tiempo, utiliza tecnolog\u00eda de mon\u00f3meros de pol\u00edmero aglutinante para lograr un acabado brillante y duradero que repele el agua. Bead Maker se puede aplicar tanto en veh\u00edculos h\u00famedos [&hellip;]","og_url":"https:\/\/detaildepot.ar\/?product=ps-bead-maker-paint-protectant","og_site_name":"Detail Depot | Tienda de insumos para detail","article_modified_time":"2025-09-29T03:47:53+00:00","og_image":[{"width":1024,"height":1024,"url":"https:\/\/detaildepot.ar\/wp-content\/uploads\/2025\/08\/Diseno-sin-titulo-1.png","type":"image\/png"}],"twitter_card":"summary_large_image","twitter_misc":{"Tiempo de lectura":"1 minuto"},"schema":{"@context":"https:\/\/schema.org","@graph":[{"@type":"WebPage","@id":"https:\/\/detaildepot.ar\/?product=ps-bead-maker-paint-protectant","url":"https:\/\/detaildepot.ar\/?product=ps-bead-maker-paint-protectant","name":"P&S BEAD MAKER PAINT PROTECTANT - Detail Depot | Tienda de insumos para detail","isPartOf":{"@id":"https:\/\/detaildepot.ar\/#website"},"primaryImageOfPage":{"@id":"https:\/\/detaildepot.ar\/?product=ps-bead-maker-paint-protectant#primaryimage"},"image":{"@id":"https:\/\/detaildepot.ar\/?product=ps-bead-maker-paint-protectant#primaryimage"},"thumbnailUrl":"https:\/\/detaildepot.ar\/wp-content\/uploads\/2025\/08\/Diseno-sin-titulo-1.png","datePublished":"2025-08-30T03:21:11+00:00","dateModified":"2025-09-29T03:47:53+00:00","breadcrumb":{"@id":"https:\/\/detaildepot.ar\/?product=ps-bead-maker-paint-protectant#breadcrumb"},"inLanguage":"es-AR","potentialAction":[{"@type":"ReadAction","target":["https:\/\/detaildepot.ar\/?product=ps-bead-maker-paint-protectant"]}]},{"@type":"ImageObject","inLanguage":"es-AR","@id":"https:\/\/detaildepot.ar\/?product=ps-bead-maker-paint-protectant#primaryimage","url":"https:\/\/detaildepot.ar\/wp-content\/uploads\/2025\/08\/Diseno-sin-titulo-1.png","contentUrl":"https:\/\/detaildepot.ar\/wp-content\/uploads\/2025\/08\/Diseno-sin-titulo-1.png","width":1024,"height":1024},{"@type":"BreadcrumbList","@id":"https:\/\/detaildepot.ar\/?product=ps-bead-maker-paint-protectant#breadcrumb","itemListElement":[{"@type":"ListItem","position":1,"name":"Inicio","item":"https:\/\/detaildepot.ar\/"},{"@type":"ListItem","position":2,"name":"Tienda","item":"https:\/\/detaildepot.ar\/"},{"@type":"ListItem","position":3,"name":"P&#038;S BEAD MAKER PAINT PROTECTANT"}]},{"@type":"WebSite","@id":"https:\/\/detaildepot.ar\/#website","url":"https:\/\/detaildepot.ar\/","name":"Detail Depot | Tienda de insumos para detail","description":"","publisher":{"@id":"https:\/\/detaildepot.ar\/#organization"},"potentialAction":[{"@type":"SearchAction","target":{"@type":"EntryPoint","urlTemplate":"https:\/\/detaildepot.ar\/?s={search_term_string}"},"query-input":{"@type":"PropertyValueSpecification","valueRequired":true,"valueName":"search_term_string"}}],"inLanguage":"es-AR"},{"@type":"Organization","@id":"https:\/\/detaildepot.ar\/#organization","name":"Detail Depot | Tienda de insumos para detail","url":"https:\/\/detaildepot.ar\/","logo":{"@type":"ImageObject","inLanguage":"es-AR","@id":"https:\/\/detaildepot.ar\/#\/schema\/logo\/image\/","url":"https:\/\/detaildepot.ar\/wp-content\/uploads\/2026\/03\/652187CB-8631-49B2-8296-13AA835CEAD2.png","contentUrl":"https:\/\/detaildepot.ar\/wp-content\/uploads\/2026\/03\/652187CB-8631-49B2-8296-13AA835CEAD2.png","width":1024,"height":1024,"caption":"Detail Depot | Tienda de insumos para detail"},"image":{"@id":"https:\/\/detaildepot.ar\/#\/schema\/logo\/image\/"}}]}},"jetpack_sharing_enabled":true,"_links":{"self":[{"href":"https:\/\/detaildepot.ar\/index.php?rest_route=\/wp\/v2\/product\/863","targetHints":{"allow":["GET"]}}],"collection":[{"href":"https:\/\/detaildepot.ar\/index.php?rest_route=\/wp\/v2\/product"}],"about":[{"href":"https:\/\/detaildepot.ar\/index.php?rest_route=\/wp\/v2\/types\/product"}],"replies":[{"embeddable":true,"href":"https:\/\/detaildepot.ar\/index.php?rest_route=%2Fwp%2Fv2%2Fcomments&post=863"}],"version-history":[{"count":1,"href":"https:\/\/detaildepot.ar\/index.php?rest_route=\/wp\/v2\/product\/863\/revisions"}],"predecessor-version":[{"id":1516,"href":"https:\/\/detaildepot.ar\/index.php?rest_route=\/wp\/v2\/product\/863\/revisions\/1516"}],"wp:featuredmedia":[{"embeddable":true,"href":"https:\/\/detaildepot.ar\/index.php?rest_route=\/wp\/v2\/media\/864"}],"wp:attachment":[{"href":"https:\/\/detaildepot.ar\/index.php?rest_route=%2Fwp%2Fv2%2Fmedia&parent=863"}],"wp:term":[{"taxonomy":"product_brand","embeddable":true,"href":"https:\/\/detaildepot.ar\/index.php?rest_route=%2Fwp%2Fv2%2Fproduct_brand&post=863"},{"taxonomy":"product_cat","embeddable":true,"href":"https:\/\/detaildepot.ar\/index.php?rest_route=%2Fwp%2Fv2%2Fproduct_cat&post=863"},{"taxonomy":"product_tag","embeddable":true,"href":"https:\/\/detaildepot.ar\/index.php?rest_route=%2Fwp%2Fv2%2Fproduct_tag&post=863"}],"curies":[{"name":"wp","href":"https:\/\/api.w.org\/{rel}","templated":true}]}}