{"id":86,"date":"2025-08-27T02:12:08","date_gmt":"2025-08-27T02:12:08","guid":{"rendered":"https:\/\/detaildepot.ar\/producto\/menzerna-power-lock-ultimate-protection-250-ml\/"},"modified":"2025-09-29T00:10:50","modified_gmt":"2025-09-29T03:10:50","slug":"menzerna-power-lock-ultimate-protection-250-ml","status":"publish","type":"product","link":"https:\/\/detaildepot.ar\/?product=menzerna-power-lock-ultimate-protection-250-ml","title":{"rendered":"MENZERNA POWER LOCK ULTIMATE PROTECTION &#8211; 250 ML"},"content":{"rendered":"<p>Este producto especializado de larga duraci\u00f3n no solo ofrece un sellado duradero, sino que tambi\u00e9n protege eficazmente contra las inclemencias del tiempo. El sellador de pol\u00edmero ofrece un efecto perlado inigualable, adem\u00e1s de un brillo intenso y excepcional. Tambi\u00e9n es adecuado como sellador de larga duraci\u00f3n para veh\u00edculos nuevos.<\/p>\n","protected":false},"excerpt":{"rendered":"<p>Este producto especializado de larga duraci\u00f3n no solo ofrece un sellado duradero, sino que tambi\u00e9n protege eficazmente contra las inclemencias del tiempo. El sellador de pol\u00edmero ofrece un efecto perlado inigualable, adem\u00e1s de un brillo intenso y excepcional. Tambi\u00e9n es adecuado como sellador de larga duraci\u00f3n para veh\u00edculos nuevos.<\/p>\n","protected":false},"featured_media":666,"comment_status":"open","ping_status":"closed","template":"","meta":[],"product_brand":[52],"product_cat":[30],"product_tag":[24,34,25,32],"class_list":{"0":"post-86","1":"product","2":"type-product","3":"status-publish","4":"has-post-thumbnail","6":"product_brand-menzerna","7":"product_cat-selladores","8":"product_tag-menzerna","9":"product_tag-power-lock","10":"product_tag-pulimento","11":"product_tag-sellador","13":"first","14":"instock","15":"shipping-taxable","16":"purchasable","17":"product-type-simple"},"yoast_head":"<!-- This site is optimized with the Yoast SEO plugin v27.4 - https:\/\/yoast.com\/product\/yoast-seo-wordpress\/ -->\n<title>MENZERNA POWER LOCK ULTIMATE PROTECTION - 250 ML - Detail Depot | Tienda de insumos para detail<\/title>\n<meta name=\"robots\" content=\"index, follow, max-snippet:-1, max-image-preview:large, max-video-preview:-1\" \/>\n<link rel=\"canonical\" href=\"https:\/\/detaildepot.ar\/?product=menzerna-power-lock-ultimate-protection-250-ml\" \/>\n<meta property=\"og:locale\" content=\"es_ES\" \/>\n<meta property=\"og:type\" content=\"article\" \/>\n<meta property=\"og:title\" content=\"MENZERNA POWER LOCK ULTIMATE PROTECTION - 250 ML - Detail Depot | Tienda de insumos para detail\" \/>\n<meta property=\"og:description\" content=\"Este producto especializado de larga duraci\u00f3n no solo ofrece un sellado duradero, sino que tambi\u00e9n protege eficazmente contra las inclemencias del tiempo. El sellador de pol\u00edmero ofrece un efecto perlado inigualable, adem\u00e1s de un brillo intenso y excepcional. Tambi\u00e9n es adecuado como sellador de larga duraci\u00f3n para veh\u00edculos nuevos.\" \/>\n<meta property=\"og:url\" content=\"https:\/\/detaildepot.ar\/?product=menzerna-power-lock-ultimate-protection-250-ml\" \/>\n<meta property=\"og:site_name\" content=\"Detail Depot | Tienda de insumos para detail\" \/>\n<meta property=\"article:modified_time\" content=\"2025-09-29T03:10:50+00:00\" \/>\n<meta property=\"og:image\" content=\"https:\/\/detaildepot.ar\/wp-content\/uploads\/2025\/08\/menzerna_powerlock.png\" \/>\n\t<meta property=\"og:image:width\" content=\"1024\" \/>\n\t<meta property=\"og:image:height\" content=\"1024\" \/>\n\t<meta property=\"og:image:type\" content=\"image\/png\" \/>\n<meta name=\"twitter:card\" content=\"summary_large_image\" \/>\n<meta name=\"twitter:label1\" content=\"Tiempo de lectura\" \/>\n\t<meta name=\"twitter:data1\" content=\"1 minuto\" \/>\n<script type=\"application\/ld+json\" class=\"yoast-schema-graph\">{\"@context\":\"https:\\\/\\\/schema.org\",\"@graph\":[{\"@type\":\"WebPage\",\"@id\":\"https:\\\/\\\/detaildepot.ar\\\/?product=menzerna-power-lock-ultimate-protection-250-ml\",\"url\":\"https:\\\/\\\/detaildepot.ar\\\/?product=menzerna-power-lock-ultimate-protection-250-ml\",\"name\":\"MENZERNA POWER LOCK ULTIMATE PROTECTION - 250 ML - Detail Depot | Tienda de insumos para detail\",\"isPartOf\":{\"@id\":\"https:\\\/\\\/detaildepot.ar\\\/#website\"},\"primaryImageOfPage\":{\"@id\":\"https:\\\/\\\/detaildepot.ar\\\/?product=menzerna-power-lock-ultimate-protection-250-ml#primaryimage\"},\"image\":{\"@id\":\"https:\\\/\\\/detaildepot.ar\\\/?product=menzerna-power-lock-ultimate-protection-250-ml#primaryimage\"},\"thumbnailUrl\":\"https:\\\/\\\/detaildepot.ar\\\/wp-content\\\/uploads\\\/2025\\\/08\\\/menzerna_powerlock.png\",\"datePublished\":\"2025-08-27T02:12:08+00:00\",\"dateModified\":\"2025-09-29T03:10:50+00:00\",\"breadcrumb\":{\"@id\":\"https:\\\/\\\/detaildepot.ar\\\/?product=menzerna-power-lock-ultimate-protection-250-ml#breadcrumb\"},\"inLanguage\":\"es-AR\",\"potentialAction\":[{\"@type\":\"ReadAction\",\"target\":[\"https:\\\/\\\/detaildepot.ar\\\/?product=menzerna-power-lock-ultimate-protection-250-ml\"]}]},{\"@type\":\"ImageObject\",\"inLanguage\":\"es-AR\",\"@id\":\"https:\\\/\\\/detaildepot.ar\\\/?product=menzerna-power-lock-ultimate-protection-250-ml#primaryimage\",\"url\":\"https:\\\/\\\/detaildepot.ar\\\/wp-content\\\/uploads\\\/2025\\\/08\\\/menzerna_powerlock.png\",\"contentUrl\":\"https:\\\/\\\/detaildepot.ar\\\/wp-content\\\/uploads\\\/2025\\\/08\\\/menzerna_powerlock.png\",\"width\":1024,\"height\":1024},{\"@type\":\"BreadcrumbList\",\"@id\":\"https:\\\/\\\/detaildepot.ar\\\/?product=menzerna-power-lock-ultimate-protection-250-ml#breadcrumb\",\"itemListElement\":[{\"@type\":\"ListItem\",\"position\":1,\"name\":\"Inicio\",\"item\":\"https:\\\/\\\/detaildepot.ar\\\/\"},{\"@type\":\"ListItem\",\"position\":2,\"name\":\"Tienda\",\"item\":\"https:\\\/\\\/detaildepot.ar\\\/\"},{\"@type\":\"ListItem\",\"position\":3,\"name\":\"MENZERNA POWER LOCK ULTIMATE PROTECTION &#8211; 250 ML\"}]},{\"@type\":\"WebSite\",\"@id\":\"https:\\\/\\\/detaildepot.ar\\\/#website\",\"url\":\"https:\\\/\\\/detaildepot.ar\\\/\",\"name\":\"Detail Depot | Tienda de insumos para detail\",\"description\":\"\",\"publisher\":{\"@id\":\"https:\\\/\\\/detaildepot.ar\\\/#organization\"},\"potentialAction\":[{\"@type\":\"SearchAction\",\"target\":{\"@type\":\"EntryPoint\",\"urlTemplate\":\"https:\\\/\\\/detaildepot.ar\\\/?s={search_term_string}\"},\"query-input\":{\"@type\":\"PropertyValueSpecification\",\"valueRequired\":true,\"valueName\":\"search_term_string\"}}],\"inLanguage\":\"es-AR\"},{\"@type\":\"Organization\",\"@id\":\"https:\\\/\\\/detaildepot.ar\\\/#organization\",\"name\":\"Detail Depot | Tienda de insumos para detail\",\"url\":\"https:\\\/\\\/detaildepot.ar\\\/\",\"logo\":{\"@type\":\"ImageObject\",\"inLanguage\":\"es-AR\",\"@id\":\"https:\\\/\\\/detaildepot.ar\\\/#\\\/schema\\\/logo\\\/image\\\/\",\"url\":\"https:\\\/\\\/detaildepot.ar\\\/wp-content\\\/uploads\\\/2026\\\/03\\\/652187CB-8631-49B2-8296-13AA835CEAD2.png\",\"contentUrl\":\"https:\\\/\\\/detaildepot.ar\\\/wp-content\\\/uploads\\\/2026\\\/03\\\/652187CB-8631-49B2-8296-13AA835CEAD2.png\",\"width\":1024,\"height\":1024,\"caption\":\"Detail Depot | Tienda de insumos para detail\"},\"image\":{\"@id\":\"https:\\\/\\\/detaildepot.ar\\\/#\\\/schema\\\/logo\\\/image\\\/\"}}]}<\/script>\n<!-- \/ Yoast SEO plugin. -->","yoast_head_json":{"title":"MENZERNA POWER LOCK ULTIMATE PROTECTION - 250 ML - Detail Depot | Tienda de insumos para detail","robots":{"index":"index","follow":"follow","max-snippet":"max-snippet:-1","max-image-preview":"max-image-preview:large","max-video-preview":"max-video-preview:-1"},"canonical":"https:\/\/detaildepot.ar\/?product=menzerna-power-lock-ultimate-protection-250-ml","og_locale":"es_ES","og_type":"article","og_title":"MENZERNA POWER LOCK ULTIMATE PROTECTION - 250 ML - Detail Depot | Tienda de insumos para detail","og_description":"Este producto especializado de larga duraci\u00f3n no solo ofrece un sellado duradero, sino que tambi\u00e9n protege eficazmente contra las inclemencias del tiempo. El sellador de pol\u00edmero ofrece un efecto perlado inigualable, adem\u00e1s de un brillo intenso y excepcional. Tambi\u00e9n es adecuado como sellador de larga duraci\u00f3n para veh\u00edculos nuevos.","og_url":"https:\/\/detaildepot.ar\/?product=menzerna-power-lock-ultimate-protection-250-ml","og_site_name":"Detail Depot | Tienda de insumos para detail","article_modified_time":"2025-09-29T03:10:50+00:00","og_image":[{"width":1024,"height":1024,"url":"https:\/\/detaildepot.ar\/wp-content\/uploads\/2025\/08\/menzerna_powerlock.png","type":"image\/png"}],"twitter_card":"summary_large_image","twitter_misc":{"Tiempo de lectura":"1 minuto"},"schema":{"@context":"https:\/\/schema.org","@graph":[{"@type":"WebPage","@id":"https:\/\/detaildepot.ar\/?product=menzerna-power-lock-ultimate-protection-250-ml","url":"https:\/\/detaildepot.ar\/?product=menzerna-power-lock-ultimate-protection-250-ml","name":"MENZERNA POWER LOCK ULTIMATE PROTECTION - 250 ML - Detail Depot | Tienda de insumos para detail","isPartOf":{"@id":"https:\/\/detaildepot.ar\/#website"},"primaryImageOfPage":{"@id":"https:\/\/detaildepot.ar\/?product=menzerna-power-lock-ultimate-protection-250-ml#primaryimage"},"image":{"@id":"https:\/\/detaildepot.ar\/?product=menzerna-power-lock-ultimate-protection-250-ml#primaryimage"},"thumbnailUrl":"https:\/\/detaildepot.ar\/wp-content\/uploads\/2025\/08\/menzerna_powerlock.png","datePublished":"2025-08-27T02:12:08+00:00","dateModified":"2025-09-29T03:10:50+00:00","breadcrumb":{"@id":"https:\/\/detaildepot.ar\/?product=menzerna-power-lock-ultimate-protection-250-ml#breadcrumb"},"inLanguage":"es-AR","potentialAction":[{"@type":"ReadAction","target":["https:\/\/detaildepot.ar\/?product=menzerna-power-lock-ultimate-protection-250-ml"]}]},{"@type":"ImageObject","inLanguage":"es-AR","@id":"https:\/\/detaildepot.ar\/?product=menzerna-power-lock-ultimate-protection-250-ml#primaryimage","url":"https:\/\/detaildepot.ar\/wp-content\/uploads\/2025\/08\/menzerna_powerlock.png","contentUrl":"https:\/\/detaildepot.ar\/wp-content\/uploads\/2025\/08\/menzerna_powerlock.png","width":1024,"height":1024},{"@type":"BreadcrumbList","@id":"https:\/\/detaildepot.ar\/?product=menzerna-power-lock-ultimate-protection-250-ml#breadcrumb","itemListElement":[{"@type":"ListItem","position":1,"name":"Inicio","item":"https:\/\/detaildepot.ar\/"},{"@type":"ListItem","position":2,"name":"Tienda","item":"https:\/\/detaildepot.ar\/"},{"@type":"ListItem","position":3,"name":"MENZERNA POWER LOCK ULTIMATE PROTECTION &#8211; 250 ML"}]},{"@type":"WebSite","@id":"https:\/\/detaildepot.ar\/#website","url":"https:\/\/detaildepot.ar\/","name":"Detail Depot | Tienda de insumos para detail","description":"","publisher":{"@id":"https:\/\/detaildepot.ar\/#organization"},"potentialAction":[{"@type":"SearchAction","target":{"@type":"EntryPoint","urlTemplate":"https:\/\/detaildepot.ar\/?s={search_term_string}"},"query-input":{"@type":"PropertyValueSpecification","valueRequired":true,"valueName":"search_term_string"}}],"inLanguage":"es-AR"},{"@type":"Organization","@id":"https:\/\/detaildepot.ar\/#organization","name":"Detail Depot | Tienda de insumos para detail","url":"https:\/\/detaildepot.ar\/","logo":{"@type":"ImageObject","inLanguage":"es-AR","@id":"https:\/\/detaildepot.ar\/#\/schema\/logo\/image\/","url":"https:\/\/detaildepot.ar\/wp-content\/uploads\/2026\/03\/652187CB-8631-49B2-8296-13AA835CEAD2.png","contentUrl":"https:\/\/detaildepot.ar\/wp-content\/uploads\/2026\/03\/652187CB-8631-49B2-8296-13AA835CEAD2.png","width":1024,"height":1024,"caption":"Detail Depot | Tienda de insumos para detail"},"image":{"@id":"https:\/\/detaildepot.ar\/#\/schema\/logo\/image\/"}}]}},"jetpack_sharing_enabled":true,"_links":{"self":[{"href":"https:\/\/detaildepot.ar\/index.php?rest_route=\/wp\/v2\/product\/86","targetHints":{"allow":["GET"]}}],"collection":[{"href":"https:\/\/detaildepot.ar\/index.php?rest_route=\/wp\/v2\/product"}],"about":[{"href":"https:\/\/detaildepot.ar\/index.php?rest_route=\/wp\/v2\/types\/product"}],"replies":[{"embeddable":true,"href":"https:\/\/detaildepot.ar\/index.php?rest_route=%2Fwp%2Fv2%2Fcomments&post=86"}],"version-history":[{"count":2,"href":"https:\/\/detaildepot.ar\/index.php?rest_route=\/wp\/v2\/product\/86\/revisions"}],"predecessor-version":[{"id":1478,"href":"https:\/\/detaildepot.ar\/index.php?rest_route=\/wp\/v2\/product\/86\/revisions\/1478"}],"wp:featuredmedia":[{"embeddable":true,"href":"https:\/\/detaildepot.ar\/index.php?rest_route=\/wp\/v2\/media\/666"}],"wp:attachment":[{"href":"https:\/\/detaildepot.ar\/index.php?rest_route=%2Fwp%2Fv2%2Fmedia&parent=86"}],"wp:term":[{"taxonomy":"product_brand","embeddable":true,"href":"https:\/\/detaildepot.ar\/index.php?rest_route=%2Fwp%2Fv2%2Fproduct_brand&post=86"},{"taxonomy":"product_cat","embeddable":true,"href":"https:\/\/detaildepot.ar\/index.php?rest_route=%2Fwp%2Fv2%2Fproduct_cat&post=86"},{"taxonomy":"product_tag","embeddable":true,"href":"https:\/\/detaildepot.ar\/index.php?rest_route=%2Fwp%2Fv2%2Fproduct_tag&post=86"}],"curies":[{"name":"wp","href":"https:\/\/api.w.org\/{rel}","templated":true}]}}