{"id":811,"date":"2025-08-29T01:57:21","date_gmt":"2025-08-29T01:57:21","guid":{"rendered":"https:\/\/detaildepot.ar\/?post_type=product&#038;p=811"},"modified":"2026-04-26T23:44:21","modified_gmt":"2026-04-27T02:44:21","slug":"koch-chemie-magic-wheel-cleaner-2","status":"publish","type":"product","link":"https:\/\/detaildepot.ar\/?product=koch-chemie-magic-wheel-cleaner-2","title":{"rendered":"KOCH CHEMIE MAGIC WHEEL CLEANER"},"content":{"rendered":"<p>El Magic Wheel Cleaner es un limpiador potente, espeso y libre de \u00e1cidos que brinda un desempe\u00f1o innovador para una limpieza suave y profunda de llantas. Su componente reactivo disuelve las part\u00edculas de hierro con una decoloraci\u00f3n roja caracter\u00edstica. Los agentes dispersantes especiales quitan con suavidad la suciedad m\u00e1s dif\u00edcil de cualquier superficie. El entorno espeso asegura que el pulverizador Magic Wheel Cleaner se adhiera bien a la superficie. La suciedad queda atrapada y el limpiador no se seca, incluso luego de un buen rato de haberse aplicado.<\/p>\n","protected":false},"excerpt":{"rendered":"<p>El Magic Wheel Cleaner es un limpiador potente, espeso y libre de \u00e1cidos que brinda un desempe\u00f1o innovador para una limpieza suave y profunda de llantas. Su componente reactivo disuelve las part\u00edculas de hierro con una decoloraci\u00f3n roja caracter\u00edstica. Los agentes dispersantes especiales quitan con suavidad la suciedad m\u00e1s dif\u00edcil de cualquier superficie. El entorno [&hellip;]<\/p>\n","protected":false},"featured_media":612,"comment_status":"open","ping_status":"closed","template":"","meta":[],"product_brand":[53],"product_cat":[47],"product_tag":[45,46,63,69],"class_list":{"0":"post-811","1":"product","2":"type-product","3":"status-publish","4":"has-post-thumbnail","6":"product_brand-koch-chemie","7":"product_cat-limpiadores","8":"product_tag-chemie","9":"product_tag-koch","10":"product_tag-limpiador","11":"product_tag-neumaticos","13":"first","14":"instock","15":"shipping-taxable","16":"purchasable","17":"product-type-simple"},"yoast_head":"<!-- This site is optimized with the Yoast SEO plugin v27.4 - https:\/\/yoast.com\/product\/yoast-seo-wordpress\/ -->\n<title>KOCH CHEMIE MAGIC WHEEL CLEANER - Detail Depot | Tienda de insumos para detail<\/title>\n<meta name=\"robots\" content=\"index, follow, max-snippet:-1, max-image-preview:large, max-video-preview:-1\" \/>\n<link rel=\"canonical\" href=\"https:\/\/detaildepot.ar\/?product=koch-chemie-magic-wheel-cleaner-2\" \/>\n<meta property=\"og:locale\" content=\"es_ES\" \/>\n<meta property=\"og:type\" content=\"article\" \/>\n<meta property=\"og:title\" content=\"KOCH CHEMIE MAGIC WHEEL CLEANER - Detail Depot | Tienda de insumos para detail\" \/>\n<meta property=\"og:description\" content=\"El Magic Wheel Cleaner es un limpiador potente, espeso y libre de \u00e1cidos que brinda un desempe\u00f1o innovador para una limpieza suave y profunda de llantas. Su componente reactivo disuelve las part\u00edculas de hierro con una decoloraci\u00f3n roja caracter\u00edstica. Los agentes dispersantes especiales quitan con suavidad la suciedad m\u00e1s dif\u00edcil de cualquier superficie. El entorno [&hellip;]\" \/>\n<meta property=\"og:url\" content=\"https:\/\/detaildepot.ar\/?product=koch-chemie-magic-wheel-cleaner-2\" \/>\n<meta property=\"og:site_name\" content=\"Detail Depot | Tienda de insumos para detail\" \/>\n<meta property=\"article:modified_time\" content=\"2026-04-27T02:44:21+00:00\" \/>\n<meta property=\"og:image\" content=\"https:\/\/detaildepot.ar\/wp-content\/uploads\/2025\/08\/koch_mwc.png\" \/>\n\t<meta property=\"og:image:width\" content=\"1024\" \/>\n\t<meta property=\"og:image:height\" content=\"1024\" \/>\n\t<meta property=\"og:image:type\" content=\"image\/png\" \/>\n<meta name=\"twitter:card\" content=\"summary_large_image\" \/>\n<meta name=\"twitter:label1\" content=\"Tiempo de lectura\" \/>\n\t<meta name=\"twitter:data1\" content=\"1 minuto\" \/>\n<script type=\"application\/ld+json\" class=\"yoast-schema-graph\">{\"@context\":\"https:\\\/\\\/schema.org\",\"@graph\":[{\"@type\":\"WebPage\",\"@id\":\"https:\\\/\\\/detaildepot.ar\\\/?product=koch-chemie-magic-wheel-cleaner-2\",\"url\":\"https:\\\/\\\/detaildepot.ar\\\/?product=koch-chemie-magic-wheel-cleaner-2\",\"name\":\"KOCH CHEMIE MAGIC WHEEL CLEANER - Detail Depot | Tienda de insumos para detail\",\"isPartOf\":{\"@id\":\"https:\\\/\\\/detaildepot.ar\\\/#website\"},\"primaryImageOfPage\":{\"@id\":\"https:\\\/\\\/detaildepot.ar\\\/?product=koch-chemie-magic-wheel-cleaner-2#primaryimage\"},\"image\":{\"@id\":\"https:\\\/\\\/detaildepot.ar\\\/?product=koch-chemie-magic-wheel-cleaner-2#primaryimage\"},\"thumbnailUrl\":\"https:\\\/\\\/detaildepot.ar\\\/wp-content\\\/uploads\\\/2025\\\/08\\\/koch_mwc.png\",\"datePublished\":\"2025-08-29T01:57:21+00:00\",\"dateModified\":\"2026-04-27T02:44:21+00:00\",\"breadcrumb\":{\"@id\":\"https:\\\/\\\/detaildepot.ar\\\/?product=koch-chemie-magic-wheel-cleaner-2#breadcrumb\"},\"inLanguage\":\"es-AR\",\"potentialAction\":[{\"@type\":\"ReadAction\",\"target\":[\"https:\\\/\\\/detaildepot.ar\\\/?product=koch-chemie-magic-wheel-cleaner-2\"]}]},{\"@type\":\"ImageObject\",\"inLanguage\":\"es-AR\",\"@id\":\"https:\\\/\\\/detaildepot.ar\\\/?product=koch-chemie-magic-wheel-cleaner-2#primaryimage\",\"url\":\"https:\\\/\\\/detaildepot.ar\\\/wp-content\\\/uploads\\\/2025\\\/08\\\/koch_mwc.png\",\"contentUrl\":\"https:\\\/\\\/detaildepot.ar\\\/wp-content\\\/uploads\\\/2025\\\/08\\\/koch_mwc.png\",\"width\":1024,\"height\":1024},{\"@type\":\"BreadcrumbList\",\"@id\":\"https:\\\/\\\/detaildepot.ar\\\/?product=koch-chemie-magic-wheel-cleaner-2#breadcrumb\",\"itemListElement\":[{\"@type\":\"ListItem\",\"position\":1,\"name\":\"Inicio\",\"item\":\"https:\\\/\\\/detaildepot.ar\\\/\"},{\"@type\":\"ListItem\",\"position\":2,\"name\":\"Tienda\",\"item\":\"https:\\\/\\\/detaildepot.ar\\\/\"},{\"@type\":\"ListItem\",\"position\":3,\"name\":\"KOCH CHEMIE MAGIC WHEEL CLEANER\"}]},{\"@type\":\"WebSite\",\"@id\":\"https:\\\/\\\/detaildepot.ar\\\/#website\",\"url\":\"https:\\\/\\\/detaildepot.ar\\\/\",\"name\":\"Detail Depot | Tienda de insumos para detail\",\"description\":\"\",\"publisher\":{\"@id\":\"https:\\\/\\\/detaildepot.ar\\\/#organization\"},\"potentialAction\":[{\"@type\":\"SearchAction\",\"target\":{\"@type\":\"EntryPoint\",\"urlTemplate\":\"https:\\\/\\\/detaildepot.ar\\\/?s={search_term_string}\"},\"query-input\":{\"@type\":\"PropertyValueSpecification\",\"valueRequired\":true,\"valueName\":\"search_term_string\"}}],\"inLanguage\":\"es-AR\"},{\"@type\":\"Organization\",\"@id\":\"https:\\\/\\\/detaildepot.ar\\\/#organization\",\"name\":\"Detail Depot | Tienda de insumos para detail\",\"url\":\"https:\\\/\\\/detaildepot.ar\\\/\",\"logo\":{\"@type\":\"ImageObject\",\"inLanguage\":\"es-AR\",\"@id\":\"https:\\\/\\\/detaildepot.ar\\\/#\\\/schema\\\/logo\\\/image\\\/\",\"url\":\"https:\\\/\\\/detaildepot.ar\\\/wp-content\\\/uploads\\\/2026\\\/03\\\/652187CB-8631-49B2-8296-13AA835CEAD2.png\",\"contentUrl\":\"https:\\\/\\\/detaildepot.ar\\\/wp-content\\\/uploads\\\/2026\\\/03\\\/652187CB-8631-49B2-8296-13AA835CEAD2.png\",\"width\":1024,\"height\":1024,\"caption\":\"Detail Depot | Tienda de insumos para detail\"},\"image\":{\"@id\":\"https:\\\/\\\/detaildepot.ar\\\/#\\\/schema\\\/logo\\\/image\\\/\"}}]}<\/script>\n<!-- \/ Yoast SEO plugin. -->","yoast_head_json":{"title":"KOCH CHEMIE MAGIC WHEEL CLEANER - Detail Depot | Tienda de insumos para detail","robots":{"index":"index","follow":"follow","max-snippet":"max-snippet:-1","max-image-preview":"max-image-preview:large","max-video-preview":"max-video-preview:-1"},"canonical":"https:\/\/detaildepot.ar\/?product=koch-chemie-magic-wheel-cleaner-2","og_locale":"es_ES","og_type":"article","og_title":"KOCH CHEMIE MAGIC WHEEL CLEANER - Detail Depot | Tienda de insumos para detail","og_description":"El Magic Wheel Cleaner es un limpiador potente, espeso y libre de \u00e1cidos que brinda un desempe\u00f1o innovador para una limpieza suave y profunda de llantas. Su componente reactivo disuelve las part\u00edculas de hierro con una decoloraci\u00f3n roja caracter\u00edstica. Los agentes dispersantes especiales quitan con suavidad la suciedad m\u00e1s dif\u00edcil de cualquier superficie. El entorno [&hellip;]","og_url":"https:\/\/detaildepot.ar\/?product=koch-chemie-magic-wheel-cleaner-2","og_site_name":"Detail Depot | Tienda de insumos para detail","article_modified_time":"2026-04-27T02:44:21+00:00","og_image":[{"width":1024,"height":1024,"url":"https:\/\/detaildepot.ar\/wp-content\/uploads\/2025\/08\/koch_mwc.png","type":"image\/png"}],"twitter_card":"summary_large_image","twitter_misc":{"Tiempo de lectura":"1 minuto"},"schema":{"@context":"https:\/\/schema.org","@graph":[{"@type":"WebPage","@id":"https:\/\/detaildepot.ar\/?product=koch-chemie-magic-wheel-cleaner-2","url":"https:\/\/detaildepot.ar\/?product=koch-chemie-magic-wheel-cleaner-2","name":"KOCH CHEMIE MAGIC WHEEL CLEANER - Detail Depot | Tienda de insumos para detail","isPartOf":{"@id":"https:\/\/detaildepot.ar\/#website"},"primaryImageOfPage":{"@id":"https:\/\/detaildepot.ar\/?product=koch-chemie-magic-wheel-cleaner-2#primaryimage"},"image":{"@id":"https:\/\/detaildepot.ar\/?product=koch-chemie-magic-wheel-cleaner-2#primaryimage"},"thumbnailUrl":"https:\/\/detaildepot.ar\/wp-content\/uploads\/2025\/08\/koch_mwc.png","datePublished":"2025-08-29T01:57:21+00:00","dateModified":"2026-04-27T02:44:21+00:00","breadcrumb":{"@id":"https:\/\/detaildepot.ar\/?product=koch-chemie-magic-wheel-cleaner-2#breadcrumb"},"inLanguage":"es-AR","potentialAction":[{"@type":"ReadAction","target":["https:\/\/detaildepot.ar\/?product=koch-chemie-magic-wheel-cleaner-2"]}]},{"@type":"ImageObject","inLanguage":"es-AR","@id":"https:\/\/detaildepot.ar\/?product=koch-chemie-magic-wheel-cleaner-2#primaryimage","url":"https:\/\/detaildepot.ar\/wp-content\/uploads\/2025\/08\/koch_mwc.png","contentUrl":"https:\/\/detaildepot.ar\/wp-content\/uploads\/2025\/08\/koch_mwc.png","width":1024,"height":1024},{"@type":"BreadcrumbList","@id":"https:\/\/detaildepot.ar\/?product=koch-chemie-magic-wheel-cleaner-2#breadcrumb","itemListElement":[{"@type":"ListItem","position":1,"name":"Inicio","item":"https:\/\/detaildepot.ar\/"},{"@type":"ListItem","position":2,"name":"Tienda","item":"https:\/\/detaildepot.ar\/"},{"@type":"ListItem","position":3,"name":"KOCH CHEMIE MAGIC WHEEL CLEANER"}]},{"@type":"WebSite","@id":"https:\/\/detaildepot.ar\/#website","url":"https:\/\/detaildepot.ar\/","name":"Detail Depot | Tienda de insumos para detail","description":"","publisher":{"@id":"https:\/\/detaildepot.ar\/#organization"},"potentialAction":[{"@type":"SearchAction","target":{"@type":"EntryPoint","urlTemplate":"https:\/\/detaildepot.ar\/?s={search_term_string}"},"query-input":{"@type":"PropertyValueSpecification","valueRequired":true,"valueName":"search_term_string"}}],"inLanguage":"es-AR"},{"@type":"Organization","@id":"https:\/\/detaildepot.ar\/#organization","name":"Detail Depot | Tienda de insumos para detail","url":"https:\/\/detaildepot.ar\/","logo":{"@type":"ImageObject","inLanguage":"es-AR","@id":"https:\/\/detaildepot.ar\/#\/schema\/logo\/image\/","url":"https:\/\/detaildepot.ar\/wp-content\/uploads\/2026\/03\/652187CB-8631-49B2-8296-13AA835CEAD2.png","contentUrl":"https:\/\/detaildepot.ar\/wp-content\/uploads\/2026\/03\/652187CB-8631-49B2-8296-13AA835CEAD2.png","width":1024,"height":1024,"caption":"Detail Depot | Tienda de insumos para detail"},"image":{"@id":"https:\/\/detaildepot.ar\/#\/schema\/logo\/image\/"}}]}},"jetpack_sharing_enabled":true,"_links":{"self":[{"href":"https:\/\/detaildepot.ar\/index.php?rest_route=\/wp\/v2\/product\/811","targetHints":{"allow":["GET"]}}],"collection":[{"href":"https:\/\/detaildepot.ar\/index.php?rest_route=\/wp\/v2\/product"}],"about":[{"href":"https:\/\/detaildepot.ar\/index.php?rest_route=\/wp\/v2\/types\/product"}],"replies":[{"embeddable":true,"href":"https:\/\/detaildepot.ar\/index.php?rest_route=%2Fwp%2Fv2%2Fcomments&post=811"}],"version-history":[{"count":1,"href":"https:\/\/detaildepot.ar\/index.php?rest_route=\/wp\/v2\/product\/811\/revisions"}],"predecessor-version":[{"id":1455,"href":"https:\/\/detaildepot.ar\/index.php?rest_route=\/wp\/v2\/product\/811\/revisions\/1455"}],"wp:featuredmedia":[{"embeddable":true,"href":"https:\/\/detaildepot.ar\/index.php?rest_route=\/wp\/v2\/media\/612"}],"wp:attachment":[{"href":"https:\/\/detaildepot.ar\/index.php?rest_route=%2Fwp%2Fv2%2Fmedia&parent=811"}],"wp:term":[{"taxonomy":"product_brand","embeddable":true,"href":"https:\/\/detaildepot.ar\/index.php?rest_route=%2Fwp%2Fv2%2Fproduct_brand&post=811"},{"taxonomy":"product_cat","embeddable":true,"href":"https:\/\/detaildepot.ar\/index.php?rest_route=%2Fwp%2Fv2%2Fproduct_cat&post=811"},{"taxonomy":"product_tag","embeddable":true,"href":"https:\/\/detaildepot.ar\/index.php?rest_route=%2Fwp%2Fv2%2Fproduct_tag&post=811"}],"curies":[{"name":"wp","href":"https:\/\/api.w.org\/{rel}","templated":true}]}}