{"id":810,"date":"2025-08-29T01:56:06","date_gmt":"2025-08-29T01:56:06","guid":{"rendered":"https:\/\/detaildepot.ar\/?post_type=product&#038;p=810"},"modified":"2025-11-10T22:30:25","modified_gmt":"2025-11-11T01:30:25","slug":"koch-chemie-quick-shine-1l","status":"publish","type":"product","link":"https:\/\/detaildepot.ar\/?product=koch-chemie-quick-shine-1l","title":{"rendered":"KOCH CHEMIE QUICK &#038; SHINE 1L"},"content":{"rendered":"<p>El talento vers\u00e1til para todas las superficies lisas y lacadas (lacas de veh\u00edculos, madera lacada, cristal, piezas de pl\u00e1stico, salpicadero, muebles lacados e instrumentos de m\u00fasica, superficies de acero inoxidable, etc.). Limpia, cuida y conserva en s\u00f3lo una secuencia de trabajo. Las superficies obtienen un color profundo y un brillo intenso sin dejar estr\u00edas. Las huellas de los dedos y las ligeras suciedades se eliminan de forma r\u00e1pida y f\u00e1cil. Las piezas tratadas se conservan de forma repelente al agua y a la suciedad y se protegen contra un r\u00e1pido ensuciamiento (efecto lotus). Quick &amp; Shine se separa r\u00e1pidamente y gracias a ello es f\u00e1cil de procesar. Los pulimentos y las ceras aplicados con anterioridad se mantienen. Especialmente bueno para el r\u00e1pido acabado de objetos de exposici\u00f3n en salas de presentaci\u00f3n o en ferias, as\u00ed como para la r\u00e1pida preparaci\u00f3n de veh\u00edculos. Con homologaci\u00f3n Daimler.<\/p>\n","protected":false},"excerpt":{"rendered":"<p>El talento vers\u00e1til para todas las superficies lisas y lacadas (lacas de veh\u00edculos, madera lacada, cristal, piezas de pl\u00e1stico, salpicadero, muebles lacados e instrumentos de m\u00fasica, superficies de acero inoxidable, etc.). Limpia, cuida y conserva en s\u00f3lo una secuencia de trabajo. Las superficies obtienen un color profundo y un brillo intenso sin dejar estr\u00edas. Las [&hellip;]<\/p>\n","protected":false},"featured_media":618,"comment_status":"open","ping_status":"closed","template":"","meta":[],"product_brand":[53],"product_cat":[48,47],"product_tag":[68,45,46,289,63,288],"class_list":{"0":"post-810","1":"product","2":"type-product","3":"status-publish","4":"has-post-thumbnail","6":"product_brand-koch-chemie","7":"product_cat-acondicionadores","8":"product_cat-limpiadores","9":"product_tag-acondicionador","10":"product_tag-chemie","11":"product_tag-koch","12":"product_tag-lacadas","13":"product_tag-limpiador","14":"product_tag-superficies-lisas","16":"first","17":"instock","18":"shipping-taxable","19":"purchasable","20":"product-type-simple"},"yoast_head":"<!-- This site is optimized with the Yoast SEO plugin v27.4 - https:\/\/yoast.com\/product\/yoast-seo-wordpress\/ -->\n<title>KOCH CHEMIE QUICK &amp; SHINE 1L - Detail Depot | Tienda de insumos para detail<\/title>\n<meta name=\"robots\" content=\"index, follow, max-snippet:-1, max-image-preview:large, max-video-preview:-1\" \/>\n<link rel=\"canonical\" href=\"https:\/\/detaildepot.ar\/?product=koch-chemie-quick-shine-1l\" \/>\n<meta property=\"og:locale\" content=\"es_ES\" \/>\n<meta property=\"og:type\" content=\"article\" \/>\n<meta property=\"og:title\" content=\"KOCH CHEMIE QUICK &amp; SHINE 1L - Detail Depot | Tienda de insumos para detail\" \/>\n<meta property=\"og:description\" content=\"El talento vers\u00e1til para todas las superficies lisas y lacadas (lacas de veh\u00edculos, madera lacada, cristal, piezas de pl\u00e1stico, salpicadero, muebles lacados e instrumentos de m\u00fasica, superficies de acero inoxidable, etc.). Limpia, cuida y conserva en s\u00f3lo una secuencia de trabajo. Las superficies obtienen un color profundo y un brillo intenso sin dejar estr\u00edas. Las [&hellip;]\" \/>\n<meta property=\"og:url\" content=\"https:\/\/detaildepot.ar\/?product=koch-chemie-quick-shine-1l\" \/>\n<meta property=\"og:site_name\" content=\"Detail Depot | Tienda de insumos para detail\" \/>\n<meta property=\"article:modified_time\" content=\"2025-11-11T01:30:25+00:00\" \/>\n<meta property=\"og:image\" content=\"https:\/\/detaildepot.ar\/wp-content\/uploads\/2025\/08\/koch_qs.png\" \/>\n\t<meta property=\"og:image:width\" content=\"1024\" \/>\n\t<meta property=\"og:image:height\" content=\"1024\" \/>\n\t<meta property=\"og:image:type\" content=\"image\/png\" \/>\n<meta name=\"twitter:card\" content=\"summary_large_image\" \/>\n<meta name=\"twitter:label1\" content=\"Tiempo de lectura\" \/>\n\t<meta name=\"twitter:data1\" content=\"1 minuto\" \/>\n<script type=\"application\/ld+json\" class=\"yoast-schema-graph\">{\"@context\":\"https:\\\/\\\/schema.org\",\"@graph\":[{\"@type\":\"WebPage\",\"@id\":\"https:\\\/\\\/detaildepot.ar\\\/?product=koch-chemie-quick-shine-1l\",\"url\":\"https:\\\/\\\/detaildepot.ar\\\/?product=koch-chemie-quick-shine-1l\",\"name\":\"KOCH CHEMIE QUICK & SHINE 1L - Detail Depot | Tienda de insumos para detail\",\"isPartOf\":{\"@id\":\"https:\\\/\\\/detaildepot.ar\\\/#website\"},\"primaryImageOfPage\":{\"@id\":\"https:\\\/\\\/detaildepot.ar\\\/?product=koch-chemie-quick-shine-1l#primaryimage\"},\"image\":{\"@id\":\"https:\\\/\\\/detaildepot.ar\\\/?product=koch-chemie-quick-shine-1l#primaryimage\"},\"thumbnailUrl\":\"https:\\\/\\\/detaildepot.ar\\\/wp-content\\\/uploads\\\/2025\\\/08\\\/koch_qs.png\",\"datePublished\":\"2025-08-29T01:56:06+00:00\",\"dateModified\":\"2025-11-11T01:30:25+00:00\",\"breadcrumb\":{\"@id\":\"https:\\\/\\\/detaildepot.ar\\\/?product=koch-chemie-quick-shine-1l#breadcrumb\"},\"inLanguage\":\"es-AR\",\"potentialAction\":[{\"@type\":\"ReadAction\",\"target\":[\"https:\\\/\\\/detaildepot.ar\\\/?product=koch-chemie-quick-shine-1l\"]}]},{\"@type\":\"ImageObject\",\"inLanguage\":\"es-AR\",\"@id\":\"https:\\\/\\\/detaildepot.ar\\\/?product=koch-chemie-quick-shine-1l#primaryimage\",\"url\":\"https:\\\/\\\/detaildepot.ar\\\/wp-content\\\/uploads\\\/2025\\\/08\\\/koch_qs.png\",\"contentUrl\":\"https:\\\/\\\/detaildepot.ar\\\/wp-content\\\/uploads\\\/2025\\\/08\\\/koch_qs.png\",\"width\":1024,\"height\":1024},{\"@type\":\"BreadcrumbList\",\"@id\":\"https:\\\/\\\/detaildepot.ar\\\/?product=koch-chemie-quick-shine-1l#breadcrumb\",\"itemListElement\":[{\"@type\":\"ListItem\",\"position\":1,\"name\":\"Inicio\",\"item\":\"https:\\\/\\\/detaildepot.ar\\\/\"},{\"@type\":\"ListItem\",\"position\":2,\"name\":\"Tienda\",\"item\":\"https:\\\/\\\/detaildepot.ar\\\/\"},{\"@type\":\"ListItem\",\"position\":3,\"name\":\"KOCH CHEMIE QUICK &#038; SHINE 1L\"}]},{\"@type\":\"WebSite\",\"@id\":\"https:\\\/\\\/detaildepot.ar\\\/#website\",\"url\":\"https:\\\/\\\/detaildepot.ar\\\/\",\"name\":\"Detail Depot | Tienda de insumos para detail\",\"description\":\"\",\"publisher\":{\"@id\":\"https:\\\/\\\/detaildepot.ar\\\/#organization\"},\"potentialAction\":[{\"@type\":\"SearchAction\",\"target\":{\"@type\":\"EntryPoint\",\"urlTemplate\":\"https:\\\/\\\/detaildepot.ar\\\/?s={search_term_string}\"},\"query-input\":{\"@type\":\"PropertyValueSpecification\",\"valueRequired\":true,\"valueName\":\"search_term_string\"}}],\"inLanguage\":\"es-AR\"},{\"@type\":\"Organization\",\"@id\":\"https:\\\/\\\/detaildepot.ar\\\/#organization\",\"name\":\"Detail Depot | Tienda de insumos para detail\",\"url\":\"https:\\\/\\\/detaildepot.ar\\\/\",\"logo\":{\"@type\":\"ImageObject\",\"inLanguage\":\"es-AR\",\"@id\":\"https:\\\/\\\/detaildepot.ar\\\/#\\\/schema\\\/logo\\\/image\\\/\",\"url\":\"https:\\\/\\\/detaildepot.ar\\\/wp-content\\\/uploads\\\/2026\\\/03\\\/652187CB-8631-49B2-8296-13AA835CEAD2.png\",\"contentUrl\":\"https:\\\/\\\/detaildepot.ar\\\/wp-content\\\/uploads\\\/2026\\\/03\\\/652187CB-8631-49B2-8296-13AA835CEAD2.png\",\"width\":1024,\"height\":1024,\"caption\":\"Detail Depot | Tienda de insumos para detail\"},\"image\":{\"@id\":\"https:\\\/\\\/detaildepot.ar\\\/#\\\/schema\\\/logo\\\/image\\\/\"}}]}<\/script>\n<!-- \/ Yoast SEO plugin. -->","yoast_head_json":{"title":"KOCH CHEMIE QUICK & SHINE 1L - Detail Depot | Tienda de insumos para detail","robots":{"index":"index","follow":"follow","max-snippet":"max-snippet:-1","max-image-preview":"max-image-preview:large","max-video-preview":"max-video-preview:-1"},"canonical":"https:\/\/detaildepot.ar\/?product=koch-chemie-quick-shine-1l","og_locale":"es_ES","og_type":"article","og_title":"KOCH CHEMIE QUICK & SHINE 1L - Detail Depot | Tienda de insumos para detail","og_description":"El talento vers\u00e1til para todas las superficies lisas y lacadas (lacas de veh\u00edculos, madera lacada, cristal, piezas de pl\u00e1stico, salpicadero, muebles lacados e instrumentos de m\u00fasica, superficies de acero inoxidable, etc.). Limpia, cuida y conserva en s\u00f3lo una secuencia de trabajo. Las superficies obtienen un color profundo y un brillo intenso sin dejar estr\u00edas. Las [&hellip;]","og_url":"https:\/\/detaildepot.ar\/?product=koch-chemie-quick-shine-1l","og_site_name":"Detail Depot | Tienda de insumos para detail","article_modified_time":"2025-11-11T01:30:25+00:00","og_image":[{"width":1024,"height":1024,"url":"https:\/\/detaildepot.ar\/wp-content\/uploads\/2025\/08\/koch_qs.png","type":"image\/png"}],"twitter_card":"summary_large_image","twitter_misc":{"Tiempo de lectura":"1 minuto"},"schema":{"@context":"https:\/\/schema.org","@graph":[{"@type":"WebPage","@id":"https:\/\/detaildepot.ar\/?product=koch-chemie-quick-shine-1l","url":"https:\/\/detaildepot.ar\/?product=koch-chemie-quick-shine-1l","name":"KOCH CHEMIE QUICK & SHINE 1L - Detail Depot | Tienda de insumos para detail","isPartOf":{"@id":"https:\/\/detaildepot.ar\/#website"},"primaryImageOfPage":{"@id":"https:\/\/detaildepot.ar\/?product=koch-chemie-quick-shine-1l#primaryimage"},"image":{"@id":"https:\/\/detaildepot.ar\/?product=koch-chemie-quick-shine-1l#primaryimage"},"thumbnailUrl":"https:\/\/detaildepot.ar\/wp-content\/uploads\/2025\/08\/koch_qs.png","datePublished":"2025-08-29T01:56:06+00:00","dateModified":"2025-11-11T01:30:25+00:00","breadcrumb":{"@id":"https:\/\/detaildepot.ar\/?product=koch-chemie-quick-shine-1l#breadcrumb"},"inLanguage":"es-AR","potentialAction":[{"@type":"ReadAction","target":["https:\/\/detaildepot.ar\/?product=koch-chemie-quick-shine-1l"]}]},{"@type":"ImageObject","inLanguage":"es-AR","@id":"https:\/\/detaildepot.ar\/?product=koch-chemie-quick-shine-1l#primaryimage","url":"https:\/\/detaildepot.ar\/wp-content\/uploads\/2025\/08\/koch_qs.png","contentUrl":"https:\/\/detaildepot.ar\/wp-content\/uploads\/2025\/08\/koch_qs.png","width":1024,"height":1024},{"@type":"BreadcrumbList","@id":"https:\/\/detaildepot.ar\/?product=koch-chemie-quick-shine-1l#breadcrumb","itemListElement":[{"@type":"ListItem","position":1,"name":"Inicio","item":"https:\/\/detaildepot.ar\/"},{"@type":"ListItem","position":2,"name":"Tienda","item":"https:\/\/detaildepot.ar\/"},{"@type":"ListItem","position":3,"name":"KOCH CHEMIE QUICK &#038; SHINE 1L"}]},{"@type":"WebSite","@id":"https:\/\/detaildepot.ar\/#website","url":"https:\/\/detaildepot.ar\/","name":"Detail Depot | Tienda de insumos para detail","description":"","publisher":{"@id":"https:\/\/detaildepot.ar\/#organization"},"potentialAction":[{"@type":"SearchAction","target":{"@type":"EntryPoint","urlTemplate":"https:\/\/detaildepot.ar\/?s={search_term_string}"},"query-input":{"@type":"PropertyValueSpecification","valueRequired":true,"valueName":"search_term_string"}}],"inLanguage":"es-AR"},{"@type":"Organization","@id":"https:\/\/detaildepot.ar\/#organization","name":"Detail Depot | Tienda de insumos para detail","url":"https:\/\/detaildepot.ar\/","logo":{"@type":"ImageObject","inLanguage":"es-AR","@id":"https:\/\/detaildepot.ar\/#\/schema\/logo\/image\/","url":"https:\/\/detaildepot.ar\/wp-content\/uploads\/2026\/03\/652187CB-8631-49B2-8296-13AA835CEAD2.png","contentUrl":"https:\/\/detaildepot.ar\/wp-content\/uploads\/2026\/03\/652187CB-8631-49B2-8296-13AA835CEAD2.png","width":1024,"height":1024,"caption":"Detail Depot | Tienda de insumos para detail"},"image":{"@id":"https:\/\/detaildepot.ar\/#\/schema\/logo\/image\/"}}]}},"jetpack_sharing_enabled":true,"_links":{"self":[{"href":"https:\/\/detaildepot.ar\/index.php?rest_route=\/wp\/v2\/product\/810","targetHints":{"allow":["GET"]}}],"collection":[{"href":"https:\/\/detaildepot.ar\/index.php?rest_route=\/wp\/v2\/product"}],"about":[{"href":"https:\/\/detaildepot.ar\/index.php?rest_route=\/wp\/v2\/types\/product"}],"replies":[{"embeddable":true,"href":"https:\/\/detaildepot.ar\/index.php?rest_route=%2Fwp%2Fv2%2Fcomments&post=810"}],"version-history":[{"count":1,"href":"https:\/\/detaildepot.ar\/index.php?rest_route=\/wp\/v2\/product\/810\/revisions"}],"predecessor-version":[{"id":1456,"href":"https:\/\/detaildepot.ar\/index.php?rest_route=\/wp\/v2\/product\/810\/revisions\/1456"}],"wp:featuredmedia":[{"embeddable":true,"href":"https:\/\/detaildepot.ar\/index.php?rest_route=\/wp\/v2\/media\/618"}],"wp:attachment":[{"href":"https:\/\/detaildepot.ar\/index.php?rest_route=%2Fwp%2Fv2%2Fmedia&parent=810"}],"wp:term":[{"taxonomy":"product_brand","embeddable":true,"href":"https:\/\/detaildepot.ar\/index.php?rest_route=%2Fwp%2Fv2%2Fproduct_brand&post=810"},{"taxonomy":"product_cat","embeddable":true,"href":"https:\/\/detaildepot.ar\/index.php?rest_route=%2Fwp%2Fv2%2Fproduct_cat&post=810"},{"taxonomy":"product_tag","embeddable":true,"href":"https:\/\/detaildepot.ar\/index.php?rest_route=%2Fwp%2Fv2%2Fproduct_tag&post=810"}],"curies":[{"name":"wp","href":"https:\/\/api.w.org\/{rel}","templated":true}]}}