{"id":801,"date":"2025-08-29T01:41:47","date_gmt":"2025-08-29T01:41:47","guid":{"rendered":"https:\/\/detaildepot.ar\/?post_type=product&#038;p=801"},"modified":"2026-04-26T23:48:54","modified_gmt":"2026-04-27T02:48:54","slug":"koch-chemie-leather-star-1l","status":"publish","type":"product","link":"https:\/\/detaildepot.ar\/?product=koch-chemie-leather-star-1l","title":{"rendered":"KOCH CHEMIE LEATHER STAR 1L"},"content":{"rendered":"<div class=\"mb-2\">\n<div id=\"js-product-information\" class=\"product-information-collapse show\">El cuidado para cuero Premium con un ajuste natural satinado. Para renovar y conservar materiales de cuero perforados, materiales lisos y velur en asientos de veh\u00edculos, sof\u00e1s, etc. Leather Star se puede trabajar f\u00e1cilmente y genera un olor agradable, un aspecto de color intenso y un tacto blando de buen agarre sin producir una suavidad indeseada. Al aplicar sustancias activas de la cosm\u00e9tica el cuero se mantiene suave y duradero contra la acumulaci\u00f3n de suciedad y la textura \u00e1spera.<\/div>\n<div class=\"mt-1 text-center\"><\/div>\n<\/div>\n<div class=\"d-flex align-items-center mb-4\"><\/div>\n","protected":false},"excerpt":{"rendered":"<p>El cuidado para cuero Premium con un ajuste natural satinado. Para renovar y conservar materiales de cuero perforados, materiales lisos y velur en asientos de veh\u00edculos, sof\u00e1s, etc. Leather Star se puede trabajar f\u00e1cilmente y genera un olor agradable, un aspecto de color intenso y un tacto blando de buen agarre sin producir una suavidad [&hellip;]<\/p>\n","protected":false},"featured_media":610,"comment_status":"open","ping_status":"closed","template":"","meta":[],"product_brand":[53],"product_cat":[48],"product_tag":[68,45,76,46,280],"class_list":{"0":"post-801","1":"product","2":"type-product","3":"status-publish","4":"has-post-thumbnail","6":"product_brand-koch-chemie","7":"product_cat-acondicionadores","8":"product_tag-acondicionador","9":"product_tag-chemie","10":"product_tag-cueros","11":"product_tag-koch","12":"product_tag-renovador","14":"first","15":"instock","16":"shipping-taxable","17":"purchasable","18":"product-type-simple"},"yoast_head":"<!-- This site is optimized with the Yoast SEO plugin v27.4 - https:\/\/yoast.com\/product\/yoast-seo-wordpress\/ -->\n<title>KOCH CHEMIE LEATHER STAR 1L - Detail Depot | Tienda de insumos para detail<\/title>\n<meta name=\"robots\" content=\"index, follow, max-snippet:-1, max-image-preview:large, max-video-preview:-1\" \/>\n<link rel=\"canonical\" href=\"https:\/\/detaildepot.ar\/?product=koch-chemie-leather-star-1l\" \/>\n<meta property=\"og:locale\" content=\"es_ES\" \/>\n<meta property=\"og:type\" content=\"article\" \/>\n<meta property=\"og:title\" content=\"KOCH CHEMIE LEATHER STAR 1L - Detail Depot | Tienda de insumos para detail\" \/>\n<meta property=\"og:description\" content=\"El cuidado para cuero Premium con un ajuste natural satinado. Para renovar y conservar materiales de cuero perforados, materiales lisos y velur en asientos de veh\u00edculos, sof\u00e1s, etc. Leather Star se puede trabajar f\u00e1cilmente y genera un olor agradable, un aspecto de color intenso y un tacto blando de buen agarre sin producir una suavidad [&hellip;]\" \/>\n<meta property=\"og:url\" content=\"https:\/\/detaildepot.ar\/?product=koch-chemie-leather-star-1l\" \/>\n<meta property=\"og:site_name\" content=\"Detail Depot | Tienda de insumos para detail\" \/>\n<meta property=\"article:modified_time\" content=\"2026-04-27T02:48:54+00:00\" \/>\n<meta property=\"og:image\" content=\"https:\/\/detaildepot.ar\/wp-content\/uploads\/2025\/08\/koch_ls.png\" \/>\n\t<meta property=\"og:image:width\" content=\"1024\" \/>\n\t<meta property=\"og:image:height\" content=\"1024\" \/>\n\t<meta property=\"og:image:type\" content=\"image\/png\" \/>\n<meta name=\"twitter:card\" content=\"summary_large_image\" \/>\n<meta name=\"twitter:label1\" content=\"Tiempo de lectura\" \/>\n\t<meta name=\"twitter:data1\" content=\"1 minuto\" \/>\n<script type=\"application\/ld+json\" class=\"yoast-schema-graph\">{\"@context\":\"https:\\\/\\\/schema.org\",\"@graph\":[{\"@type\":\"WebPage\",\"@id\":\"https:\\\/\\\/detaildepot.ar\\\/?product=koch-chemie-leather-star-1l\",\"url\":\"https:\\\/\\\/detaildepot.ar\\\/?product=koch-chemie-leather-star-1l\",\"name\":\"KOCH CHEMIE LEATHER STAR 1L - Detail Depot | Tienda de insumos para detail\",\"isPartOf\":{\"@id\":\"https:\\\/\\\/detaildepot.ar\\\/#website\"},\"primaryImageOfPage\":{\"@id\":\"https:\\\/\\\/detaildepot.ar\\\/?product=koch-chemie-leather-star-1l#primaryimage\"},\"image\":{\"@id\":\"https:\\\/\\\/detaildepot.ar\\\/?product=koch-chemie-leather-star-1l#primaryimage\"},\"thumbnailUrl\":\"https:\\\/\\\/detaildepot.ar\\\/wp-content\\\/uploads\\\/2025\\\/08\\\/koch_ls.png\",\"datePublished\":\"2025-08-29T01:41:47+00:00\",\"dateModified\":\"2026-04-27T02:48:54+00:00\",\"breadcrumb\":{\"@id\":\"https:\\\/\\\/detaildepot.ar\\\/?product=koch-chemie-leather-star-1l#breadcrumb\"},\"inLanguage\":\"es-AR\",\"potentialAction\":[{\"@type\":\"ReadAction\",\"target\":[\"https:\\\/\\\/detaildepot.ar\\\/?product=koch-chemie-leather-star-1l\"]}]},{\"@type\":\"ImageObject\",\"inLanguage\":\"es-AR\",\"@id\":\"https:\\\/\\\/detaildepot.ar\\\/?product=koch-chemie-leather-star-1l#primaryimage\",\"url\":\"https:\\\/\\\/detaildepot.ar\\\/wp-content\\\/uploads\\\/2025\\\/08\\\/koch_ls.png\",\"contentUrl\":\"https:\\\/\\\/detaildepot.ar\\\/wp-content\\\/uploads\\\/2025\\\/08\\\/koch_ls.png\",\"width\":1024,\"height\":1024},{\"@type\":\"BreadcrumbList\",\"@id\":\"https:\\\/\\\/detaildepot.ar\\\/?product=koch-chemie-leather-star-1l#breadcrumb\",\"itemListElement\":[{\"@type\":\"ListItem\",\"position\":1,\"name\":\"Inicio\",\"item\":\"https:\\\/\\\/detaildepot.ar\\\/\"},{\"@type\":\"ListItem\",\"position\":2,\"name\":\"Tienda\",\"item\":\"https:\\\/\\\/detaildepot.ar\\\/\"},{\"@type\":\"ListItem\",\"position\":3,\"name\":\"KOCH CHEMIE LEATHER STAR 1L\"}]},{\"@type\":\"WebSite\",\"@id\":\"https:\\\/\\\/detaildepot.ar\\\/#website\",\"url\":\"https:\\\/\\\/detaildepot.ar\\\/\",\"name\":\"Detail Depot | Tienda de insumos para detail\",\"description\":\"\",\"publisher\":{\"@id\":\"https:\\\/\\\/detaildepot.ar\\\/#organization\"},\"potentialAction\":[{\"@type\":\"SearchAction\",\"target\":{\"@type\":\"EntryPoint\",\"urlTemplate\":\"https:\\\/\\\/detaildepot.ar\\\/?s={search_term_string}\"},\"query-input\":{\"@type\":\"PropertyValueSpecification\",\"valueRequired\":true,\"valueName\":\"search_term_string\"}}],\"inLanguage\":\"es-AR\"},{\"@type\":\"Organization\",\"@id\":\"https:\\\/\\\/detaildepot.ar\\\/#organization\",\"name\":\"Detail Depot | Tienda de insumos para detail\",\"url\":\"https:\\\/\\\/detaildepot.ar\\\/\",\"logo\":{\"@type\":\"ImageObject\",\"inLanguage\":\"es-AR\",\"@id\":\"https:\\\/\\\/detaildepot.ar\\\/#\\\/schema\\\/logo\\\/image\\\/\",\"url\":\"https:\\\/\\\/detaildepot.ar\\\/wp-content\\\/uploads\\\/2026\\\/03\\\/652187CB-8631-49B2-8296-13AA835CEAD2.png\",\"contentUrl\":\"https:\\\/\\\/detaildepot.ar\\\/wp-content\\\/uploads\\\/2026\\\/03\\\/652187CB-8631-49B2-8296-13AA835CEAD2.png\",\"width\":1024,\"height\":1024,\"caption\":\"Detail Depot | Tienda de insumos para detail\"},\"image\":{\"@id\":\"https:\\\/\\\/detaildepot.ar\\\/#\\\/schema\\\/logo\\\/image\\\/\"}}]}<\/script>\n<!-- \/ Yoast SEO plugin. -->","yoast_head_json":{"title":"KOCH CHEMIE LEATHER STAR 1L - Detail Depot | Tienda de insumos para detail","robots":{"index":"index","follow":"follow","max-snippet":"max-snippet:-1","max-image-preview":"max-image-preview:large","max-video-preview":"max-video-preview:-1"},"canonical":"https:\/\/detaildepot.ar\/?product=koch-chemie-leather-star-1l","og_locale":"es_ES","og_type":"article","og_title":"KOCH CHEMIE LEATHER STAR 1L - Detail Depot | Tienda de insumos para detail","og_description":"El cuidado para cuero Premium con un ajuste natural satinado. Para renovar y conservar materiales de cuero perforados, materiales lisos y velur en asientos de veh\u00edculos, sof\u00e1s, etc. Leather Star se puede trabajar f\u00e1cilmente y genera un olor agradable, un aspecto de color intenso y un tacto blando de buen agarre sin producir una suavidad [&hellip;]","og_url":"https:\/\/detaildepot.ar\/?product=koch-chemie-leather-star-1l","og_site_name":"Detail Depot | Tienda de insumos para detail","article_modified_time":"2026-04-27T02:48:54+00:00","og_image":[{"width":1024,"height":1024,"url":"https:\/\/detaildepot.ar\/wp-content\/uploads\/2025\/08\/koch_ls.png","type":"image\/png"}],"twitter_card":"summary_large_image","twitter_misc":{"Tiempo de lectura":"1 minuto"},"schema":{"@context":"https:\/\/schema.org","@graph":[{"@type":"WebPage","@id":"https:\/\/detaildepot.ar\/?product=koch-chemie-leather-star-1l","url":"https:\/\/detaildepot.ar\/?product=koch-chemie-leather-star-1l","name":"KOCH CHEMIE LEATHER STAR 1L - Detail Depot | Tienda de insumos para detail","isPartOf":{"@id":"https:\/\/detaildepot.ar\/#website"},"primaryImageOfPage":{"@id":"https:\/\/detaildepot.ar\/?product=koch-chemie-leather-star-1l#primaryimage"},"image":{"@id":"https:\/\/detaildepot.ar\/?product=koch-chemie-leather-star-1l#primaryimage"},"thumbnailUrl":"https:\/\/detaildepot.ar\/wp-content\/uploads\/2025\/08\/koch_ls.png","datePublished":"2025-08-29T01:41:47+00:00","dateModified":"2026-04-27T02:48:54+00:00","breadcrumb":{"@id":"https:\/\/detaildepot.ar\/?product=koch-chemie-leather-star-1l#breadcrumb"},"inLanguage":"es-AR","potentialAction":[{"@type":"ReadAction","target":["https:\/\/detaildepot.ar\/?product=koch-chemie-leather-star-1l"]}]},{"@type":"ImageObject","inLanguage":"es-AR","@id":"https:\/\/detaildepot.ar\/?product=koch-chemie-leather-star-1l#primaryimage","url":"https:\/\/detaildepot.ar\/wp-content\/uploads\/2025\/08\/koch_ls.png","contentUrl":"https:\/\/detaildepot.ar\/wp-content\/uploads\/2025\/08\/koch_ls.png","width":1024,"height":1024},{"@type":"BreadcrumbList","@id":"https:\/\/detaildepot.ar\/?product=koch-chemie-leather-star-1l#breadcrumb","itemListElement":[{"@type":"ListItem","position":1,"name":"Inicio","item":"https:\/\/detaildepot.ar\/"},{"@type":"ListItem","position":2,"name":"Tienda","item":"https:\/\/detaildepot.ar\/"},{"@type":"ListItem","position":3,"name":"KOCH CHEMIE LEATHER STAR 1L"}]},{"@type":"WebSite","@id":"https:\/\/detaildepot.ar\/#website","url":"https:\/\/detaildepot.ar\/","name":"Detail Depot | Tienda de insumos para detail","description":"","publisher":{"@id":"https:\/\/detaildepot.ar\/#organization"},"potentialAction":[{"@type":"SearchAction","target":{"@type":"EntryPoint","urlTemplate":"https:\/\/detaildepot.ar\/?s={search_term_string}"},"query-input":{"@type":"PropertyValueSpecification","valueRequired":true,"valueName":"search_term_string"}}],"inLanguage":"es-AR"},{"@type":"Organization","@id":"https:\/\/detaildepot.ar\/#organization","name":"Detail Depot | Tienda de insumos para detail","url":"https:\/\/detaildepot.ar\/","logo":{"@type":"ImageObject","inLanguage":"es-AR","@id":"https:\/\/detaildepot.ar\/#\/schema\/logo\/image\/","url":"https:\/\/detaildepot.ar\/wp-content\/uploads\/2026\/03\/652187CB-8631-49B2-8296-13AA835CEAD2.png","contentUrl":"https:\/\/detaildepot.ar\/wp-content\/uploads\/2026\/03\/652187CB-8631-49B2-8296-13AA835CEAD2.png","width":1024,"height":1024,"caption":"Detail Depot | Tienda de insumos para detail"},"image":{"@id":"https:\/\/detaildepot.ar\/#\/schema\/logo\/image\/"}}]}},"jetpack_sharing_enabled":true,"_links":{"self":[{"href":"https:\/\/detaildepot.ar\/index.php?rest_route=\/wp\/v2\/product\/801","targetHints":{"allow":["GET"]}}],"collection":[{"href":"https:\/\/detaildepot.ar\/index.php?rest_route=\/wp\/v2\/product"}],"about":[{"href":"https:\/\/detaildepot.ar\/index.php?rest_route=\/wp\/v2\/types\/product"}],"replies":[{"embeddable":true,"href":"https:\/\/detaildepot.ar\/index.php?rest_route=%2Fwp%2Fv2%2Fcomments&post=801"}],"version-history":[{"count":1,"href":"https:\/\/detaildepot.ar\/index.php?rest_route=\/wp\/v2\/product\/801\/revisions"}],"predecessor-version":[{"id":1462,"href":"https:\/\/detaildepot.ar\/index.php?rest_route=\/wp\/v2\/product\/801\/revisions\/1462"}],"wp:featuredmedia":[{"embeddable":true,"href":"https:\/\/detaildepot.ar\/index.php?rest_route=\/wp\/v2\/media\/610"}],"wp:attachment":[{"href":"https:\/\/detaildepot.ar\/index.php?rest_route=%2Fwp%2Fv2%2Fmedia&parent=801"}],"wp:term":[{"taxonomy":"product_brand","embeddable":true,"href":"https:\/\/detaildepot.ar\/index.php?rest_route=%2Fwp%2Fv2%2Fproduct_brand&post=801"},{"taxonomy":"product_cat","embeddable":true,"href":"https:\/\/detaildepot.ar\/index.php?rest_route=%2Fwp%2Fv2%2Fproduct_cat&post=801"},{"taxonomy":"product_tag","embeddable":true,"href":"https:\/\/detaildepot.ar\/index.php?rest_route=%2Fwp%2Fv2%2Fproduct_tag&post=801"}],"curies":[{"name":"wp","href":"https:\/\/api.w.org\/{rel}","templated":true}]}}