{"id":798,"date":"2025-08-29T01:33:30","date_gmt":"2025-08-29T01:33:30","guid":{"rendered":"https:\/\/detaildepot.ar\/?post_type=product&#038;p=798"},"modified":"2025-11-10T22:33:45","modified_gmt":"2025-11-11T01:33:45","slug":"koch-chemie-pw","status":"publish","type":"product","link":"https:\/\/detaildepot.ar\/?product=koch-chemie-pw","title":{"rendered":"KOCH CHEMIE PROTECTOR WAX"},"content":{"rendered":"<div class=\"mb-2\">\n<div id=\"js-product-information\" class=\"product-information-collapse\">Alto brillo, hidrorrepelente y protecci\u00f3n intensiva La innovadora cera de conservaci\u00f3n de alta tecnolog\u00eda sienta nuevas bases en materia de protecci\u00f3n, resistencia, brillo intenso extremo, hidrofugaci\u00f3n de larga duraci\u00f3n (hidrorrepelente), performance easy to clean y secado del veh\u00edculo libre de microburbujas. La red existente formada por componentes reactivos polifuncionales y por componentes para el cuidado de alta calidad garantiza una conservaci\u00f3n duradera de brillo intenso y una mejor visi\u00f3n cuando llueve. Si se aplica regularmente, se cubren peque\u00f1os rasgu\u00f1os y se impregnan todas las piezas de goma y pl\u00e1stico as\u00ed como los materiales de techos descapotables aportando una protecci\u00f3n contra la p\u00e9rdida de color y el resquebrajamiento. ProtectorWax contribuye decisivamente a la conservaci\u00f3n del valor de los veh\u00edculos. Aplicable como cera caliente, fr\u00eda y espumosa (con m\u00e1quina y manual). Se alcanzan \u00f3ptimos resultados de secado incluso con altos niveles de conductividad y dif\u00edciles geometr\u00edas de ventilaci\u00f3n. Las sustancias arom\u00e1ticas especiales de primera calidad desprenden un perfume frutal. Adecuado de forma \u00f3ptima para todos los sistemas de filtro y sistemas biol\u00f3gicos de tratamiento de agua. No contiene hidrocarburos de aceite mineral. Conforme a la norma VDA clase A.<\/div>\n<div class=\"mt-1 text-center\"><\/div>\n<\/div>\n<div class=\"d-flex align-items-center mb-4\"><\/div>\n","protected":false},"excerpt":{"rendered":"<p>Alto brillo, hidrorrepelente y protecci\u00f3n intensiva La innovadora cera de conservaci\u00f3n de alta tecnolog\u00eda sienta nuevas bases en materia de protecci\u00f3n, resistencia, brillo intenso extremo, hidrofugaci\u00f3n de larga duraci\u00f3n (hidrorrepelente), performance easy to clean y secado del veh\u00edculo libre de microburbujas. La red existente formada por componentes reactivos polifuncionales y por componentes para el cuidado [&hellip;]<\/p>\n","protected":false},"featured_media":617,"comment_status":"open","ping_status":"closed","template":"","meta":[],"product_brand":[53],"product_cat":[36],"product_tag":[45,46,315,67],"class_list":{"0":"post-798","1":"product","2":"type-product","3":"status-publish","4":"has-post-thumbnail","6":"product_brand-koch-chemie","7":"product_cat-ceras","8":"product_tag-chemie","9":"product_tag-koch","10":"product_tag-protector","11":"product_tag-wax","13":"first","14":"instock","15":"shipping-taxable","16":"purchasable","17":"product-type-simple"},"yoast_head":"<!-- This site is optimized with the Yoast SEO plugin v27.4 - https:\/\/yoast.com\/product\/yoast-seo-wordpress\/ -->\n<title>KOCH CHEMIE PROTECTOR WAX - Detail Depot | Tienda de insumos para detail<\/title>\n<meta name=\"robots\" content=\"index, follow, max-snippet:-1, max-image-preview:large, max-video-preview:-1\" \/>\n<link rel=\"canonical\" href=\"https:\/\/detaildepot.ar\/?product=koch-chemie-pw\" \/>\n<meta property=\"og:locale\" content=\"es_ES\" \/>\n<meta property=\"og:type\" content=\"article\" \/>\n<meta property=\"og:title\" content=\"KOCH CHEMIE PROTECTOR WAX - Detail Depot | Tienda de insumos para detail\" \/>\n<meta property=\"og:description\" content=\"Alto brillo, hidrorrepelente y protecci\u00f3n intensiva La innovadora cera de conservaci\u00f3n de alta tecnolog\u00eda sienta nuevas bases en materia de protecci\u00f3n, resistencia, brillo intenso extremo, hidrofugaci\u00f3n de larga duraci\u00f3n (hidrorrepelente), performance easy to clean y secado del veh\u00edculo libre de microburbujas. La red existente formada por componentes reactivos polifuncionales y por componentes para el cuidado [&hellip;]\" \/>\n<meta property=\"og:url\" content=\"https:\/\/detaildepot.ar\/?product=koch-chemie-pw\" \/>\n<meta property=\"og:site_name\" content=\"Detail Depot | Tienda de insumos para detail\" \/>\n<meta property=\"article:modified_time\" content=\"2025-11-11T01:33:45+00:00\" \/>\n<meta property=\"og:image\" content=\"https:\/\/detaildepot.ar\/wp-content\/uploads\/2025\/08\/koch_pw.png\" \/>\n\t<meta property=\"og:image:width\" content=\"1024\" \/>\n\t<meta property=\"og:image:height\" content=\"1024\" \/>\n\t<meta property=\"og:image:type\" content=\"image\/png\" \/>\n<meta name=\"twitter:card\" content=\"summary_large_image\" \/>\n<meta name=\"twitter:label1\" content=\"Tiempo de lectura\" \/>\n\t<meta name=\"twitter:data1\" content=\"2 minutos\" \/>\n<script type=\"application\/ld+json\" class=\"yoast-schema-graph\">{\"@context\":\"https:\\\/\\\/schema.org\",\"@graph\":[{\"@type\":\"WebPage\",\"@id\":\"https:\\\/\\\/detaildepot.ar\\\/?product=koch-chemie-pw\",\"url\":\"https:\\\/\\\/detaildepot.ar\\\/?product=koch-chemie-pw\",\"name\":\"KOCH CHEMIE PROTECTOR WAX - Detail Depot | Tienda de insumos para detail\",\"isPartOf\":{\"@id\":\"https:\\\/\\\/detaildepot.ar\\\/#website\"},\"primaryImageOfPage\":{\"@id\":\"https:\\\/\\\/detaildepot.ar\\\/?product=koch-chemie-pw#primaryimage\"},\"image\":{\"@id\":\"https:\\\/\\\/detaildepot.ar\\\/?product=koch-chemie-pw#primaryimage\"},\"thumbnailUrl\":\"https:\\\/\\\/detaildepot.ar\\\/wp-content\\\/uploads\\\/2025\\\/08\\\/koch_pw.png\",\"datePublished\":\"2025-08-29T01:33:30+00:00\",\"dateModified\":\"2025-11-11T01:33:45+00:00\",\"breadcrumb\":{\"@id\":\"https:\\\/\\\/detaildepot.ar\\\/?product=koch-chemie-pw#breadcrumb\"},\"inLanguage\":\"es-AR\",\"potentialAction\":[{\"@type\":\"ReadAction\",\"target\":[\"https:\\\/\\\/detaildepot.ar\\\/?product=koch-chemie-pw\"]}]},{\"@type\":\"ImageObject\",\"inLanguage\":\"es-AR\",\"@id\":\"https:\\\/\\\/detaildepot.ar\\\/?product=koch-chemie-pw#primaryimage\",\"url\":\"https:\\\/\\\/detaildepot.ar\\\/wp-content\\\/uploads\\\/2025\\\/08\\\/koch_pw.png\",\"contentUrl\":\"https:\\\/\\\/detaildepot.ar\\\/wp-content\\\/uploads\\\/2025\\\/08\\\/koch_pw.png\",\"width\":1024,\"height\":1024},{\"@type\":\"BreadcrumbList\",\"@id\":\"https:\\\/\\\/detaildepot.ar\\\/?product=koch-chemie-pw#breadcrumb\",\"itemListElement\":[{\"@type\":\"ListItem\",\"position\":1,\"name\":\"Inicio\",\"item\":\"https:\\\/\\\/detaildepot.ar\\\/\"},{\"@type\":\"ListItem\",\"position\":2,\"name\":\"Tienda\",\"item\":\"https:\\\/\\\/detaildepot.ar\\\/\"},{\"@type\":\"ListItem\",\"position\":3,\"name\":\"KOCH CHEMIE PROTECTOR WAX\"}]},{\"@type\":\"WebSite\",\"@id\":\"https:\\\/\\\/detaildepot.ar\\\/#website\",\"url\":\"https:\\\/\\\/detaildepot.ar\\\/\",\"name\":\"Detail Depot | Tienda de insumos para detail\",\"description\":\"\",\"publisher\":{\"@id\":\"https:\\\/\\\/detaildepot.ar\\\/#organization\"},\"potentialAction\":[{\"@type\":\"SearchAction\",\"target\":{\"@type\":\"EntryPoint\",\"urlTemplate\":\"https:\\\/\\\/detaildepot.ar\\\/?s={search_term_string}\"},\"query-input\":{\"@type\":\"PropertyValueSpecification\",\"valueRequired\":true,\"valueName\":\"search_term_string\"}}],\"inLanguage\":\"es-AR\"},{\"@type\":\"Organization\",\"@id\":\"https:\\\/\\\/detaildepot.ar\\\/#organization\",\"name\":\"Detail Depot | Tienda de insumos para detail\",\"url\":\"https:\\\/\\\/detaildepot.ar\\\/\",\"logo\":{\"@type\":\"ImageObject\",\"inLanguage\":\"es-AR\",\"@id\":\"https:\\\/\\\/detaildepot.ar\\\/#\\\/schema\\\/logo\\\/image\\\/\",\"url\":\"https:\\\/\\\/detaildepot.ar\\\/wp-content\\\/uploads\\\/2026\\\/03\\\/652187CB-8631-49B2-8296-13AA835CEAD2.png\",\"contentUrl\":\"https:\\\/\\\/detaildepot.ar\\\/wp-content\\\/uploads\\\/2026\\\/03\\\/652187CB-8631-49B2-8296-13AA835CEAD2.png\",\"width\":1024,\"height\":1024,\"caption\":\"Detail Depot | Tienda de insumos para detail\"},\"image\":{\"@id\":\"https:\\\/\\\/detaildepot.ar\\\/#\\\/schema\\\/logo\\\/image\\\/\"}}]}<\/script>\n<!-- \/ Yoast SEO plugin. -->","yoast_head_json":{"title":"KOCH CHEMIE PROTECTOR WAX - Detail Depot | Tienda de insumos para detail","robots":{"index":"index","follow":"follow","max-snippet":"max-snippet:-1","max-image-preview":"max-image-preview:large","max-video-preview":"max-video-preview:-1"},"canonical":"https:\/\/detaildepot.ar\/?product=koch-chemie-pw","og_locale":"es_ES","og_type":"article","og_title":"KOCH CHEMIE PROTECTOR WAX - Detail Depot | Tienda de insumos para detail","og_description":"Alto brillo, hidrorrepelente y protecci\u00f3n intensiva La innovadora cera de conservaci\u00f3n de alta tecnolog\u00eda sienta nuevas bases en materia de protecci\u00f3n, resistencia, brillo intenso extremo, hidrofugaci\u00f3n de larga duraci\u00f3n (hidrorrepelente), performance easy to clean y secado del veh\u00edculo libre de microburbujas. La red existente formada por componentes reactivos polifuncionales y por componentes para el cuidado [&hellip;]","og_url":"https:\/\/detaildepot.ar\/?product=koch-chemie-pw","og_site_name":"Detail Depot | Tienda de insumos para detail","article_modified_time":"2025-11-11T01:33:45+00:00","og_image":[{"width":1024,"height":1024,"url":"https:\/\/detaildepot.ar\/wp-content\/uploads\/2025\/08\/koch_pw.png","type":"image\/png"}],"twitter_card":"summary_large_image","twitter_misc":{"Tiempo de lectura":"2 minutos"},"schema":{"@context":"https:\/\/schema.org","@graph":[{"@type":"WebPage","@id":"https:\/\/detaildepot.ar\/?product=koch-chemie-pw","url":"https:\/\/detaildepot.ar\/?product=koch-chemie-pw","name":"KOCH CHEMIE PROTECTOR WAX - Detail Depot | Tienda de insumos para detail","isPartOf":{"@id":"https:\/\/detaildepot.ar\/#website"},"primaryImageOfPage":{"@id":"https:\/\/detaildepot.ar\/?product=koch-chemie-pw#primaryimage"},"image":{"@id":"https:\/\/detaildepot.ar\/?product=koch-chemie-pw#primaryimage"},"thumbnailUrl":"https:\/\/detaildepot.ar\/wp-content\/uploads\/2025\/08\/koch_pw.png","datePublished":"2025-08-29T01:33:30+00:00","dateModified":"2025-11-11T01:33:45+00:00","breadcrumb":{"@id":"https:\/\/detaildepot.ar\/?product=koch-chemie-pw#breadcrumb"},"inLanguage":"es-AR","potentialAction":[{"@type":"ReadAction","target":["https:\/\/detaildepot.ar\/?product=koch-chemie-pw"]}]},{"@type":"ImageObject","inLanguage":"es-AR","@id":"https:\/\/detaildepot.ar\/?product=koch-chemie-pw#primaryimage","url":"https:\/\/detaildepot.ar\/wp-content\/uploads\/2025\/08\/koch_pw.png","contentUrl":"https:\/\/detaildepot.ar\/wp-content\/uploads\/2025\/08\/koch_pw.png","width":1024,"height":1024},{"@type":"BreadcrumbList","@id":"https:\/\/detaildepot.ar\/?product=koch-chemie-pw#breadcrumb","itemListElement":[{"@type":"ListItem","position":1,"name":"Inicio","item":"https:\/\/detaildepot.ar\/"},{"@type":"ListItem","position":2,"name":"Tienda","item":"https:\/\/detaildepot.ar\/"},{"@type":"ListItem","position":3,"name":"KOCH CHEMIE PROTECTOR WAX"}]},{"@type":"WebSite","@id":"https:\/\/detaildepot.ar\/#website","url":"https:\/\/detaildepot.ar\/","name":"Detail Depot | Tienda de insumos para detail","description":"","publisher":{"@id":"https:\/\/detaildepot.ar\/#organization"},"potentialAction":[{"@type":"SearchAction","target":{"@type":"EntryPoint","urlTemplate":"https:\/\/detaildepot.ar\/?s={search_term_string}"},"query-input":{"@type":"PropertyValueSpecification","valueRequired":true,"valueName":"search_term_string"}}],"inLanguage":"es-AR"},{"@type":"Organization","@id":"https:\/\/detaildepot.ar\/#organization","name":"Detail Depot | Tienda de insumos para detail","url":"https:\/\/detaildepot.ar\/","logo":{"@type":"ImageObject","inLanguage":"es-AR","@id":"https:\/\/detaildepot.ar\/#\/schema\/logo\/image\/","url":"https:\/\/detaildepot.ar\/wp-content\/uploads\/2026\/03\/652187CB-8631-49B2-8296-13AA835CEAD2.png","contentUrl":"https:\/\/detaildepot.ar\/wp-content\/uploads\/2026\/03\/652187CB-8631-49B2-8296-13AA835CEAD2.png","width":1024,"height":1024,"caption":"Detail Depot | Tienda de insumos para detail"},"image":{"@id":"https:\/\/detaildepot.ar\/#\/schema\/logo\/image\/"}}]}},"jetpack_sharing_enabled":true,"_links":{"self":[{"href":"https:\/\/detaildepot.ar\/index.php?rest_route=\/wp\/v2\/product\/798","targetHints":{"allow":["GET"]}}],"collection":[{"href":"https:\/\/detaildepot.ar\/index.php?rest_route=\/wp\/v2\/product"}],"about":[{"href":"https:\/\/detaildepot.ar\/index.php?rest_route=\/wp\/v2\/types\/product"}],"replies":[{"embeddable":true,"href":"https:\/\/detaildepot.ar\/index.php?rest_route=%2Fwp%2Fv2%2Fcomments&post=798"}],"version-history":[{"count":1,"href":"https:\/\/detaildepot.ar\/index.php?rest_route=\/wp\/v2\/product\/798\/revisions"}],"predecessor-version":[{"id":1463,"href":"https:\/\/detaildepot.ar\/index.php?rest_route=\/wp\/v2\/product\/798\/revisions\/1463"}],"wp:featuredmedia":[{"embeddable":true,"href":"https:\/\/detaildepot.ar\/index.php?rest_route=\/wp\/v2\/media\/617"}],"wp:attachment":[{"href":"https:\/\/detaildepot.ar\/index.php?rest_route=%2Fwp%2Fv2%2Fmedia&parent=798"}],"wp:term":[{"taxonomy":"product_brand","embeddable":true,"href":"https:\/\/detaildepot.ar\/index.php?rest_route=%2Fwp%2Fv2%2Fproduct_brand&post=798"},{"taxonomy":"product_cat","embeddable":true,"href":"https:\/\/detaildepot.ar\/index.php?rest_route=%2Fwp%2Fv2%2Fproduct_cat&post=798"},{"taxonomy":"product_tag","embeddable":true,"href":"https:\/\/detaildepot.ar\/index.php?rest_route=%2Fwp%2Fv2%2Fproduct_tag&post=798"}],"curies":[{"name":"wp","href":"https:\/\/api.w.org\/{rel}","templated":true}]}}