{"id":376,"date":"2025-08-27T02:13:33","date_gmt":"2025-08-27T02:13:33","guid":{"rendered":"https:\/\/detaildepot.ar\/producto\/carpro-pulimento-essence\/"},"modified":"2025-09-28T23:14:33","modified_gmt":"2025-09-29T02:14:33","slug":"carpro-pulimento-essence","status":"publish","type":"product","link":"https:\/\/detaildepot.ar\/?product=carpro-pulimento-essence","title":{"rendered":"CARPRO PULIMENTO ESSENCE 500ML"},"content":{"rendered":"<p>CARPRO Essence es una mezcla \u00fanica de cuarzo nanotecnol\u00f3gico, resinas duraderas de alto brillo y abrasivos finos que se combinan a nivel microsc\u00f3pico para formar algo verdaderamente innovador.<br \/>\n\u00a1CARPRO Essence deja un incre\u00edble acabado de alto brillo con rellenos semipermanentes y capacidades protectoras basadas en SiO2, todo incorporado!<\/p>\n<p>El primer indicado para una preparaci\u00f3n final antes del sellado con cualquiera de los coatings cer\u00e1micos de la l\u00ednea CARPRO.<\/p>\n<p>Con su utilizaci\u00f3n, se facilita la adherencia de los componentes cer\u00e1micos, generando un sellado m\u00e1s eficaz, ahorrando tiempo y dinero!<\/p>\n","protected":false},"excerpt":{"rendered":"<p>CARPRO Essence es una mezcla \u00fanica de cuarzo nanotecnol\u00f3gico, resinas duraderas de alto brillo y abrasivos finos que se combinan a nivel microsc\u00f3pico para formar algo verdaderamente innovador. \u00a1CARPRO Essence deja un incre\u00edble acabado de alto brillo con rellenos semipermanentes y capacidades protectoras basadas en SiO2, todo incorporado! El primer indicado para una preparaci\u00f3n final [&hellip;]<\/p>\n","protected":false},"featured_media":574,"comment_status":"open","ping_status":"closed","template":"","meta":[],"product_brand":[159],"product_cat":[55,22],"product_tag":[151,166,25],"class_list":{"0":"post-376","1":"product","2":"type-product","3":"status-publish","4":"has-post-thumbnail","6":"product_brand-carpro","7":"product_cat-preparador-de-superficies","8":"product_cat-pulimentos","9":"product_tag-carpro","10":"product_tag-preparador-de-superficie","11":"product_tag-pulimento","13":"first","14":"instock","15":"shipping-taxable","16":"purchasable","17":"product-type-simple"},"yoast_head":"<!-- This site is optimized with the Yoast SEO plugin v27.4 - https:\/\/yoast.com\/product\/yoast-seo-wordpress\/ -->\n<title>CARPRO PULIMENTO ESSENCE 500ML - Detail Depot | Tienda de insumos para detail<\/title>\n<meta name=\"robots\" content=\"index, follow, max-snippet:-1, max-image-preview:large, max-video-preview:-1\" \/>\n<link rel=\"canonical\" href=\"https:\/\/detaildepot.ar\/?product=carpro-pulimento-essence\" \/>\n<meta property=\"og:locale\" content=\"es_ES\" \/>\n<meta property=\"og:type\" content=\"article\" \/>\n<meta property=\"og:title\" content=\"CARPRO PULIMENTO ESSENCE 500ML - Detail Depot | Tienda de insumos para detail\" \/>\n<meta property=\"og:description\" content=\"CARPRO Essence es una mezcla \u00fanica de cuarzo nanotecnol\u00f3gico, resinas duraderas de alto brillo y abrasivos finos que se combinan a nivel microsc\u00f3pico para formar algo verdaderamente innovador. \u00a1CARPRO Essence deja un incre\u00edble acabado de alto brillo con rellenos semipermanentes y capacidades protectoras basadas en SiO2, todo incorporado! El primer indicado para una preparaci\u00f3n final [&hellip;]\" \/>\n<meta property=\"og:url\" content=\"https:\/\/detaildepot.ar\/?product=carpro-pulimento-essence\" \/>\n<meta property=\"og:site_name\" content=\"Detail Depot | Tienda de insumos para detail\" \/>\n<meta property=\"article:modified_time\" content=\"2025-09-29T02:14:33+00:00\" \/>\n<meta property=\"og:image\" content=\"https:\/\/detaildepot.ar\/wp-content\/uploads\/2025\/08\/carpro_essence.png\" \/>\n\t<meta property=\"og:image:width\" content=\"1024\" \/>\n\t<meta property=\"og:image:height\" content=\"1024\" \/>\n\t<meta property=\"og:image:type\" content=\"image\/png\" \/>\n<meta name=\"twitter:card\" content=\"summary_large_image\" \/>\n<meta name=\"twitter:label1\" content=\"Tiempo de lectura\" \/>\n\t<meta name=\"twitter:data1\" content=\"1 minuto\" \/>\n<script type=\"application\/ld+json\" class=\"yoast-schema-graph\">{\"@context\":\"https:\\\/\\\/schema.org\",\"@graph\":[{\"@type\":\"WebPage\",\"@id\":\"https:\\\/\\\/detaildepot.ar\\\/?product=carpro-pulimento-essence\",\"url\":\"https:\\\/\\\/detaildepot.ar\\\/?product=carpro-pulimento-essence\",\"name\":\"CARPRO PULIMENTO ESSENCE 500ML - Detail Depot | Tienda de insumos para detail\",\"isPartOf\":{\"@id\":\"https:\\\/\\\/detaildepot.ar\\\/#website\"},\"primaryImageOfPage\":{\"@id\":\"https:\\\/\\\/detaildepot.ar\\\/?product=carpro-pulimento-essence#primaryimage\"},\"image\":{\"@id\":\"https:\\\/\\\/detaildepot.ar\\\/?product=carpro-pulimento-essence#primaryimage\"},\"thumbnailUrl\":\"https:\\\/\\\/detaildepot.ar\\\/wp-content\\\/uploads\\\/2025\\\/08\\\/carpro_essence.png\",\"datePublished\":\"2025-08-27T02:13:33+00:00\",\"dateModified\":\"2025-09-29T02:14:33+00:00\",\"breadcrumb\":{\"@id\":\"https:\\\/\\\/detaildepot.ar\\\/?product=carpro-pulimento-essence#breadcrumb\"},\"inLanguage\":\"es-AR\",\"potentialAction\":[{\"@type\":\"ReadAction\",\"target\":[\"https:\\\/\\\/detaildepot.ar\\\/?product=carpro-pulimento-essence\"]}]},{\"@type\":\"ImageObject\",\"inLanguage\":\"es-AR\",\"@id\":\"https:\\\/\\\/detaildepot.ar\\\/?product=carpro-pulimento-essence#primaryimage\",\"url\":\"https:\\\/\\\/detaildepot.ar\\\/wp-content\\\/uploads\\\/2025\\\/08\\\/carpro_essence.png\",\"contentUrl\":\"https:\\\/\\\/detaildepot.ar\\\/wp-content\\\/uploads\\\/2025\\\/08\\\/carpro_essence.png\",\"width\":1024,\"height\":1024},{\"@type\":\"BreadcrumbList\",\"@id\":\"https:\\\/\\\/detaildepot.ar\\\/?product=carpro-pulimento-essence#breadcrumb\",\"itemListElement\":[{\"@type\":\"ListItem\",\"position\":1,\"name\":\"Inicio\",\"item\":\"https:\\\/\\\/detaildepot.ar\\\/\"},{\"@type\":\"ListItem\",\"position\":2,\"name\":\"Tienda\",\"item\":\"https:\\\/\\\/detaildepot.ar\\\/\"},{\"@type\":\"ListItem\",\"position\":3,\"name\":\"CARPRO PULIMENTO ESSENCE 500ML\"}]},{\"@type\":\"WebSite\",\"@id\":\"https:\\\/\\\/detaildepot.ar\\\/#website\",\"url\":\"https:\\\/\\\/detaildepot.ar\\\/\",\"name\":\"Detail Depot | Tienda de insumos para detail\",\"description\":\"\",\"publisher\":{\"@id\":\"https:\\\/\\\/detaildepot.ar\\\/#organization\"},\"potentialAction\":[{\"@type\":\"SearchAction\",\"target\":{\"@type\":\"EntryPoint\",\"urlTemplate\":\"https:\\\/\\\/detaildepot.ar\\\/?s={search_term_string}\"},\"query-input\":{\"@type\":\"PropertyValueSpecification\",\"valueRequired\":true,\"valueName\":\"search_term_string\"}}],\"inLanguage\":\"es-AR\"},{\"@type\":\"Organization\",\"@id\":\"https:\\\/\\\/detaildepot.ar\\\/#organization\",\"name\":\"Detail Depot | Tienda de insumos para detail\",\"url\":\"https:\\\/\\\/detaildepot.ar\\\/\",\"logo\":{\"@type\":\"ImageObject\",\"inLanguage\":\"es-AR\",\"@id\":\"https:\\\/\\\/detaildepot.ar\\\/#\\\/schema\\\/logo\\\/image\\\/\",\"url\":\"https:\\\/\\\/detaildepot.ar\\\/wp-content\\\/uploads\\\/2026\\\/03\\\/652187CB-8631-49B2-8296-13AA835CEAD2.png\",\"contentUrl\":\"https:\\\/\\\/detaildepot.ar\\\/wp-content\\\/uploads\\\/2026\\\/03\\\/652187CB-8631-49B2-8296-13AA835CEAD2.png\",\"width\":1024,\"height\":1024,\"caption\":\"Detail Depot | Tienda de insumos para detail\"},\"image\":{\"@id\":\"https:\\\/\\\/detaildepot.ar\\\/#\\\/schema\\\/logo\\\/image\\\/\"}}]}<\/script>\n<!-- \/ Yoast SEO plugin. -->","yoast_head_json":{"title":"CARPRO PULIMENTO ESSENCE 500ML - Detail Depot | Tienda de insumos para detail","robots":{"index":"index","follow":"follow","max-snippet":"max-snippet:-1","max-image-preview":"max-image-preview:large","max-video-preview":"max-video-preview:-1"},"canonical":"https:\/\/detaildepot.ar\/?product=carpro-pulimento-essence","og_locale":"es_ES","og_type":"article","og_title":"CARPRO PULIMENTO ESSENCE 500ML - Detail Depot | Tienda de insumos para detail","og_description":"CARPRO Essence es una mezcla \u00fanica de cuarzo nanotecnol\u00f3gico, resinas duraderas de alto brillo y abrasivos finos que se combinan a nivel microsc\u00f3pico para formar algo verdaderamente innovador. \u00a1CARPRO Essence deja un incre\u00edble acabado de alto brillo con rellenos semipermanentes y capacidades protectoras basadas en SiO2, todo incorporado! El primer indicado para una preparaci\u00f3n final [&hellip;]","og_url":"https:\/\/detaildepot.ar\/?product=carpro-pulimento-essence","og_site_name":"Detail Depot | Tienda de insumos para detail","article_modified_time":"2025-09-29T02:14:33+00:00","og_image":[{"width":1024,"height":1024,"url":"https:\/\/detaildepot.ar\/wp-content\/uploads\/2025\/08\/carpro_essence.png","type":"image\/png"}],"twitter_card":"summary_large_image","twitter_misc":{"Tiempo de lectura":"1 minuto"},"schema":{"@context":"https:\/\/schema.org","@graph":[{"@type":"WebPage","@id":"https:\/\/detaildepot.ar\/?product=carpro-pulimento-essence","url":"https:\/\/detaildepot.ar\/?product=carpro-pulimento-essence","name":"CARPRO PULIMENTO ESSENCE 500ML - Detail Depot | Tienda de insumos para detail","isPartOf":{"@id":"https:\/\/detaildepot.ar\/#website"},"primaryImageOfPage":{"@id":"https:\/\/detaildepot.ar\/?product=carpro-pulimento-essence#primaryimage"},"image":{"@id":"https:\/\/detaildepot.ar\/?product=carpro-pulimento-essence#primaryimage"},"thumbnailUrl":"https:\/\/detaildepot.ar\/wp-content\/uploads\/2025\/08\/carpro_essence.png","datePublished":"2025-08-27T02:13:33+00:00","dateModified":"2025-09-29T02:14:33+00:00","breadcrumb":{"@id":"https:\/\/detaildepot.ar\/?product=carpro-pulimento-essence#breadcrumb"},"inLanguage":"es-AR","potentialAction":[{"@type":"ReadAction","target":["https:\/\/detaildepot.ar\/?product=carpro-pulimento-essence"]}]},{"@type":"ImageObject","inLanguage":"es-AR","@id":"https:\/\/detaildepot.ar\/?product=carpro-pulimento-essence#primaryimage","url":"https:\/\/detaildepot.ar\/wp-content\/uploads\/2025\/08\/carpro_essence.png","contentUrl":"https:\/\/detaildepot.ar\/wp-content\/uploads\/2025\/08\/carpro_essence.png","width":1024,"height":1024},{"@type":"BreadcrumbList","@id":"https:\/\/detaildepot.ar\/?product=carpro-pulimento-essence#breadcrumb","itemListElement":[{"@type":"ListItem","position":1,"name":"Inicio","item":"https:\/\/detaildepot.ar\/"},{"@type":"ListItem","position":2,"name":"Tienda","item":"https:\/\/detaildepot.ar\/"},{"@type":"ListItem","position":3,"name":"CARPRO PULIMENTO ESSENCE 500ML"}]},{"@type":"WebSite","@id":"https:\/\/detaildepot.ar\/#website","url":"https:\/\/detaildepot.ar\/","name":"Detail Depot | Tienda de insumos para detail","description":"","publisher":{"@id":"https:\/\/detaildepot.ar\/#organization"},"potentialAction":[{"@type":"SearchAction","target":{"@type":"EntryPoint","urlTemplate":"https:\/\/detaildepot.ar\/?s={search_term_string}"},"query-input":{"@type":"PropertyValueSpecification","valueRequired":true,"valueName":"search_term_string"}}],"inLanguage":"es-AR"},{"@type":"Organization","@id":"https:\/\/detaildepot.ar\/#organization","name":"Detail Depot | Tienda de insumos para detail","url":"https:\/\/detaildepot.ar\/","logo":{"@type":"ImageObject","inLanguage":"es-AR","@id":"https:\/\/detaildepot.ar\/#\/schema\/logo\/image\/","url":"https:\/\/detaildepot.ar\/wp-content\/uploads\/2026\/03\/652187CB-8631-49B2-8296-13AA835CEAD2.png","contentUrl":"https:\/\/detaildepot.ar\/wp-content\/uploads\/2026\/03\/652187CB-8631-49B2-8296-13AA835CEAD2.png","width":1024,"height":1024,"caption":"Detail Depot | Tienda de insumos para detail"},"image":{"@id":"https:\/\/detaildepot.ar\/#\/schema\/logo\/image\/"}}]}},"jetpack_sharing_enabled":true,"_links":{"self":[{"href":"https:\/\/detaildepot.ar\/index.php?rest_route=\/wp\/v2\/product\/376","targetHints":{"allow":["GET"]}}],"collection":[{"href":"https:\/\/detaildepot.ar\/index.php?rest_route=\/wp\/v2\/product"}],"about":[{"href":"https:\/\/detaildepot.ar\/index.php?rest_route=\/wp\/v2\/types\/product"}],"replies":[{"embeddable":true,"href":"https:\/\/detaildepot.ar\/index.php?rest_route=%2Fwp%2Fv2%2Fcomments&post=376"}],"version-history":[{"count":2,"href":"https:\/\/detaildepot.ar\/index.php?rest_route=\/wp\/v2\/product\/376\/revisions"}],"predecessor-version":[{"id":1434,"href":"https:\/\/detaildepot.ar\/index.php?rest_route=\/wp\/v2\/product\/376\/revisions\/1434"}],"wp:featuredmedia":[{"embeddable":true,"href":"https:\/\/detaildepot.ar\/index.php?rest_route=\/wp\/v2\/media\/574"}],"wp:attachment":[{"href":"https:\/\/detaildepot.ar\/index.php?rest_route=%2Fwp%2Fv2%2Fmedia&parent=376"}],"wp:term":[{"taxonomy":"product_brand","embeddable":true,"href":"https:\/\/detaildepot.ar\/index.php?rest_route=%2Fwp%2Fv2%2Fproduct_brand&post=376"},{"taxonomy":"product_cat","embeddable":true,"href":"https:\/\/detaildepot.ar\/index.php?rest_route=%2Fwp%2Fv2%2Fproduct_cat&post=376"},{"taxonomy":"product_tag","embeddable":true,"href":"https:\/\/detaildepot.ar\/index.php?rest_route=%2Fwp%2Fv2%2Fproduct_tag&post=376"}],"curies":[{"name":"wp","href":"https:\/\/api.w.org\/{rel}","templated":true}]}}