{"id":370,"date":"2025-08-27T02:13:32","date_gmt":"2025-08-27T02:13:32","guid":{"rendered":"https:\/\/detaildepot.ar\/producto\/carpro-elixir\/"},"modified":"2025-09-28T23:15:06","modified_gmt":"2025-09-29T02:15:06","slug":"carpro-elixir","status":"publish","type":"product","link":"https:\/\/detaildepot.ar\/?product=carpro-elixir","title":{"rendered":"CARPRO ELIXIR 500ML"},"content":{"rendered":"<p>EliXir es un quick detailer realmente sorprendente, que toma el brillo y la hidrofobicidad extrema de la nanotecnolog\u00eda cer\u00e1mica y los coloca en una presentaci\u00f3n en spray que no podr\u00eda ser m\u00e1s f\u00e1cil de usar.<br \/>\nLa mayor\u00eda de nuestros productos surgen de los comentarios de nuestros fan\u00e1ticos m\u00e1s fieles. En el caso de EliXir, han llevado las cosas a un nivel completamente nuevo .<\/p>\n<p>Este innovador producto es una cera r\u00e1pida que proporciona una profundidad extrema, brillo y energ\u00eda hidrof\u00f3bica a una variedad de superficies, a la vez que es tan r\u00e1pido y f\u00e1cil de aplicar. Ideal para su utilizacion de preparaci\u00f3n pre-entrega, o mantenimiento entre lavados.<\/p>\n","protected":false},"excerpt":{"rendered":"<p>EliXir es un quick detailer realmente sorprendente, que toma el brillo y la hidrofobicidad extrema de la nanotecnolog\u00eda cer\u00e1mica y los coloca en una presentaci\u00f3n en spray que no podr\u00eda ser m\u00e1s f\u00e1cil de usar. La mayor\u00eda de nuestros productos surgen de los comentarios de nuestros fan\u00e1ticos m\u00e1s fieles. En el caso de EliXir, han [&hellip;]<\/p>\n","protected":false},"featured_media":572,"comment_status":"open","ping_status":"closed","template":"","meta":[],"product_brand":[159],"product_cat":[41],"product_tag":[151,163,164],"class_list":{"0":"post-370","1":"product","2":"type-product","3":"status-publish","4":"has-post-thumbnail","6":"product_brand-carpro","7":"product_cat-boosters","8":"product_tag-carpro","9":"product_tag-elixir","10":"product_tag-quickdetailer","12":"first","13":"instock","14":"shipping-taxable","15":"purchasable","16":"product-type-simple"},"yoast_head":"<!-- This site is optimized with the Yoast SEO plugin v27.4 - https:\/\/yoast.com\/product\/yoast-seo-wordpress\/ -->\n<title>CARPRO ELIXIR 500ML - Detail Depot | Tienda de insumos para detail<\/title>\n<meta name=\"robots\" content=\"index, follow, max-snippet:-1, max-image-preview:large, max-video-preview:-1\" \/>\n<link rel=\"canonical\" href=\"https:\/\/detaildepot.ar\/?product=carpro-elixir\" \/>\n<meta property=\"og:locale\" content=\"es_ES\" \/>\n<meta property=\"og:type\" content=\"article\" \/>\n<meta property=\"og:title\" content=\"CARPRO ELIXIR 500ML - Detail Depot | Tienda de insumos para detail\" \/>\n<meta property=\"og:description\" content=\"EliXir es un quick detailer realmente sorprendente, que toma el brillo y la hidrofobicidad extrema de la nanotecnolog\u00eda cer\u00e1mica y los coloca en una presentaci\u00f3n en spray que no podr\u00eda ser m\u00e1s f\u00e1cil de usar. La mayor\u00eda de nuestros productos surgen de los comentarios de nuestros fan\u00e1ticos m\u00e1s fieles. En el caso de EliXir, han [&hellip;]\" \/>\n<meta property=\"og:url\" content=\"https:\/\/detaildepot.ar\/?product=carpro-elixir\" \/>\n<meta property=\"og:site_name\" content=\"Detail Depot | Tienda de insumos para detail\" \/>\n<meta property=\"article:modified_time\" content=\"2025-09-29T02:15:06+00:00\" \/>\n<meta property=\"og:image\" content=\"https:\/\/detaildepot.ar\/wp-content\/uploads\/2025\/08\/carpro_elixir.png\" \/>\n\t<meta property=\"og:image:width\" content=\"1024\" \/>\n\t<meta property=\"og:image:height\" content=\"1024\" \/>\n\t<meta property=\"og:image:type\" content=\"image\/png\" \/>\n<meta name=\"twitter:card\" content=\"summary_large_image\" \/>\n<meta name=\"twitter:label1\" content=\"Tiempo de lectura\" \/>\n\t<meta name=\"twitter:data1\" content=\"1 minuto\" \/>\n<script type=\"application\/ld+json\" class=\"yoast-schema-graph\">{\"@context\":\"https:\\\/\\\/schema.org\",\"@graph\":[{\"@type\":\"WebPage\",\"@id\":\"https:\\\/\\\/detaildepot.ar\\\/?product=carpro-elixir\",\"url\":\"https:\\\/\\\/detaildepot.ar\\\/?product=carpro-elixir\",\"name\":\"CARPRO ELIXIR 500ML - Detail Depot | Tienda de insumos para detail\",\"isPartOf\":{\"@id\":\"https:\\\/\\\/detaildepot.ar\\\/#website\"},\"primaryImageOfPage\":{\"@id\":\"https:\\\/\\\/detaildepot.ar\\\/?product=carpro-elixir#primaryimage\"},\"image\":{\"@id\":\"https:\\\/\\\/detaildepot.ar\\\/?product=carpro-elixir#primaryimage\"},\"thumbnailUrl\":\"https:\\\/\\\/detaildepot.ar\\\/wp-content\\\/uploads\\\/2025\\\/08\\\/carpro_elixir.png\",\"datePublished\":\"2025-08-27T02:13:32+00:00\",\"dateModified\":\"2025-09-29T02:15:06+00:00\",\"breadcrumb\":{\"@id\":\"https:\\\/\\\/detaildepot.ar\\\/?product=carpro-elixir#breadcrumb\"},\"inLanguage\":\"es-AR\",\"potentialAction\":[{\"@type\":\"ReadAction\",\"target\":[\"https:\\\/\\\/detaildepot.ar\\\/?product=carpro-elixir\"]}]},{\"@type\":\"ImageObject\",\"inLanguage\":\"es-AR\",\"@id\":\"https:\\\/\\\/detaildepot.ar\\\/?product=carpro-elixir#primaryimage\",\"url\":\"https:\\\/\\\/detaildepot.ar\\\/wp-content\\\/uploads\\\/2025\\\/08\\\/carpro_elixir.png\",\"contentUrl\":\"https:\\\/\\\/detaildepot.ar\\\/wp-content\\\/uploads\\\/2025\\\/08\\\/carpro_elixir.png\",\"width\":1024,\"height\":1024},{\"@type\":\"BreadcrumbList\",\"@id\":\"https:\\\/\\\/detaildepot.ar\\\/?product=carpro-elixir#breadcrumb\",\"itemListElement\":[{\"@type\":\"ListItem\",\"position\":1,\"name\":\"Inicio\",\"item\":\"https:\\\/\\\/detaildepot.ar\\\/\"},{\"@type\":\"ListItem\",\"position\":2,\"name\":\"Tienda\",\"item\":\"https:\\\/\\\/detaildepot.ar\\\/\"},{\"@type\":\"ListItem\",\"position\":3,\"name\":\"CARPRO ELIXIR 500ML\"}]},{\"@type\":\"WebSite\",\"@id\":\"https:\\\/\\\/detaildepot.ar\\\/#website\",\"url\":\"https:\\\/\\\/detaildepot.ar\\\/\",\"name\":\"Detail Depot | Tienda de insumos para detail\",\"description\":\"\",\"publisher\":{\"@id\":\"https:\\\/\\\/detaildepot.ar\\\/#organization\"},\"potentialAction\":[{\"@type\":\"SearchAction\",\"target\":{\"@type\":\"EntryPoint\",\"urlTemplate\":\"https:\\\/\\\/detaildepot.ar\\\/?s={search_term_string}\"},\"query-input\":{\"@type\":\"PropertyValueSpecification\",\"valueRequired\":true,\"valueName\":\"search_term_string\"}}],\"inLanguage\":\"es-AR\"},{\"@type\":\"Organization\",\"@id\":\"https:\\\/\\\/detaildepot.ar\\\/#organization\",\"name\":\"Detail Depot | Tienda de insumos para detail\",\"url\":\"https:\\\/\\\/detaildepot.ar\\\/\",\"logo\":{\"@type\":\"ImageObject\",\"inLanguage\":\"es-AR\",\"@id\":\"https:\\\/\\\/detaildepot.ar\\\/#\\\/schema\\\/logo\\\/image\\\/\",\"url\":\"https:\\\/\\\/detaildepot.ar\\\/wp-content\\\/uploads\\\/2026\\\/03\\\/652187CB-8631-49B2-8296-13AA835CEAD2.png\",\"contentUrl\":\"https:\\\/\\\/detaildepot.ar\\\/wp-content\\\/uploads\\\/2026\\\/03\\\/652187CB-8631-49B2-8296-13AA835CEAD2.png\",\"width\":1024,\"height\":1024,\"caption\":\"Detail Depot | Tienda de insumos para detail\"},\"image\":{\"@id\":\"https:\\\/\\\/detaildepot.ar\\\/#\\\/schema\\\/logo\\\/image\\\/\"}}]}<\/script>\n<!-- \/ Yoast SEO plugin. -->","yoast_head_json":{"title":"CARPRO ELIXIR 500ML - Detail Depot | Tienda de insumos para detail","robots":{"index":"index","follow":"follow","max-snippet":"max-snippet:-1","max-image-preview":"max-image-preview:large","max-video-preview":"max-video-preview:-1"},"canonical":"https:\/\/detaildepot.ar\/?product=carpro-elixir","og_locale":"es_ES","og_type":"article","og_title":"CARPRO ELIXIR 500ML - Detail Depot | Tienda de insumos para detail","og_description":"EliXir es un quick detailer realmente sorprendente, que toma el brillo y la hidrofobicidad extrema de la nanotecnolog\u00eda cer\u00e1mica y los coloca en una presentaci\u00f3n en spray que no podr\u00eda ser m\u00e1s f\u00e1cil de usar. La mayor\u00eda de nuestros productos surgen de los comentarios de nuestros fan\u00e1ticos m\u00e1s fieles. En el caso de EliXir, han [&hellip;]","og_url":"https:\/\/detaildepot.ar\/?product=carpro-elixir","og_site_name":"Detail Depot | Tienda de insumos para detail","article_modified_time":"2025-09-29T02:15:06+00:00","og_image":[{"width":1024,"height":1024,"url":"https:\/\/detaildepot.ar\/wp-content\/uploads\/2025\/08\/carpro_elixir.png","type":"image\/png"}],"twitter_card":"summary_large_image","twitter_misc":{"Tiempo de lectura":"1 minuto"},"schema":{"@context":"https:\/\/schema.org","@graph":[{"@type":"WebPage","@id":"https:\/\/detaildepot.ar\/?product=carpro-elixir","url":"https:\/\/detaildepot.ar\/?product=carpro-elixir","name":"CARPRO ELIXIR 500ML - Detail Depot | Tienda de insumos para detail","isPartOf":{"@id":"https:\/\/detaildepot.ar\/#website"},"primaryImageOfPage":{"@id":"https:\/\/detaildepot.ar\/?product=carpro-elixir#primaryimage"},"image":{"@id":"https:\/\/detaildepot.ar\/?product=carpro-elixir#primaryimage"},"thumbnailUrl":"https:\/\/detaildepot.ar\/wp-content\/uploads\/2025\/08\/carpro_elixir.png","datePublished":"2025-08-27T02:13:32+00:00","dateModified":"2025-09-29T02:15:06+00:00","breadcrumb":{"@id":"https:\/\/detaildepot.ar\/?product=carpro-elixir#breadcrumb"},"inLanguage":"es-AR","potentialAction":[{"@type":"ReadAction","target":["https:\/\/detaildepot.ar\/?product=carpro-elixir"]}]},{"@type":"ImageObject","inLanguage":"es-AR","@id":"https:\/\/detaildepot.ar\/?product=carpro-elixir#primaryimage","url":"https:\/\/detaildepot.ar\/wp-content\/uploads\/2025\/08\/carpro_elixir.png","contentUrl":"https:\/\/detaildepot.ar\/wp-content\/uploads\/2025\/08\/carpro_elixir.png","width":1024,"height":1024},{"@type":"BreadcrumbList","@id":"https:\/\/detaildepot.ar\/?product=carpro-elixir#breadcrumb","itemListElement":[{"@type":"ListItem","position":1,"name":"Inicio","item":"https:\/\/detaildepot.ar\/"},{"@type":"ListItem","position":2,"name":"Tienda","item":"https:\/\/detaildepot.ar\/"},{"@type":"ListItem","position":3,"name":"CARPRO ELIXIR 500ML"}]},{"@type":"WebSite","@id":"https:\/\/detaildepot.ar\/#website","url":"https:\/\/detaildepot.ar\/","name":"Detail Depot | Tienda de insumos para detail","description":"","publisher":{"@id":"https:\/\/detaildepot.ar\/#organization"},"potentialAction":[{"@type":"SearchAction","target":{"@type":"EntryPoint","urlTemplate":"https:\/\/detaildepot.ar\/?s={search_term_string}"},"query-input":{"@type":"PropertyValueSpecification","valueRequired":true,"valueName":"search_term_string"}}],"inLanguage":"es-AR"},{"@type":"Organization","@id":"https:\/\/detaildepot.ar\/#organization","name":"Detail Depot | Tienda de insumos para detail","url":"https:\/\/detaildepot.ar\/","logo":{"@type":"ImageObject","inLanguage":"es-AR","@id":"https:\/\/detaildepot.ar\/#\/schema\/logo\/image\/","url":"https:\/\/detaildepot.ar\/wp-content\/uploads\/2026\/03\/652187CB-8631-49B2-8296-13AA835CEAD2.png","contentUrl":"https:\/\/detaildepot.ar\/wp-content\/uploads\/2026\/03\/652187CB-8631-49B2-8296-13AA835CEAD2.png","width":1024,"height":1024,"caption":"Detail Depot | Tienda de insumos para detail"},"image":{"@id":"https:\/\/detaildepot.ar\/#\/schema\/logo\/image\/"}}]}},"jetpack_sharing_enabled":true,"_links":{"self":[{"href":"https:\/\/detaildepot.ar\/index.php?rest_route=\/wp\/v2\/product\/370","targetHints":{"allow":["GET"]}}],"collection":[{"href":"https:\/\/detaildepot.ar\/index.php?rest_route=\/wp\/v2\/product"}],"about":[{"href":"https:\/\/detaildepot.ar\/index.php?rest_route=\/wp\/v2\/types\/product"}],"replies":[{"embeddable":true,"href":"https:\/\/detaildepot.ar\/index.php?rest_route=%2Fwp%2Fv2%2Fcomments&post=370"}],"version-history":[{"count":2,"href":"https:\/\/detaildepot.ar\/index.php?rest_route=\/wp\/v2\/product\/370\/revisions"}],"predecessor-version":[{"id":1435,"href":"https:\/\/detaildepot.ar\/index.php?rest_route=\/wp\/v2\/product\/370\/revisions\/1435"}],"wp:featuredmedia":[{"embeddable":true,"href":"https:\/\/detaildepot.ar\/index.php?rest_route=\/wp\/v2\/media\/572"}],"wp:attachment":[{"href":"https:\/\/detaildepot.ar\/index.php?rest_route=%2Fwp%2Fv2%2Fmedia&parent=370"}],"wp:term":[{"taxonomy":"product_brand","embeddable":true,"href":"https:\/\/detaildepot.ar\/index.php?rest_route=%2Fwp%2Fv2%2Fproduct_brand&post=370"},{"taxonomy":"product_cat","embeddable":true,"href":"https:\/\/detaildepot.ar\/index.php?rest_route=%2Fwp%2Fv2%2Fproduct_cat&post=370"},{"taxonomy":"product_tag","embeddable":true,"href":"https:\/\/detaildepot.ar\/index.php?rest_route=%2Fwp%2Fv2%2Fproduct_tag&post=370"}],"curies":[{"name":"wp","href":"https:\/\/api.w.org\/{rel}","templated":true}]}}