{"id":366,"date":"2025-08-27T02:13:30","date_gmt":"2025-08-27T02:13:30","guid":{"rendered":"https:\/\/detaildepot.ar\/producto\/carpro-bugout\/"},"modified":"2025-11-10T23:20:55","modified_gmt":"2025-11-11T02:20:55","slug":"carpro-bugout","status":"publish","type":"product","link":"https:\/\/detaildepot.ar\/?product=carpro-bugout","title":{"rendered":"CARPRO BUGOUT 500ML"},"content":{"rendered":"<p>CARPRO BugOut es la soluci\u00f3n al problema m\u00e1s notorio para casi todos los propietarios de autom\u00f3viles en el mundo\u2026<br \/>\nINSECTOS y sus restos despu\u00e9s de que salpican y se introducen en la parte delantera de su coche.<\/p>\n<p>En \u00e1reas muy infestadas o por la noche, la parte delantera del veh\u00edculo puede convertirse en v\u00edctima con la misma facilidad que los propios insectos. El insecto secreta una enzima proteica concentrada en la zona de impacto, lo que provoca da\u00f1os permanentes en diversas superficies si se deja demasiado tiempo. Adem\u00e1s, algunos insectos tienen c\u00e1scaras de quitina duras que pueden resultar peligrosas si se limpian sin ablandar primero su estructura qu\u00edmica.<\/p>\n","protected":false},"excerpt":{"rendered":"<p>CARPRO BugOut es la soluci\u00f3n al problema m\u00e1s notorio para casi todos los propietarios de autom\u00f3viles en el mundo\u2026 INSECTOS y sus restos despu\u00e9s de que salpican y se introducen en la parte delantera de su coche. En \u00e1reas muy infestadas o por la noche, la parte delantera del veh\u00edculo puede convertirse en v\u00edctima con [&hellip;]<\/p>\n","protected":false},"featured_media":570,"comment_status":"open","ping_status":"closed","template":"","meta":[],"product_brand":[159],"product_cat":[47],"product_tag":[151,160,133,161],"class_list":{"0":"post-366","1":"product","2":"type-product","3":"status-publish","4":"has-post-thumbnail","6":"product_brand-carpro","7":"product_cat-limpiadores","8":"product_tag-carpro","9":"product_tag-ceramicos","10":"product_tag-ppf","11":"product_tag-quita-bichos","13":"first","14":"instock","15":"shipping-taxable","16":"purchasable","17":"product-type-simple"},"yoast_head":"<!-- This site is optimized with the Yoast SEO plugin v27.4 - https:\/\/yoast.com\/product\/yoast-seo-wordpress\/ -->\n<title>CARPRO BUGOUT 500ML - Detail Depot | Tienda de insumos para detail<\/title>\n<meta name=\"robots\" content=\"index, follow, max-snippet:-1, max-image-preview:large, max-video-preview:-1\" \/>\n<link rel=\"canonical\" href=\"https:\/\/detaildepot.ar\/?product=carpro-bugout\" \/>\n<meta property=\"og:locale\" content=\"es_ES\" \/>\n<meta property=\"og:type\" content=\"article\" \/>\n<meta property=\"og:title\" content=\"CARPRO BUGOUT 500ML - Detail Depot | Tienda de insumos para detail\" \/>\n<meta property=\"og:description\" content=\"CARPRO BugOut es la soluci\u00f3n al problema m\u00e1s notorio para casi todos los propietarios de autom\u00f3viles en el mundo\u2026 INSECTOS y sus restos despu\u00e9s de que salpican y se introducen en la parte delantera de su coche. En \u00e1reas muy infestadas o por la noche, la parte delantera del veh\u00edculo puede convertirse en v\u00edctima con [&hellip;]\" \/>\n<meta property=\"og:url\" content=\"https:\/\/detaildepot.ar\/?product=carpro-bugout\" \/>\n<meta property=\"og:site_name\" content=\"Detail Depot | Tienda de insumos para detail\" \/>\n<meta property=\"article:modified_time\" content=\"2025-11-11T02:20:55+00:00\" \/>\n<meta property=\"og:image\" content=\"https:\/\/detaildepot.ar\/wp-content\/uploads\/2025\/08\/carpro_bugout.png\" \/>\n\t<meta property=\"og:image:width\" content=\"1024\" \/>\n\t<meta property=\"og:image:height\" content=\"1024\" \/>\n\t<meta property=\"og:image:type\" content=\"image\/png\" \/>\n<meta name=\"twitter:card\" content=\"summary_large_image\" \/>\n<meta name=\"twitter:label1\" content=\"Tiempo de lectura\" \/>\n\t<meta name=\"twitter:data1\" content=\"1 minuto\" \/>\n<script type=\"application\/ld+json\" class=\"yoast-schema-graph\">{\"@context\":\"https:\\\/\\\/schema.org\",\"@graph\":[{\"@type\":\"WebPage\",\"@id\":\"https:\\\/\\\/detaildepot.ar\\\/?product=carpro-bugout\",\"url\":\"https:\\\/\\\/detaildepot.ar\\\/?product=carpro-bugout\",\"name\":\"CARPRO BUGOUT 500ML - Detail Depot | Tienda de insumos para detail\",\"isPartOf\":{\"@id\":\"https:\\\/\\\/detaildepot.ar\\\/#website\"},\"primaryImageOfPage\":{\"@id\":\"https:\\\/\\\/detaildepot.ar\\\/?product=carpro-bugout#primaryimage\"},\"image\":{\"@id\":\"https:\\\/\\\/detaildepot.ar\\\/?product=carpro-bugout#primaryimage\"},\"thumbnailUrl\":\"https:\\\/\\\/detaildepot.ar\\\/wp-content\\\/uploads\\\/2025\\\/08\\\/carpro_bugout.png\",\"datePublished\":\"2025-08-27T02:13:30+00:00\",\"dateModified\":\"2025-11-11T02:20:55+00:00\",\"breadcrumb\":{\"@id\":\"https:\\\/\\\/detaildepot.ar\\\/?product=carpro-bugout#breadcrumb\"},\"inLanguage\":\"es-AR\",\"potentialAction\":[{\"@type\":\"ReadAction\",\"target\":[\"https:\\\/\\\/detaildepot.ar\\\/?product=carpro-bugout\"]}]},{\"@type\":\"ImageObject\",\"inLanguage\":\"es-AR\",\"@id\":\"https:\\\/\\\/detaildepot.ar\\\/?product=carpro-bugout#primaryimage\",\"url\":\"https:\\\/\\\/detaildepot.ar\\\/wp-content\\\/uploads\\\/2025\\\/08\\\/carpro_bugout.png\",\"contentUrl\":\"https:\\\/\\\/detaildepot.ar\\\/wp-content\\\/uploads\\\/2025\\\/08\\\/carpro_bugout.png\",\"width\":1024,\"height\":1024},{\"@type\":\"BreadcrumbList\",\"@id\":\"https:\\\/\\\/detaildepot.ar\\\/?product=carpro-bugout#breadcrumb\",\"itemListElement\":[{\"@type\":\"ListItem\",\"position\":1,\"name\":\"Inicio\",\"item\":\"https:\\\/\\\/detaildepot.ar\\\/\"},{\"@type\":\"ListItem\",\"position\":2,\"name\":\"Tienda\",\"item\":\"https:\\\/\\\/detaildepot.ar\\\/\"},{\"@type\":\"ListItem\",\"position\":3,\"name\":\"CARPRO BUGOUT 500ML\"}]},{\"@type\":\"WebSite\",\"@id\":\"https:\\\/\\\/detaildepot.ar\\\/#website\",\"url\":\"https:\\\/\\\/detaildepot.ar\\\/\",\"name\":\"Detail Depot | Tienda de insumos para detail\",\"description\":\"\",\"publisher\":{\"@id\":\"https:\\\/\\\/detaildepot.ar\\\/#organization\"},\"potentialAction\":[{\"@type\":\"SearchAction\",\"target\":{\"@type\":\"EntryPoint\",\"urlTemplate\":\"https:\\\/\\\/detaildepot.ar\\\/?s={search_term_string}\"},\"query-input\":{\"@type\":\"PropertyValueSpecification\",\"valueRequired\":true,\"valueName\":\"search_term_string\"}}],\"inLanguage\":\"es-AR\"},{\"@type\":\"Organization\",\"@id\":\"https:\\\/\\\/detaildepot.ar\\\/#organization\",\"name\":\"Detail Depot | Tienda de insumos para detail\",\"url\":\"https:\\\/\\\/detaildepot.ar\\\/\",\"logo\":{\"@type\":\"ImageObject\",\"inLanguage\":\"es-AR\",\"@id\":\"https:\\\/\\\/detaildepot.ar\\\/#\\\/schema\\\/logo\\\/image\\\/\",\"url\":\"https:\\\/\\\/detaildepot.ar\\\/wp-content\\\/uploads\\\/2026\\\/03\\\/652187CB-8631-49B2-8296-13AA835CEAD2.png\",\"contentUrl\":\"https:\\\/\\\/detaildepot.ar\\\/wp-content\\\/uploads\\\/2026\\\/03\\\/652187CB-8631-49B2-8296-13AA835CEAD2.png\",\"width\":1024,\"height\":1024,\"caption\":\"Detail Depot | Tienda de insumos para detail\"},\"image\":{\"@id\":\"https:\\\/\\\/detaildepot.ar\\\/#\\\/schema\\\/logo\\\/image\\\/\"}}]}<\/script>\n<!-- \/ Yoast SEO plugin. -->","yoast_head_json":{"title":"CARPRO BUGOUT 500ML - Detail Depot | Tienda de insumos para detail","robots":{"index":"index","follow":"follow","max-snippet":"max-snippet:-1","max-image-preview":"max-image-preview:large","max-video-preview":"max-video-preview:-1"},"canonical":"https:\/\/detaildepot.ar\/?product=carpro-bugout","og_locale":"es_ES","og_type":"article","og_title":"CARPRO BUGOUT 500ML - Detail Depot | Tienda de insumos para detail","og_description":"CARPRO BugOut es la soluci\u00f3n al problema m\u00e1s notorio para casi todos los propietarios de autom\u00f3viles en el mundo\u2026 INSECTOS y sus restos despu\u00e9s de que salpican y se introducen en la parte delantera de su coche. En \u00e1reas muy infestadas o por la noche, la parte delantera del veh\u00edculo puede convertirse en v\u00edctima con [&hellip;]","og_url":"https:\/\/detaildepot.ar\/?product=carpro-bugout","og_site_name":"Detail Depot | Tienda de insumos para detail","article_modified_time":"2025-11-11T02:20:55+00:00","og_image":[{"width":1024,"height":1024,"url":"https:\/\/detaildepot.ar\/wp-content\/uploads\/2025\/08\/carpro_bugout.png","type":"image\/png"}],"twitter_card":"summary_large_image","twitter_misc":{"Tiempo de lectura":"1 minuto"},"schema":{"@context":"https:\/\/schema.org","@graph":[{"@type":"WebPage","@id":"https:\/\/detaildepot.ar\/?product=carpro-bugout","url":"https:\/\/detaildepot.ar\/?product=carpro-bugout","name":"CARPRO BUGOUT 500ML - Detail Depot | Tienda de insumos para detail","isPartOf":{"@id":"https:\/\/detaildepot.ar\/#website"},"primaryImageOfPage":{"@id":"https:\/\/detaildepot.ar\/?product=carpro-bugout#primaryimage"},"image":{"@id":"https:\/\/detaildepot.ar\/?product=carpro-bugout#primaryimage"},"thumbnailUrl":"https:\/\/detaildepot.ar\/wp-content\/uploads\/2025\/08\/carpro_bugout.png","datePublished":"2025-08-27T02:13:30+00:00","dateModified":"2025-11-11T02:20:55+00:00","breadcrumb":{"@id":"https:\/\/detaildepot.ar\/?product=carpro-bugout#breadcrumb"},"inLanguage":"es-AR","potentialAction":[{"@type":"ReadAction","target":["https:\/\/detaildepot.ar\/?product=carpro-bugout"]}]},{"@type":"ImageObject","inLanguage":"es-AR","@id":"https:\/\/detaildepot.ar\/?product=carpro-bugout#primaryimage","url":"https:\/\/detaildepot.ar\/wp-content\/uploads\/2025\/08\/carpro_bugout.png","contentUrl":"https:\/\/detaildepot.ar\/wp-content\/uploads\/2025\/08\/carpro_bugout.png","width":1024,"height":1024},{"@type":"BreadcrumbList","@id":"https:\/\/detaildepot.ar\/?product=carpro-bugout#breadcrumb","itemListElement":[{"@type":"ListItem","position":1,"name":"Inicio","item":"https:\/\/detaildepot.ar\/"},{"@type":"ListItem","position":2,"name":"Tienda","item":"https:\/\/detaildepot.ar\/"},{"@type":"ListItem","position":3,"name":"CARPRO BUGOUT 500ML"}]},{"@type":"WebSite","@id":"https:\/\/detaildepot.ar\/#website","url":"https:\/\/detaildepot.ar\/","name":"Detail Depot | Tienda de insumos para detail","description":"","publisher":{"@id":"https:\/\/detaildepot.ar\/#organization"},"potentialAction":[{"@type":"SearchAction","target":{"@type":"EntryPoint","urlTemplate":"https:\/\/detaildepot.ar\/?s={search_term_string}"},"query-input":{"@type":"PropertyValueSpecification","valueRequired":true,"valueName":"search_term_string"}}],"inLanguage":"es-AR"},{"@type":"Organization","@id":"https:\/\/detaildepot.ar\/#organization","name":"Detail Depot | Tienda de insumos para detail","url":"https:\/\/detaildepot.ar\/","logo":{"@type":"ImageObject","inLanguage":"es-AR","@id":"https:\/\/detaildepot.ar\/#\/schema\/logo\/image\/","url":"https:\/\/detaildepot.ar\/wp-content\/uploads\/2026\/03\/652187CB-8631-49B2-8296-13AA835CEAD2.png","contentUrl":"https:\/\/detaildepot.ar\/wp-content\/uploads\/2026\/03\/652187CB-8631-49B2-8296-13AA835CEAD2.png","width":1024,"height":1024,"caption":"Detail Depot | Tienda de insumos para detail"},"image":{"@id":"https:\/\/detaildepot.ar\/#\/schema\/logo\/image\/"}}]}},"jetpack_sharing_enabled":true,"_links":{"self":[{"href":"https:\/\/detaildepot.ar\/index.php?rest_route=\/wp\/v2\/product\/366","targetHints":{"allow":["GET"]}}],"collection":[{"href":"https:\/\/detaildepot.ar\/index.php?rest_route=\/wp\/v2\/product"}],"about":[{"href":"https:\/\/detaildepot.ar\/index.php?rest_route=\/wp\/v2\/types\/product"}],"replies":[{"embeddable":true,"href":"https:\/\/detaildepot.ar\/index.php?rest_route=%2Fwp%2Fv2%2Fcomments&post=366"}],"version-history":[{"count":2,"href":"https:\/\/detaildepot.ar\/index.php?rest_route=\/wp\/v2\/product\/366\/revisions"}],"predecessor-version":[{"id":1438,"href":"https:\/\/detaildepot.ar\/index.php?rest_route=\/wp\/v2\/product\/366\/revisions\/1438"}],"wp:featuredmedia":[{"embeddable":true,"href":"https:\/\/detaildepot.ar\/index.php?rest_route=\/wp\/v2\/media\/570"}],"wp:attachment":[{"href":"https:\/\/detaildepot.ar\/index.php?rest_route=%2Fwp%2Fv2%2Fmedia&parent=366"}],"wp:term":[{"taxonomy":"product_brand","embeddable":true,"href":"https:\/\/detaildepot.ar\/index.php?rest_route=%2Fwp%2Fv2%2Fproduct_brand&post=366"},{"taxonomy":"product_cat","embeddable":true,"href":"https:\/\/detaildepot.ar\/index.php?rest_route=%2Fwp%2Fv2%2Fproduct_cat&post=366"},{"taxonomy":"product_tag","embeddable":true,"href":"https:\/\/detaildepot.ar\/index.php?rest_route=%2Fwp%2Fv2%2Fproduct_tag&post=366"}],"curies":[{"name":"wp","href":"https:\/\/api.w.org\/{rel}","templated":true}]}}