{"id":354,"date":"2025-08-27T02:13:24","date_gmt":"2025-08-27T02:13:24","guid":{"rendered":"https:\/\/detaildepot.ar\/producto\/sellador-ceramico-carpro-cquartz-gforce\/"},"modified":"2025-11-10T23:24:50","modified_gmt":"2025-11-11T02:24:50","slug":"sellador-ceramico-carpro-cquartz-gforce","status":"publish","type":"product","link":"https:\/\/detaildepot.ar\/?product=sellador-ceramico-carpro-cquartz-gforce","title":{"rendered":"SELLADOR CERAMICO CARPRO CQUARTZ GFORCE"},"content":{"rendered":"<p>Coating de vidrios hidrof\u00f3bico de alta claridad y duraci\u00f3n basado en tecnolog\u00eda de nanodiamantes DQUARTZ.<br \/>\nEl nuevo coating de vidrios DQUARTZ GForce: \u00a1una evoluci\u00f3n de nuestra tecnolog\u00eda de nanodiamante que proporciona una protecci\u00f3n superior y una visi\u00f3n n\u00edtida!<\/p>\n<p>Es hora de mejorar la protecci\u00f3n de sus cristales. Estamos orgullosos de presentar el nuevo DQUARTZ GForce, \u00a1una revoluci\u00f3n tecnol\u00f3gica que llevar\u00e1 su experiencia de conducci\u00f3n a otro nivel!<\/p>\n","protected":false},"excerpt":{"rendered":"<p>Coating de vidrios hidrof\u00f3bico de alta claridad y duraci\u00f3n basado en tecnolog\u00eda de nanodiamantes DQUARTZ. El nuevo coating de vidrios DQUARTZ GForce: \u00a1una evoluci\u00f3n de nuestra tecnolog\u00eda de nanodiamante que proporciona una protecci\u00f3n superior y una visi\u00f3n n\u00edtida! Es hora de mejorar la protecci\u00f3n de sus cristales. Estamos orgullosos de presentar el nuevo DQUARTZ GForce, [&hellip;]<\/p>\n","protected":false},"featured_media":575,"comment_status":"open","ping_status":"closed","template":"","meta":[],"product_brand":[159],"product_cat":[30],"product_tag":[151,31,154,32],"class_list":{"0":"post-354","1":"product","2":"type-product","3":"status-publish","4":"has-post-thumbnail","6":"product_brand-carpro","7":"product_cat-selladores","8":"product_tag-carpro","9":"product_tag-ceramico","10":"product_tag-gforce","11":"product_tag-sellador","13":"first","14":"instock","15":"shipping-taxable","16":"purchasable","17":"product-type-simple"},"yoast_head":"<!-- This site is optimized with the Yoast SEO plugin v27.4 - https:\/\/yoast.com\/product\/yoast-seo-wordpress\/ -->\n<title>SELLADOR CERAMICO CARPRO CQUARTZ GFORCE - Detail Depot | Tienda de insumos para detail<\/title>\n<meta name=\"robots\" content=\"index, follow, max-snippet:-1, max-image-preview:large, max-video-preview:-1\" \/>\n<link rel=\"canonical\" href=\"https:\/\/detaildepot.ar\/?product=sellador-ceramico-carpro-cquartz-gforce\" \/>\n<meta property=\"og:locale\" content=\"es_ES\" \/>\n<meta property=\"og:type\" content=\"article\" \/>\n<meta property=\"og:title\" content=\"SELLADOR CERAMICO CARPRO CQUARTZ GFORCE - Detail Depot | Tienda de insumos para detail\" \/>\n<meta property=\"og:description\" content=\"Coating de vidrios hidrof\u00f3bico de alta claridad y duraci\u00f3n basado en tecnolog\u00eda de nanodiamantes DQUARTZ. El nuevo coating de vidrios DQUARTZ GForce: \u00a1una evoluci\u00f3n de nuestra tecnolog\u00eda de nanodiamante que proporciona una protecci\u00f3n superior y una visi\u00f3n n\u00edtida! Es hora de mejorar la protecci\u00f3n de sus cristales. Estamos orgullosos de presentar el nuevo DQUARTZ GForce, [&hellip;]\" \/>\n<meta property=\"og:url\" content=\"https:\/\/detaildepot.ar\/?product=sellador-ceramico-carpro-cquartz-gforce\" \/>\n<meta property=\"og:site_name\" content=\"Detail Depot | Tienda de insumos para detail\" \/>\n<meta property=\"article:modified_time\" content=\"2025-11-11T02:24:50+00:00\" \/>\n<meta property=\"og:image\" content=\"https:\/\/detaildepot.ar\/wp-content\/uploads\/2025\/08\/carpro_gforce.png\" \/>\n\t<meta property=\"og:image:width\" content=\"1024\" \/>\n\t<meta property=\"og:image:height\" content=\"1024\" \/>\n\t<meta property=\"og:image:type\" content=\"image\/png\" \/>\n<meta name=\"twitter:card\" content=\"summary_large_image\" \/>\n<meta name=\"twitter:label1\" content=\"Tiempo de lectura\" \/>\n\t<meta name=\"twitter:data1\" content=\"1 minuto\" \/>\n<script type=\"application\/ld+json\" class=\"yoast-schema-graph\">{\"@context\":\"https:\\\/\\\/schema.org\",\"@graph\":[{\"@type\":\"WebPage\",\"@id\":\"https:\\\/\\\/detaildepot.ar\\\/?product=sellador-ceramico-carpro-cquartz-gforce\",\"url\":\"https:\\\/\\\/detaildepot.ar\\\/?product=sellador-ceramico-carpro-cquartz-gforce\",\"name\":\"SELLADOR CERAMICO CARPRO CQUARTZ GFORCE - Detail Depot | Tienda de insumos para detail\",\"isPartOf\":{\"@id\":\"https:\\\/\\\/detaildepot.ar\\\/#website\"},\"primaryImageOfPage\":{\"@id\":\"https:\\\/\\\/detaildepot.ar\\\/?product=sellador-ceramico-carpro-cquartz-gforce#primaryimage\"},\"image\":{\"@id\":\"https:\\\/\\\/detaildepot.ar\\\/?product=sellador-ceramico-carpro-cquartz-gforce#primaryimage\"},\"thumbnailUrl\":\"https:\\\/\\\/detaildepot.ar\\\/wp-content\\\/uploads\\\/2025\\\/08\\\/carpro_gforce.png\",\"datePublished\":\"2025-08-27T02:13:24+00:00\",\"dateModified\":\"2025-11-11T02:24:50+00:00\",\"breadcrumb\":{\"@id\":\"https:\\\/\\\/detaildepot.ar\\\/?product=sellador-ceramico-carpro-cquartz-gforce#breadcrumb\"},\"inLanguage\":\"es-AR\",\"potentialAction\":[{\"@type\":\"ReadAction\",\"target\":[\"https:\\\/\\\/detaildepot.ar\\\/?product=sellador-ceramico-carpro-cquartz-gforce\"]}]},{\"@type\":\"ImageObject\",\"inLanguage\":\"es-AR\",\"@id\":\"https:\\\/\\\/detaildepot.ar\\\/?product=sellador-ceramico-carpro-cquartz-gforce#primaryimage\",\"url\":\"https:\\\/\\\/detaildepot.ar\\\/wp-content\\\/uploads\\\/2025\\\/08\\\/carpro_gforce.png\",\"contentUrl\":\"https:\\\/\\\/detaildepot.ar\\\/wp-content\\\/uploads\\\/2025\\\/08\\\/carpro_gforce.png\",\"width\":1024,\"height\":1024},{\"@type\":\"BreadcrumbList\",\"@id\":\"https:\\\/\\\/detaildepot.ar\\\/?product=sellador-ceramico-carpro-cquartz-gforce#breadcrumb\",\"itemListElement\":[{\"@type\":\"ListItem\",\"position\":1,\"name\":\"Inicio\",\"item\":\"https:\\\/\\\/detaildepot.ar\\\/\"},{\"@type\":\"ListItem\",\"position\":2,\"name\":\"Tienda\",\"item\":\"https:\\\/\\\/detaildepot.ar\\\/\"},{\"@type\":\"ListItem\",\"position\":3,\"name\":\"SELLADOR CERAMICO CARPRO CQUARTZ GFORCE\"}]},{\"@type\":\"WebSite\",\"@id\":\"https:\\\/\\\/detaildepot.ar\\\/#website\",\"url\":\"https:\\\/\\\/detaildepot.ar\\\/\",\"name\":\"Detail Depot | Tienda de insumos para detail\",\"description\":\"\",\"publisher\":{\"@id\":\"https:\\\/\\\/detaildepot.ar\\\/#organization\"},\"potentialAction\":[{\"@type\":\"SearchAction\",\"target\":{\"@type\":\"EntryPoint\",\"urlTemplate\":\"https:\\\/\\\/detaildepot.ar\\\/?s={search_term_string}\"},\"query-input\":{\"@type\":\"PropertyValueSpecification\",\"valueRequired\":true,\"valueName\":\"search_term_string\"}}],\"inLanguage\":\"es-AR\"},{\"@type\":\"Organization\",\"@id\":\"https:\\\/\\\/detaildepot.ar\\\/#organization\",\"name\":\"Detail Depot | Tienda de insumos para detail\",\"url\":\"https:\\\/\\\/detaildepot.ar\\\/\",\"logo\":{\"@type\":\"ImageObject\",\"inLanguage\":\"es-AR\",\"@id\":\"https:\\\/\\\/detaildepot.ar\\\/#\\\/schema\\\/logo\\\/image\\\/\",\"url\":\"https:\\\/\\\/detaildepot.ar\\\/wp-content\\\/uploads\\\/2026\\\/03\\\/652187CB-8631-49B2-8296-13AA835CEAD2.png\",\"contentUrl\":\"https:\\\/\\\/detaildepot.ar\\\/wp-content\\\/uploads\\\/2026\\\/03\\\/652187CB-8631-49B2-8296-13AA835CEAD2.png\",\"width\":1024,\"height\":1024,\"caption\":\"Detail Depot | Tienda de insumos para detail\"},\"image\":{\"@id\":\"https:\\\/\\\/detaildepot.ar\\\/#\\\/schema\\\/logo\\\/image\\\/\"}}]}<\/script>\n<!-- \/ Yoast SEO plugin. -->","yoast_head_json":{"title":"SELLADOR CERAMICO CARPRO CQUARTZ GFORCE - Detail Depot | Tienda de insumos para detail","robots":{"index":"index","follow":"follow","max-snippet":"max-snippet:-1","max-image-preview":"max-image-preview:large","max-video-preview":"max-video-preview:-1"},"canonical":"https:\/\/detaildepot.ar\/?product=sellador-ceramico-carpro-cquartz-gforce","og_locale":"es_ES","og_type":"article","og_title":"SELLADOR CERAMICO CARPRO CQUARTZ GFORCE - Detail Depot | Tienda de insumos para detail","og_description":"Coating de vidrios hidrof\u00f3bico de alta claridad y duraci\u00f3n basado en tecnolog\u00eda de nanodiamantes DQUARTZ. El nuevo coating de vidrios DQUARTZ GForce: \u00a1una evoluci\u00f3n de nuestra tecnolog\u00eda de nanodiamante que proporciona una protecci\u00f3n superior y una visi\u00f3n n\u00edtida! Es hora de mejorar la protecci\u00f3n de sus cristales. Estamos orgullosos de presentar el nuevo DQUARTZ GForce, [&hellip;]","og_url":"https:\/\/detaildepot.ar\/?product=sellador-ceramico-carpro-cquartz-gforce","og_site_name":"Detail Depot | Tienda de insumos para detail","article_modified_time":"2025-11-11T02:24:50+00:00","og_image":[{"width":1024,"height":1024,"url":"https:\/\/detaildepot.ar\/wp-content\/uploads\/2025\/08\/carpro_gforce.png","type":"image\/png"}],"twitter_card":"summary_large_image","twitter_misc":{"Tiempo de lectura":"1 minuto"},"schema":{"@context":"https:\/\/schema.org","@graph":[{"@type":"WebPage","@id":"https:\/\/detaildepot.ar\/?product=sellador-ceramico-carpro-cquartz-gforce","url":"https:\/\/detaildepot.ar\/?product=sellador-ceramico-carpro-cquartz-gforce","name":"SELLADOR CERAMICO CARPRO CQUARTZ GFORCE - Detail Depot | Tienda de insumos para detail","isPartOf":{"@id":"https:\/\/detaildepot.ar\/#website"},"primaryImageOfPage":{"@id":"https:\/\/detaildepot.ar\/?product=sellador-ceramico-carpro-cquartz-gforce#primaryimage"},"image":{"@id":"https:\/\/detaildepot.ar\/?product=sellador-ceramico-carpro-cquartz-gforce#primaryimage"},"thumbnailUrl":"https:\/\/detaildepot.ar\/wp-content\/uploads\/2025\/08\/carpro_gforce.png","datePublished":"2025-08-27T02:13:24+00:00","dateModified":"2025-11-11T02:24:50+00:00","breadcrumb":{"@id":"https:\/\/detaildepot.ar\/?product=sellador-ceramico-carpro-cquartz-gforce#breadcrumb"},"inLanguage":"es-AR","potentialAction":[{"@type":"ReadAction","target":["https:\/\/detaildepot.ar\/?product=sellador-ceramico-carpro-cquartz-gforce"]}]},{"@type":"ImageObject","inLanguage":"es-AR","@id":"https:\/\/detaildepot.ar\/?product=sellador-ceramico-carpro-cquartz-gforce#primaryimage","url":"https:\/\/detaildepot.ar\/wp-content\/uploads\/2025\/08\/carpro_gforce.png","contentUrl":"https:\/\/detaildepot.ar\/wp-content\/uploads\/2025\/08\/carpro_gforce.png","width":1024,"height":1024},{"@type":"BreadcrumbList","@id":"https:\/\/detaildepot.ar\/?product=sellador-ceramico-carpro-cquartz-gforce#breadcrumb","itemListElement":[{"@type":"ListItem","position":1,"name":"Inicio","item":"https:\/\/detaildepot.ar\/"},{"@type":"ListItem","position":2,"name":"Tienda","item":"https:\/\/detaildepot.ar\/"},{"@type":"ListItem","position":3,"name":"SELLADOR CERAMICO CARPRO CQUARTZ GFORCE"}]},{"@type":"WebSite","@id":"https:\/\/detaildepot.ar\/#website","url":"https:\/\/detaildepot.ar\/","name":"Detail Depot | Tienda de insumos para detail","description":"","publisher":{"@id":"https:\/\/detaildepot.ar\/#organization"},"potentialAction":[{"@type":"SearchAction","target":{"@type":"EntryPoint","urlTemplate":"https:\/\/detaildepot.ar\/?s={search_term_string}"},"query-input":{"@type":"PropertyValueSpecification","valueRequired":true,"valueName":"search_term_string"}}],"inLanguage":"es-AR"},{"@type":"Organization","@id":"https:\/\/detaildepot.ar\/#organization","name":"Detail Depot | Tienda de insumos para detail","url":"https:\/\/detaildepot.ar\/","logo":{"@type":"ImageObject","inLanguage":"es-AR","@id":"https:\/\/detaildepot.ar\/#\/schema\/logo\/image\/","url":"https:\/\/detaildepot.ar\/wp-content\/uploads\/2026\/03\/652187CB-8631-49B2-8296-13AA835CEAD2.png","contentUrl":"https:\/\/detaildepot.ar\/wp-content\/uploads\/2026\/03\/652187CB-8631-49B2-8296-13AA835CEAD2.png","width":1024,"height":1024,"caption":"Detail Depot | Tienda de insumos para detail"},"image":{"@id":"https:\/\/detaildepot.ar\/#\/schema\/logo\/image\/"}}]}},"jetpack_sharing_enabled":true,"_links":{"self":[{"href":"https:\/\/detaildepot.ar\/index.php?rest_route=\/wp\/v2\/product\/354","targetHints":{"allow":["GET"]}}],"collection":[{"href":"https:\/\/detaildepot.ar\/index.php?rest_route=\/wp\/v2\/product"}],"about":[{"href":"https:\/\/detaildepot.ar\/index.php?rest_route=\/wp\/v2\/types\/product"}],"replies":[{"embeddable":true,"href":"https:\/\/detaildepot.ar\/index.php?rest_route=%2Fwp%2Fv2%2Fcomments&post=354"}],"version-history":[{"count":2,"href":"https:\/\/detaildepot.ar\/index.php?rest_route=\/wp\/v2\/product\/354\/revisions"}],"predecessor-version":[{"id":1447,"href":"https:\/\/detaildepot.ar\/index.php?rest_route=\/wp\/v2\/product\/354\/revisions\/1447"}],"wp:featuredmedia":[{"embeddable":true,"href":"https:\/\/detaildepot.ar\/index.php?rest_route=\/wp\/v2\/media\/575"}],"wp:attachment":[{"href":"https:\/\/detaildepot.ar\/index.php?rest_route=%2Fwp%2Fv2%2Fmedia&parent=354"}],"wp:term":[{"taxonomy":"product_brand","embeddable":true,"href":"https:\/\/detaildepot.ar\/index.php?rest_route=%2Fwp%2Fv2%2Fproduct_brand&post=354"},{"taxonomy":"product_cat","embeddable":true,"href":"https:\/\/detaildepot.ar\/index.php?rest_route=%2Fwp%2Fv2%2Fproduct_cat&post=354"},{"taxonomy":"product_tag","embeddable":true,"href":"https:\/\/detaildepot.ar\/index.php?rest_route=%2Fwp%2Fv2%2Fproduct_tag&post=354"}],"curies":[{"name":"wp","href":"https:\/\/api.w.org\/{rel}","templated":true}]}}