{"id":352,"date":"2025-08-27T02:13:24","date_gmt":"2025-08-27T02:13:24","guid":{"rendered":"https:\/\/detaildepot.ar\/producto\/sellador-ceramico-carpro-cquartz-lite\/"},"modified":"2025-11-10T23:24:15","modified_gmt":"2025-11-11T02:24:15","slug":"sellador-ceramico-carpro-cquartz-lite","status":"publish","type":"product","link":"https:\/\/detaildepot.ar\/?product=sellador-ceramico-carpro-cquartz-lite","title":{"rendered":"SELLADOR CERAMICO CARPRO CQUARTZ LITE"},"content":{"rendered":"<p>Cquartz Lite es un coating cer\u00e1mico h\u00edbrido f\u00e1cil de mantener y muy f\u00e1cil de aplicar, incluso si no tienes experiencia previa.<br \/>\nLite se basa en la incre\u00edble tecnolog\u00eda de revestimiento cer\u00e1mico CQ.UK, que se ha hecho famosa en todo el mundo por su durabilidad y rendimiento. CQUARTZ Lite se puede aplicar como coating cer\u00e1mico independiente que dura m\u00e1s de 6 meses o incluso puede servir como capa superior para revestimientos CQUARTZ existentes, a modo de topcoat.<\/p>\n<p>CQUARTZ Lite fue dise\u00f1ado para aquellos que no est\u00e1n listos para dar el salto a la resistencia l\u00edder en la industria de nuestros recubrimientos profesionales, pero que a\u00fan as\u00ed desean disfrutar del rendimiento que solo ofrecen los recubrimientos CQUARTZ. Lite cierra la brecha entre los selladores tradicionales menos efectivos y la nanotecnolog\u00eda avanzada de los recubrimientos cer\u00e1micos CQUARTZ.<\/p>\n","protected":false},"excerpt":{"rendered":"<p>Cquartz Lite es un coating cer\u00e1mico h\u00edbrido f\u00e1cil de mantener y muy f\u00e1cil de aplicar, incluso si no tienes experiencia previa. Lite se basa en la incre\u00edble tecnolog\u00eda de revestimiento cer\u00e1mico CQ.UK, que se ha hecho famosa en todo el mundo por su durabilidad y rendimiento. CQUARTZ Lite se puede aplicar como coating cer\u00e1mico independiente [&hellip;]<\/p>\n","protected":false},"featured_media":585,"comment_status":"open","ping_status":"closed","template":"","meta":[],"product_brand":[159],"product_cat":[30],"product_tag":[151,31,32],"class_list":{"0":"post-352","1":"product","2":"type-product","3":"status-publish","4":"has-post-thumbnail","6":"product_brand-carpro","7":"product_cat-selladores","8":"product_tag-carpro","9":"product_tag-ceramico","10":"product_tag-sellador","12":"first","13":"instock","14":"shipping-taxable","15":"purchasable","16":"product-type-simple"},"yoast_head":"<!-- This site is optimized with the Yoast SEO plugin v27.4 - https:\/\/yoast.com\/product\/yoast-seo-wordpress\/ -->\n<title>SELLADOR CERAMICO CARPRO CQUARTZ LITE - Detail Depot | Tienda de insumos para detail<\/title>\n<meta name=\"robots\" content=\"index, follow, max-snippet:-1, max-image-preview:large, max-video-preview:-1\" \/>\n<link rel=\"canonical\" href=\"https:\/\/detaildepot.ar\/?product=sellador-ceramico-carpro-cquartz-lite\" \/>\n<meta property=\"og:locale\" content=\"es_ES\" \/>\n<meta property=\"og:type\" content=\"article\" \/>\n<meta property=\"og:title\" content=\"SELLADOR CERAMICO CARPRO CQUARTZ LITE - Detail Depot | Tienda de insumos para detail\" \/>\n<meta property=\"og:description\" content=\"Cquartz Lite es un coating cer\u00e1mico h\u00edbrido f\u00e1cil de mantener y muy f\u00e1cil de aplicar, incluso si no tienes experiencia previa. Lite se basa en la incre\u00edble tecnolog\u00eda de revestimiento cer\u00e1mico CQ.UK, que se ha hecho famosa en todo el mundo por su durabilidad y rendimiento. CQUARTZ Lite se puede aplicar como coating cer\u00e1mico independiente [&hellip;]\" \/>\n<meta property=\"og:url\" content=\"https:\/\/detaildepot.ar\/?product=sellador-ceramico-carpro-cquartz-lite\" \/>\n<meta property=\"og:site_name\" content=\"Detail Depot | Tienda de insumos para detail\" \/>\n<meta property=\"article:modified_time\" content=\"2025-11-11T02:24:15+00:00\" \/>\n<meta property=\"og:image\" content=\"https:\/\/detaildepot.ar\/wp-content\/uploads\/2025\/08\/cquartz_lite.png\" \/>\n\t<meta property=\"og:image:width\" content=\"1024\" \/>\n\t<meta property=\"og:image:height\" content=\"1024\" \/>\n\t<meta property=\"og:image:type\" content=\"image\/png\" \/>\n<meta name=\"twitter:card\" content=\"summary_large_image\" \/>\n<meta name=\"twitter:label1\" content=\"Tiempo de lectura\" \/>\n\t<meta name=\"twitter:data1\" content=\"1 minuto\" \/>\n<script type=\"application\/ld+json\" class=\"yoast-schema-graph\">{\"@context\":\"https:\\\/\\\/schema.org\",\"@graph\":[{\"@type\":\"WebPage\",\"@id\":\"https:\\\/\\\/detaildepot.ar\\\/?product=sellador-ceramico-carpro-cquartz-lite\",\"url\":\"https:\\\/\\\/detaildepot.ar\\\/?product=sellador-ceramico-carpro-cquartz-lite\",\"name\":\"SELLADOR CERAMICO CARPRO CQUARTZ LITE - Detail Depot | Tienda de insumos para detail\",\"isPartOf\":{\"@id\":\"https:\\\/\\\/detaildepot.ar\\\/#website\"},\"primaryImageOfPage\":{\"@id\":\"https:\\\/\\\/detaildepot.ar\\\/?product=sellador-ceramico-carpro-cquartz-lite#primaryimage\"},\"image\":{\"@id\":\"https:\\\/\\\/detaildepot.ar\\\/?product=sellador-ceramico-carpro-cquartz-lite#primaryimage\"},\"thumbnailUrl\":\"https:\\\/\\\/detaildepot.ar\\\/wp-content\\\/uploads\\\/2025\\\/08\\\/cquartz_lite.png\",\"datePublished\":\"2025-08-27T02:13:24+00:00\",\"dateModified\":\"2025-11-11T02:24:15+00:00\",\"breadcrumb\":{\"@id\":\"https:\\\/\\\/detaildepot.ar\\\/?product=sellador-ceramico-carpro-cquartz-lite#breadcrumb\"},\"inLanguage\":\"es-AR\",\"potentialAction\":[{\"@type\":\"ReadAction\",\"target\":[\"https:\\\/\\\/detaildepot.ar\\\/?product=sellador-ceramico-carpro-cquartz-lite\"]}]},{\"@type\":\"ImageObject\",\"inLanguage\":\"es-AR\",\"@id\":\"https:\\\/\\\/detaildepot.ar\\\/?product=sellador-ceramico-carpro-cquartz-lite#primaryimage\",\"url\":\"https:\\\/\\\/detaildepot.ar\\\/wp-content\\\/uploads\\\/2025\\\/08\\\/cquartz_lite.png\",\"contentUrl\":\"https:\\\/\\\/detaildepot.ar\\\/wp-content\\\/uploads\\\/2025\\\/08\\\/cquartz_lite.png\",\"width\":1024,\"height\":1024},{\"@type\":\"BreadcrumbList\",\"@id\":\"https:\\\/\\\/detaildepot.ar\\\/?product=sellador-ceramico-carpro-cquartz-lite#breadcrumb\",\"itemListElement\":[{\"@type\":\"ListItem\",\"position\":1,\"name\":\"Inicio\",\"item\":\"https:\\\/\\\/detaildepot.ar\\\/\"},{\"@type\":\"ListItem\",\"position\":2,\"name\":\"Tienda\",\"item\":\"https:\\\/\\\/detaildepot.ar\\\/\"},{\"@type\":\"ListItem\",\"position\":3,\"name\":\"SELLADOR CERAMICO CARPRO CQUARTZ LITE\"}]},{\"@type\":\"WebSite\",\"@id\":\"https:\\\/\\\/detaildepot.ar\\\/#website\",\"url\":\"https:\\\/\\\/detaildepot.ar\\\/\",\"name\":\"Detail Depot | Tienda de insumos para detail\",\"description\":\"\",\"publisher\":{\"@id\":\"https:\\\/\\\/detaildepot.ar\\\/#organization\"},\"potentialAction\":[{\"@type\":\"SearchAction\",\"target\":{\"@type\":\"EntryPoint\",\"urlTemplate\":\"https:\\\/\\\/detaildepot.ar\\\/?s={search_term_string}\"},\"query-input\":{\"@type\":\"PropertyValueSpecification\",\"valueRequired\":true,\"valueName\":\"search_term_string\"}}],\"inLanguage\":\"es-AR\"},{\"@type\":\"Organization\",\"@id\":\"https:\\\/\\\/detaildepot.ar\\\/#organization\",\"name\":\"Detail Depot | Tienda de insumos para detail\",\"url\":\"https:\\\/\\\/detaildepot.ar\\\/\",\"logo\":{\"@type\":\"ImageObject\",\"inLanguage\":\"es-AR\",\"@id\":\"https:\\\/\\\/detaildepot.ar\\\/#\\\/schema\\\/logo\\\/image\\\/\",\"url\":\"https:\\\/\\\/detaildepot.ar\\\/wp-content\\\/uploads\\\/2026\\\/03\\\/652187CB-8631-49B2-8296-13AA835CEAD2.png\",\"contentUrl\":\"https:\\\/\\\/detaildepot.ar\\\/wp-content\\\/uploads\\\/2026\\\/03\\\/652187CB-8631-49B2-8296-13AA835CEAD2.png\",\"width\":1024,\"height\":1024,\"caption\":\"Detail Depot | Tienda de insumos para detail\"},\"image\":{\"@id\":\"https:\\\/\\\/detaildepot.ar\\\/#\\\/schema\\\/logo\\\/image\\\/\"}}]}<\/script>\n<!-- \/ Yoast SEO plugin. -->","yoast_head_json":{"title":"SELLADOR CERAMICO CARPRO CQUARTZ LITE - Detail Depot | Tienda de insumos para detail","robots":{"index":"index","follow":"follow","max-snippet":"max-snippet:-1","max-image-preview":"max-image-preview:large","max-video-preview":"max-video-preview:-1"},"canonical":"https:\/\/detaildepot.ar\/?product=sellador-ceramico-carpro-cquartz-lite","og_locale":"es_ES","og_type":"article","og_title":"SELLADOR CERAMICO CARPRO CQUARTZ LITE - Detail Depot | Tienda de insumos para detail","og_description":"Cquartz Lite es un coating cer\u00e1mico h\u00edbrido f\u00e1cil de mantener y muy f\u00e1cil de aplicar, incluso si no tienes experiencia previa. Lite se basa en la incre\u00edble tecnolog\u00eda de revestimiento cer\u00e1mico CQ.UK, que se ha hecho famosa en todo el mundo por su durabilidad y rendimiento. CQUARTZ Lite se puede aplicar como coating cer\u00e1mico independiente [&hellip;]","og_url":"https:\/\/detaildepot.ar\/?product=sellador-ceramico-carpro-cquartz-lite","og_site_name":"Detail Depot | Tienda de insumos para detail","article_modified_time":"2025-11-11T02:24:15+00:00","og_image":[{"width":1024,"height":1024,"url":"https:\/\/detaildepot.ar\/wp-content\/uploads\/2025\/08\/cquartz_lite.png","type":"image\/png"}],"twitter_card":"summary_large_image","twitter_misc":{"Tiempo de lectura":"1 minuto"},"schema":{"@context":"https:\/\/schema.org","@graph":[{"@type":"WebPage","@id":"https:\/\/detaildepot.ar\/?product=sellador-ceramico-carpro-cquartz-lite","url":"https:\/\/detaildepot.ar\/?product=sellador-ceramico-carpro-cquartz-lite","name":"SELLADOR CERAMICO CARPRO CQUARTZ LITE - Detail Depot | Tienda de insumos para detail","isPartOf":{"@id":"https:\/\/detaildepot.ar\/#website"},"primaryImageOfPage":{"@id":"https:\/\/detaildepot.ar\/?product=sellador-ceramico-carpro-cquartz-lite#primaryimage"},"image":{"@id":"https:\/\/detaildepot.ar\/?product=sellador-ceramico-carpro-cquartz-lite#primaryimage"},"thumbnailUrl":"https:\/\/detaildepot.ar\/wp-content\/uploads\/2025\/08\/cquartz_lite.png","datePublished":"2025-08-27T02:13:24+00:00","dateModified":"2025-11-11T02:24:15+00:00","breadcrumb":{"@id":"https:\/\/detaildepot.ar\/?product=sellador-ceramico-carpro-cquartz-lite#breadcrumb"},"inLanguage":"es-AR","potentialAction":[{"@type":"ReadAction","target":["https:\/\/detaildepot.ar\/?product=sellador-ceramico-carpro-cquartz-lite"]}]},{"@type":"ImageObject","inLanguage":"es-AR","@id":"https:\/\/detaildepot.ar\/?product=sellador-ceramico-carpro-cquartz-lite#primaryimage","url":"https:\/\/detaildepot.ar\/wp-content\/uploads\/2025\/08\/cquartz_lite.png","contentUrl":"https:\/\/detaildepot.ar\/wp-content\/uploads\/2025\/08\/cquartz_lite.png","width":1024,"height":1024},{"@type":"BreadcrumbList","@id":"https:\/\/detaildepot.ar\/?product=sellador-ceramico-carpro-cquartz-lite#breadcrumb","itemListElement":[{"@type":"ListItem","position":1,"name":"Inicio","item":"https:\/\/detaildepot.ar\/"},{"@type":"ListItem","position":2,"name":"Tienda","item":"https:\/\/detaildepot.ar\/"},{"@type":"ListItem","position":3,"name":"SELLADOR CERAMICO CARPRO CQUARTZ LITE"}]},{"@type":"WebSite","@id":"https:\/\/detaildepot.ar\/#website","url":"https:\/\/detaildepot.ar\/","name":"Detail Depot | Tienda de insumos para detail","description":"","publisher":{"@id":"https:\/\/detaildepot.ar\/#organization"},"potentialAction":[{"@type":"SearchAction","target":{"@type":"EntryPoint","urlTemplate":"https:\/\/detaildepot.ar\/?s={search_term_string}"},"query-input":{"@type":"PropertyValueSpecification","valueRequired":true,"valueName":"search_term_string"}}],"inLanguage":"es-AR"},{"@type":"Organization","@id":"https:\/\/detaildepot.ar\/#organization","name":"Detail Depot | Tienda de insumos para detail","url":"https:\/\/detaildepot.ar\/","logo":{"@type":"ImageObject","inLanguage":"es-AR","@id":"https:\/\/detaildepot.ar\/#\/schema\/logo\/image\/","url":"https:\/\/detaildepot.ar\/wp-content\/uploads\/2026\/03\/652187CB-8631-49B2-8296-13AA835CEAD2.png","contentUrl":"https:\/\/detaildepot.ar\/wp-content\/uploads\/2026\/03\/652187CB-8631-49B2-8296-13AA835CEAD2.png","width":1024,"height":1024,"caption":"Detail Depot | Tienda de insumos para detail"},"image":{"@id":"https:\/\/detaildepot.ar\/#\/schema\/logo\/image\/"}}]}},"jetpack_sharing_enabled":true,"_links":{"self":[{"href":"https:\/\/detaildepot.ar\/index.php?rest_route=\/wp\/v2\/product\/352","targetHints":{"allow":["GET"]}}],"collection":[{"href":"https:\/\/detaildepot.ar\/index.php?rest_route=\/wp\/v2\/product"}],"about":[{"href":"https:\/\/detaildepot.ar\/index.php?rest_route=\/wp\/v2\/types\/product"}],"replies":[{"embeddable":true,"href":"https:\/\/detaildepot.ar\/index.php?rest_route=%2Fwp%2Fv2%2Fcomments&post=352"}],"version-history":[{"count":1,"href":"https:\/\/detaildepot.ar\/index.php?rest_route=\/wp\/v2\/product\/352\/revisions"}],"predecessor-version":[{"id":1444,"href":"https:\/\/detaildepot.ar\/index.php?rest_route=\/wp\/v2\/product\/352\/revisions\/1444"}],"wp:featuredmedia":[{"embeddable":true,"href":"https:\/\/detaildepot.ar\/index.php?rest_route=\/wp\/v2\/media\/585"}],"wp:attachment":[{"href":"https:\/\/detaildepot.ar\/index.php?rest_route=%2Fwp%2Fv2%2Fmedia&parent=352"}],"wp:term":[{"taxonomy":"product_brand","embeddable":true,"href":"https:\/\/detaildepot.ar\/index.php?rest_route=%2Fwp%2Fv2%2Fproduct_brand&post=352"},{"taxonomy":"product_cat","embeddable":true,"href":"https:\/\/detaildepot.ar\/index.php?rest_route=%2Fwp%2Fv2%2Fproduct_cat&post=352"},{"taxonomy":"product_tag","embeddable":true,"href":"https:\/\/detaildepot.ar\/index.php?rest_route=%2Fwp%2Fv2%2Fproduct_tag&post=352"}],"curies":[{"name":"wp","href":"https:\/\/api.w.org\/{rel}","templated":true}]}}