{"id":350,"date":"2025-08-27T02:13:24","date_gmt":"2025-08-27T02:13:24","guid":{"rendered":"https:\/\/detaildepot.ar\/producto\/sellador-ceramico-dquartz-go\/"},"modified":"2025-11-10T23:23:44","modified_gmt":"2025-11-11T02:23:44","slug":"sellador-ceramico-dquartz-go","status":"publish","type":"product","link":"https:\/\/detaildepot.ar\/?product=sellador-ceramico-dquartz-go","title":{"rendered":"SELLADOR CERAMICO DQUARTZ GO 50ML"},"content":{"rendered":"<p>La innovadora tecnolog\u00eda de nanodiamantes DQUARTZ, ahora disponible en una presentacion con aplicaci\u00f3n a\u00fan m\u00e1s f\u00e1cil.<br \/>\nDespu\u00e9s de un a\u00f1o de formulaci\u00f3n, estamos orgullosos de presentar DQUARTZ Go, el excelente revestimiento de calidad profesional que se ha reformulado para que los consumidores cotidianos puedan usarlo f\u00e1cilmente. Sin sacrificar la durabilidad del recubrimiento ni sus excelentes propiedades para aumentar la dureza, hemos modificado la f\u00f3rmula para lograr una mayor suavidad. <\/p>\n<p>Si busca una protecci\u00f3n excepcional, un acabado m\u00e1s suave y la comodidad de una aplicaci\u00f3n casera, DQUARTZ Go es la opci\u00f3n ideal.<\/p>\n","protected":false},"excerpt":{"rendered":"<p>La innovadora tecnolog\u00eda de nanodiamantes DQUARTZ, ahora disponible en una presentacion con aplicaci\u00f3n a\u00fan m\u00e1s f\u00e1cil. Despu\u00e9s de un a\u00f1o de formulaci\u00f3n, estamos orgullosos de presentar DQUARTZ Go, el excelente revestimiento de calidad profesional que se ha reformulado para que los consumidores cotidianos puedan usarlo f\u00e1cilmente. Sin sacrificar la durabilidad del recubrimiento ni sus excelentes [&hellip;]<\/p>\n","protected":false},"featured_media":956,"comment_status":"open","ping_status":"closed","template":"","meta":[],"product_brand":[159],"product_cat":[30],"product_tag":[151,31,153,32],"class_list":{"0":"post-350","1":"product","2":"type-product","3":"status-publish","4":"has-post-thumbnail","6":"product_brand-carpro","7":"product_cat-selladores","8":"product_tag-carpro","9":"product_tag-ceramico","10":"product_tag-dquartz","11":"product_tag-sellador","13":"first","14":"instock","15":"shipping-taxable","16":"purchasable","17":"product-type-simple"},"yoast_head":"<!-- This site is optimized with the Yoast SEO plugin v27.4 - https:\/\/yoast.com\/product\/yoast-seo-wordpress\/ -->\n<title>SELLADOR CERAMICO DQUARTZ GO 50ML - Detail Depot | Tienda de insumos para detail<\/title>\n<meta name=\"robots\" content=\"index, follow, max-snippet:-1, max-image-preview:large, max-video-preview:-1\" \/>\n<link rel=\"canonical\" href=\"https:\/\/detaildepot.ar\/?product=sellador-ceramico-dquartz-go\" \/>\n<meta property=\"og:locale\" content=\"es_ES\" \/>\n<meta property=\"og:type\" content=\"article\" \/>\n<meta property=\"og:title\" content=\"SELLADOR CERAMICO DQUARTZ GO 50ML - Detail Depot | Tienda de insumos para detail\" \/>\n<meta property=\"og:description\" content=\"La innovadora tecnolog\u00eda de nanodiamantes DQUARTZ, ahora disponible en una presentacion con aplicaci\u00f3n a\u00fan m\u00e1s f\u00e1cil. Despu\u00e9s de un a\u00f1o de formulaci\u00f3n, estamos orgullosos de presentar DQUARTZ Go, el excelente revestimiento de calidad profesional que se ha reformulado para que los consumidores cotidianos puedan usarlo f\u00e1cilmente. Sin sacrificar la durabilidad del recubrimiento ni sus excelentes [&hellip;]\" \/>\n<meta property=\"og:url\" content=\"https:\/\/detaildepot.ar\/?product=sellador-ceramico-dquartz-go\" \/>\n<meta property=\"og:site_name\" content=\"Detail Depot | Tienda de insumos para detail\" \/>\n<meta property=\"article:modified_time\" content=\"2025-11-11T02:23:44+00:00\" \/>\n<meta property=\"og:image\" content=\"https:\/\/detaildepot.ar\/wp-content\/uploads\/2025\/08\/6.png\" \/>\n\t<meta property=\"og:image:width\" content=\"1024\" \/>\n\t<meta property=\"og:image:height\" content=\"1024\" \/>\n\t<meta property=\"og:image:type\" content=\"image\/png\" \/>\n<meta name=\"twitter:card\" content=\"summary_large_image\" \/>\n<meta name=\"twitter:label1\" content=\"Tiempo de lectura\" \/>\n\t<meta name=\"twitter:data1\" content=\"1 minuto\" \/>\n<script type=\"application\/ld+json\" class=\"yoast-schema-graph\">{\"@context\":\"https:\\\/\\\/schema.org\",\"@graph\":[{\"@type\":\"WebPage\",\"@id\":\"https:\\\/\\\/detaildepot.ar\\\/?product=sellador-ceramico-dquartz-go\",\"url\":\"https:\\\/\\\/detaildepot.ar\\\/?product=sellador-ceramico-dquartz-go\",\"name\":\"SELLADOR CERAMICO DQUARTZ GO 50ML - Detail Depot | Tienda de insumos para detail\",\"isPartOf\":{\"@id\":\"https:\\\/\\\/detaildepot.ar\\\/#website\"},\"primaryImageOfPage\":{\"@id\":\"https:\\\/\\\/detaildepot.ar\\\/?product=sellador-ceramico-dquartz-go#primaryimage\"},\"image\":{\"@id\":\"https:\\\/\\\/detaildepot.ar\\\/?product=sellador-ceramico-dquartz-go#primaryimage\"},\"thumbnailUrl\":\"https:\\\/\\\/detaildepot.ar\\\/wp-content\\\/uploads\\\/2025\\\/08\\\/6.png\",\"datePublished\":\"2025-08-27T02:13:24+00:00\",\"dateModified\":\"2025-11-11T02:23:44+00:00\",\"breadcrumb\":{\"@id\":\"https:\\\/\\\/detaildepot.ar\\\/?product=sellador-ceramico-dquartz-go#breadcrumb\"},\"inLanguage\":\"es-AR\",\"potentialAction\":[{\"@type\":\"ReadAction\",\"target\":[\"https:\\\/\\\/detaildepot.ar\\\/?product=sellador-ceramico-dquartz-go\"]}]},{\"@type\":\"ImageObject\",\"inLanguage\":\"es-AR\",\"@id\":\"https:\\\/\\\/detaildepot.ar\\\/?product=sellador-ceramico-dquartz-go#primaryimage\",\"url\":\"https:\\\/\\\/detaildepot.ar\\\/wp-content\\\/uploads\\\/2025\\\/08\\\/6.png\",\"contentUrl\":\"https:\\\/\\\/detaildepot.ar\\\/wp-content\\\/uploads\\\/2025\\\/08\\\/6.png\",\"width\":1024,\"height\":1024},{\"@type\":\"BreadcrumbList\",\"@id\":\"https:\\\/\\\/detaildepot.ar\\\/?product=sellador-ceramico-dquartz-go#breadcrumb\",\"itemListElement\":[{\"@type\":\"ListItem\",\"position\":1,\"name\":\"Inicio\",\"item\":\"https:\\\/\\\/detaildepot.ar\\\/\"},{\"@type\":\"ListItem\",\"position\":2,\"name\":\"Tienda\",\"item\":\"https:\\\/\\\/detaildepot.ar\\\/\"},{\"@type\":\"ListItem\",\"position\":3,\"name\":\"SELLADOR CERAMICO DQUARTZ GO 50ML\"}]},{\"@type\":\"WebSite\",\"@id\":\"https:\\\/\\\/detaildepot.ar\\\/#website\",\"url\":\"https:\\\/\\\/detaildepot.ar\\\/\",\"name\":\"Detail Depot | Tienda de insumos para detail\",\"description\":\"\",\"publisher\":{\"@id\":\"https:\\\/\\\/detaildepot.ar\\\/#organization\"},\"potentialAction\":[{\"@type\":\"SearchAction\",\"target\":{\"@type\":\"EntryPoint\",\"urlTemplate\":\"https:\\\/\\\/detaildepot.ar\\\/?s={search_term_string}\"},\"query-input\":{\"@type\":\"PropertyValueSpecification\",\"valueRequired\":true,\"valueName\":\"search_term_string\"}}],\"inLanguage\":\"es-AR\"},{\"@type\":\"Organization\",\"@id\":\"https:\\\/\\\/detaildepot.ar\\\/#organization\",\"name\":\"Detail Depot | Tienda de insumos para detail\",\"url\":\"https:\\\/\\\/detaildepot.ar\\\/\",\"logo\":{\"@type\":\"ImageObject\",\"inLanguage\":\"es-AR\",\"@id\":\"https:\\\/\\\/detaildepot.ar\\\/#\\\/schema\\\/logo\\\/image\\\/\",\"url\":\"https:\\\/\\\/detaildepot.ar\\\/wp-content\\\/uploads\\\/2026\\\/03\\\/652187CB-8631-49B2-8296-13AA835CEAD2.png\",\"contentUrl\":\"https:\\\/\\\/detaildepot.ar\\\/wp-content\\\/uploads\\\/2026\\\/03\\\/652187CB-8631-49B2-8296-13AA835CEAD2.png\",\"width\":1024,\"height\":1024,\"caption\":\"Detail Depot | Tienda de insumos para detail\"},\"image\":{\"@id\":\"https:\\\/\\\/detaildepot.ar\\\/#\\\/schema\\\/logo\\\/image\\\/\"}}]}<\/script>\n<!-- \/ Yoast SEO plugin. -->","yoast_head_json":{"title":"SELLADOR CERAMICO DQUARTZ GO 50ML - Detail Depot | Tienda de insumos para detail","robots":{"index":"index","follow":"follow","max-snippet":"max-snippet:-1","max-image-preview":"max-image-preview:large","max-video-preview":"max-video-preview:-1"},"canonical":"https:\/\/detaildepot.ar\/?product=sellador-ceramico-dquartz-go","og_locale":"es_ES","og_type":"article","og_title":"SELLADOR CERAMICO DQUARTZ GO 50ML - Detail Depot | Tienda de insumos para detail","og_description":"La innovadora tecnolog\u00eda de nanodiamantes DQUARTZ, ahora disponible en una presentacion con aplicaci\u00f3n a\u00fan m\u00e1s f\u00e1cil. Despu\u00e9s de un a\u00f1o de formulaci\u00f3n, estamos orgullosos de presentar DQUARTZ Go, el excelente revestimiento de calidad profesional que se ha reformulado para que los consumidores cotidianos puedan usarlo f\u00e1cilmente. Sin sacrificar la durabilidad del recubrimiento ni sus excelentes [&hellip;]","og_url":"https:\/\/detaildepot.ar\/?product=sellador-ceramico-dquartz-go","og_site_name":"Detail Depot | Tienda de insumos para detail","article_modified_time":"2025-11-11T02:23:44+00:00","og_image":[{"width":1024,"height":1024,"url":"https:\/\/detaildepot.ar\/wp-content\/uploads\/2025\/08\/6.png","type":"image\/png"}],"twitter_card":"summary_large_image","twitter_misc":{"Tiempo de lectura":"1 minuto"},"schema":{"@context":"https:\/\/schema.org","@graph":[{"@type":"WebPage","@id":"https:\/\/detaildepot.ar\/?product=sellador-ceramico-dquartz-go","url":"https:\/\/detaildepot.ar\/?product=sellador-ceramico-dquartz-go","name":"SELLADOR CERAMICO DQUARTZ GO 50ML - Detail Depot | Tienda de insumos para detail","isPartOf":{"@id":"https:\/\/detaildepot.ar\/#website"},"primaryImageOfPage":{"@id":"https:\/\/detaildepot.ar\/?product=sellador-ceramico-dquartz-go#primaryimage"},"image":{"@id":"https:\/\/detaildepot.ar\/?product=sellador-ceramico-dquartz-go#primaryimage"},"thumbnailUrl":"https:\/\/detaildepot.ar\/wp-content\/uploads\/2025\/08\/6.png","datePublished":"2025-08-27T02:13:24+00:00","dateModified":"2025-11-11T02:23:44+00:00","breadcrumb":{"@id":"https:\/\/detaildepot.ar\/?product=sellador-ceramico-dquartz-go#breadcrumb"},"inLanguage":"es-AR","potentialAction":[{"@type":"ReadAction","target":["https:\/\/detaildepot.ar\/?product=sellador-ceramico-dquartz-go"]}]},{"@type":"ImageObject","inLanguage":"es-AR","@id":"https:\/\/detaildepot.ar\/?product=sellador-ceramico-dquartz-go#primaryimage","url":"https:\/\/detaildepot.ar\/wp-content\/uploads\/2025\/08\/6.png","contentUrl":"https:\/\/detaildepot.ar\/wp-content\/uploads\/2025\/08\/6.png","width":1024,"height":1024},{"@type":"BreadcrumbList","@id":"https:\/\/detaildepot.ar\/?product=sellador-ceramico-dquartz-go#breadcrumb","itemListElement":[{"@type":"ListItem","position":1,"name":"Inicio","item":"https:\/\/detaildepot.ar\/"},{"@type":"ListItem","position":2,"name":"Tienda","item":"https:\/\/detaildepot.ar\/"},{"@type":"ListItem","position":3,"name":"SELLADOR CERAMICO DQUARTZ GO 50ML"}]},{"@type":"WebSite","@id":"https:\/\/detaildepot.ar\/#website","url":"https:\/\/detaildepot.ar\/","name":"Detail Depot | Tienda de insumos para detail","description":"","publisher":{"@id":"https:\/\/detaildepot.ar\/#organization"},"potentialAction":[{"@type":"SearchAction","target":{"@type":"EntryPoint","urlTemplate":"https:\/\/detaildepot.ar\/?s={search_term_string}"},"query-input":{"@type":"PropertyValueSpecification","valueRequired":true,"valueName":"search_term_string"}}],"inLanguage":"es-AR"},{"@type":"Organization","@id":"https:\/\/detaildepot.ar\/#organization","name":"Detail Depot | Tienda de insumos para detail","url":"https:\/\/detaildepot.ar\/","logo":{"@type":"ImageObject","inLanguage":"es-AR","@id":"https:\/\/detaildepot.ar\/#\/schema\/logo\/image\/","url":"https:\/\/detaildepot.ar\/wp-content\/uploads\/2026\/03\/652187CB-8631-49B2-8296-13AA835CEAD2.png","contentUrl":"https:\/\/detaildepot.ar\/wp-content\/uploads\/2026\/03\/652187CB-8631-49B2-8296-13AA835CEAD2.png","width":1024,"height":1024,"caption":"Detail Depot | Tienda de insumos para detail"},"image":{"@id":"https:\/\/detaildepot.ar\/#\/schema\/logo\/image\/"}}]}},"jetpack_sharing_enabled":true,"_links":{"self":[{"href":"https:\/\/detaildepot.ar\/index.php?rest_route=\/wp\/v2\/product\/350","targetHints":{"allow":["GET"]}}],"collection":[{"href":"https:\/\/detaildepot.ar\/index.php?rest_route=\/wp\/v2\/product"}],"about":[{"href":"https:\/\/detaildepot.ar\/index.php?rest_route=\/wp\/v2\/types\/product"}],"replies":[{"embeddable":true,"href":"https:\/\/detaildepot.ar\/index.php?rest_route=%2Fwp%2Fv2%2Fcomments&post=350"}],"version-history":[{"count":2,"href":"https:\/\/detaildepot.ar\/index.php?rest_route=\/wp\/v2\/product\/350\/revisions"}],"predecessor-version":[{"id":1443,"href":"https:\/\/detaildepot.ar\/index.php?rest_route=\/wp\/v2\/product\/350\/revisions\/1443"}],"wp:featuredmedia":[{"embeddable":true,"href":"https:\/\/detaildepot.ar\/index.php?rest_route=\/wp\/v2\/media\/956"}],"wp:attachment":[{"href":"https:\/\/detaildepot.ar\/index.php?rest_route=%2Fwp%2Fv2%2Fmedia&parent=350"}],"wp:term":[{"taxonomy":"product_brand","embeddable":true,"href":"https:\/\/detaildepot.ar\/index.php?rest_route=%2Fwp%2Fv2%2Fproduct_brand&post=350"},{"taxonomy":"product_cat","embeddable":true,"href":"https:\/\/detaildepot.ar\/index.php?rest_route=%2Fwp%2Fv2%2Fproduct_cat&post=350"},{"taxonomy":"product_tag","embeddable":true,"href":"https:\/\/detaildepot.ar\/index.php?rest_route=%2Fwp%2Fv2%2Fproduct_tag&post=350"}],"curies":[{"name":"wp","href":"https:\/\/api.w.org\/{rel}","templated":true}]}}