{"id":348,"date":"2025-08-27T02:13:23","date_gmt":"2025-08-27T02:13:23","guid":{"rendered":"https:\/\/detaildepot.ar\/producto\/sellador-ceramico-carpro-cquartz-uk-3-0\/"},"modified":"2025-11-10T23:26:22","modified_gmt":"2025-11-11T02:26:22","slug":"sellador-ceramico-carpro-cquartz-uk-3-0","status":"publish","type":"product","link":"https:\/\/detaildepot.ar\/?product=sellador-ceramico-carpro-cquartz-uk-3-0","title":{"rendered":"SELLADOR CERAMICO CARPRO CQUARTZ UK 3.0"},"content":{"rendered":"<p>CQ.UK es nuestro revestimiento cer\u00e1mico de consumo m\u00e1s refinado. Como tercera versi\u00f3n de nuestro coating de renombre mundial, ofrece las cifras de rendimiento m\u00e1s altas hasta la fecha, con mayor resistencia a la acumulaci\u00f3n de sales, resistencia qu\u00edmica de pH 3-14 y tolerancia a temperaturas extremas.<br \/>\nUno de los requisitos clave en nuestro proceso de I+D era la facilidad de uso, para que CQ.UK pudiera seguir consider\u00e1ndose un producto de consumo y no requiriera condiciones de aplicaci\u00f3n similares a las de un laboratorio.<br \/>\nDespu\u00e9s de meses incansables de desarrollo y pruebas adicionales, estamos orgullosos de decir que, por primera vez, CQ.UK es f\u00e1cil de aplicar en un rango de temperatura de 3 a 40 grados C. Al mismo tiempo, mantuvimos la cl\u00e1sica aplicaci\u00f3n de CQUARTZ UK con un pa\u00f1o, por lo que se puede retirar inmediatamente o dejarlo durante unos minutos mientras se sigue puliendo de manera s\u00faper limpia y con facilidad. No deja una superficie pegajosa, lo que lo convierte en la mejor opci\u00f3n tanto para profesionales como para entusiastas del detalle.<\/p>\n","protected":false},"excerpt":{"rendered":"<p>CQ.UK es nuestro revestimiento cer\u00e1mico de consumo m\u00e1s refinado. Como tercera versi\u00f3n de nuestro coating de renombre mundial, ofrece las cifras de rendimiento m\u00e1s altas hasta la fecha, con mayor resistencia a la acumulaci\u00f3n de sales, resistencia qu\u00edmica de pH 3-14 y tolerancia a temperaturas extremas. Uno de los requisitos clave en nuestro proceso de [&hellip;]<\/p>\n","protected":false},"featured_media":569,"comment_status":"open","ping_status":"closed","template":"","meta":[],"product_brand":[159],"product_cat":[30],"product_tag":[151,31,152,32],"class_list":{"0":"post-348","1":"product","2":"type-product","3":"status-publish","4":"has-post-thumbnail","6":"product_brand-carpro","7":"product_cat-selladores","8":"product_tag-carpro","9":"product_tag-ceramico","10":"product_tag-cquartz","11":"product_tag-sellador","13":"first","14":"instock","15":"shipping-taxable","16":"purchasable","17":"product-type-variable"},"yoast_head":"<!-- This site is optimized with the Yoast SEO plugin v27.4 - https:\/\/yoast.com\/product\/yoast-seo-wordpress\/ -->\n<title>SELLADOR CERAMICO CARPRO CQUARTZ UK 3.0 - Detail Depot | Tienda de insumos para detail<\/title>\n<meta name=\"robots\" content=\"index, follow, max-snippet:-1, max-image-preview:large, max-video-preview:-1\" \/>\n<link rel=\"canonical\" href=\"https:\/\/detaildepot.ar\/?product=sellador-ceramico-carpro-cquartz-uk-3-0\" \/>\n<meta property=\"og:locale\" content=\"es_ES\" \/>\n<meta property=\"og:type\" content=\"article\" \/>\n<meta property=\"og:title\" content=\"SELLADOR CERAMICO CARPRO CQUARTZ UK 3.0 - Detail Depot | Tienda de insumos para detail\" \/>\n<meta property=\"og:description\" content=\"CQ.UK es nuestro revestimiento cer\u00e1mico de consumo m\u00e1s refinado. Como tercera versi\u00f3n de nuestro coating de renombre mundial, ofrece las cifras de rendimiento m\u00e1s altas hasta la fecha, con mayor resistencia a la acumulaci\u00f3n de sales, resistencia qu\u00edmica de pH 3-14 y tolerancia a temperaturas extremas. Uno de los requisitos clave en nuestro proceso de [&hellip;]\" \/>\n<meta property=\"og:url\" content=\"https:\/\/detaildepot.ar\/?product=sellador-ceramico-carpro-cquartz-uk-3-0\" \/>\n<meta property=\"og:site_name\" content=\"Detail Depot | Tienda de insumos para detail\" \/>\n<meta property=\"article:modified_time\" content=\"2025-11-11T02:26:22+00:00\" \/>\n<meta property=\"og:image\" content=\"https:\/\/detaildepot.ar\/wp-content\/uploads\/2025\/08\/carpro_30.png\" \/>\n\t<meta property=\"og:image:width\" content=\"1024\" \/>\n\t<meta property=\"og:image:height\" content=\"1024\" \/>\n\t<meta property=\"og:image:type\" content=\"image\/png\" \/>\n<meta name=\"twitter:card\" content=\"summary_large_image\" \/>\n<meta name=\"twitter:label1\" content=\"Tiempo de lectura\" \/>\n\t<meta name=\"twitter:data1\" content=\"1 minuto\" \/>\n<script type=\"application\/ld+json\" class=\"yoast-schema-graph\">{\"@context\":\"https:\\\/\\\/schema.org\",\"@graph\":[{\"@type\":\"WebPage\",\"@id\":\"https:\\\/\\\/detaildepot.ar\\\/?product=sellador-ceramico-carpro-cquartz-uk-3-0\",\"url\":\"https:\\\/\\\/detaildepot.ar\\\/?product=sellador-ceramico-carpro-cquartz-uk-3-0\",\"name\":\"SELLADOR CERAMICO CARPRO CQUARTZ UK 3.0 - Detail Depot | Tienda de insumos para detail\",\"isPartOf\":{\"@id\":\"https:\\\/\\\/detaildepot.ar\\\/#website\"},\"primaryImageOfPage\":{\"@id\":\"https:\\\/\\\/detaildepot.ar\\\/?product=sellador-ceramico-carpro-cquartz-uk-3-0#primaryimage\"},\"image\":{\"@id\":\"https:\\\/\\\/detaildepot.ar\\\/?product=sellador-ceramico-carpro-cquartz-uk-3-0#primaryimage\"},\"thumbnailUrl\":\"https:\\\/\\\/detaildepot.ar\\\/wp-content\\\/uploads\\\/2025\\\/08\\\/carpro_30.png\",\"datePublished\":\"2025-08-27T02:13:23+00:00\",\"dateModified\":\"2025-11-11T02:26:22+00:00\",\"breadcrumb\":{\"@id\":\"https:\\\/\\\/detaildepot.ar\\\/?product=sellador-ceramico-carpro-cquartz-uk-3-0#breadcrumb\"},\"inLanguage\":\"es-AR\",\"potentialAction\":[{\"@type\":\"ReadAction\",\"target\":[\"https:\\\/\\\/detaildepot.ar\\\/?product=sellador-ceramico-carpro-cquartz-uk-3-0\"]}]},{\"@type\":\"ImageObject\",\"inLanguage\":\"es-AR\",\"@id\":\"https:\\\/\\\/detaildepot.ar\\\/?product=sellador-ceramico-carpro-cquartz-uk-3-0#primaryimage\",\"url\":\"https:\\\/\\\/detaildepot.ar\\\/wp-content\\\/uploads\\\/2025\\\/08\\\/carpro_30.png\",\"contentUrl\":\"https:\\\/\\\/detaildepot.ar\\\/wp-content\\\/uploads\\\/2025\\\/08\\\/carpro_30.png\",\"width\":1024,\"height\":1024},{\"@type\":\"BreadcrumbList\",\"@id\":\"https:\\\/\\\/detaildepot.ar\\\/?product=sellador-ceramico-carpro-cquartz-uk-3-0#breadcrumb\",\"itemListElement\":[{\"@type\":\"ListItem\",\"position\":1,\"name\":\"Inicio\",\"item\":\"https:\\\/\\\/detaildepot.ar\\\/\"},{\"@type\":\"ListItem\",\"position\":2,\"name\":\"Tienda\",\"item\":\"https:\\\/\\\/detaildepot.ar\\\/\"},{\"@type\":\"ListItem\",\"position\":3,\"name\":\"SELLADOR CERAMICO CARPRO CQUARTZ UK 3.0\"}]},{\"@type\":\"WebSite\",\"@id\":\"https:\\\/\\\/detaildepot.ar\\\/#website\",\"url\":\"https:\\\/\\\/detaildepot.ar\\\/\",\"name\":\"Detail Depot | Tienda de insumos para detail\",\"description\":\"\",\"publisher\":{\"@id\":\"https:\\\/\\\/detaildepot.ar\\\/#organization\"},\"potentialAction\":[{\"@type\":\"SearchAction\",\"target\":{\"@type\":\"EntryPoint\",\"urlTemplate\":\"https:\\\/\\\/detaildepot.ar\\\/?s={search_term_string}\"},\"query-input\":{\"@type\":\"PropertyValueSpecification\",\"valueRequired\":true,\"valueName\":\"search_term_string\"}}],\"inLanguage\":\"es-AR\"},{\"@type\":\"Organization\",\"@id\":\"https:\\\/\\\/detaildepot.ar\\\/#organization\",\"name\":\"Detail Depot | Tienda de insumos para detail\",\"url\":\"https:\\\/\\\/detaildepot.ar\\\/\",\"logo\":{\"@type\":\"ImageObject\",\"inLanguage\":\"es-AR\",\"@id\":\"https:\\\/\\\/detaildepot.ar\\\/#\\\/schema\\\/logo\\\/image\\\/\",\"url\":\"https:\\\/\\\/detaildepot.ar\\\/wp-content\\\/uploads\\\/2026\\\/03\\\/652187CB-8631-49B2-8296-13AA835CEAD2.png\",\"contentUrl\":\"https:\\\/\\\/detaildepot.ar\\\/wp-content\\\/uploads\\\/2026\\\/03\\\/652187CB-8631-49B2-8296-13AA835CEAD2.png\",\"width\":1024,\"height\":1024,\"caption\":\"Detail Depot | Tienda de insumos para detail\"},\"image\":{\"@id\":\"https:\\\/\\\/detaildepot.ar\\\/#\\\/schema\\\/logo\\\/image\\\/\"}}]}<\/script>\n<!-- \/ Yoast SEO plugin. -->","yoast_head_json":{"title":"SELLADOR CERAMICO CARPRO CQUARTZ UK 3.0 - Detail Depot | Tienda de insumos para detail","robots":{"index":"index","follow":"follow","max-snippet":"max-snippet:-1","max-image-preview":"max-image-preview:large","max-video-preview":"max-video-preview:-1"},"canonical":"https:\/\/detaildepot.ar\/?product=sellador-ceramico-carpro-cquartz-uk-3-0","og_locale":"es_ES","og_type":"article","og_title":"SELLADOR CERAMICO CARPRO CQUARTZ UK 3.0 - Detail Depot | Tienda de insumos para detail","og_description":"CQ.UK es nuestro revestimiento cer\u00e1mico de consumo m\u00e1s refinado. Como tercera versi\u00f3n de nuestro coating de renombre mundial, ofrece las cifras de rendimiento m\u00e1s altas hasta la fecha, con mayor resistencia a la acumulaci\u00f3n de sales, resistencia qu\u00edmica de pH 3-14 y tolerancia a temperaturas extremas. Uno de los requisitos clave en nuestro proceso de [&hellip;]","og_url":"https:\/\/detaildepot.ar\/?product=sellador-ceramico-carpro-cquartz-uk-3-0","og_site_name":"Detail Depot | Tienda de insumos para detail","article_modified_time":"2025-11-11T02:26:22+00:00","og_image":[{"width":1024,"height":1024,"url":"https:\/\/detaildepot.ar\/wp-content\/uploads\/2025\/08\/carpro_30.png","type":"image\/png"}],"twitter_card":"summary_large_image","twitter_misc":{"Tiempo de lectura":"1 minuto"},"schema":{"@context":"https:\/\/schema.org","@graph":[{"@type":"WebPage","@id":"https:\/\/detaildepot.ar\/?product=sellador-ceramico-carpro-cquartz-uk-3-0","url":"https:\/\/detaildepot.ar\/?product=sellador-ceramico-carpro-cquartz-uk-3-0","name":"SELLADOR CERAMICO CARPRO CQUARTZ UK 3.0 - Detail Depot | Tienda de insumos para detail","isPartOf":{"@id":"https:\/\/detaildepot.ar\/#website"},"primaryImageOfPage":{"@id":"https:\/\/detaildepot.ar\/?product=sellador-ceramico-carpro-cquartz-uk-3-0#primaryimage"},"image":{"@id":"https:\/\/detaildepot.ar\/?product=sellador-ceramico-carpro-cquartz-uk-3-0#primaryimage"},"thumbnailUrl":"https:\/\/detaildepot.ar\/wp-content\/uploads\/2025\/08\/carpro_30.png","datePublished":"2025-08-27T02:13:23+00:00","dateModified":"2025-11-11T02:26:22+00:00","breadcrumb":{"@id":"https:\/\/detaildepot.ar\/?product=sellador-ceramico-carpro-cquartz-uk-3-0#breadcrumb"},"inLanguage":"es-AR","potentialAction":[{"@type":"ReadAction","target":["https:\/\/detaildepot.ar\/?product=sellador-ceramico-carpro-cquartz-uk-3-0"]}]},{"@type":"ImageObject","inLanguage":"es-AR","@id":"https:\/\/detaildepot.ar\/?product=sellador-ceramico-carpro-cquartz-uk-3-0#primaryimage","url":"https:\/\/detaildepot.ar\/wp-content\/uploads\/2025\/08\/carpro_30.png","contentUrl":"https:\/\/detaildepot.ar\/wp-content\/uploads\/2025\/08\/carpro_30.png","width":1024,"height":1024},{"@type":"BreadcrumbList","@id":"https:\/\/detaildepot.ar\/?product=sellador-ceramico-carpro-cquartz-uk-3-0#breadcrumb","itemListElement":[{"@type":"ListItem","position":1,"name":"Inicio","item":"https:\/\/detaildepot.ar\/"},{"@type":"ListItem","position":2,"name":"Tienda","item":"https:\/\/detaildepot.ar\/"},{"@type":"ListItem","position":3,"name":"SELLADOR CERAMICO CARPRO CQUARTZ UK 3.0"}]},{"@type":"WebSite","@id":"https:\/\/detaildepot.ar\/#website","url":"https:\/\/detaildepot.ar\/","name":"Detail Depot | Tienda de insumos para detail","description":"","publisher":{"@id":"https:\/\/detaildepot.ar\/#organization"},"potentialAction":[{"@type":"SearchAction","target":{"@type":"EntryPoint","urlTemplate":"https:\/\/detaildepot.ar\/?s={search_term_string}"},"query-input":{"@type":"PropertyValueSpecification","valueRequired":true,"valueName":"search_term_string"}}],"inLanguage":"es-AR"},{"@type":"Organization","@id":"https:\/\/detaildepot.ar\/#organization","name":"Detail Depot | Tienda de insumos para detail","url":"https:\/\/detaildepot.ar\/","logo":{"@type":"ImageObject","inLanguage":"es-AR","@id":"https:\/\/detaildepot.ar\/#\/schema\/logo\/image\/","url":"https:\/\/detaildepot.ar\/wp-content\/uploads\/2026\/03\/652187CB-8631-49B2-8296-13AA835CEAD2.png","contentUrl":"https:\/\/detaildepot.ar\/wp-content\/uploads\/2026\/03\/652187CB-8631-49B2-8296-13AA835CEAD2.png","width":1024,"height":1024,"caption":"Detail Depot | Tienda de insumos para detail"},"image":{"@id":"https:\/\/detaildepot.ar\/#\/schema\/logo\/image\/"}}]}},"jetpack_sharing_enabled":true,"_links":{"self":[{"href":"https:\/\/detaildepot.ar\/index.php?rest_route=\/wp\/v2\/product\/348","targetHints":{"allow":["GET"]}}],"collection":[{"href":"https:\/\/detaildepot.ar\/index.php?rest_route=\/wp\/v2\/product"}],"about":[{"href":"https:\/\/detaildepot.ar\/index.php?rest_route=\/wp\/v2\/types\/product"}],"replies":[{"embeddable":true,"href":"https:\/\/detaildepot.ar\/index.php?rest_route=%2Fwp%2Fv2%2Fcomments&post=348"}],"version-history":[{"count":2,"href":"https:\/\/detaildepot.ar\/index.php?rest_route=\/wp\/v2\/product\/348\/revisions"}],"predecessor-version":[{"id":1446,"href":"https:\/\/detaildepot.ar\/index.php?rest_route=\/wp\/v2\/product\/348\/revisions\/1446"}],"wp:featuredmedia":[{"embeddable":true,"href":"https:\/\/detaildepot.ar\/index.php?rest_route=\/wp\/v2\/media\/569"}],"wp:attachment":[{"href":"https:\/\/detaildepot.ar\/index.php?rest_route=%2Fwp%2Fv2%2Fmedia&parent=348"}],"wp:term":[{"taxonomy":"product_brand","embeddable":true,"href":"https:\/\/detaildepot.ar\/index.php?rest_route=%2Fwp%2Fv2%2Fproduct_brand&post=348"},{"taxonomy":"product_cat","embeddable":true,"href":"https:\/\/detaildepot.ar\/index.php?rest_route=%2Fwp%2Fv2%2Fproduct_cat&post=348"},{"taxonomy":"product_tag","embeddable":true,"href":"https:\/\/detaildepot.ar\/index.php?rest_route=%2Fwp%2Fv2%2Fproduct_tag&post=348"}],"curies":[{"name":"wp","href":"https:\/\/api.w.org\/{rel}","templated":true}]}}