{"id":261,"date":"2025-08-27T02:12:57","date_gmt":"2025-08-27T02:12:57","guid":{"rendered":"https:\/\/detaildepot.ar\/producto\/3d-pulimento-corte-alto-aca-500\/"},"modified":"2026-04-27T00:06:46","modified_gmt":"2026-04-27T03:06:46","slug":"3d-pulimento-corte-alto-aca-500","status":"publish","type":"product","link":"https:\/\/detaildepot.ar\/?product=3d-pulimento-corte-alto-aca-500","title":{"rendered":"3D PULIMENTO CORTE ALTO ACA 500"},"content":{"rendered":"<p>3D ACA 500 X-TRA CUT COMPOUND es fabricado con ALFA-ALUMINA CERAMICA. Alfa-Al\u00famina Cer\u00e1mica es un nuevo y revolucionario abrasivo el cual ha sido desarrollado para generar menor calor, mayor velocidad y para corregir las capas transparentes m\u00e1s dif\u00edciles e inclusive pinturas de una sola capa.<br \/>\nEste compuesto espec\u00edficamente dise\u00f1ado logra una verdadera correcci\u00f3n en la pintura en un muy corto per\u00edodo de tiempo.<\/p>\n<p>ACA 500 X-TRA CUT COMPOUND es extremadamente vers\u00e1til. Es f\u00e1cil de aplicar, f\u00e1cil de remover, se puede aplicar bajo el sol, no contiene solventes t\u00f3xicos,\u00a0queroseno\u00a0entre otros y no genera polvo. ACA 500 puede aplicarse perfectamente tanto con pa\u00f1os de lana como pa\u00f1os de espuma y con m\u00e1quinas pulidoras rotativas o dual action.<\/p>\n","protected":false},"excerpt":{"rendered":"<p>3D ACA 500 X-TRA CUT COMPOUND es fabricado con ALFA-ALUMINA CERAMICA. Alfa-Al\u00famina Cer\u00e1mica es un nuevo y revolucionario abrasivo el cual ha sido desarrollado para generar menor calor, mayor velocidad y para corregir las capas transparentes m\u00e1s dif\u00edciles e inclusive pinturas de una sola capa. Este compuesto espec\u00edficamente dise\u00f1ado logra una verdadera correcci\u00f3n en la [&hellip;]<\/p>\n","protected":false},"featured_media":554,"comment_status":"open","ping_status":"closed","template":"","meta":[],"product_brand":[117],"product_cat":[22],"product_tag":[95,318,65,25],"class_list":{"0":"post-261","1":"product","2":"type-product","3":"status-publish","4":"has-post-thumbnail","6":"product_brand-3d","7":"product_cat-pulimentos","8":"product_tag-3d","9":"product_tag-aca500","10":"product_tag-corte-alto","11":"product_tag-pulimento","13":"first","14":"instock","15":"shipping-taxable","16":"purchasable","17":"product-type-variable"},"yoast_head":"<!-- This site is optimized with the Yoast SEO plugin v27.4 - https:\/\/yoast.com\/product\/yoast-seo-wordpress\/ -->\n<title>3D PULIMENTO CORTE ALTO ACA 500 - Detail Depot | Tienda de insumos para detail<\/title>\n<meta name=\"robots\" content=\"index, follow, max-snippet:-1, max-image-preview:large, max-video-preview:-1\" \/>\n<link rel=\"canonical\" href=\"https:\/\/detaildepot.ar\/?product=3d-pulimento-corte-alto-aca-500\" \/>\n<meta property=\"og:locale\" content=\"es_ES\" \/>\n<meta property=\"og:type\" content=\"article\" \/>\n<meta property=\"og:title\" content=\"3D PULIMENTO CORTE ALTO ACA 500 - Detail Depot | Tienda de insumos para detail\" \/>\n<meta property=\"og:description\" content=\"3D ACA 500 X-TRA CUT COMPOUND es fabricado con ALFA-ALUMINA CERAMICA. Alfa-Al\u00famina Cer\u00e1mica es un nuevo y revolucionario abrasivo el cual ha sido desarrollado para generar menor calor, mayor velocidad y para corregir las capas transparentes m\u00e1s dif\u00edciles e inclusive pinturas de una sola capa. Este compuesto espec\u00edficamente dise\u00f1ado logra una verdadera correcci\u00f3n en la [&hellip;]\" \/>\n<meta property=\"og:url\" content=\"https:\/\/detaildepot.ar\/?product=3d-pulimento-corte-alto-aca-500\" \/>\n<meta property=\"og:site_name\" content=\"Detail Depot | Tienda de insumos para detail\" \/>\n<meta property=\"article:modified_time\" content=\"2026-04-27T03:06:46+00:00\" \/>\n<meta property=\"og:image\" content=\"https:\/\/detaildepot.ar\/wp-content\/uploads\/2025\/08\/3d_aca_500.png\" \/>\n\t<meta property=\"og:image:width\" content=\"1024\" \/>\n\t<meta property=\"og:image:height\" content=\"1024\" \/>\n\t<meta property=\"og:image:type\" content=\"image\/png\" \/>\n<meta name=\"twitter:card\" content=\"summary_large_image\" \/>\n<meta name=\"twitter:label1\" content=\"Tiempo de lectura\" \/>\n\t<meta name=\"twitter:data1\" content=\"1 minuto\" \/>\n<script type=\"application\/ld+json\" class=\"yoast-schema-graph\">{\"@context\":\"https:\\\/\\\/schema.org\",\"@graph\":[{\"@type\":\"WebPage\",\"@id\":\"https:\\\/\\\/detaildepot.ar\\\/?product=3d-pulimento-corte-alto-aca-500\",\"url\":\"https:\\\/\\\/detaildepot.ar\\\/?product=3d-pulimento-corte-alto-aca-500\",\"name\":\"3D PULIMENTO CORTE ALTO ACA 500 - Detail Depot | Tienda de insumos para detail\",\"isPartOf\":{\"@id\":\"https:\\\/\\\/detaildepot.ar\\\/#website\"},\"primaryImageOfPage\":{\"@id\":\"https:\\\/\\\/detaildepot.ar\\\/?product=3d-pulimento-corte-alto-aca-500#primaryimage\"},\"image\":{\"@id\":\"https:\\\/\\\/detaildepot.ar\\\/?product=3d-pulimento-corte-alto-aca-500#primaryimage\"},\"thumbnailUrl\":\"https:\\\/\\\/detaildepot.ar\\\/wp-content\\\/uploads\\\/2025\\\/08\\\/3d_aca_500.png\",\"datePublished\":\"2025-08-27T02:12:57+00:00\",\"dateModified\":\"2026-04-27T03:06:46+00:00\",\"breadcrumb\":{\"@id\":\"https:\\\/\\\/detaildepot.ar\\\/?product=3d-pulimento-corte-alto-aca-500#breadcrumb\"},\"inLanguage\":\"es-AR\",\"potentialAction\":[{\"@type\":\"ReadAction\",\"target\":[\"https:\\\/\\\/detaildepot.ar\\\/?product=3d-pulimento-corte-alto-aca-500\"]}]},{\"@type\":\"ImageObject\",\"inLanguage\":\"es-AR\",\"@id\":\"https:\\\/\\\/detaildepot.ar\\\/?product=3d-pulimento-corte-alto-aca-500#primaryimage\",\"url\":\"https:\\\/\\\/detaildepot.ar\\\/wp-content\\\/uploads\\\/2025\\\/08\\\/3d_aca_500.png\",\"contentUrl\":\"https:\\\/\\\/detaildepot.ar\\\/wp-content\\\/uploads\\\/2025\\\/08\\\/3d_aca_500.png\",\"width\":1024,\"height\":1024},{\"@type\":\"BreadcrumbList\",\"@id\":\"https:\\\/\\\/detaildepot.ar\\\/?product=3d-pulimento-corte-alto-aca-500#breadcrumb\",\"itemListElement\":[{\"@type\":\"ListItem\",\"position\":1,\"name\":\"Inicio\",\"item\":\"https:\\\/\\\/detaildepot.ar\\\/\"},{\"@type\":\"ListItem\",\"position\":2,\"name\":\"Tienda\",\"item\":\"https:\\\/\\\/detaildepot.ar\\\/\"},{\"@type\":\"ListItem\",\"position\":3,\"name\":\"3D PULIMENTO CORTE ALTO ACA 500\"}]},{\"@type\":\"WebSite\",\"@id\":\"https:\\\/\\\/detaildepot.ar\\\/#website\",\"url\":\"https:\\\/\\\/detaildepot.ar\\\/\",\"name\":\"Detail Depot | Tienda de insumos para detail\",\"description\":\"\",\"publisher\":{\"@id\":\"https:\\\/\\\/detaildepot.ar\\\/#organization\"},\"potentialAction\":[{\"@type\":\"SearchAction\",\"target\":{\"@type\":\"EntryPoint\",\"urlTemplate\":\"https:\\\/\\\/detaildepot.ar\\\/?s={search_term_string}\"},\"query-input\":{\"@type\":\"PropertyValueSpecification\",\"valueRequired\":true,\"valueName\":\"search_term_string\"}}],\"inLanguage\":\"es-AR\"},{\"@type\":\"Organization\",\"@id\":\"https:\\\/\\\/detaildepot.ar\\\/#organization\",\"name\":\"Detail Depot | Tienda de insumos para detail\",\"url\":\"https:\\\/\\\/detaildepot.ar\\\/\",\"logo\":{\"@type\":\"ImageObject\",\"inLanguage\":\"es-AR\",\"@id\":\"https:\\\/\\\/detaildepot.ar\\\/#\\\/schema\\\/logo\\\/image\\\/\",\"url\":\"https:\\\/\\\/detaildepot.ar\\\/wp-content\\\/uploads\\\/2026\\\/03\\\/652187CB-8631-49B2-8296-13AA835CEAD2.png\",\"contentUrl\":\"https:\\\/\\\/detaildepot.ar\\\/wp-content\\\/uploads\\\/2026\\\/03\\\/652187CB-8631-49B2-8296-13AA835CEAD2.png\",\"width\":1024,\"height\":1024,\"caption\":\"Detail Depot | Tienda de insumos para detail\"},\"image\":{\"@id\":\"https:\\\/\\\/detaildepot.ar\\\/#\\\/schema\\\/logo\\\/image\\\/\"}}]}<\/script>\n<!-- \/ Yoast SEO plugin. -->","yoast_head_json":{"title":"3D PULIMENTO CORTE ALTO ACA 500 - Detail Depot | Tienda de insumos para detail","robots":{"index":"index","follow":"follow","max-snippet":"max-snippet:-1","max-image-preview":"max-image-preview:large","max-video-preview":"max-video-preview:-1"},"canonical":"https:\/\/detaildepot.ar\/?product=3d-pulimento-corte-alto-aca-500","og_locale":"es_ES","og_type":"article","og_title":"3D PULIMENTO CORTE ALTO ACA 500 - Detail Depot | Tienda de insumos para detail","og_description":"3D ACA 500 X-TRA CUT COMPOUND es fabricado con ALFA-ALUMINA CERAMICA. Alfa-Al\u00famina Cer\u00e1mica es un nuevo y revolucionario abrasivo el cual ha sido desarrollado para generar menor calor, mayor velocidad y para corregir las capas transparentes m\u00e1s dif\u00edciles e inclusive pinturas de una sola capa. Este compuesto espec\u00edficamente dise\u00f1ado logra una verdadera correcci\u00f3n en la [&hellip;]","og_url":"https:\/\/detaildepot.ar\/?product=3d-pulimento-corte-alto-aca-500","og_site_name":"Detail Depot | Tienda de insumos para detail","article_modified_time":"2026-04-27T03:06:46+00:00","og_image":[{"width":1024,"height":1024,"url":"https:\/\/detaildepot.ar\/wp-content\/uploads\/2025\/08\/3d_aca_500.png","type":"image\/png"}],"twitter_card":"summary_large_image","twitter_misc":{"Tiempo de lectura":"1 minuto"},"schema":{"@context":"https:\/\/schema.org","@graph":[{"@type":"WebPage","@id":"https:\/\/detaildepot.ar\/?product=3d-pulimento-corte-alto-aca-500","url":"https:\/\/detaildepot.ar\/?product=3d-pulimento-corte-alto-aca-500","name":"3D PULIMENTO CORTE ALTO ACA 500 - Detail Depot | Tienda de insumos para detail","isPartOf":{"@id":"https:\/\/detaildepot.ar\/#website"},"primaryImageOfPage":{"@id":"https:\/\/detaildepot.ar\/?product=3d-pulimento-corte-alto-aca-500#primaryimage"},"image":{"@id":"https:\/\/detaildepot.ar\/?product=3d-pulimento-corte-alto-aca-500#primaryimage"},"thumbnailUrl":"https:\/\/detaildepot.ar\/wp-content\/uploads\/2025\/08\/3d_aca_500.png","datePublished":"2025-08-27T02:12:57+00:00","dateModified":"2026-04-27T03:06:46+00:00","breadcrumb":{"@id":"https:\/\/detaildepot.ar\/?product=3d-pulimento-corte-alto-aca-500#breadcrumb"},"inLanguage":"es-AR","potentialAction":[{"@type":"ReadAction","target":["https:\/\/detaildepot.ar\/?product=3d-pulimento-corte-alto-aca-500"]}]},{"@type":"ImageObject","inLanguage":"es-AR","@id":"https:\/\/detaildepot.ar\/?product=3d-pulimento-corte-alto-aca-500#primaryimage","url":"https:\/\/detaildepot.ar\/wp-content\/uploads\/2025\/08\/3d_aca_500.png","contentUrl":"https:\/\/detaildepot.ar\/wp-content\/uploads\/2025\/08\/3d_aca_500.png","width":1024,"height":1024},{"@type":"BreadcrumbList","@id":"https:\/\/detaildepot.ar\/?product=3d-pulimento-corte-alto-aca-500#breadcrumb","itemListElement":[{"@type":"ListItem","position":1,"name":"Inicio","item":"https:\/\/detaildepot.ar\/"},{"@type":"ListItem","position":2,"name":"Tienda","item":"https:\/\/detaildepot.ar\/"},{"@type":"ListItem","position":3,"name":"3D PULIMENTO CORTE ALTO ACA 500"}]},{"@type":"WebSite","@id":"https:\/\/detaildepot.ar\/#website","url":"https:\/\/detaildepot.ar\/","name":"Detail Depot | Tienda de insumos para detail","description":"","publisher":{"@id":"https:\/\/detaildepot.ar\/#organization"},"potentialAction":[{"@type":"SearchAction","target":{"@type":"EntryPoint","urlTemplate":"https:\/\/detaildepot.ar\/?s={search_term_string}"},"query-input":{"@type":"PropertyValueSpecification","valueRequired":true,"valueName":"search_term_string"}}],"inLanguage":"es-AR"},{"@type":"Organization","@id":"https:\/\/detaildepot.ar\/#organization","name":"Detail Depot | Tienda de insumos para detail","url":"https:\/\/detaildepot.ar\/","logo":{"@type":"ImageObject","inLanguage":"es-AR","@id":"https:\/\/detaildepot.ar\/#\/schema\/logo\/image\/","url":"https:\/\/detaildepot.ar\/wp-content\/uploads\/2026\/03\/652187CB-8631-49B2-8296-13AA835CEAD2.png","contentUrl":"https:\/\/detaildepot.ar\/wp-content\/uploads\/2026\/03\/652187CB-8631-49B2-8296-13AA835CEAD2.png","width":1024,"height":1024,"caption":"Detail Depot | Tienda de insumos para detail"},"image":{"@id":"https:\/\/detaildepot.ar\/#\/schema\/logo\/image\/"}}]}},"jetpack_sharing_enabled":true,"_links":{"self":[{"href":"https:\/\/detaildepot.ar\/index.php?rest_route=\/wp\/v2\/product\/261","targetHints":{"allow":["GET"]}}],"collection":[{"href":"https:\/\/detaildepot.ar\/index.php?rest_route=\/wp\/v2\/product"}],"about":[{"href":"https:\/\/detaildepot.ar\/index.php?rest_route=\/wp\/v2\/types\/product"}],"replies":[{"embeddable":true,"href":"https:\/\/detaildepot.ar\/index.php?rest_route=%2Fwp%2Fv2%2Fcomments&post=261"}],"version-history":[{"count":1,"href":"https:\/\/detaildepot.ar\/index.php?rest_route=\/wp\/v2\/product\/261\/revisions"}],"predecessor-version":[{"id":1416,"href":"https:\/\/detaildepot.ar\/index.php?rest_route=\/wp\/v2\/product\/261\/revisions\/1416"}],"wp:featuredmedia":[{"embeddable":true,"href":"https:\/\/detaildepot.ar\/index.php?rest_route=\/wp\/v2\/media\/554"}],"wp:attachment":[{"href":"https:\/\/detaildepot.ar\/index.php?rest_route=%2Fwp%2Fv2%2Fmedia&parent=261"}],"wp:term":[{"taxonomy":"product_brand","embeddable":true,"href":"https:\/\/detaildepot.ar\/index.php?rest_route=%2Fwp%2Fv2%2Fproduct_brand&post=261"},{"taxonomy":"product_cat","embeddable":true,"href":"https:\/\/detaildepot.ar\/index.php?rest_route=%2Fwp%2Fv2%2Fproduct_cat&post=261"},{"taxonomy":"product_tag","embeddable":true,"href":"https:\/\/detaildepot.ar\/index.php?rest_route=%2Fwp%2Fv2%2Fproduct_tag&post=261"}],"curies":[{"name":"wp","href":"https:\/\/api.w.org\/{rel}","templated":true}]}}