{"id":247,"date":"2025-08-27T02:12:43","date_gmt":"2025-08-27T02:12:43","guid":{"rendered":"https:\/\/detaildepot.ar\/producto\/vonixx-v-paint\/"},"modified":"2026-04-27T00:01:43","modified_gmt":"2026-04-27T03:01:43","slug":"vonixx-v-paint","status":"publish","type":"product","link":"https:\/\/detaildepot.ar\/?product=vonixx-v-paint","title":{"rendered":"VONIXX V-PAINT 20ML"},"content":{"rendered":"<p>V-PAINT es un recubrimiento de pintura cer\u00e1mica con una durabilidad de hasta 2 a\u00f1os, desarrollado con mol\u00e9culas de silicio que recubren la superficie del veh\u00edculo y forman una barrera nanotecnol\u00f3gica de alta resistencia. V-PAINT proporciona repelencia al agua, protecci\u00f3n UV y un brillo intenso. La nanopel\u00edcula que se forma sobre la pintura minimiza los efectos nocivos de la savia de los \u00e1rboles, los excrementos de aves, la luz solar, la niebla salina, la lluvia \u00e1cida e incluso los microara\u00f1azos causados \u200b\u200bpor un lavado inadecuado, previniendo el desgaste prematuro de la pintura.<\/p>\n<p>Durante los primeros 6 d\u00edas, los recubrimientos a base de s\u00edlice tienden a formar marcas de agua compuestas por sales de calcio y magnesio al exponerse a la lluvia o al barro. Para minimizar este efecto y evitar que estas gotas manchen la pintura, se recomienda aplicar SiO\u2082-PRO cuatro d\u00edas despu\u00e9s de aplicar V-Paint. El producto minimiza los efectos de las marcas de agua, deja una sensaci\u00f3n aterciopelada y de alto brillo, y prolonga la vida \u00fatil de la capa de barniz.<\/p>\n","protected":false},"excerpt":{"rendered":"<p>V-PAINT es un recubrimiento de pintura cer\u00e1mica con una durabilidad de hasta 2 a\u00f1os, desarrollado con mol\u00e9culas de silicio que recubren la superficie del veh\u00edculo y forman una barrera nanotecnol\u00f3gica de alta resistencia. V-PAINT proporciona repelencia al agua, protecci\u00f3n UV y un brillo intenso. La nanopel\u00edcula que se forma sobre la pintura minimiza los efectos [&hellip;]<\/p>\n","protected":false},"featured_media":775,"comment_status":"open","ping_status":"closed","template":"","meta":[],"product_brand":[50],"product_cat":[30],"product_tag":[31,32,19],"class_list":{"0":"post-247","1":"product","2":"type-product","3":"status-publish","4":"has-post-thumbnail","6":"product_brand-vonixx","7":"product_cat-selladores","8":"product_tag-ceramico","9":"product_tag-sellador","10":"product_tag-vonixx","12":"first","13":"instock","14":"shipping-taxable","15":"purchasable","16":"product-type-simple"},"yoast_head":"<!-- This site is optimized with the Yoast SEO plugin v27.4 - https:\/\/yoast.com\/product\/yoast-seo-wordpress\/ -->\n<title>VONIXX V-PAINT 20ML - Detail Depot | Tienda de insumos para detail<\/title>\n<meta name=\"robots\" content=\"index, follow, max-snippet:-1, max-image-preview:large, max-video-preview:-1\" \/>\n<link rel=\"canonical\" href=\"https:\/\/detaildepot.ar\/?product=vonixx-v-paint\" \/>\n<meta property=\"og:locale\" content=\"es_ES\" \/>\n<meta property=\"og:type\" content=\"article\" \/>\n<meta property=\"og:title\" content=\"VONIXX V-PAINT 20ML - Detail Depot | Tienda de insumos para detail\" \/>\n<meta property=\"og:description\" content=\"V-PAINT es un recubrimiento de pintura cer\u00e1mica con una durabilidad de hasta 2 a\u00f1os, desarrollado con mol\u00e9culas de silicio que recubren la superficie del veh\u00edculo y forman una barrera nanotecnol\u00f3gica de alta resistencia. V-PAINT proporciona repelencia al agua, protecci\u00f3n UV y un brillo intenso. La nanopel\u00edcula que se forma sobre la pintura minimiza los efectos [&hellip;]\" \/>\n<meta property=\"og:url\" content=\"https:\/\/detaildepot.ar\/?product=vonixx-v-paint\" \/>\n<meta property=\"og:site_name\" content=\"Detail Depot | Tienda de insumos para detail\" \/>\n<meta property=\"article:modified_time\" content=\"2026-04-27T03:01:43+00:00\" \/>\n<meta property=\"og:image\" content=\"https:\/\/detaildepot.ar\/wp-content\/uploads\/2025\/08\/vonixx_vpaint.png\" \/>\n\t<meta property=\"og:image:width\" content=\"1024\" \/>\n\t<meta property=\"og:image:height\" content=\"1024\" \/>\n\t<meta property=\"og:image:type\" content=\"image\/png\" \/>\n<meta name=\"twitter:card\" content=\"summary_large_image\" \/>\n<meta name=\"twitter:label1\" content=\"Tiempo de lectura\" \/>\n\t<meta name=\"twitter:data1\" content=\"1 minuto\" \/>\n<script type=\"application\/ld+json\" class=\"yoast-schema-graph\">{\"@context\":\"https:\\\/\\\/schema.org\",\"@graph\":[{\"@type\":\"WebPage\",\"@id\":\"https:\\\/\\\/detaildepot.ar\\\/?product=vonixx-v-paint\",\"url\":\"https:\\\/\\\/detaildepot.ar\\\/?product=vonixx-v-paint\",\"name\":\"VONIXX V-PAINT 20ML - Detail Depot | Tienda de insumos para detail\",\"isPartOf\":{\"@id\":\"https:\\\/\\\/detaildepot.ar\\\/#website\"},\"primaryImageOfPage\":{\"@id\":\"https:\\\/\\\/detaildepot.ar\\\/?product=vonixx-v-paint#primaryimage\"},\"image\":{\"@id\":\"https:\\\/\\\/detaildepot.ar\\\/?product=vonixx-v-paint#primaryimage\"},\"thumbnailUrl\":\"https:\\\/\\\/detaildepot.ar\\\/wp-content\\\/uploads\\\/2025\\\/08\\\/vonixx_vpaint.png\",\"datePublished\":\"2025-08-27T02:12:43+00:00\",\"dateModified\":\"2026-04-27T03:01:43+00:00\",\"breadcrumb\":{\"@id\":\"https:\\\/\\\/detaildepot.ar\\\/?product=vonixx-v-paint#breadcrumb\"},\"inLanguage\":\"es-AR\",\"potentialAction\":[{\"@type\":\"ReadAction\",\"target\":[\"https:\\\/\\\/detaildepot.ar\\\/?product=vonixx-v-paint\"]}]},{\"@type\":\"ImageObject\",\"inLanguage\":\"es-AR\",\"@id\":\"https:\\\/\\\/detaildepot.ar\\\/?product=vonixx-v-paint#primaryimage\",\"url\":\"https:\\\/\\\/detaildepot.ar\\\/wp-content\\\/uploads\\\/2025\\\/08\\\/vonixx_vpaint.png\",\"contentUrl\":\"https:\\\/\\\/detaildepot.ar\\\/wp-content\\\/uploads\\\/2025\\\/08\\\/vonixx_vpaint.png\",\"width\":1024,\"height\":1024},{\"@type\":\"BreadcrumbList\",\"@id\":\"https:\\\/\\\/detaildepot.ar\\\/?product=vonixx-v-paint#breadcrumb\",\"itemListElement\":[{\"@type\":\"ListItem\",\"position\":1,\"name\":\"Inicio\",\"item\":\"https:\\\/\\\/detaildepot.ar\\\/\"},{\"@type\":\"ListItem\",\"position\":2,\"name\":\"Tienda\",\"item\":\"https:\\\/\\\/detaildepot.ar\\\/\"},{\"@type\":\"ListItem\",\"position\":3,\"name\":\"VONIXX V-PAINT 20ML\"}]},{\"@type\":\"WebSite\",\"@id\":\"https:\\\/\\\/detaildepot.ar\\\/#website\",\"url\":\"https:\\\/\\\/detaildepot.ar\\\/\",\"name\":\"Detail Depot | Tienda de insumos para detail\",\"description\":\"\",\"publisher\":{\"@id\":\"https:\\\/\\\/detaildepot.ar\\\/#organization\"},\"potentialAction\":[{\"@type\":\"SearchAction\",\"target\":{\"@type\":\"EntryPoint\",\"urlTemplate\":\"https:\\\/\\\/detaildepot.ar\\\/?s={search_term_string}\"},\"query-input\":{\"@type\":\"PropertyValueSpecification\",\"valueRequired\":true,\"valueName\":\"search_term_string\"}}],\"inLanguage\":\"es-AR\"},{\"@type\":\"Organization\",\"@id\":\"https:\\\/\\\/detaildepot.ar\\\/#organization\",\"name\":\"Detail Depot | Tienda de insumos para detail\",\"url\":\"https:\\\/\\\/detaildepot.ar\\\/\",\"logo\":{\"@type\":\"ImageObject\",\"inLanguage\":\"es-AR\",\"@id\":\"https:\\\/\\\/detaildepot.ar\\\/#\\\/schema\\\/logo\\\/image\\\/\",\"url\":\"https:\\\/\\\/detaildepot.ar\\\/wp-content\\\/uploads\\\/2026\\\/03\\\/652187CB-8631-49B2-8296-13AA835CEAD2.png\",\"contentUrl\":\"https:\\\/\\\/detaildepot.ar\\\/wp-content\\\/uploads\\\/2026\\\/03\\\/652187CB-8631-49B2-8296-13AA835CEAD2.png\",\"width\":1024,\"height\":1024,\"caption\":\"Detail Depot | Tienda de insumos para detail\"},\"image\":{\"@id\":\"https:\\\/\\\/detaildepot.ar\\\/#\\\/schema\\\/logo\\\/image\\\/\"}}]}<\/script>\n<!-- \/ Yoast SEO plugin. -->","yoast_head_json":{"title":"VONIXX V-PAINT 20ML - Detail Depot | Tienda de insumos para detail","robots":{"index":"index","follow":"follow","max-snippet":"max-snippet:-1","max-image-preview":"max-image-preview:large","max-video-preview":"max-video-preview:-1"},"canonical":"https:\/\/detaildepot.ar\/?product=vonixx-v-paint","og_locale":"es_ES","og_type":"article","og_title":"VONIXX V-PAINT 20ML - Detail Depot | Tienda de insumos para detail","og_description":"V-PAINT es un recubrimiento de pintura cer\u00e1mica con una durabilidad de hasta 2 a\u00f1os, desarrollado con mol\u00e9culas de silicio que recubren la superficie del veh\u00edculo y forman una barrera nanotecnol\u00f3gica de alta resistencia. V-PAINT proporciona repelencia al agua, protecci\u00f3n UV y un brillo intenso. La nanopel\u00edcula que se forma sobre la pintura minimiza los efectos [&hellip;]","og_url":"https:\/\/detaildepot.ar\/?product=vonixx-v-paint","og_site_name":"Detail Depot | Tienda de insumos para detail","article_modified_time":"2026-04-27T03:01:43+00:00","og_image":[{"width":1024,"height":1024,"url":"https:\/\/detaildepot.ar\/wp-content\/uploads\/2025\/08\/vonixx_vpaint.png","type":"image\/png"}],"twitter_card":"summary_large_image","twitter_misc":{"Tiempo de lectura":"1 minuto"},"schema":{"@context":"https:\/\/schema.org","@graph":[{"@type":"WebPage","@id":"https:\/\/detaildepot.ar\/?product=vonixx-v-paint","url":"https:\/\/detaildepot.ar\/?product=vonixx-v-paint","name":"VONIXX V-PAINT 20ML - Detail Depot | Tienda de insumos para detail","isPartOf":{"@id":"https:\/\/detaildepot.ar\/#website"},"primaryImageOfPage":{"@id":"https:\/\/detaildepot.ar\/?product=vonixx-v-paint#primaryimage"},"image":{"@id":"https:\/\/detaildepot.ar\/?product=vonixx-v-paint#primaryimage"},"thumbnailUrl":"https:\/\/detaildepot.ar\/wp-content\/uploads\/2025\/08\/vonixx_vpaint.png","datePublished":"2025-08-27T02:12:43+00:00","dateModified":"2026-04-27T03:01:43+00:00","breadcrumb":{"@id":"https:\/\/detaildepot.ar\/?product=vonixx-v-paint#breadcrumb"},"inLanguage":"es-AR","potentialAction":[{"@type":"ReadAction","target":["https:\/\/detaildepot.ar\/?product=vonixx-v-paint"]}]},{"@type":"ImageObject","inLanguage":"es-AR","@id":"https:\/\/detaildepot.ar\/?product=vonixx-v-paint#primaryimage","url":"https:\/\/detaildepot.ar\/wp-content\/uploads\/2025\/08\/vonixx_vpaint.png","contentUrl":"https:\/\/detaildepot.ar\/wp-content\/uploads\/2025\/08\/vonixx_vpaint.png","width":1024,"height":1024},{"@type":"BreadcrumbList","@id":"https:\/\/detaildepot.ar\/?product=vonixx-v-paint#breadcrumb","itemListElement":[{"@type":"ListItem","position":1,"name":"Inicio","item":"https:\/\/detaildepot.ar\/"},{"@type":"ListItem","position":2,"name":"Tienda","item":"https:\/\/detaildepot.ar\/"},{"@type":"ListItem","position":3,"name":"VONIXX V-PAINT 20ML"}]},{"@type":"WebSite","@id":"https:\/\/detaildepot.ar\/#website","url":"https:\/\/detaildepot.ar\/","name":"Detail Depot | Tienda de insumos para detail","description":"","publisher":{"@id":"https:\/\/detaildepot.ar\/#organization"},"potentialAction":[{"@type":"SearchAction","target":{"@type":"EntryPoint","urlTemplate":"https:\/\/detaildepot.ar\/?s={search_term_string}"},"query-input":{"@type":"PropertyValueSpecification","valueRequired":true,"valueName":"search_term_string"}}],"inLanguage":"es-AR"},{"@type":"Organization","@id":"https:\/\/detaildepot.ar\/#organization","name":"Detail Depot | Tienda de insumos para detail","url":"https:\/\/detaildepot.ar\/","logo":{"@type":"ImageObject","inLanguage":"es-AR","@id":"https:\/\/detaildepot.ar\/#\/schema\/logo\/image\/","url":"https:\/\/detaildepot.ar\/wp-content\/uploads\/2026\/03\/652187CB-8631-49B2-8296-13AA835CEAD2.png","contentUrl":"https:\/\/detaildepot.ar\/wp-content\/uploads\/2026\/03\/652187CB-8631-49B2-8296-13AA835CEAD2.png","width":1024,"height":1024,"caption":"Detail Depot | Tienda de insumos para detail"},"image":{"@id":"https:\/\/detaildepot.ar\/#\/schema\/logo\/image\/"}}]}},"jetpack_sharing_enabled":true,"_links":{"self":[{"href":"https:\/\/detaildepot.ar\/index.php?rest_route=\/wp\/v2\/product\/247","targetHints":{"allow":["GET"]}}],"collection":[{"href":"https:\/\/detaildepot.ar\/index.php?rest_route=\/wp\/v2\/product"}],"about":[{"href":"https:\/\/detaildepot.ar\/index.php?rest_route=\/wp\/v2\/types\/product"}],"replies":[{"embeddable":true,"href":"https:\/\/detaildepot.ar\/index.php?rest_route=%2Fwp%2Fv2%2Fcomments&post=247"}],"version-history":[{"count":2,"href":"https:\/\/detaildepot.ar\/index.php?rest_route=\/wp\/v2\/product\/247\/revisions"}],"predecessor-version":[{"id":1566,"href":"https:\/\/detaildepot.ar\/index.php?rest_route=\/wp\/v2\/product\/247\/revisions\/1566"}],"wp:featuredmedia":[{"embeddable":true,"href":"https:\/\/detaildepot.ar\/index.php?rest_route=\/wp\/v2\/media\/775"}],"wp:attachment":[{"href":"https:\/\/detaildepot.ar\/index.php?rest_route=%2Fwp%2Fv2%2Fmedia&parent=247"}],"wp:term":[{"taxonomy":"product_brand","embeddable":true,"href":"https:\/\/detaildepot.ar\/index.php?rest_route=%2Fwp%2Fv2%2Fproduct_brand&post=247"},{"taxonomy":"product_cat","embeddable":true,"href":"https:\/\/detaildepot.ar\/index.php?rest_route=%2Fwp%2Fv2%2Fproduct_cat&post=247"},{"taxonomy":"product_tag","embeddable":true,"href":"https:\/\/detaildepot.ar\/index.php?rest_route=%2Fwp%2Fv2%2Fproduct_tag&post=247"}],"curies":[{"name":"wp","href":"https:\/\/api.w.org\/{rel}","templated":true}]}}