{"id":243,"date":"2025-08-27T02:12:42","date_gmt":"2025-08-27T02:12:42","guid":{"rendered":"https:\/\/detaildepot.ar\/producto\/vonixx-v-plastic\/"},"modified":"2025-09-29T01:08:29","modified_gmt":"2025-09-29T04:08:29","slug":"vonixx-v-plastic","status":"publish","type":"product","link":"https:\/\/detaildepot.ar\/?product=vonixx-v-plastic","title":{"rendered":"VONIXX V-PLASTIC 20ML"},"content":{"rendered":"<p>V-Plastic es un recubrimiento semipermanente especialmente formulado para revitalizar y restaurar superficies pl\u00e1sticas, proporcionando una renovaci\u00f3n incre\u00edble por hasta dos a\u00f1os. Con una f\u00f3rmula avanzada, V-Plastic no solo renueva, sino que tambi\u00e9n protege estas superficies contra los efectos da\u00f1inos de los rayos UV.<\/p>\n<p>Adem\u00e1s, V-Plastic no se limita a pl\u00e1sticos desgastados. Se puede aplicar a pl\u00e1sticos nuevos para prevenir la degradaci\u00f3n prematura, aumentando su vida \u00fatil hasta tres veces. Su auto merece el mejor cuidado, y V-Plastic se lo ofrece.<\/p>\n<p>Use V-Plastic en parachoques, tableros y paneles de puertas y experimente una renovaci\u00f3n duradera que va m\u00e1s all\u00e1 de la est\u00e9tica, protegiendo sus superficies pl\u00e1sticas del envejecimiento prematuro. \u00a1Su veh\u00edculo merece la excelencia de V-Plastic!<\/p>\n","protected":false},"excerpt":{"rendered":"<p>V-Plastic es un recubrimiento semipermanente especialmente formulado para revitalizar y restaurar superficies pl\u00e1sticas, proporcionando una renovaci\u00f3n incre\u00edble por hasta dos a\u00f1os. Con una f\u00f3rmula avanzada, V-Plastic no solo renueva, sino que tambi\u00e9n protege estas superficies contra los efectos da\u00f1inos de los rayos UV. Adem\u00e1s, V-Plastic no se limita a pl\u00e1sticos desgastados. Se puede aplicar a [&hellip;]<\/p>\n","protected":false},"featured_media":777,"comment_status":"open","ping_status":"closed","template":"","meta":[],"product_brand":[50],"product_cat":[30],"product_tag":[31,72,32,19],"class_list":{"0":"post-243","1":"product","2":"type-product","3":"status-publish","4":"has-post-thumbnail","6":"product_brand-vonixx","7":"product_cat-selladores","8":"product_tag-ceramico","9":"product_tag-plasticos","10":"product_tag-sellador","11":"product_tag-vonixx","13":"first","14":"instock","15":"shipping-taxable","16":"purchasable","17":"product-type-simple"},"yoast_head":"<!-- This site is optimized with the Yoast SEO plugin v27.4 - https:\/\/yoast.com\/product\/yoast-seo-wordpress\/ -->\n<title>VONIXX V-PLASTIC 20ML - Detail Depot | Tienda de insumos para detail<\/title>\n<meta name=\"robots\" content=\"index, follow, max-snippet:-1, max-image-preview:large, max-video-preview:-1\" \/>\n<link rel=\"canonical\" href=\"https:\/\/detaildepot.ar\/?product=vonixx-v-plastic\" \/>\n<meta property=\"og:locale\" content=\"es_ES\" \/>\n<meta property=\"og:type\" content=\"article\" \/>\n<meta property=\"og:title\" content=\"VONIXX V-PLASTIC 20ML - Detail Depot | Tienda de insumos para detail\" \/>\n<meta property=\"og:description\" content=\"V-Plastic es un recubrimiento semipermanente especialmente formulado para revitalizar y restaurar superficies pl\u00e1sticas, proporcionando una renovaci\u00f3n incre\u00edble por hasta dos a\u00f1os. Con una f\u00f3rmula avanzada, V-Plastic no solo renueva, sino que tambi\u00e9n protege estas superficies contra los efectos da\u00f1inos de los rayos UV. Adem\u00e1s, V-Plastic no se limita a pl\u00e1sticos desgastados. Se puede aplicar a [&hellip;]\" \/>\n<meta property=\"og:url\" content=\"https:\/\/detaildepot.ar\/?product=vonixx-v-plastic\" \/>\n<meta property=\"og:site_name\" content=\"Detail Depot | Tienda de insumos para detail\" \/>\n<meta property=\"article:modified_time\" content=\"2025-09-29T04:08:29+00:00\" \/>\n<meta property=\"og:image\" content=\"https:\/\/detaildepot.ar\/wp-content\/uploads\/2025\/08\/vonixx_vplastic.png\" \/>\n\t<meta property=\"og:image:width\" content=\"1024\" \/>\n\t<meta property=\"og:image:height\" content=\"1024\" \/>\n\t<meta property=\"og:image:type\" content=\"image\/png\" \/>\n<meta name=\"twitter:card\" content=\"summary_large_image\" \/>\n<meta name=\"twitter:label1\" content=\"Tiempo de lectura\" \/>\n\t<meta name=\"twitter:data1\" content=\"1 minuto\" \/>\n<script type=\"application\/ld+json\" class=\"yoast-schema-graph\">{\"@context\":\"https:\\\/\\\/schema.org\",\"@graph\":[{\"@type\":\"WebPage\",\"@id\":\"https:\\\/\\\/detaildepot.ar\\\/?product=vonixx-v-plastic\",\"url\":\"https:\\\/\\\/detaildepot.ar\\\/?product=vonixx-v-plastic\",\"name\":\"VONIXX V-PLASTIC 20ML - Detail Depot | Tienda de insumos para detail\",\"isPartOf\":{\"@id\":\"https:\\\/\\\/detaildepot.ar\\\/#website\"},\"primaryImageOfPage\":{\"@id\":\"https:\\\/\\\/detaildepot.ar\\\/?product=vonixx-v-plastic#primaryimage\"},\"image\":{\"@id\":\"https:\\\/\\\/detaildepot.ar\\\/?product=vonixx-v-plastic#primaryimage\"},\"thumbnailUrl\":\"https:\\\/\\\/detaildepot.ar\\\/wp-content\\\/uploads\\\/2025\\\/08\\\/vonixx_vplastic.png\",\"datePublished\":\"2025-08-27T02:12:42+00:00\",\"dateModified\":\"2025-09-29T04:08:29+00:00\",\"breadcrumb\":{\"@id\":\"https:\\\/\\\/detaildepot.ar\\\/?product=vonixx-v-plastic#breadcrumb\"},\"inLanguage\":\"es-AR\",\"potentialAction\":[{\"@type\":\"ReadAction\",\"target\":[\"https:\\\/\\\/detaildepot.ar\\\/?product=vonixx-v-plastic\"]}]},{\"@type\":\"ImageObject\",\"inLanguage\":\"es-AR\",\"@id\":\"https:\\\/\\\/detaildepot.ar\\\/?product=vonixx-v-plastic#primaryimage\",\"url\":\"https:\\\/\\\/detaildepot.ar\\\/wp-content\\\/uploads\\\/2025\\\/08\\\/vonixx_vplastic.png\",\"contentUrl\":\"https:\\\/\\\/detaildepot.ar\\\/wp-content\\\/uploads\\\/2025\\\/08\\\/vonixx_vplastic.png\",\"width\":1024,\"height\":1024},{\"@type\":\"BreadcrumbList\",\"@id\":\"https:\\\/\\\/detaildepot.ar\\\/?product=vonixx-v-plastic#breadcrumb\",\"itemListElement\":[{\"@type\":\"ListItem\",\"position\":1,\"name\":\"Inicio\",\"item\":\"https:\\\/\\\/detaildepot.ar\\\/\"},{\"@type\":\"ListItem\",\"position\":2,\"name\":\"Tienda\",\"item\":\"https:\\\/\\\/detaildepot.ar\\\/\"},{\"@type\":\"ListItem\",\"position\":3,\"name\":\"VONIXX V-PLASTIC 20ML\"}]},{\"@type\":\"WebSite\",\"@id\":\"https:\\\/\\\/detaildepot.ar\\\/#website\",\"url\":\"https:\\\/\\\/detaildepot.ar\\\/\",\"name\":\"Detail Depot | Tienda de insumos para detail\",\"description\":\"\",\"publisher\":{\"@id\":\"https:\\\/\\\/detaildepot.ar\\\/#organization\"},\"potentialAction\":[{\"@type\":\"SearchAction\",\"target\":{\"@type\":\"EntryPoint\",\"urlTemplate\":\"https:\\\/\\\/detaildepot.ar\\\/?s={search_term_string}\"},\"query-input\":{\"@type\":\"PropertyValueSpecification\",\"valueRequired\":true,\"valueName\":\"search_term_string\"}}],\"inLanguage\":\"es-AR\"},{\"@type\":\"Organization\",\"@id\":\"https:\\\/\\\/detaildepot.ar\\\/#organization\",\"name\":\"Detail Depot | Tienda de insumos para detail\",\"url\":\"https:\\\/\\\/detaildepot.ar\\\/\",\"logo\":{\"@type\":\"ImageObject\",\"inLanguage\":\"es-AR\",\"@id\":\"https:\\\/\\\/detaildepot.ar\\\/#\\\/schema\\\/logo\\\/image\\\/\",\"url\":\"https:\\\/\\\/detaildepot.ar\\\/wp-content\\\/uploads\\\/2026\\\/03\\\/652187CB-8631-49B2-8296-13AA835CEAD2.png\",\"contentUrl\":\"https:\\\/\\\/detaildepot.ar\\\/wp-content\\\/uploads\\\/2026\\\/03\\\/652187CB-8631-49B2-8296-13AA835CEAD2.png\",\"width\":1024,\"height\":1024,\"caption\":\"Detail Depot | Tienda de insumos para detail\"},\"image\":{\"@id\":\"https:\\\/\\\/detaildepot.ar\\\/#\\\/schema\\\/logo\\\/image\\\/\"}}]}<\/script>\n<!-- \/ Yoast SEO plugin. -->","yoast_head_json":{"title":"VONIXX V-PLASTIC 20ML - Detail Depot | Tienda de insumos para detail","robots":{"index":"index","follow":"follow","max-snippet":"max-snippet:-1","max-image-preview":"max-image-preview:large","max-video-preview":"max-video-preview:-1"},"canonical":"https:\/\/detaildepot.ar\/?product=vonixx-v-plastic","og_locale":"es_ES","og_type":"article","og_title":"VONIXX V-PLASTIC 20ML - Detail Depot | Tienda de insumos para detail","og_description":"V-Plastic es un recubrimiento semipermanente especialmente formulado para revitalizar y restaurar superficies pl\u00e1sticas, proporcionando una renovaci\u00f3n incre\u00edble por hasta dos a\u00f1os. Con una f\u00f3rmula avanzada, V-Plastic no solo renueva, sino que tambi\u00e9n protege estas superficies contra los efectos da\u00f1inos de los rayos UV. Adem\u00e1s, V-Plastic no se limita a pl\u00e1sticos desgastados. Se puede aplicar a [&hellip;]","og_url":"https:\/\/detaildepot.ar\/?product=vonixx-v-plastic","og_site_name":"Detail Depot | Tienda de insumos para detail","article_modified_time":"2025-09-29T04:08:29+00:00","og_image":[{"width":1024,"height":1024,"url":"https:\/\/detaildepot.ar\/wp-content\/uploads\/2025\/08\/vonixx_vplastic.png","type":"image\/png"}],"twitter_card":"summary_large_image","twitter_misc":{"Tiempo de lectura":"1 minuto"},"schema":{"@context":"https:\/\/schema.org","@graph":[{"@type":"WebPage","@id":"https:\/\/detaildepot.ar\/?product=vonixx-v-plastic","url":"https:\/\/detaildepot.ar\/?product=vonixx-v-plastic","name":"VONIXX V-PLASTIC 20ML - Detail Depot | Tienda de insumos para detail","isPartOf":{"@id":"https:\/\/detaildepot.ar\/#website"},"primaryImageOfPage":{"@id":"https:\/\/detaildepot.ar\/?product=vonixx-v-plastic#primaryimage"},"image":{"@id":"https:\/\/detaildepot.ar\/?product=vonixx-v-plastic#primaryimage"},"thumbnailUrl":"https:\/\/detaildepot.ar\/wp-content\/uploads\/2025\/08\/vonixx_vplastic.png","datePublished":"2025-08-27T02:12:42+00:00","dateModified":"2025-09-29T04:08:29+00:00","breadcrumb":{"@id":"https:\/\/detaildepot.ar\/?product=vonixx-v-plastic#breadcrumb"},"inLanguage":"es-AR","potentialAction":[{"@type":"ReadAction","target":["https:\/\/detaildepot.ar\/?product=vonixx-v-plastic"]}]},{"@type":"ImageObject","inLanguage":"es-AR","@id":"https:\/\/detaildepot.ar\/?product=vonixx-v-plastic#primaryimage","url":"https:\/\/detaildepot.ar\/wp-content\/uploads\/2025\/08\/vonixx_vplastic.png","contentUrl":"https:\/\/detaildepot.ar\/wp-content\/uploads\/2025\/08\/vonixx_vplastic.png","width":1024,"height":1024},{"@type":"BreadcrumbList","@id":"https:\/\/detaildepot.ar\/?product=vonixx-v-plastic#breadcrumb","itemListElement":[{"@type":"ListItem","position":1,"name":"Inicio","item":"https:\/\/detaildepot.ar\/"},{"@type":"ListItem","position":2,"name":"Tienda","item":"https:\/\/detaildepot.ar\/"},{"@type":"ListItem","position":3,"name":"VONIXX V-PLASTIC 20ML"}]},{"@type":"WebSite","@id":"https:\/\/detaildepot.ar\/#website","url":"https:\/\/detaildepot.ar\/","name":"Detail Depot | Tienda de insumos para detail","description":"","publisher":{"@id":"https:\/\/detaildepot.ar\/#organization"},"potentialAction":[{"@type":"SearchAction","target":{"@type":"EntryPoint","urlTemplate":"https:\/\/detaildepot.ar\/?s={search_term_string}"},"query-input":{"@type":"PropertyValueSpecification","valueRequired":true,"valueName":"search_term_string"}}],"inLanguage":"es-AR"},{"@type":"Organization","@id":"https:\/\/detaildepot.ar\/#organization","name":"Detail Depot | Tienda de insumos para detail","url":"https:\/\/detaildepot.ar\/","logo":{"@type":"ImageObject","inLanguage":"es-AR","@id":"https:\/\/detaildepot.ar\/#\/schema\/logo\/image\/","url":"https:\/\/detaildepot.ar\/wp-content\/uploads\/2026\/03\/652187CB-8631-49B2-8296-13AA835CEAD2.png","contentUrl":"https:\/\/detaildepot.ar\/wp-content\/uploads\/2026\/03\/652187CB-8631-49B2-8296-13AA835CEAD2.png","width":1024,"height":1024,"caption":"Detail Depot | Tienda de insumos para detail"},"image":{"@id":"https:\/\/detaildepot.ar\/#\/schema\/logo\/image\/"}}]}},"jetpack_sharing_enabled":true,"_links":{"self":[{"href":"https:\/\/detaildepot.ar\/index.php?rest_route=\/wp\/v2\/product\/243","targetHints":{"allow":["GET"]}}],"collection":[{"href":"https:\/\/detaildepot.ar\/index.php?rest_route=\/wp\/v2\/product"}],"about":[{"href":"https:\/\/detaildepot.ar\/index.php?rest_route=\/wp\/v2\/types\/product"}],"replies":[{"embeddable":true,"href":"https:\/\/detaildepot.ar\/index.php?rest_route=%2Fwp%2Fv2%2Fcomments&post=243"}],"version-history":[{"count":2,"href":"https:\/\/detaildepot.ar\/index.php?rest_route=\/wp\/v2\/product\/243\/revisions"}],"predecessor-version":[{"id":1569,"href":"https:\/\/detaildepot.ar\/index.php?rest_route=\/wp\/v2\/product\/243\/revisions\/1569"}],"wp:featuredmedia":[{"embeddable":true,"href":"https:\/\/detaildepot.ar\/index.php?rest_route=\/wp\/v2\/media\/777"}],"wp:attachment":[{"href":"https:\/\/detaildepot.ar\/index.php?rest_route=%2Fwp%2Fv2%2Fmedia&parent=243"}],"wp:term":[{"taxonomy":"product_brand","embeddable":true,"href":"https:\/\/detaildepot.ar\/index.php?rest_route=%2Fwp%2Fv2%2Fproduct_brand&post=243"},{"taxonomy":"product_cat","embeddable":true,"href":"https:\/\/detaildepot.ar\/index.php?rest_route=%2Fwp%2Fv2%2Fproduct_cat&post=243"},{"taxonomy":"product_tag","embeddable":true,"href":"https:\/\/detaildepot.ar\/index.php?rest_route=%2Fwp%2Fv2%2Fproduct_tag&post=243"}],"curies":[{"name":"wp","href":"https:\/\/api.w.org\/{rel}","templated":true}]}}