{"id":2136,"date":"2026-04-29T23:26:55","date_gmt":"2026-04-30T02:26:55","guid":{"rendered":"https:\/\/detaildepot.ar\/?post_type=product&#038;p=2136"},"modified":"2026-04-29T23:26:55","modified_gmt":"2026-04-30T02:26:55","slug":"limpiador-vaporera-hid","status":"publish","type":"product","link":"https:\/\/detaildepot.ar\/?product=limpiador-vaporera-hid","title":{"rendered":"LIMPIADOR VAPORERA HID"},"content":{"rendered":"<p>R\u00c1PIDO y COMPLETO: Se calienta minutos menos y genera una temperatura alta de 105 degreeC para usar en una amplia variedad de superficies, como pisos de madera impermeables, la mayor\u00eda de las alfombras y muebles, baldosas y granito.<br \/>\nNATURAL: La limpieza a elimina las manchas y la suciedad, con 6 velocidades ajustables, con 3 cabezales de cepillo diferentes, adecuado para limpiar paredes, estufas, , horno microondas, lavadora, refrigerador y m\u00e1s, ampliamente en cocina, ba\u00f1o , muebles, coche, etc.<br \/>\nLIGERO: Compacto para un uso conveniente en cualquier lugar, agregue agua y encienda el izador.<br \/>\nCONJUNTO DE ACCESORIOS: accesorios de alta calidad y de extensi\u00f3n para garantizar que pueda obtener una limpieza profunda y cercana con en cualquier lugar.<br \/>\nLIMPIADOR DE PR\u00c1CTICO DE MANO: Capacidad de 1000 ml, Tanque de agua de gran capacidad, sin necesidad de agregar agua con frecuencia, lo que mejora la eficiencia de su trabajo de limpieza; apagado autom\u00e1tico, funci\u00f3n<br \/>\nEspecificaci\u00f3n:<br \/>\nMaterial: componente electr\u00f3nico<br \/>\nCapacidad: 1000ml<br \/>\nde :<br \/>\nConsumo de agua: 200-500ml\/min<br \/>\nTemperatura de salida: 105 degreeC<br \/>\nMedio de uso: agua (preferiblemente agua destilada)<br \/>\nCarta del tama\u00f1o:<br \/>\n29cmx17cmx16cm<br \/>\nEl paquete incluye:<br \/>\n1 cepillo<br \/>\n1 cepillo de acero<br \/>\n1 cepillo grande<br \/>\n1 extensor<\/p>\n<p>Nota:<br \/>\nPermita errores leves debido a la medici\u00f3n manual y a los diferentes monitores.<\/p>\n<p>Garant\u00eda de f\u00e1brica: 33 d\u00edas<\/p>\n","protected":false},"excerpt":{"rendered":"<p>R\u00c1PIDO y COMPLETO: Se calienta minutos menos y genera una temperatura alta de 105 degreeC para usar en una amplia variedad de superficies, como pisos de madera impermeables, la mayor\u00eda de las alfombras y muebles, baldosas y granito. NATURAL: La limpieza a elimina las manchas y la suciedad, con 6 velocidades ajustables, con 3 cabezales [&hellip;]<\/p>\n","protected":false},"featured_media":2137,"comment_status":"open","ping_status":"closed","template":"","meta":[],"product_brand":[415],"product_cat":[416],"product_tag":[115,203,63,418,417],"class_list":{"0":"post-2136","1":"product","2":"type-product","3":"status-publish","4":"has-post-thumbnail","6":"product_brand-hid","7":"product_cat-vaporera","8":"product_tag-detail","9":"product_tag-interior","10":"product_tag-limpiador","11":"product_tag-vapor","12":"product_tag-vaporera","14":"first","15":"instock","16":"shipping-taxable","17":"purchasable","18":"product-type-simple"},"yoast_head":"<!-- This site is optimized with the Yoast SEO plugin v27.4 - https:\/\/yoast.com\/product\/yoast-seo-wordpress\/ -->\n<title>LIMPIADOR VAPORERA HID - Detail Depot | Tienda de insumos para detail<\/title>\n<meta name=\"robots\" content=\"index, follow, max-snippet:-1, max-image-preview:large, max-video-preview:-1\" \/>\n<link rel=\"canonical\" href=\"https:\/\/detaildepot.ar\/?product=limpiador-vaporera-hid\" \/>\n<meta property=\"og:locale\" content=\"es_ES\" \/>\n<meta property=\"og:type\" content=\"article\" \/>\n<meta property=\"og:title\" content=\"LIMPIADOR VAPORERA HID - Detail Depot | Tienda de insumos para detail\" \/>\n<meta property=\"og:description\" content=\"R\u00c1PIDO y COMPLETO: Se calienta minutos menos y genera una temperatura alta de 105 degreeC para usar en una amplia variedad de superficies, como pisos de madera impermeables, la mayor\u00eda de las alfombras y muebles, baldosas y granito. NATURAL: La limpieza a elimina las manchas y la suciedad, con 6 velocidades ajustables, con 3 cabezales [&hellip;]\" \/>\n<meta property=\"og:url\" content=\"https:\/\/detaildepot.ar\/?product=limpiador-vaporera-hid\" \/>\n<meta property=\"og:site_name\" content=\"Detail Depot | Tienda de insumos para detail\" \/>\n<meta property=\"og:image\" content=\"https:\/\/detaildepot.ar\/wp-content\/uploads\/2026\/04\/Diseno-sin-titulo-1.png\" \/>\n\t<meta property=\"og:image:width\" content=\"1024\" \/>\n\t<meta property=\"og:image:height\" content=\"1024\" \/>\n\t<meta property=\"og:image:type\" content=\"image\/png\" \/>\n<meta name=\"twitter:card\" content=\"summary_large_image\" \/>\n<meta name=\"twitter:label1\" content=\"Tiempo de lectura\" \/>\n\t<meta name=\"twitter:data1\" content=\"2 minutos\" \/>\n<script type=\"application\/ld+json\" class=\"yoast-schema-graph\">{\"@context\":\"https:\\\/\\\/schema.org\",\"@graph\":[{\"@type\":\"WebPage\",\"@id\":\"https:\\\/\\\/detaildepot.ar\\\/?product=limpiador-vaporera-hid\",\"url\":\"https:\\\/\\\/detaildepot.ar\\\/?product=limpiador-vaporera-hid\",\"name\":\"LIMPIADOR VAPORERA HID - Detail Depot | Tienda de insumos para detail\",\"isPartOf\":{\"@id\":\"https:\\\/\\\/detaildepot.ar\\\/#website\"},\"primaryImageOfPage\":{\"@id\":\"https:\\\/\\\/detaildepot.ar\\\/?product=limpiador-vaporera-hid#primaryimage\"},\"image\":{\"@id\":\"https:\\\/\\\/detaildepot.ar\\\/?product=limpiador-vaporera-hid#primaryimage\"},\"thumbnailUrl\":\"https:\\\/\\\/detaildepot.ar\\\/wp-content\\\/uploads\\\/2026\\\/04\\\/Diseno-sin-titulo-1.png\",\"datePublished\":\"2026-04-30T02:26:55+00:00\",\"breadcrumb\":{\"@id\":\"https:\\\/\\\/detaildepot.ar\\\/?product=limpiador-vaporera-hid#breadcrumb\"},\"inLanguage\":\"es-AR\",\"potentialAction\":[{\"@type\":\"ReadAction\",\"target\":[\"https:\\\/\\\/detaildepot.ar\\\/?product=limpiador-vaporera-hid\"]}]},{\"@type\":\"ImageObject\",\"inLanguage\":\"es-AR\",\"@id\":\"https:\\\/\\\/detaildepot.ar\\\/?product=limpiador-vaporera-hid#primaryimage\",\"url\":\"https:\\\/\\\/detaildepot.ar\\\/wp-content\\\/uploads\\\/2026\\\/04\\\/Diseno-sin-titulo-1.png\",\"contentUrl\":\"https:\\\/\\\/detaildepot.ar\\\/wp-content\\\/uploads\\\/2026\\\/04\\\/Diseno-sin-titulo-1.png\",\"width\":1024,\"height\":1024},{\"@type\":\"BreadcrumbList\",\"@id\":\"https:\\\/\\\/detaildepot.ar\\\/?product=limpiador-vaporera-hid#breadcrumb\",\"itemListElement\":[{\"@type\":\"ListItem\",\"position\":1,\"name\":\"Inicio\",\"item\":\"https:\\\/\\\/detaildepot.ar\\\/\"},{\"@type\":\"ListItem\",\"position\":2,\"name\":\"Tienda\",\"item\":\"https:\\\/\\\/detaildepot.ar\\\/\"},{\"@type\":\"ListItem\",\"position\":3,\"name\":\"LIMPIADOR VAPORERA HID\"}]},{\"@type\":\"WebSite\",\"@id\":\"https:\\\/\\\/detaildepot.ar\\\/#website\",\"url\":\"https:\\\/\\\/detaildepot.ar\\\/\",\"name\":\"Detail Depot | Tienda de insumos para detail\",\"description\":\"\",\"publisher\":{\"@id\":\"https:\\\/\\\/detaildepot.ar\\\/#organization\"},\"potentialAction\":[{\"@type\":\"SearchAction\",\"target\":{\"@type\":\"EntryPoint\",\"urlTemplate\":\"https:\\\/\\\/detaildepot.ar\\\/?s={search_term_string}\"},\"query-input\":{\"@type\":\"PropertyValueSpecification\",\"valueRequired\":true,\"valueName\":\"search_term_string\"}}],\"inLanguage\":\"es-AR\"},{\"@type\":\"Organization\",\"@id\":\"https:\\\/\\\/detaildepot.ar\\\/#organization\",\"name\":\"Detail Depot | Tienda de insumos para detail\",\"url\":\"https:\\\/\\\/detaildepot.ar\\\/\",\"logo\":{\"@type\":\"ImageObject\",\"inLanguage\":\"es-AR\",\"@id\":\"https:\\\/\\\/detaildepot.ar\\\/#\\\/schema\\\/logo\\\/image\\\/\",\"url\":\"https:\\\/\\\/detaildepot.ar\\\/wp-content\\\/uploads\\\/2026\\\/03\\\/652187CB-8631-49B2-8296-13AA835CEAD2.png\",\"contentUrl\":\"https:\\\/\\\/detaildepot.ar\\\/wp-content\\\/uploads\\\/2026\\\/03\\\/652187CB-8631-49B2-8296-13AA835CEAD2.png\",\"width\":1024,\"height\":1024,\"caption\":\"Detail Depot | Tienda de insumos para detail\"},\"image\":{\"@id\":\"https:\\\/\\\/detaildepot.ar\\\/#\\\/schema\\\/logo\\\/image\\\/\"}}]}<\/script>\n<!-- \/ Yoast SEO plugin. -->","yoast_head_json":{"title":"LIMPIADOR VAPORERA HID - Detail Depot | Tienda de insumos para detail","robots":{"index":"index","follow":"follow","max-snippet":"max-snippet:-1","max-image-preview":"max-image-preview:large","max-video-preview":"max-video-preview:-1"},"canonical":"https:\/\/detaildepot.ar\/?product=limpiador-vaporera-hid","og_locale":"es_ES","og_type":"article","og_title":"LIMPIADOR VAPORERA HID - Detail Depot | Tienda de insumos para detail","og_description":"R\u00c1PIDO y COMPLETO: Se calienta minutos menos y genera una temperatura alta de 105 degreeC para usar en una amplia variedad de superficies, como pisos de madera impermeables, la mayor\u00eda de las alfombras y muebles, baldosas y granito. NATURAL: La limpieza a elimina las manchas y la suciedad, con 6 velocidades ajustables, con 3 cabezales [&hellip;]","og_url":"https:\/\/detaildepot.ar\/?product=limpiador-vaporera-hid","og_site_name":"Detail Depot | Tienda de insumos para detail","og_image":[{"width":1024,"height":1024,"url":"https:\/\/detaildepot.ar\/wp-content\/uploads\/2026\/04\/Diseno-sin-titulo-1.png","type":"image\/png"}],"twitter_card":"summary_large_image","twitter_misc":{"Tiempo de lectura":"2 minutos"},"schema":{"@context":"https:\/\/schema.org","@graph":[{"@type":"WebPage","@id":"https:\/\/detaildepot.ar\/?product=limpiador-vaporera-hid","url":"https:\/\/detaildepot.ar\/?product=limpiador-vaporera-hid","name":"LIMPIADOR VAPORERA HID - Detail Depot | Tienda de insumos para detail","isPartOf":{"@id":"https:\/\/detaildepot.ar\/#website"},"primaryImageOfPage":{"@id":"https:\/\/detaildepot.ar\/?product=limpiador-vaporera-hid#primaryimage"},"image":{"@id":"https:\/\/detaildepot.ar\/?product=limpiador-vaporera-hid#primaryimage"},"thumbnailUrl":"https:\/\/detaildepot.ar\/wp-content\/uploads\/2026\/04\/Diseno-sin-titulo-1.png","datePublished":"2026-04-30T02:26:55+00:00","breadcrumb":{"@id":"https:\/\/detaildepot.ar\/?product=limpiador-vaporera-hid#breadcrumb"},"inLanguage":"es-AR","potentialAction":[{"@type":"ReadAction","target":["https:\/\/detaildepot.ar\/?product=limpiador-vaporera-hid"]}]},{"@type":"ImageObject","inLanguage":"es-AR","@id":"https:\/\/detaildepot.ar\/?product=limpiador-vaporera-hid#primaryimage","url":"https:\/\/detaildepot.ar\/wp-content\/uploads\/2026\/04\/Diseno-sin-titulo-1.png","contentUrl":"https:\/\/detaildepot.ar\/wp-content\/uploads\/2026\/04\/Diseno-sin-titulo-1.png","width":1024,"height":1024},{"@type":"BreadcrumbList","@id":"https:\/\/detaildepot.ar\/?product=limpiador-vaporera-hid#breadcrumb","itemListElement":[{"@type":"ListItem","position":1,"name":"Inicio","item":"https:\/\/detaildepot.ar\/"},{"@type":"ListItem","position":2,"name":"Tienda","item":"https:\/\/detaildepot.ar\/"},{"@type":"ListItem","position":3,"name":"LIMPIADOR VAPORERA HID"}]},{"@type":"WebSite","@id":"https:\/\/detaildepot.ar\/#website","url":"https:\/\/detaildepot.ar\/","name":"Detail Depot | Tienda de insumos para detail","description":"","publisher":{"@id":"https:\/\/detaildepot.ar\/#organization"},"potentialAction":[{"@type":"SearchAction","target":{"@type":"EntryPoint","urlTemplate":"https:\/\/detaildepot.ar\/?s={search_term_string}"},"query-input":{"@type":"PropertyValueSpecification","valueRequired":true,"valueName":"search_term_string"}}],"inLanguage":"es-AR"},{"@type":"Organization","@id":"https:\/\/detaildepot.ar\/#organization","name":"Detail Depot | Tienda de insumos para detail","url":"https:\/\/detaildepot.ar\/","logo":{"@type":"ImageObject","inLanguage":"es-AR","@id":"https:\/\/detaildepot.ar\/#\/schema\/logo\/image\/","url":"https:\/\/detaildepot.ar\/wp-content\/uploads\/2026\/03\/652187CB-8631-49B2-8296-13AA835CEAD2.png","contentUrl":"https:\/\/detaildepot.ar\/wp-content\/uploads\/2026\/03\/652187CB-8631-49B2-8296-13AA835CEAD2.png","width":1024,"height":1024,"caption":"Detail Depot | Tienda de insumos para detail"},"image":{"@id":"https:\/\/detaildepot.ar\/#\/schema\/logo\/image\/"}}]}},"jetpack_sharing_enabled":true,"_links":{"self":[{"href":"https:\/\/detaildepot.ar\/index.php?rest_route=\/wp\/v2\/product\/2136","targetHints":{"allow":["GET"]}}],"collection":[{"href":"https:\/\/detaildepot.ar\/index.php?rest_route=\/wp\/v2\/product"}],"about":[{"href":"https:\/\/detaildepot.ar\/index.php?rest_route=\/wp\/v2\/types\/product"}],"replies":[{"embeddable":true,"href":"https:\/\/detaildepot.ar\/index.php?rest_route=%2Fwp%2Fv2%2Fcomments&post=2136"}],"version-history":[{"count":1,"href":"https:\/\/detaildepot.ar\/index.php?rest_route=\/wp\/v2\/product\/2136\/revisions"}],"predecessor-version":[{"id":2138,"href":"https:\/\/detaildepot.ar\/index.php?rest_route=\/wp\/v2\/product\/2136\/revisions\/2138"}],"wp:featuredmedia":[{"embeddable":true,"href":"https:\/\/detaildepot.ar\/index.php?rest_route=\/wp\/v2\/media\/2137"}],"wp:attachment":[{"href":"https:\/\/detaildepot.ar\/index.php?rest_route=%2Fwp%2Fv2%2Fmedia&parent=2136"}],"wp:term":[{"taxonomy":"product_brand","embeddable":true,"href":"https:\/\/detaildepot.ar\/index.php?rest_route=%2Fwp%2Fv2%2Fproduct_brand&post=2136"},{"taxonomy":"product_cat","embeddable":true,"href":"https:\/\/detaildepot.ar\/index.php?rest_route=%2Fwp%2Fv2%2Fproduct_cat&post=2136"},{"taxonomy":"product_tag","embeddable":true,"href":"https:\/\/detaildepot.ar\/index.php?rest_route=%2Fwp%2Fv2%2Fproduct_tag&post=2136"}],"curies":[{"name":"wp","href":"https:\/\/api.w.org\/{rel}","templated":true}]}}