{"id":204,"date":"2025-08-27T02:12:35","date_gmt":"2025-08-27T02:12:35","guid":{"rendered":"https:\/\/detaildepot.ar\/producto\/blend-carnauba-silicia-paste-wax\/"},"modified":"2025-09-29T01:15:36","modified_gmt":"2025-09-29T04:15:36","slug":"blend-carnauba-silicia-paste-wax","status":"publish","type":"product","link":"https:\/\/detaildepot.ar\/?product=blend-carnauba-silicia-paste-wax","title":{"rendered":"BLEND CARNAUBA SILICIA &#8211; PASTE WAX"},"content":{"rendered":"<p>El producto promueve resistencia cer\u00e1mica, brillo c\u00e1lido de carnauba y repelencia al agua.<\/p>\n<p>La CERA EN PASTA BLEND CERAMIC &#038; CARNAUBA es una cera h\u00edbrida compuesta de SiO\u2082 y carnauba tipo 1 de m\u00e1xima pureza que protege las superficies del veh\u00edculo hasta por siete meses. El producto proporciona resistencia cer\u00e1mica, el brillo c\u00e1lido de la carnauba y repelencia al agua.<\/p>\n","protected":false},"excerpt":{"rendered":"<p>El producto promueve resistencia cer\u00e1mica, brillo c\u00e1lido de carnauba y repelencia al agua. La CERA EN PASTA BLEND CERAMIC &#038; CARNAUBA es una cera h\u00edbrida compuesta de SiO\u2082 y carnauba tipo 1 de m\u00e1xima pureza que protege las superficies del veh\u00edculo hasta por siete meses. El producto proporciona resistencia cer\u00e1mica, el brillo c\u00e1lido de la [&hellip;]<\/p>\n","protected":false},"featured_media":735,"comment_status":"open","ping_status":"closed","template":"","meta":[],"product_brand":[50],"product_cat":[36],"product_tag":[66,37,38,19],"class_list":{"0":"post-204","1":"product","2":"type-product","3":"status-publish","4":"has-post-thumbnail","6":"product_brand-vonixx","7":"product_cat-ceras","8":"product_tag-blend","9":"product_tag-carnauba","10":"product_tag-cera","11":"product_tag-vonixx","13":"first","14":"instock","15":"shipping-taxable","16":"purchasable","17":"product-type-simple"},"yoast_head":"<!-- This site is optimized with the Yoast SEO plugin v27.4 - https:\/\/yoast.com\/product\/yoast-seo-wordpress\/ -->\n<title>BLEND CARNAUBA SILICIA - PASTE WAX - Detail Depot | Tienda de insumos para detail<\/title>\n<meta name=\"robots\" content=\"index, follow, max-snippet:-1, max-image-preview:large, max-video-preview:-1\" \/>\n<link rel=\"canonical\" href=\"https:\/\/detaildepot.ar\/?product=blend-carnauba-silicia-paste-wax\" \/>\n<meta property=\"og:locale\" content=\"es_ES\" \/>\n<meta property=\"og:type\" content=\"article\" \/>\n<meta property=\"og:title\" content=\"BLEND CARNAUBA SILICIA - PASTE WAX - Detail Depot | Tienda de insumos para detail\" \/>\n<meta property=\"og:description\" content=\"El producto promueve resistencia cer\u00e1mica, brillo c\u00e1lido de carnauba y repelencia al agua. La CERA EN PASTA BLEND CERAMIC &#038; CARNAUBA es una cera h\u00edbrida compuesta de SiO\u2082 y carnauba tipo 1 de m\u00e1xima pureza que protege las superficies del veh\u00edculo hasta por siete meses. El producto proporciona resistencia cer\u00e1mica, el brillo c\u00e1lido de la [&hellip;]\" \/>\n<meta property=\"og:url\" content=\"https:\/\/detaildepot.ar\/?product=blend-carnauba-silicia-paste-wax\" \/>\n<meta property=\"og:site_name\" content=\"Detail Depot | Tienda de insumos para detail\" \/>\n<meta property=\"article:modified_time\" content=\"2025-09-29T04:15:36+00:00\" \/>\n<meta property=\"og:image\" content=\"https:\/\/detaildepot.ar\/wp-content\/uploads\/2025\/08\/vonixx_blendpasta.png\" \/>\n\t<meta property=\"og:image:width\" content=\"1024\" \/>\n\t<meta property=\"og:image:height\" content=\"1024\" \/>\n\t<meta property=\"og:image:type\" content=\"image\/png\" \/>\n<meta name=\"twitter:card\" content=\"summary_large_image\" \/>\n<meta name=\"twitter:label1\" content=\"Tiempo de lectura\" \/>\n\t<meta name=\"twitter:data1\" content=\"1 minuto\" \/>\n<script type=\"application\/ld+json\" class=\"yoast-schema-graph\">{\"@context\":\"https:\\\/\\\/schema.org\",\"@graph\":[{\"@type\":\"WebPage\",\"@id\":\"https:\\\/\\\/detaildepot.ar\\\/?product=blend-carnauba-silicia-paste-wax\",\"url\":\"https:\\\/\\\/detaildepot.ar\\\/?product=blend-carnauba-silicia-paste-wax\",\"name\":\"BLEND CARNAUBA SILICIA - PASTE WAX - Detail Depot | Tienda de insumos para detail\",\"isPartOf\":{\"@id\":\"https:\\\/\\\/detaildepot.ar\\\/#website\"},\"primaryImageOfPage\":{\"@id\":\"https:\\\/\\\/detaildepot.ar\\\/?product=blend-carnauba-silicia-paste-wax#primaryimage\"},\"image\":{\"@id\":\"https:\\\/\\\/detaildepot.ar\\\/?product=blend-carnauba-silicia-paste-wax#primaryimage\"},\"thumbnailUrl\":\"https:\\\/\\\/detaildepot.ar\\\/wp-content\\\/uploads\\\/2025\\\/08\\\/vonixx_blendpasta.png\",\"datePublished\":\"2025-08-27T02:12:35+00:00\",\"dateModified\":\"2025-09-29T04:15:36+00:00\",\"breadcrumb\":{\"@id\":\"https:\\\/\\\/detaildepot.ar\\\/?product=blend-carnauba-silicia-paste-wax#breadcrumb\"},\"inLanguage\":\"es-AR\",\"potentialAction\":[{\"@type\":\"ReadAction\",\"target\":[\"https:\\\/\\\/detaildepot.ar\\\/?product=blend-carnauba-silicia-paste-wax\"]}]},{\"@type\":\"ImageObject\",\"inLanguage\":\"es-AR\",\"@id\":\"https:\\\/\\\/detaildepot.ar\\\/?product=blend-carnauba-silicia-paste-wax#primaryimage\",\"url\":\"https:\\\/\\\/detaildepot.ar\\\/wp-content\\\/uploads\\\/2025\\\/08\\\/vonixx_blendpasta.png\",\"contentUrl\":\"https:\\\/\\\/detaildepot.ar\\\/wp-content\\\/uploads\\\/2025\\\/08\\\/vonixx_blendpasta.png\",\"width\":1024,\"height\":1024},{\"@type\":\"BreadcrumbList\",\"@id\":\"https:\\\/\\\/detaildepot.ar\\\/?product=blend-carnauba-silicia-paste-wax#breadcrumb\",\"itemListElement\":[{\"@type\":\"ListItem\",\"position\":1,\"name\":\"Inicio\",\"item\":\"https:\\\/\\\/detaildepot.ar\\\/\"},{\"@type\":\"ListItem\",\"position\":2,\"name\":\"Tienda\",\"item\":\"https:\\\/\\\/detaildepot.ar\\\/\"},{\"@type\":\"ListItem\",\"position\":3,\"name\":\"BLEND CARNAUBA SILICIA &#8211; PASTE WAX\"}]},{\"@type\":\"WebSite\",\"@id\":\"https:\\\/\\\/detaildepot.ar\\\/#website\",\"url\":\"https:\\\/\\\/detaildepot.ar\\\/\",\"name\":\"Detail Depot | Tienda de insumos para detail\",\"description\":\"\",\"publisher\":{\"@id\":\"https:\\\/\\\/detaildepot.ar\\\/#organization\"},\"potentialAction\":[{\"@type\":\"SearchAction\",\"target\":{\"@type\":\"EntryPoint\",\"urlTemplate\":\"https:\\\/\\\/detaildepot.ar\\\/?s={search_term_string}\"},\"query-input\":{\"@type\":\"PropertyValueSpecification\",\"valueRequired\":true,\"valueName\":\"search_term_string\"}}],\"inLanguage\":\"es-AR\"},{\"@type\":\"Organization\",\"@id\":\"https:\\\/\\\/detaildepot.ar\\\/#organization\",\"name\":\"Detail Depot | Tienda de insumos para detail\",\"url\":\"https:\\\/\\\/detaildepot.ar\\\/\",\"logo\":{\"@type\":\"ImageObject\",\"inLanguage\":\"es-AR\",\"@id\":\"https:\\\/\\\/detaildepot.ar\\\/#\\\/schema\\\/logo\\\/image\\\/\",\"url\":\"https:\\\/\\\/detaildepot.ar\\\/wp-content\\\/uploads\\\/2026\\\/03\\\/652187CB-8631-49B2-8296-13AA835CEAD2.png\",\"contentUrl\":\"https:\\\/\\\/detaildepot.ar\\\/wp-content\\\/uploads\\\/2026\\\/03\\\/652187CB-8631-49B2-8296-13AA835CEAD2.png\",\"width\":1024,\"height\":1024,\"caption\":\"Detail Depot | Tienda de insumos para detail\"},\"image\":{\"@id\":\"https:\\\/\\\/detaildepot.ar\\\/#\\\/schema\\\/logo\\\/image\\\/\"}}]}<\/script>\n<!-- \/ Yoast SEO plugin. -->","yoast_head_json":{"title":"BLEND CARNAUBA SILICIA - PASTE WAX - Detail Depot | Tienda de insumos para detail","robots":{"index":"index","follow":"follow","max-snippet":"max-snippet:-1","max-image-preview":"max-image-preview:large","max-video-preview":"max-video-preview:-1"},"canonical":"https:\/\/detaildepot.ar\/?product=blend-carnauba-silicia-paste-wax","og_locale":"es_ES","og_type":"article","og_title":"BLEND CARNAUBA SILICIA - PASTE WAX - Detail Depot | Tienda de insumos para detail","og_description":"El producto promueve resistencia cer\u00e1mica, brillo c\u00e1lido de carnauba y repelencia al agua. La CERA EN PASTA BLEND CERAMIC &#038; CARNAUBA es una cera h\u00edbrida compuesta de SiO\u2082 y carnauba tipo 1 de m\u00e1xima pureza que protege las superficies del veh\u00edculo hasta por siete meses. El producto proporciona resistencia cer\u00e1mica, el brillo c\u00e1lido de la [&hellip;]","og_url":"https:\/\/detaildepot.ar\/?product=blend-carnauba-silicia-paste-wax","og_site_name":"Detail Depot | Tienda de insumos para detail","article_modified_time":"2025-09-29T04:15:36+00:00","og_image":[{"width":1024,"height":1024,"url":"https:\/\/detaildepot.ar\/wp-content\/uploads\/2025\/08\/vonixx_blendpasta.png","type":"image\/png"}],"twitter_card":"summary_large_image","twitter_misc":{"Tiempo de lectura":"1 minuto"},"schema":{"@context":"https:\/\/schema.org","@graph":[{"@type":"WebPage","@id":"https:\/\/detaildepot.ar\/?product=blend-carnauba-silicia-paste-wax","url":"https:\/\/detaildepot.ar\/?product=blend-carnauba-silicia-paste-wax","name":"BLEND CARNAUBA SILICIA - PASTE WAX - Detail Depot | Tienda de insumos para detail","isPartOf":{"@id":"https:\/\/detaildepot.ar\/#website"},"primaryImageOfPage":{"@id":"https:\/\/detaildepot.ar\/?product=blend-carnauba-silicia-paste-wax#primaryimage"},"image":{"@id":"https:\/\/detaildepot.ar\/?product=blend-carnauba-silicia-paste-wax#primaryimage"},"thumbnailUrl":"https:\/\/detaildepot.ar\/wp-content\/uploads\/2025\/08\/vonixx_blendpasta.png","datePublished":"2025-08-27T02:12:35+00:00","dateModified":"2025-09-29T04:15:36+00:00","breadcrumb":{"@id":"https:\/\/detaildepot.ar\/?product=blend-carnauba-silicia-paste-wax#breadcrumb"},"inLanguage":"es-AR","potentialAction":[{"@type":"ReadAction","target":["https:\/\/detaildepot.ar\/?product=blend-carnauba-silicia-paste-wax"]}]},{"@type":"ImageObject","inLanguage":"es-AR","@id":"https:\/\/detaildepot.ar\/?product=blend-carnauba-silicia-paste-wax#primaryimage","url":"https:\/\/detaildepot.ar\/wp-content\/uploads\/2025\/08\/vonixx_blendpasta.png","contentUrl":"https:\/\/detaildepot.ar\/wp-content\/uploads\/2025\/08\/vonixx_blendpasta.png","width":1024,"height":1024},{"@type":"BreadcrumbList","@id":"https:\/\/detaildepot.ar\/?product=blend-carnauba-silicia-paste-wax#breadcrumb","itemListElement":[{"@type":"ListItem","position":1,"name":"Inicio","item":"https:\/\/detaildepot.ar\/"},{"@type":"ListItem","position":2,"name":"Tienda","item":"https:\/\/detaildepot.ar\/"},{"@type":"ListItem","position":3,"name":"BLEND CARNAUBA SILICIA &#8211; PASTE WAX"}]},{"@type":"WebSite","@id":"https:\/\/detaildepot.ar\/#website","url":"https:\/\/detaildepot.ar\/","name":"Detail Depot | Tienda de insumos para detail","description":"","publisher":{"@id":"https:\/\/detaildepot.ar\/#organization"},"potentialAction":[{"@type":"SearchAction","target":{"@type":"EntryPoint","urlTemplate":"https:\/\/detaildepot.ar\/?s={search_term_string}"},"query-input":{"@type":"PropertyValueSpecification","valueRequired":true,"valueName":"search_term_string"}}],"inLanguage":"es-AR"},{"@type":"Organization","@id":"https:\/\/detaildepot.ar\/#organization","name":"Detail Depot | Tienda de insumos para detail","url":"https:\/\/detaildepot.ar\/","logo":{"@type":"ImageObject","inLanguage":"es-AR","@id":"https:\/\/detaildepot.ar\/#\/schema\/logo\/image\/","url":"https:\/\/detaildepot.ar\/wp-content\/uploads\/2026\/03\/652187CB-8631-49B2-8296-13AA835CEAD2.png","contentUrl":"https:\/\/detaildepot.ar\/wp-content\/uploads\/2026\/03\/652187CB-8631-49B2-8296-13AA835CEAD2.png","width":1024,"height":1024,"caption":"Detail Depot | Tienda de insumos para detail"},"image":{"@id":"https:\/\/detaildepot.ar\/#\/schema\/logo\/image\/"}}]}},"jetpack_sharing_enabled":true,"_links":{"self":[{"href":"https:\/\/detaildepot.ar\/index.php?rest_route=\/wp\/v2\/product\/204","targetHints":{"allow":["GET"]}}],"collection":[{"href":"https:\/\/detaildepot.ar\/index.php?rest_route=\/wp\/v2\/product"}],"about":[{"href":"https:\/\/detaildepot.ar\/index.php?rest_route=\/wp\/v2\/types\/product"}],"replies":[{"embeddable":true,"href":"https:\/\/detaildepot.ar\/index.php?rest_route=%2Fwp%2Fv2%2Fcomments&post=204"}],"version-history":[{"count":2,"href":"https:\/\/detaildepot.ar\/index.php?rest_route=\/wp\/v2\/product\/204\/revisions"}],"predecessor-version":[{"id":1590,"href":"https:\/\/detaildepot.ar\/index.php?rest_route=\/wp\/v2\/product\/204\/revisions\/1590"}],"wp:featuredmedia":[{"embeddable":true,"href":"https:\/\/detaildepot.ar\/index.php?rest_route=\/wp\/v2\/media\/735"}],"wp:attachment":[{"href":"https:\/\/detaildepot.ar\/index.php?rest_route=%2Fwp%2Fv2%2Fmedia&parent=204"}],"wp:term":[{"taxonomy":"product_brand","embeddable":true,"href":"https:\/\/detaildepot.ar\/index.php?rest_route=%2Fwp%2Fv2%2Fproduct_brand&post=204"},{"taxonomy":"product_cat","embeddable":true,"href":"https:\/\/detaildepot.ar\/index.php?rest_route=%2Fwp%2Fv2%2Fproduct_cat&post=204"},{"taxonomy":"product_tag","embeddable":true,"href":"https:\/\/detaildepot.ar\/index.php?rest_route=%2Fwp%2Fv2%2Fproduct_tag&post=204"}],"curies":[{"name":"wp","href":"https:\/\/api.w.org\/{rel}","templated":true}]}}