{"id":200,"date":"2025-08-27T02:12:34","date_gmt":"2025-08-27T02:12:34","guid":{"rendered":"https:\/\/detaildepot.ar\/producto\/vonixx-blend-all-in-one\/"},"modified":"2025-09-29T01:17:01","modified_gmt":"2025-09-29T04:17:01","slug":"vonixx-blend-all-in-one","status":"publish","type":"product","link":"https:\/\/detaildepot.ar\/?product=vonixx-blend-all-in-one","title":{"rendered":"VONIXX BLEND ALL IN ONE"},"content":{"rendered":"<p>La funci\u00f3n principal de este producto es facilitar el pulido en un solo paso y adem\u00e1s brindar limpieza, brillo y protecci\u00f3n a su veh\u00edculo.<\/p>\n<p>Blend All-In-One es un pulimento de un solo paso con protecci\u00f3n que combina el brillo de la carnauba con la resistencia cer\u00e1mica del SiO\u2082, adem\u00e1s de promover la repelencia al agua de la pintura. Su alto poder de corte elimina rayones y remolinos de moderados a severos (comparable a una lija P2000 o m\u00e1s fina).<\/p>\n","protected":false},"excerpt":{"rendered":"<p>La funci\u00f3n principal de este producto es facilitar el pulido en un solo paso y adem\u00e1s brindar limpieza, brillo y protecci\u00f3n a su veh\u00edculo. Blend All-In-One es un pulimento de un solo paso con protecci\u00f3n que combina el brillo de la carnauba con la resistencia cer\u00e1mica del SiO\u2082, adem\u00e1s de promover la repelencia al agua [&hellip;]<\/p>\n","protected":false},"featured_media":882,"comment_status":"open","ping_status":"closed","template":"","meta":[],"product_brand":[50],"product_cat":[22],"product_tag":[29,25,19],"class_list":{"0":"post-200","1":"product","2":"type-product","3":"status-publish","4":"has-post-thumbnail","6":"product_brand-vonixx","7":"product_cat-pulimentos","8":"product_tag-3en1","9":"product_tag-pulimento","10":"product_tag-vonixx","12":"first","13":"instock","14":"shipping-taxable","15":"purchasable","16":"product-type-simple"},"yoast_head":"<!-- This site is optimized with the Yoast SEO plugin v27.4 - https:\/\/yoast.com\/product\/yoast-seo-wordpress\/ -->\n<title>VONIXX BLEND ALL IN ONE - Detail Depot | Tienda de insumos para detail<\/title>\n<meta name=\"robots\" content=\"index, follow, max-snippet:-1, max-image-preview:large, max-video-preview:-1\" \/>\n<link rel=\"canonical\" href=\"https:\/\/detaildepot.ar\/?product=vonixx-blend-all-in-one\" \/>\n<meta property=\"og:locale\" content=\"es_ES\" \/>\n<meta property=\"og:type\" content=\"article\" \/>\n<meta property=\"og:title\" content=\"VONIXX BLEND ALL IN ONE - Detail Depot | Tienda de insumos para detail\" \/>\n<meta property=\"og:description\" content=\"La funci\u00f3n principal de este producto es facilitar el pulido en un solo paso y adem\u00e1s brindar limpieza, brillo y protecci\u00f3n a su veh\u00edculo. Blend All-In-One es un pulimento de un solo paso con protecci\u00f3n que combina el brillo de la carnauba con la resistencia cer\u00e1mica del SiO\u2082, adem\u00e1s de promover la repelencia al agua [&hellip;]\" \/>\n<meta property=\"og:url\" content=\"https:\/\/detaildepot.ar\/?product=vonixx-blend-all-in-one\" \/>\n<meta property=\"og:site_name\" content=\"Detail Depot | Tienda de insumos para detail\" \/>\n<meta property=\"article:modified_time\" content=\"2025-09-29T04:17:01+00:00\" \/>\n<meta property=\"og:image\" content=\"https:\/\/detaildepot.ar\/wp-content\/uploads\/2025\/08\/Diseno-sin-titulo-6.png\" \/>\n\t<meta property=\"og:image:width\" content=\"1024\" \/>\n\t<meta property=\"og:image:height\" content=\"1024\" \/>\n\t<meta property=\"og:image:type\" content=\"image\/png\" \/>\n<meta name=\"twitter:card\" content=\"summary_large_image\" \/>\n<meta name=\"twitter:label1\" content=\"Tiempo de lectura\" \/>\n\t<meta name=\"twitter:data1\" content=\"1 minuto\" \/>\n<script type=\"application\/ld+json\" class=\"yoast-schema-graph\">{\"@context\":\"https:\\\/\\\/schema.org\",\"@graph\":[{\"@type\":\"WebPage\",\"@id\":\"https:\\\/\\\/detaildepot.ar\\\/?product=vonixx-blend-all-in-one\",\"url\":\"https:\\\/\\\/detaildepot.ar\\\/?product=vonixx-blend-all-in-one\",\"name\":\"VONIXX BLEND ALL IN ONE - Detail Depot | Tienda de insumos para detail\",\"isPartOf\":{\"@id\":\"https:\\\/\\\/detaildepot.ar\\\/#website\"},\"primaryImageOfPage\":{\"@id\":\"https:\\\/\\\/detaildepot.ar\\\/?product=vonixx-blend-all-in-one#primaryimage\"},\"image\":{\"@id\":\"https:\\\/\\\/detaildepot.ar\\\/?product=vonixx-blend-all-in-one#primaryimage\"},\"thumbnailUrl\":\"https:\\\/\\\/detaildepot.ar\\\/wp-content\\\/uploads\\\/2025\\\/08\\\/Diseno-sin-titulo-6.png\",\"datePublished\":\"2025-08-27T02:12:34+00:00\",\"dateModified\":\"2025-09-29T04:17:01+00:00\",\"breadcrumb\":{\"@id\":\"https:\\\/\\\/detaildepot.ar\\\/?product=vonixx-blend-all-in-one#breadcrumb\"},\"inLanguage\":\"es-AR\",\"potentialAction\":[{\"@type\":\"ReadAction\",\"target\":[\"https:\\\/\\\/detaildepot.ar\\\/?product=vonixx-blend-all-in-one\"]}]},{\"@type\":\"ImageObject\",\"inLanguage\":\"es-AR\",\"@id\":\"https:\\\/\\\/detaildepot.ar\\\/?product=vonixx-blend-all-in-one#primaryimage\",\"url\":\"https:\\\/\\\/detaildepot.ar\\\/wp-content\\\/uploads\\\/2025\\\/08\\\/Diseno-sin-titulo-6.png\",\"contentUrl\":\"https:\\\/\\\/detaildepot.ar\\\/wp-content\\\/uploads\\\/2025\\\/08\\\/Diseno-sin-titulo-6.png\",\"width\":1024,\"height\":1024},{\"@type\":\"BreadcrumbList\",\"@id\":\"https:\\\/\\\/detaildepot.ar\\\/?product=vonixx-blend-all-in-one#breadcrumb\",\"itemListElement\":[{\"@type\":\"ListItem\",\"position\":1,\"name\":\"Inicio\",\"item\":\"https:\\\/\\\/detaildepot.ar\\\/\"},{\"@type\":\"ListItem\",\"position\":2,\"name\":\"Tienda\",\"item\":\"https:\\\/\\\/detaildepot.ar\\\/\"},{\"@type\":\"ListItem\",\"position\":3,\"name\":\"VONIXX BLEND ALL IN ONE\"}]},{\"@type\":\"WebSite\",\"@id\":\"https:\\\/\\\/detaildepot.ar\\\/#website\",\"url\":\"https:\\\/\\\/detaildepot.ar\\\/\",\"name\":\"Detail Depot | Tienda de insumos para detail\",\"description\":\"\",\"publisher\":{\"@id\":\"https:\\\/\\\/detaildepot.ar\\\/#organization\"},\"potentialAction\":[{\"@type\":\"SearchAction\",\"target\":{\"@type\":\"EntryPoint\",\"urlTemplate\":\"https:\\\/\\\/detaildepot.ar\\\/?s={search_term_string}\"},\"query-input\":{\"@type\":\"PropertyValueSpecification\",\"valueRequired\":true,\"valueName\":\"search_term_string\"}}],\"inLanguage\":\"es-AR\"},{\"@type\":\"Organization\",\"@id\":\"https:\\\/\\\/detaildepot.ar\\\/#organization\",\"name\":\"Detail Depot | Tienda de insumos para detail\",\"url\":\"https:\\\/\\\/detaildepot.ar\\\/\",\"logo\":{\"@type\":\"ImageObject\",\"inLanguage\":\"es-AR\",\"@id\":\"https:\\\/\\\/detaildepot.ar\\\/#\\\/schema\\\/logo\\\/image\\\/\",\"url\":\"https:\\\/\\\/detaildepot.ar\\\/wp-content\\\/uploads\\\/2026\\\/03\\\/652187CB-8631-49B2-8296-13AA835CEAD2.png\",\"contentUrl\":\"https:\\\/\\\/detaildepot.ar\\\/wp-content\\\/uploads\\\/2026\\\/03\\\/652187CB-8631-49B2-8296-13AA835CEAD2.png\",\"width\":1024,\"height\":1024,\"caption\":\"Detail Depot | Tienda de insumos para detail\"},\"image\":{\"@id\":\"https:\\\/\\\/detaildepot.ar\\\/#\\\/schema\\\/logo\\\/image\\\/\"}}]}<\/script>\n<!-- \/ Yoast SEO plugin. -->","yoast_head_json":{"title":"VONIXX BLEND ALL IN ONE - Detail Depot | Tienda de insumos para detail","robots":{"index":"index","follow":"follow","max-snippet":"max-snippet:-1","max-image-preview":"max-image-preview:large","max-video-preview":"max-video-preview:-1"},"canonical":"https:\/\/detaildepot.ar\/?product=vonixx-blend-all-in-one","og_locale":"es_ES","og_type":"article","og_title":"VONIXX BLEND ALL IN ONE - Detail Depot | Tienda de insumos para detail","og_description":"La funci\u00f3n principal de este producto es facilitar el pulido en un solo paso y adem\u00e1s brindar limpieza, brillo y protecci\u00f3n a su veh\u00edculo. Blend All-In-One es un pulimento de un solo paso con protecci\u00f3n que combina el brillo de la carnauba con la resistencia cer\u00e1mica del SiO\u2082, adem\u00e1s de promover la repelencia al agua [&hellip;]","og_url":"https:\/\/detaildepot.ar\/?product=vonixx-blend-all-in-one","og_site_name":"Detail Depot | Tienda de insumos para detail","article_modified_time":"2025-09-29T04:17:01+00:00","og_image":[{"width":1024,"height":1024,"url":"https:\/\/detaildepot.ar\/wp-content\/uploads\/2025\/08\/Diseno-sin-titulo-6.png","type":"image\/png"}],"twitter_card":"summary_large_image","twitter_misc":{"Tiempo de lectura":"1 minuto"},"schema":{"@context":"https:\/\/schema.org","@graph":[{"@type":"WebPage","@id":"https:\/\/detaildepot.ar\/?product=vonixx-blend-all-in-one","url":"https:\/\/detaildepot.ar\/?product=vonixx-blend-all-in-one","name":"VONIXX BLEND ALL IN ONE - Detail Depot | Tienda de insumos para detail","isPartOf":{"@id":"https:\/\/detaildepot.ar\/#website"},"primaryImageOfPage":{"@id":"https:\/\/detaildepot.ar\/?product=vonixx-blend-all-in-one#primaryimage"},"image":{"@id":"https:\/\/detaildepot.ar\/?product=vonixx-blend-all-in-one#primaryimage"},"thumbnailUrl":"https:\/\/detaildepot.ar\/wp-content\/uploads\/2025\/08\/Diseno-sin-titulo-6.png","datePublished":"2025-08-27T02:12:34+00:00","dateModified":"2025-09-29T04:17:01+00:00","breadcrumb":{"@id":"https:\/\/detaildepot.ar\/?product=vonixx-blend-all-in-one#breadcrumb"},"inLanguage":"es-AR","potentialAction":[{"@type":"ReadAction","target":["https:\/\/detaildepot.ar\/?product=vonixx-blend-all-in-one"]}]},{"@type":"ImageObject","inLanguage":"es-AR","@id":"https:\/\/detaildepot.ar\/?product=vonixx-blend-all-in-one#primaryimage","url":"https:\/\/detaildepot.ar\/wp-content\/uploads\/2025\/08\/Diseno-sin-titulo-6.png","contentUrl":"https:\/\/detaildepot.ar\/wp-content\/uploads\/2025\/08\/Diseno-sin-titulo-6.png","width":1024,"height":1024},{"@type":"BreadcrumbList","@id":"https:\/\/detaildepot.ar\/?product=vonixx-blend-all-in-one#breadcrumb","itemListElement":[{"@type":"ListItem","position":1,"name":"Inicio","item":"https:\/\/detaildepot.ar\/"},{"@type":"ListItem","position":2,"name":"Tienda","item":"https:\/\/detaildepot.ar\/"},{"@type":"ListItem","position":3,"name":"VONIXX BLEND ALL IN ONE"}]},{"@type":"WebSite","@id":"https:\/\/detaildepot.ar\/#website","url":"https:\/\/detaildepot.ar\/","name":"Detail Depot | Tienda de insumos para detail","description":"","publisher":{"@id":"https:\/\/detaildepot.ar\/#organization"},"potentialAction":[{"@type":"SearchAction","target":{"@type":"EntryPoint","urlTemplate":"https:\/\/detaildepot.ar\/?s={search_term_string}"},"query-input":{"@type":"PropertyValueSpecification","valueRequired":true,"valueName":"search_term_string"}}],"inLanguage":"es-AR"},{"@type":"Organization","@id":"https:\/\/detaildepot.ar\/#organization","name":"Detail Depot | Tienda de insumos para detail","url":"https:\/\/detaildepot.ar\/","logo":{"@type":"ImageObject","inLanguage":"es-AR","@id":"https:\/\/detaildepot.ar\/#\/schema\/logo\/image\/","url":"https:\/\/detaildepot.ar\/wp-content\/uploads\/2026\/03\/652187CB-8631-49B2-8296-13AA835CEAD2.png","contentUrl":"https:\/\/detaildepot.ar\/wp-content\/uploads\/2026\/03\/652187CB-8631-49B2-8296-13AA835CEAD2.png","width":1024,"height":1024,"caption":"Detail Depot | Tienda de insumos para detail"},"image":{"@id":"https:\/\/detaildepot.ar\/#\/schema\/logo\/image\/"}}]}},"jetpack_sharing_enabled":true,"_links":{"self":[{"href":"https:\/\/detaildepot.ar\/index.php?rest_route=\/wp\/v2\/product\/200","targetHints":{"allow":["GET"]}}],"collection":[{"href":"https:\/\/detaildepot.ar\/index.php?rest_route=\/wp\/v2\/product"}],"about":[{"href":"https:\/\/detaildepot.ar\/index.php?rest_route=\/wp\/v2\/types\/product"}],"replies":[{"embeddable":true,"href":"https:\/\/detaildepot.ar\/index.php?rest_route=%2Fwp%2Fv2%2Fcomments&post=200"}],"version-history":[{"count":2,"href":"https:\/\/detaildepot.ar\/index.php?rest_route=\/wp\/v2\/product\/200\/revisions"}],"predecessor-version":[{"id":1596,"href":"https:\/\/detaildepot.ar\/index.php?rest_route=\/wp\/v2\/product\/200\/revisions\/1596"}],"wp:featuredmedia":[{"embeddable":true,"href":"https:\/\/detaildepot.ar\/index.php?rest_route=\/wp\/v2\/media\/882"}],"wp:attachment":[{"href":"https:\/\/detaildepot.ar\/index.php?rest_route=%2Fwp%2Fv2%2Fmedia&parent=200"}],"wp:term":[{"taxonomy":"product_brand","embeddable":true,"href":"https:\/\/detaildepot.ar\/index.php?rest_route=%2Fwp%2Fv2%2Fproduct_brand&post=200"},{"taxonomy":"product_cat","embeddable":true,"href":"https:\/\/detaildepot.ar\/index.php?rest_route=%2Fwp%2Fv2%2Fproduct_cat&post=200"},{"taxonomy":"product_tag","embeddable":true,"href":"https:\/\/detaildepot.ar\/index.php?rest_route=%2Fwp%2Fv2%2Fproduct_tag&post=200"}],"curies":[{"name":"wp","href":"https:\/\/api.w.org\/{rel}","templated":true}]}}