{"id":1743,"date":"2025-11-10T23:46:13","date_gmt":"2025-11-11T02:46:13","guid":{"rendered":"https:\/\/detaildepot.ar\/?post_type=product&#038;p=1743"},"modified":"2025-11-10T23:46:13","modified_gmt":"2025-11-11T02:46:13","slug":"scangrip-minimatch-110v","status":"publish","type":"product","link":"https:\/\/detaildepot.ar\/?product=scangrip-minimatch-110v","title":{"rendered":"SCANGRIP MINIMATCH (110V)"},"content":{"rendered":"<p>Proporciona hasta 200 l\u00famenes y cuenta con 2 LUZ DE COLOR (c\u00e1lido y fr\u00edo) que hace que MINIMATCH sea especialmente \u00fatil para combinar colores y detalles en superficies de colores brillantes y oscuros.<br \/>\nCon su construcci\u00f3n duradera, MINIMATCH es resistente al polvo y al agua, IP65. Se suministra con lente de vidrio resistente a los disolventes.<br \/>\nEl indicador de bater\u00eda incorporado en la parte delantera muestra cu\u00e1ndo se debe recargar la bater\u00eda.<br \/>\nLa l\u00e1mpara es f\u00e1cil de llevar en el bolsillo o en su cintur\u00f3n de trabajo con el clip incorporado, listo a mano para el control de calidad entre las operaciones de la zona de preparaci\u00f3n.<br \/>\nCuenta con una opci\u00f3n de funcionamiento de dos pasos: Paso 1 = 100%, paso 2 = 50% de salida de luz.<\/p>\n","protected":false},"excerpt":{"rendered":"<p>Proporciona hasta 200 l\u00famenes y cuenta con 2 LUZ DE COLOR (c\u00e1lido y fr\u00edo) que hace que MINIMATCH sea especialmente \u00fatil para combinar colores y detalles en superficies de colores brillantes y oscuros. Con su construcci\u00f3n duradera, MINIMATCH es resistente al polvo y al agua, IP65. Se suministra con lente de vidrio resistente a los [&hellip;]<\/p>\n","protected":false},"featured_media":1745,"comment_status":"open","ping_status":"closed","template":"","meta":[],"product_brand":[369],"product_cat":[368],"product_tag":[372,370,371],"class_list":{"0":"post-1743","1":"product","2":"type-product","3":"status-publish","4":"has-post-thumbnail","6":"product_brand-scangrip","7":"product_cat-iluminacion","8":"product_tag-mini","9":"product_tag-scangrip","10":"product_tag-sunmatch","12":"first","13":"onbackorder","14":"shipping-taxable","15":"purchasable","16":"product-type-simple"},"yoast_head":"<!-- This site is optimized with the Yoast SEO plugin v27.4 - https:\/\/yoast.com\/product\/yoast-seo-wordpress\/ -->\n<title>SCANGRIP MINIMATCH (110V) - Detail Depot | Tienda de insumos para detail<\/title>\n<meta name=\"robots\" content=\"index, follow, max-snippet:-1, max-image-preview:large, max-video-preview:-1\" \/>\n<link rel=\"canonical\" href=\"https:\/\/detaildepot.ar\/?product=scangrip-minimatch-110v\" \/>\n<meta property=\"og:locale\" content=\"es_ES\" \/>\n<meta property=\"og:type\" content=\"article\" \/>\n<meta property=\"og:title\" content=\"SCANGRIP MINIMATCH (110V) - Detail Depot | Tienda de insumos para detail\" \/>\n<meta property=\"og:description\" content=\"Proporciona hasta 200 l\u00famenes y cuenta con 2 LUZ DE COLOR (c\u00e1lido y fr\u00edo) que hace que MINIMATCH sea especialmente \u00fatil para combinar colores y detalles en superficies de colores brillantes y oscuros. Con su construcci\u00f3n duradera, MINIMATCH es resistente al polvo y al agua, IP65. Se suministra con lente de vidrio resistente a los [&hellip;]\" \/>\n<meta property=\"og:url\" content=\"https:\/\/detaildepot.ar\/?product=scangrip-minimatch-110v\" \/>\n<meta property=\"og:site_name\" content=\"Detail Depot | Tienda de insumos para detail\" \/>\n<meta property=\"og:image\" content=\"https:\/\/detaildepot.ar\/wp-content\/uploads\/2025\/11\/2.png\" \/>\n\t<meta property=\"og:image:width\" content=\"1024\" \/>\n\t<meta property=\"og:image:height\" content=\"1024\" \/>\n\t<meta property=\"og:image:type\" content=\"image\/png\" \/>\n<meta name=\"twitter:card\" content=\"summary_large_image\" \/>\n<meta name=\"twitter:label1\" content=\"Tiempo de lectura\" \/>\n\t<meta name=\"twitter:data1\" content=\"1 minuto\" \/>\n<script type=\"application\/ld+json\" class=\"yoast-schema-graph\">{\"@context\":\"https:\\\/\\\/schema.org\",\"@graph\":[{\"@type\":\"WebPage\",\"@id\":\"https:\\\/\\\/detaildepot.ar\\\/?product=scangrip-minimatch-110v\",\"url\":\"https:\\\/\\\/detaildepot.ar\\\/?product=scangrip-minimatch-110v\",\"name\":\"SCANGRIP MINIMATCH (110V) - Detail Depot | Tienda de insumos para detail\",\"isPartOf\":{\"@id\":\"https:\\\/\\\/detaildepot.ar\\\/#website\"},\"primaryImageOfPage\":{\"@id\":\"https:\\\/\\\/detaildepot.ar\\\/?product=scangrip-minimatch-110v#primaryimage\"},\"image\":{\"@id\":\"https:\\\/\\\/detaildepot.ar\\\/?product=scangrip-minimatch-110v#primaryimage\"},\"thumbnailUrl\":\"https:\\\/\\\/detaildepot.ar\\\/wp-content\\\/uploads\\\/2025\\\/11\\\/2.png\",\"datePublished\":\"2025-11-11T02:46:13+00:00\",\"breadcrumb\":{\"@id\":\"https:\\\/\\\/detaildepot.ar\\\/?product=scangrip-minimatch-110v#breadcrumb\"},\"inLanguage\":\"es-AR\",\"potentialAction\":[{\"@type\":\"ReadAction\",\"target\":[\"https:\\\/\\\/detaildepot.ar\\\/?product=scangrip-minimatch-110v\"]}]},{\"@type\":\"ImageObject\",\"inLanguage\":\"es-AR\",\"@id\":\"https:\\\/\\\/detaildepot.ar\\\/?product=scangrip-minimatch-110v#primaryimage\",\"url\":\"https:\\\/\\\/detaildepot.ar\\\/wp-content\\\/uploads\\\/2025\\\/11\\\/2.png\",\"contentUrl\":\"https:\\\/\\\/detaildepot.ar\\\/wp-content\\\/uploads\\\/2025\\\/11\\\/2.png\",\"width\":1024,\"height\":1024},{\"@type\":\"BreadcrumbList\",\"@id\":\"https:\\\/\\\/detaildepot.ar\\\/?product=scangrip-minimatch-110v#breadcrumb\",\"itemListElement\":[{\"@type\":\"ListItem\",\"position\":1,\"name\":\"Inicio\",\"item\":\"https:\\\/\\\/detaildepot.ar\\\/\"},{\"@type\":\"ListItem\",\"position\":2,\"name\":\"Tienda\",\"item\":\"https:\\\/\\\/detaildepot.ar\\\/\"},{\"@type\":\"ListItem\",\"position\":3,\"name\":\"SCANGRIP MINIMATCH (110V)\"}]},{\"@type\":\"WebSite\",\"@id\":\"https:\\\/\\\/detaildepot.ar\\\/#website\",\"url\":\"https:\\\/\\\/detaildepot.ar\\\/\",\"name\":\"Detail Depot | Tienda de insumos para detail\",\"description\":\"\",\"publisher\":{\"@id\":\"https:\\\/\\\/detaildepot.ar\\\/#organization\"},\"potentialAction\":[{\"@type\":\"SearchAction\",\"target\":{\"@type\":\"EntryPoint\",\"urlTemplate\":\"https:\\\/\\\/detaildepot.ar\\\/?s={search_term_string}\"},\"query-input\":{\"@type\":\"PropertyValueSpecification\",\"valueRequired\":true,\"valueName\":\"search_term_string\"}}],\"inLanguage\":\"es-AR\"},{\"@type\":\"Organization\",\"@id\":\"https:\\\/\\\/detaildepot.ar\\\/#organization\",\"name\":\"Detail Depot | Tienda de insumos para detail\",\"url\":\"https:\\\/\\\/detaildepot.ar\\\/\",\"logo\":{\"@type\":\"ImageObject\",\"inLanguage\":\"es-AR\",\"@id\":\"https:\\\/\\\/detaildepot.ar\\\/#\\\/schema\\\/logo\\\/image\\\/\",\"url\":\"https:\\\/\\\/detaildepot.ar\\\/wp-content\\\/uploads\\\/2026\\\/03\\\/652187CB-8631-49B2-8296-13AA835CEAD2.png\",\"contentUrl\":\"https:\\\/\\\/detaildepot.ar\\\/wp-content\\\/uploads\\\/2026\\\/03\\\/652187CB-8631-49B2-8296-13AA835CEAD2.png\",\"width\":1024,\"height\":1024,\"caption\":\"Detail Depot | Tienda de insumos para detail\"},\"image\":{\"@id\":\"https:\\\/\\\/detaildepot.ar\\\/#\\\/schema\\\/logo\\\/image\\\/\"}}]}<\/script>\n<!-- \/ Yoast SEO plugin. -->","yoast_head_json":{"title":"SCANGRIP MINIMATCH (110V) - Detail Depot | Tienda de insumos para detail","robots":{"index":"index","follow":"follow","max-snippet":"max-snippet:-1","max-image-preview":"max-image-preview:large","max-video-preview":"max-video-preview:-1"},"canonical":"https:\/\/detaildepot.ar\/?product=scangrip-minimatch-110v","og_locale":"es_ES","og_type":"article","og_title":"SCANGRIP MINIMATCH (110V) - Detail Depot | Tienda de insumos para detail","og_description":"Proporciona hasta 200 l\u00famenes y cuenta con 2 LUZ DE COLOR (c\u00e1lido y fr\u00edo) que hace que MINIMATCH sea especialmente \u00fatil para combinar colores y detalles en superficies de colores brillantes y oscuros. Con su construcci\u00f3n duradera, MINIMATCH es resistente al polvo y al agua, IP65. Se suministra con lente de vidrio resistente a los [&hellip;]","og_url":"https:\/\/detaildepot.ar\/?product=scangrip-minimatch-110v","og_site_name":"Detail Depot | Tienda de insumos para detail","og_image":[{"width":1024,"height":1024,"url":"https:\/\/detaildepot.ar\/wp-content\/uploads\/2025\/11\/2.png","type":"image\/png"}],"twitter_card":"summary_large_image","twitter_misc":{"Tiempo de lectura":"1 minuto"},"schema":{"@context":"https:\/\/schema.org","@graph":[{"@type":"WebPage","@id":"https:\/\/detaildepot.ar\/?product=scangrip-minimatch-110v","url":"https:\/\/detaildepot.ar\/?product=scangrip-minimatch-110v","name":"SCANGRIP MINIMATCH (110V) - Detail Depot | Tienda de insumos para detail","isPartOf":{"@id":"https:\/\/detaildepot.ar\/#website"},"primaryImageOfPage":{"@id":"https:\/\/detaildepot.ar\/?product=scangrip-minimatch-110v#primaryimage"},"image":{"@id":"https:\/\/detaildepot.ar\/?product=scangrip-minimatch-110v#primaryimage"},"thumbnailUrl":"https:\/\/detaildepot.ar\/wp-content\/uploads\/2025\/11\/2.png","datePublished":"2025-11-11T02:46:13+00:00","breadcrumb":{"@id":"https:\/\/detaildepot.ar\/?product=scangrip-minimatch-110v#breadcrumb"},"inLanguage":"es-AR","potentialAction":[{"@type":"ReadAction","target":["https:\/\/detaildepot.ar\/?product=scangrip-minimatch-110v"]}]},{"@type":"ImageObject","inLanguage":"es-AR","@id":"https:\/\/detaildepot.ar\/?product=scangrip-minimatch-110v#primaryimage","url":"https:\/\/detaildepot.ar\/wp-content\/uploads\/2025\/11\/2.png","contentUrl":"https:\/\/detaildepot.ar\/wp-content\/uploads\/2025\/11\/2.png","width":1024,"height":1024},{"@type":"BreadcrumbList","@id":"https:\/\/detaildepot.ar\/?product=scangrip-minimatch-110v#breadcrumb","itemListElement":[{"@type":"ListItem","position":1,"name":"Inicio","item":"https:\/\/detaildepot.ar\/"},{"@type":"ListItem","position":2,"name":"Tienda","item":"https:\/\/detaildepot.ar\/"},{"@type":"ListItem","position":3,"name":"SCANGRIP MINIMATCH (110V)"}]},{"@type":"WebSite","@id":"https:\/\/detaildepot.ar\/#website","url":"https:\/\/detaildepot.ar\/","name":"Detail Depot | Tienda de insumos para detail","description":"","publisher":{"@id":"https:\/\/detaildepot.ar\/#organization"},"potentialAction":[{"@type":"SearchAction","target":{"@type":"EntryPoint","urlTemplate":"https:\/\/detaildepot.ar\/?s={search_term_string}"},"query-input":{"@type":"PropertyValueSpecification","valueRequired":true,"valueName":"search_term_string"}}],"inLanguage":"es-AR"},{"@type":"Organization","@id":"https:\/\/detaildepot.ar\/#organization","name":"Detail Depot | Tienda de insumos para detail","url":"https:\/\/detaildepot.ar\/","logo":{"@type":"ImageObject","inLanguage":"es-AR","@id":"https:\/\/detaildepot.ar\/#\/schema\/logo\/image\/","url":"https:\/\/detaildepot.ar\/wp-content\/uploads\/2026\/03\/652187CB-8631-49B2-8296-13AA835CEAD2.png","contentUrl":"https:\/\/detaildepot.ar\/wp-content\/uploads\/2026\/03\/652187CB-8631-49B2-8296-13AA835CEAD2.png","width":1024,"height":1024,"caption":"Detail Depot | Tienda de insumos para detail"},"image":{"@id":"https:\/\/detaildepot.ar\/#\/schema\/logo\/image\/"}}]}},"jetpack_sharing_enabled":true,"_links":{"self":[{"href":"https:\/\/detaildepot.ar\/index.php?rest_route=\/wp\/v2\/product\/1743","targetHints":{"allow":["GET"]}}],"collection":[{"href":"https:\/\/detaildepot.ar\/index.php?rest_route=\/wp\/v2\/product"}],"about":[{"href":"https:\/\/detaildepot.ar\/index.php?rest_route=\/wp\/v2\/types\/product"}],"replies":[{"embeddable":true,"href":"https:\/\/detaildepot.ar\/index.php?rest_route=%2Fwp%2Fv2%2Fcomments&post=1743"}],"version-history":[{"count":1,"href":"https:\/\/detaildepot.ar\/index.php?rest_route=\/wp\/v2\/product\/1743\/revisions"}],"predecessor-version":[{"id":1753,"href":"https:\/\/detaildepot.ar\/index.php?rest_route=\/wp\/v2\/product\/1743\/revisions\/1753"}],"wp:featuredmedia":[{"embeddable":true,"href":"https:\/\/detaildepot.ar\/index.php?rest_route=\/wp\/v2\/media\/1745"}],"wp:attachment":[{"href":"https:\/\/detaildepot.ar\/index.php?rest_route=%2Fwp%2Fv2%2Fmedia&parent=1743"}],"wp:term":[{"taxonomy":"product_brand","embeddable":true,"href":"https:\/\/detaildepot.ar\/index.php?rest_route=%2Fwp%2Fv2%2Fproduct_brand&post=1743"},{"taxonomy":"product_cat","embeddable":true,"href":"https:\/\/detaildepot.ar\/index.php?rest_route=%2Fwp%2Fv2%2Fproduct_cat&post=1743"},{"taxonomy":"product_tag","embeddable":true,"href":"https:\/\/detaildepot.ar\/index.php?rest_route=%2Fwp%2Fv2%2Fproduct_tag&post=1743"}],"curies":[{"name":"wp","href":"https:\/\/api.w.org\/{rel}","templated":true}]}}