{"id":1700,"date":"2025-10-30T17:45:18","date_gmt":"2025-10-30T20:45:18","guid":{"rendered":"https:\/\/detaildepot.ar\/?post_type=product&#038;p=1700"},"modified":"2025-10-30T17:45:18","modified_gmt":"2025-10-30T20:45:18","slug":"iron-burn-fireball-500ml","status":"publish","type":"product","link":"https:\/\/detaildepot.ar\/?product=iron-burn-fireball-500ml","title":{"rendered":"IRON BURN FIREBALL 500ML"},"content":{"rendered":"<p>Iron Burn es un limpiador muy potente y extremadamente eficaz dise\u00f1ado para eliminar los dep\u00f3sitos de hierro invisibles de la superficie. Iron Burn exfolia completamente la superficie gracias a una f\u00f3rmula de alta tecnolog\u00eda que cambia de color, lo que permite una mejor adherencia de la capa superior y, por lo tanto, una correcta fijaci\u00f3n de los recubrimientos. Sin eliminar los contaminantes de hierro, los recubrimientos no se adherir\u00e1n completamente a la superficie y probablemente se deteriorar\u00e1n prematuramente. Al aplicarse a un veh\u00edculo, la soluci\u00f3n transparente, libre de \u00e1cido y con pH balanceado se torna p\u00farpura al contacto, ya que disuelve qu\u00edmicamente la contaminaci\u00f3n sin necesidad de frotar ni usar abrasivos. Fireball Iron Burn tiene un aroma a pl\u00e1tano \u00fanico y menos intenso que la mayor\u00eda de los productos neutralizadores de hierro.<\/p>\n","protected":false},"excerpt":{"rendered":"<p>Iron Burn es un limpiador muy potente y extremadamente eficaz dise\u00f1ado para eliminar los dep\u00f3sitos de hierro invisibles de la superficie. Iron Burn exfolia completamente la superficie gracias a una f\u00f3rmula de alta tecnolog\u00eda que cambia de color, lo que permite una mejor adherencia de la capa superior y, por lo tanto, una correcta fijaci\u00f3n [&hellip;]<\/p>\n","protected":false},"featured_media":1701,"comment_status":"open","ping_status":"closed","template":"","meta":[],"product_brand":[353],"product_cat":[47],"product_tag":[75,354,305,69,81],"class_list":{"0":"post-1700","1":"product","2":"type-product","3":"status-publish","4":"has-post-thumbnail","6":"product_brand-fireball","7":"product_cat-limpiadores","8":"product_tag-ferrico","9":"product_tag-fireball","10":"product_tag-llantas","11":"product_tag-neumaticos","12":"product_tag-neutro","14":"first","15":"instock","16":"shipping-taxable","17":"purchasable","18":"product-type-simple"},"yoast_head":"<!-- This site is optimized with the Yoast SEO plugin v27.4 - https:\/\/yoast.com\/product\/yoast-seo-wordpress\/ -->\n<title>IRON BURN FIREBALL 500ML - Detail Depot | Tienda de insumos para detail<\/title>\n<meta name=\"robots\" content=\"index, follow, max-snippet:-1, max-image-preview:large, max-video-preview:-1\" \/>\n<link rel=\"canonical\" href=\"https:\/\/detaildepot.ar\/?product=iron-burn-fireball-500ml\" \/>\n<meta property=\"og:locale\" content=\"es_ES\" \/>\n<meta property=\"og:type\" content=\"article\" \/>\n<meta property=\"og:title\" content=\"IRON BURN FIREBALL 500ML - Detail Depot | Tienda de insumos para detail\" \/>\n<meta property=\"og:description\" content=\"Iron Burn es un limpiador muy potente y extremadamente eficaz dise\u00f1ado para eliminar los dep\u00f3sitos de hierro invisibles de la superficie. Iron Burn exfolia completamente la superficie gracias a una f\u00f3rmula de alta tecnolog\u00eda que cambia de color, lo que permite una mejor adherencia de la capa superior y, por lo tanto, una correcta fijaci\u00f3n [&hellip;]\" \/>\n<meta property=\"og:url\" content=\"https:\/\/detaildepot.ar\/?product=iron-burn-fireball-500ml\" \/>\n<meta property=\"og:site_name\" content=\"Detail Depot | Tienda de insumos para detail\" \/>\n<meta property=\"og:image\" content=\"https:\/\/detaildepot.ar\/wp-content\/uploads\/2025\/10\/fireball_5.jpeg\" \/>\n\t<meta property=\"og:image:width\" content=\"1024\" \/>\n\t<meta property=\"og:image:height\" content=\"1024\" \/>\n\t<meta property=\"og:image:type\" content=\"image\/jpeg\" \/>\n<meta name=\"twitter:card\" content=\"summary_large_image\" \/>\n<meta name=\"twitter:label1\" content=\"Tiempo de lectura\" \/>\n\t<meta name=\"twitter:data1\" content=\"1 minuto\" \/>\n<script type=\"application\/ld+json\" class=\"yoast-schema-graph\">{\"@context\":\"https:\\\/\\\/schema.org\",\"@graph\":[{\"@type\":\"WebPage\",\"@id\":\"https:\\\/\\\/detaildepot.ar\\\/?product=iron-burn-fireball-500ml\",\"url\":\"https:\\\/\\\/detaildepot.ar\\\/?product=iron-burn-fireball-500ml\",\"name\":\"IRON BURN FIREBALL 500ML - Detail Depot | Tienda de insumos para detail\",\"isPartOf\":{\"@id\":\"https:\\\/\\\/detaildepot.ar\\\/#website\"},\"primaryImageOfPage\":{\"@id\":\"https:\\\/\\\/detaildepot.ar\\\/?product=iron-burn-fireball-500ml#primaryimage\"},\"image\":{\"@id\":\"https:\\\/\\\/detaildepot.ar\\\/?product=iron-burn-fireball-500ml#primaryimage\"},\"thumbnailUrl\":\"https:\\\/\\\/detaildepot.ar\\\/wp-content\\\/uploads\\\/2025\\\/10\\\/fireball_5.jpeg\",\"datePublished\":\"2025-10-30T20:45:18+00:00\",\"breadcrumb\":{\"@id\":\"https:\\\/\\\/detaildepot.ar\\\/?product=iron-burn-fireball-500ml#breadcrumb\"},\"inLanguage\":\"es-AR\",\"potentialAction\":[{\"@type\":\"ReadAction\",\"target\":[\"https:\\\/\\\/detaildepot.ar\\\/?product=iron-burn-fireball-500ml\"]}]},{\"@type\":\"ImageObject\",\"inLanguage\":\"es-AR\",\"@id\":\"https:\\\/\\\/detaildepot.ar\\\/?product=iron-burn-fireball-500ml#primaryimage\",\"url\":\"https:\\\/\\\/detaildepot.ar\\\/wp-content\\\/uploads\\\/2025\\\/10\\\/fireball_5.jpeg\",\"contentUrl\":\"https:\\\/\\\/detaildepot.ar\\\/wp-content\\\/uploads\\\/2025\\\/10\\\/fireball_5.jpeg\",\"width\":1024,\"height\":1024},{\"@type\":\"BreadcrumbList\",\"@id\":\"https:\\\/\\\/detaildepot.ar\\\/?product=iron-burn-fireball-500ml#breadcrumb\",\"itemListElement\":[{\"@type\":\"ListItem\",\"position\":1,\"name\":\"Inicio\",\"item\":\"https:\\\/\\\/detaildepot.ar\\\/\"},{\"@type\":\"ListItem\",\"position\":2,\"name\":\"Tienda\",\"item\":\"https:\\\/\\\/detaildepot.ar\\\/\"},{\"@type\":\"ListItem\",\"position\":3,\"name\":\"IRON BURN FIREBALL 500ML\"}]},{\"@type\":\"WebSite\",\"@id\":\"https:\\\/\\\/detaildepot.ar\\\/#website\",\"url\":\"https:\\\/\\\/detaildepot.ar\\\/\",\"name\":\"Detail Depot | Tienda de insumos para detail\",\"description\":\"\",\"publisher\":{\"@id\":\"https:\\\/\\\/detaildepot.ar\\\/#organization\"},\"potentialAction\":[{\"@type\":\"SearchAction\",\"target\":{\"@type\":\"EntryPoint\",\"urlTemplate\":\"https:\\\/\\\/detaildepot.ar\\\/?s={search_term_string}\"},\"query-input\":{\"@type\":\"PropertyValueSpecification\",\"valueRequired\":true,\"valueName\":\"search_term_string\"}}],\"inLanguage\":\"es-AR\"},{\"@type\":\"Organization\",\"@id\":\"https:\\\/\\\/detaildepot.ar\\\/#organization\",\"name\":\"Detail Depot | Tienda de insumos para detail\",\"url\":\"https:\\\/\\\/detaildepot.ar\\\/\",\"logo\":{\"@type\":\"ImageObject\",\"inLanguage\":\"es-AR\",\"@id\":\"https:\\\/\\\/detaildepot.ar\\\/#\\\/schema\\\/logo\\\/image\\\/\",\"url\":\"https:\\\/\\\/detaildepot.ar\\\/wp-content\\\/uploads\\\/2026\\\/03\\\/652187CB-8631-49B2-8296-13AA835CEAD2.png\",\"contentUrl\":\"https:\\\/\\\/detaildepot.ar\\\/wp-content\\\/uploads\\\/2026\\\/03\\\/652187CB-8631-49B2-8296-13AA835CEAD2.png\",\"width\":1024,\"height\":1024,\"caption\":\"Detail Depot | Tienda de insumos para detail\"},\"image\":{\"@id\":\"https:\\\/\\\/detaildepot.ar\\\/#\\\/schema\\\/logo\\\/image\\\/\"}}]}<\/script>\n<!-- \/ Yoast SEO plugin. -->","yoast_head_json":{"title":"IRON BURN FIREBALL 500ML - Detail Depot | Tienda de insumos para detail","robots":{"index":"index","follow":"follow","max-snippet":"max-snippet:-1","max-image-preview":"max-image-preview:large","max-video-preview":"max-video-preview:-1"},"canonical":"https:\/\/detaildepot.ar\/?product=iron-burn-fireball-500ml","og_locale":"es_ES","og_type":"article","og_title":"IRON BURN FIREBALL 500ML - Detail Depot | Tienda de insumos para detail","og_description":"Iron Burn es un limpiador muy potente y extremadamente eficaz dise\u00f1ado para eliminar los dep\u00f3sitos de hierro invisibles de la superficie. Iron Burn exfolia completamente la superficie gracias a una f\u00f3rmula de alta tecnolog\u00eda que cambia de color, lo que permite una mejor adherencia de la capa superior y, por lo tanto, una correcta fijaci\u00f3n [&hellip;]","og_url":"https:\/\/detaildepot.ar\/?product=iron-burn-fireball-500ml","og_site_name":"Detail Depot | Tienda de insumos para detail","og_image":[{"width":1024,"height":1024,"url":"https:\/\/detaildepot.ar\/wp-content\/uploads\/2025\/10\/fireball_5.jpeg","type":"image\/jpeg"}],"twitter_card":"summary_large_image","twitter_misc":{"Tiempo de lectura":"1 minuto"},"schema":{"@context":"https:\/\/schema.org","@graph":[{"@type":"WebPage","@id":"https:\/\/detaildepot.ar\/?product=iron-burn-fireball-500ml","url":"https:\/\/detaildepot.ar\/?product=iron-burn-fireball-500ml","name":"IRON BURN FIREBALL 500ML - Detail Depot | Tienda de insumos para detail","isPartOf":{"@id":"https:\/\/detaildepot.ar\/#website"},"primaryImageOfPage":{"@id":"https:\/\/detaildepot.ar\/?product=iron-burn-fireball-500ml#primaryimage"},"image":{"@id":"https:\/\/detaildepot.ar\/?product=iron-burn-fireball-500ml#primaryimage"},"thumbnailUrl":"https:\/\/detaildepot.ar\/wp-content\/uploads\/2025\/10\/fireball_5.jpeg","datePublished":"2025-10-30T20:45:18+00:00","breadcrumb":{"@id":"https:\/\/detaildepot.ar\/?product=iron-burn-fireball-500ml#breadcrumb"},"inLanguage":"es-AR","potentialAction":[{"@type":"ReadAction","target":["https:\/\/detaildepot.ar\/?product=iron-burn-fireball-500ml"]}]},{"@type":"ImageObject","inLanguage":"es-AR","@id":"https:\/\/detaildepot.ar\/?product=iron-burn-fireball-500ml#primaryimage","url":"https:\/\/detaildepot.ar\/wp-content\/uploads\/2025\/10\/fireball_5.jpeg","contentUrl":"https:\/\/detaildepot.ar\/wp-content\/uploads\/2025\/10\/fireball_5.jpeg","width":1024,"height":1024},{"@type":"BreadcrumbList","@id":"https:\/\/detaildepot.ar\/?product=iron-burn-fireball-500ml#breadcrumb","itemListElement":[{"@type":"ListItem","position":1,"name":"Inicio","item":"https:\/\/detaildepot.ar\/"},{"@type":"ListItem","position":2,"name":"Tienda","item":"https:\/\/detaildepot.ar\/"},{"@type":"ListItem","position":3,"name":"IRON BURN FIREBALL 500ML"}]},{"@type":"WebSite","@id":"https:\/\/detaildepot.ar\/#website","url":"https:\/\/detaildepot.ar\/","name":"Detail Depot | Tienda de insumos para detail","description":"","publisher":{"@id":"https:\/\/detaildepot.ar\/#organization"},"potentialAction":[{"@type":"SearchAction","target":{"@type":"EntryPoint","urlTemplate":"https:\/\/detaildepot.ar\/?s={search_term_string}"},"query-input":{"@type":"PropertyValueSpecification","valueRequired":true,"valueName":"search_term_string"}}],"inLanguage":"es-AR"},{"@type":"Organization","@id":"https:\/\/detaildepot.ar\/#organization","name":"Detail Depot | Tienda de insumos para detail","url":"https:\/\/detaildepot.ar\/","logo":{"@type":"ImageObject","inLanguage":"es-AR","@id":"https:\/\/detaildepot.ar\/#\/schema\/logo\/image\/","url":"https:\/\/detaildepot.ar\/wp-content\/uploads\/2026\/03\/652187CB-8631-49B2-8296-13AA835CEAD2.png","contentUrl":"https:\/\/detaildepot.ar\/wp-content\/uploads\/2026\/03\/652187CB-8631-49B2-8296-13AA835CEAD2.png","width":1024,"height":1024,"caption":"Detail Depot | Tienda de insumos para detail"},"image":{"@id":"https:\/\/detaildepot.ar\/#\/schema\/logo\/image\/"}}]}},"jetpack_sharing_enabled":true,"_links":{"self":[{"href":"https:\/\/detaildepot.ar\/index.php?rest_route=\/wp\/v2\/product\/1700","targetHints":{"allow":["GET"]}}],"collection":[{"href":"https:\/\/detaildepot.ar\/index.php?rest_route=\/wp\/v2\/product"}],"about":[{"href":"https:\/\/detaildepot.ar\/index.php?rest_route=\/wp\/v2\/types\/product"}],"replies":[{"embeddable":true,"href":"https:\/\/detaildepot.ar\/index.php?rest_route=%2Fwp%2Fv2%2Fcomments&post=1700"}],"version-history":[{"count":1,"href":"https:\/\/detaildepot.ar\/index.php?rest_route=\/wp\/v2\/product\/1700\/revisions"}],"predecessor-version":[{"id":1702,"href":"https:\/\/detaildepot.ar\/index.php?rest_route=\/wp\/v2\/product\/1700\/revisions\/1702"}],"wp:featuredmedia":[{"embeddable":true,"href":"https:\/\/detaildepot.ar\/index.php?rest_route=\/wp\/v2\/media\/1701"}],"wp:attachment":[{"href":"https:\/\/detaildepot.ar\/index.php?rest_route=%2Fwp%2Fv2%2Fmedia&parent=1700"}],"wp:term":[{"taxonomy":"product_brand","embeddable":true,"href":"https:\/\/detaildepot.ar\/index.php?rest_route=%2Fwp%2Fv2%2Fproduct_brand&post=1700"},{"taxonomy":"product_cat","embeddable":true,"href":"https:\/\/detaildepot.ar\/index.php?rest_route=%2Fwp%2Fv2%2Fproduct_cat&post=1700"},{"taxonomy":"product_tag","embeddable":true,"href":"https:\/\/detaildepot.ar\/index.php?rest_route=%2Fwp%2Fv2%2Fproduct_tag&post=1700"}],"curies":[{"name":"wp","href":"https:\/\/api.w.org\/{rel}","templated":true}]}}