{"id":1697,"date":"2025-10-30T17:43:17","date_gmt":"2025-10-30T20:43:17","guid":{"rendered":"https:\/\/detaildepot.ar\/?post_type=product&#038;p=1697"},"modified":"2025-10-30T17:43:17","modified_gmt":"2025-10-30T20:43:17","slug":"bug-cleaner-fireball-500ml","status":"publish","type":"product","link":"https:\/\/detaildepot.ar\/?product=bug-cleaner-fireball-500ml","title":{"rendered":"BUG CLEANER FIREBALL 500ML"},"content":{"rendered":"<p>El Limpiador de Insectos es un limpiador sin solventes dise\u00f1ado para eliminar insectos, savia de \u00e1rbol y excremento de aves durante el prelavado del proceso de detallado. Contiene agentes limpiadores derivados del lim\u00f3n. Estos descomponen r\u00e1pida y seguramente las prote\u00ednas de los insectos y otros residuos biol\u00f3gicos sin necesidad de frotar, facilitando la eliminaci\u00f3n. El Limpiador de Insectos es seguro para usar en la mayor\u00eda de las superficies exteriores de autom\u00f3viles, incluyendo PPF, molduras de pl\u00e1stico y veh\u00edculos con o sin recubrimiento. Puede usarse puro o diluido, lo que lo hace m\u00e1s econ\u00f3mico.<\/p>\n<p>&#8211; Sin solventes<br \/>\n&#8211; Elimina r\u00e1pida y seguramente insectos y otros residuos biol\u00f3gicos<br \/>\n&#8211; Seguro para usar en PPF, molduras de pl\u00e1stico y veh\u00edculos con o sin recubrimiento<br \/>\n&#8211; Puede usarse puro<br \/>\n&#8211; Puede diluirse<\/p>\n","protected":false},"excerpt":{"rendered":"<p>El Limpiador de Insectos es un limpiador sin solventes dise\u00f1ado para eliminar insectos, savia de \u00e1rbol y excremento de aves durante el prelavado del proceso de detallado. Contiene agentes limpiadores derivados del lim\u00f3n. Estos descomponen r\u00e1pida y seguramente las prote\u00ednas de los insectos y otros residuos biol\u00f3gicos sin necesidad de frotar, facilitando la eliminaci\u00f3n. El [&hellip;]<\/p>\n","protected":false},"featured_media":1698,"comment_status":"open","ping_status":"closed","template":"","meta":[],"product_brand":[353],"product_cat":[47],"product_tag":[357,354,81,133,358],"class_list":{"0":"post-1697","1":"product","2":"type-product","3":"status-publish","4":"has-post-thumbnail","6":"product_brand-fireball","7":"product_cat-limpiadores","8":"product_tag-bug-cleaner","9":"product_tag-fireball","10":"product_tag-neutro","11":"product_tag-ppf","12":"product_tag-tratamientos","14":"first","15":"instock","16":"shipping-taxable","17":"purchasable","18":"product-type-simple"},"yoast_head":"<!-- This site is optimized with the Yoast SEO plugin v27.4 - https:\/\/yoast.com\/product\/yoast-seo-wordpress\/ -->\n<title>BUG CLEANER FIREBALL 500ML - Detail Depot | Tienda de insumos para detail<\/title>\n<meta name=\"robots\" content=\"index, follow, max-snippet:-1, max-image-preview:large, max-video-preview:-1\" \/>\n<link rel=\"canonical\" href=\"https:\/\/detaildepot.ar\/?product=bug-cleaner-fireball-500ml\" \/>\n<meta property=\"og:locale\" content=\"es_ES\" \/>\n<meta property=\"og:type\" content=\"article\" \/>\n<meta property=\"og:title\" content=\"BUG CLEANER FIREBALL 500ML - Detail Depot | Tienda de insumos para detail\" \/>\n<meta property=\"og:description\" content=\"El Limpiador de Insectos es un limpiador sin solventes dise\u00f1ado para eliminar insectos, savia de \u00e1rbol y excremento de aves durante el prelavado del proceso de detallado. Contiene agentes limpiadores derivados del lim\u00f3n. Estos descomponen r\u00e1pida y seguramente las prote\u00ednas de los insectos y otros residuos biol\u00f3gicos sin necesidad de frotar, facilitando la eliminaci\u00f3n. El [&hellip;]\" \/>\n<meta property=\"og:url\" content=\"https:\/\/detaildepot.ar\/?product=bug-cleaner-fireball-500ml\" \/>\n<meta property=\"og:site_name\" content=\"Detail Depot | Tienda de insumos para detail\" \/>\n<meta property=\"og:image\" content=\"https:\/\/detaildepot.ar\/wp-content\/uploads\/2025\/10\/fireball_4.jpeg\" \/>\n\t<meta property=\"og:image:width\" content=\"1024\" \/>\n\t<meta property=\"og:image:height\" content=\"1024\" \/>\n\t<meta property=\"og:image:type\" content=\"image\/jpeg\" \/>\n<meta name=\"twitter:card\" content=\"summary_large_image\" \/>\n<meta name=\"twitter:label1\" content=\"Tiempo de lectura\" \/>\n\t<meta name=\"twitter:data1\" content=\"1 minuto\" \/>\n<script type=\"application\/ld+json\" class=\"yoast-schema-graph\">{\"@context\":\"https:\\\/\\\/schema.org\",\"@graph\":[{\"@type\":\"WebPage\",\"@id\":\"https:\\\/\\\/detaildepot.ar\\\/?product=bug-cleaner-fireball-500ml\",\"url\":\"https:\\\/\\\/detaildepot.ar\\\/?product=bug-cleaner-fireball-500ml\",\"name\":\"BUG CLEANER FIREBALL 500ML - Detail Depot | Tienda de insumos para detail\",\"isPartOf\":{\"@id\":\"https:\\\/\\\/detaildepot.ar\\\/#website\"},\"primaryImageOfPage\":{\"@id\":\"https:\\\/\\\/detaildepot.ar\\\/?product=bug-cleaner-fireball-500ml#primaryimage\"},\"image\":{\"@id\":\"https:\\\/\\\/detaildepot.ar\\\/?product=bug-cleaner-fireball-500ml#primaryimage\"},\"thumbnailUrl\":\"https:\\\/\\\/detaildepot.ar\\\/wp-content\\\/uploads\\\/2025\\\/10\\\/fireball_4.jpeg\",\"datePublished\":\"2025-10-30T20:43:17+00:00\",\"breadcrumb\":{\"@id\":\"https:\\\/\\\/detaildepot.ar\\\/?product=bug-cleaner-fireball-500ml#breadcrumb\"},\"inLanguage\":\"es-AR\",\"potentialAction\":[{\"@type\":\"ReadAction\",\"target\":[\"https:\\\/\\\/detaildepot.ar\\\/?product=bug-cleaner-fireball-500ml\"]}]},{\"@type\":\"ImageObject\",\"inLanguage\":\"es-AR\",\"@id\":\"https:\\\/\\\/detaildepot.ar\\\/?product=bug-cleaner-fireball-500ml#primaryimage\",\"url\":\"https:\\\/\\\/detaildepot.ar\\\/wp-content\\\/uploads\\\/2025\\\/10\\\/fireball_4.jpeg\",\"contentUrl\":\"https:\\\/\\\/detaildepot.ar\\\/wp-content\\\/uploads\\\/2025\\\/10\\\/fireball_4.jpeg\",\"width\":1024,\"height\":1024},{\"@type\":\"BreadcrumbList\",\"@id\":\"https:\\\/\\\/detaildepot.ar\\\/?product=bug-cleaner-fireball-500ml#breadcrumb\",\"itemListElement\":[{\"@type\":\"ListItem\",\"position\":1,\"name\":\"Inicio\",\"item\":\"https:\\\/\\\/detaildepot.ar\\\/\"},{\"@type\":\"ListItem\",\"position\":2,\"name\":\"Tienda\",\"item\":\"https:\\\/\\\/detaildepot.ar\\\/\"},{\"@type\":\"ListItem\",\"position\":3,\"name\":\"BUG CLEANER FIREBALL 500ML\"}]},{\"@type\":\"WebSite\",\"@id\":\"https:\\\/\\\/detaildepot.ar\\\/#website\",\"url\":\"https:\\\/\\\/detaildepot.ar\\\/\",\"name\":\"Detail Depot | Tienda de insumos para detail\",\"description\":\"\",\"publisher\":{\"@id\":\"https:\\\/\\\/detaildepot.ar\\\/#organization\"},\"potentialAction\":[{\"@type\":\"SearchAction\",\"target\":{\"@type\":\"EntryPoint\",\"urlTemplate\":\"https:\\\/\\\/detaildepot.ar\\\/?s={search_term_string}\"},\"query-input\":{\"@type\":\"PropertyValueSpecification\",\"valueRequired\":true,\"valueName\":\"search_term_string\"}}],\"inLanguage\":\"es-AR\"},{\"@type\":\"Organization\",\"@id\":\"https:\\\/\\\/detaildepot.ar\\\/#organization\",\"name\":\"Detail Depot | Tienda de insumos para detail\",\"url\":\"https:\\\/\\\/detaildepot.ar\\\/\",\"logo\":{\"@type\":\"ImageObject\",\"inLanguage\":\"es-AR\",\"@id\":\"https:\\\/\\\/detaildepot.ar\\\/#\\\/schema\\\/logo\\\/image\\\/\",\"url\":\"https:\\\/\\\/detaildepot.ar\\\/wp-content\\\/uploads\\\/2026\\\/03\\\/652187CB-8631-49B2-8296-13AA835CEAD2.png\",\"contentUrl\":\"https:\\\/\\\/detaildepot.ar\\\/wp-content\\\/uploads\\\/2026\\\/03\\\/652187CB-8631-49B2-8296-13AA835CEAD2.png\",\"width\":1024,\"height\":1024,\"caption\":\"Detail Depot | Tienda de insumos para detail\"},\"image\":{\"@id\":\"https:\\\/\\\/detaildepot.ar\\\/#\\\/schema\\\/logo\\\/image\\\/\"}}]}<\/script>\n<!-- \/ Yoast SEO plugin. -->","yoast_head_json":{"title":"BUG CLEANER FIREBALL 500ML - Detail Depot | Tienda de insumos para detail","robots":{"index":"index","follow":"follow","max-snippet":"max-snippet:-1","max-image-preview":"max-image-preview:large","max-video-preview":"max-video-preview:-1"},"canonical":"https:\/\/detaildepot.ar\/?product=bug-cleaner-fireball-500ml","og_locale":"es_ES","og_type":"article","og_title":"BUG CLEANER FIREBALL 500ML - Detail Depot | Tienda de insumos para detail","og_description":"El Limpiador de Insectos es un limpiador sin solventes dise\u00f1ado para eliminar insectos, savia de \u00e1rbol y excremento de aves durante el prelavado del proceso de detallado. Contiene agentes limpiadores derivados del lim\u00f3n. Estos descomponen r\u00e1pida y seguramente las prote\u00ednas de los insectos y otros residuos biol\u00f3gicos sin necesidad de frotar, facilitando la eliminaci\u00f3n. El [&hellip;]","og_url":"https:\/\/detaildepot.ar\/?product=bug-cleaner-fireball-500ml","og_site_name":"Detail Depot | Tienda de insumos para detail","og_image":[{"width":1024,"height":1024,"url":"https:\/\/detaildepot.ar\/wp-content\/uploads\/2025\/10\/fireball_4.jpeg","type":"image\/jpeg"}],"twitter_card":"summary_large_image","twitter_misc":{"Tiempo de lectura":"1 minuto"},"schema":{"@context":"https:\/\/schema.org","@graph":[{"@type":"WebPage","@id":"https:\/\/detaildepot.ar\/?product=bug-cleaner-fireball-500ml","url":"https:\/\/detaildepot.ar\/?product=bug-cleaner-fireball-500ml","name":"BUG CLEANER FIREBALL 500ML - Detail Depot | Tienda de insumos para detail","isPartOf":{"@id":"https:\/\/detaildepot.ar\/#website"},"primaryImageOfPage":{"@id":"https:\/\/detaildepot.ar\/?product=bug-cleaner-fireball-500ml#primaryimage"},"image":{"@id":"https:\/\/detaildepot.ar\/?product=bug-cleaner-fireball-500ml#primaryimage"},"thumbnailUrl":"https:\/\/detaildepot.ar\/wp-content\/uploads\/2025\/10\/fireball_4.jpeg","datePublished":"2025-10-30T20:43:17+00:00","breadcrumb":{"@id":"https:\/\/detaildepot.ar\/?product=bug-cleaner-fireball-500ml#breadcrumb"},"inLanguage":"es-AR","potentialAction":[{"@type":"ReadAction","target":["https:\/\/detaildepot.ar\/?product=bug-cleaner-fireball-500ml"]}]},{"@type":"ImageObject","inLanguage":"es-AR","@id":"https:\/\/detaildepot.ar\/?product=bug-cleaner-fireball-500ml#primaryimage","url":"https:\/\/detaildepot.ar\/wp-content\/uploads\/2025\/10\/fireball_4.jpeg","contentUrl":"https:\/\/detaildepot.ar\/wp-content\/uploads\/2025\/10\/fireball_4.jpeg","width":1024,"height":1024},{"@type":"BreadcrumbList","@id":"https:\/\/detaildepot.ar\/?product=bug-cleaner-fireball-500ml#breadcrumb","itemListElement":[{"@type":"ListItem","position":1,"name":"Inicio","item":"https:\/\/detaildepot.ar\/"},{"@type":"ListItem","position":2,"name":"Tienda","item":"https:\/\/detaildepot.ar\/"},{"@type":"ListItem","position":3,"name":"BUG CLEANER FIREBALL 500ML"}]},{"@type":"WebSite","@id":"https:\/\/detaildepot.ar\/#website","url":"https:\/\/detaildepot.ar\/","name":"Detail Depot | Tienda de insumos para detail","description":"","publisher":{"@id":"https:\/\/detaildepot.ar\/#organization"},"potentialAction":[{"@type":"SearchAction","target":{"@type":"EntryPoint","urlTemplate":"https:\/\/detaildepot.ar\/?s={search_term_string}"},"query-input":{"@type":"PropertyValueSpecification","valueRequired":true,"valueName":"search_term_string"}}],"inLanguage":"es-AR"},{"@type":"Organization","@id":"https:\/\/detaildepot.ar\/#organization","name":"Detail Depot | Tienda de insumos para detail","url":"https:\/\/detaildepot.ar\/","logo":{"@type":"ImageObject","inLanguage":"es-AR","@id":"https:\/\/detaildepot.ar\/#\/schema\/logo\/image\/","url":"https:\/\/detaildepot.ar\/wp-content\/uploads\/2026\/03\/652187CB-8631-49B2-8296-13AA835CEAD2.png","contentUrl":"https:\/\/detaildepot.ar\/wp-content\/uploads\/2026\/03\/652187CB-8631-49B2-8296-13AA835CEAD2.png","width":1024,"height":1024,"caption":"Detail Depot | Tienda de insumos para detail"},"image":{"@id":"https:\/\/detaildepot.ar\/#\/schema\/logo\/image\/"}}]}},"jetpack_sharing_enabled":true,"_links":{"self":[{"href":"https:\/\/detaildepot.ar\/index.php?rest_route=\/wp\/v2\/product\/1697","targetHints":{"allow":["GET"]}}],"collection":[{"href":"https:\/\/detaildepot.ar\/index.php?rest_route=\/wp\/v2\/product"}],"about":[{"href":"https:\/\/detaildepot.ar\/index.php?rest_route=\/wp\/v2\/types\/product"}],"replies":[{"embeddable":true,"href":"https:\/\/detaildepot.ar\/index.php?rest_route=%2Fwp%2Fv2%2Fcomments&post=1697"}],"version-history":[{"count":1,"href":"https:\/\/detaildepot.ar\/index.php?rest_route=\/wp\/v2\/product\/1697\/revisions"}],"predecessor-version":[{"id":1699,"href":"https:\/\/detaildepot.ar\/index.php?rest_route=\/wp\/v2\/product\/1697\/revisions\/1699"}],"wp:featuredmedia":[{"embeddable":true,"href":"https:\/\/detaildepot.ar\/index.php?rest_route=\/wp\/v2\/media\/1698"}],"wp:attachment":[{"href":"https:\/\/detaildepot.ar\/index.php?rest_route=%2Fwp%2Fv2%2Fmedia&parent=1697"}],"wp:term":[{"taxonomy":"product_brand","embeddable":true,"href":"https:\/\/detaildepot.ar\/index.php?rest_route=%2Fwp%2Fv2%2Fproduct_brand&post=1697"},{"taxonomy":"product_cat","embeddable":true,"href":"https:\/\/detaildepot.ar\/index.php?rest_route=%2Fwp%2Fv2%2Fproduct_cat&post=1697"},{"taxonomy":"product_tag","embeddable":true,"href":"https:\/\/detaildepot.ar\/index.php?rest_route=%2Fwp%2Fv2%2Fproduct_tag&post=1697"}],"curies":[{"name":"wp","href":"https:\/\/api.w.org\/{rel}","templated":true}]}}