{"id":1690,"date":"2025-10-30T17:36:57","date_gmt":"2025-10-30T20:36:57","guid":{"rendered":"https:\/\/detaildepot.ar\/?post_type=product&#038;p=1690"},"modified":"2025-10-30T17:36:58","modified_gmt":"2025-10-30T20:36:58","slug":"pirouette-fireball-500ml","status":"publish","type":"product","link":"https:\/\/detaildepot.ar\/?product=pirouette-fireball-500ml","title":{"rendered":"PIROUETTE FIREBALL 500ML"},"content":{"rendered":"<p>Consiga o mantenga un acabado impecable con PIROUETTE, que proporciona un acabado elegante, n\u00edtido y profundo, similar al cristal, tanto en superficies h\u00famedas como secas, con o sin recubrimiento. Nuestro recubrimiento en aerosol de alta calidad contiene una mezcla de SiO2, micros\u00edlice y pol\u00edmeros sint\u00e9ticos que proporciona una capa protectora intensamente hidrof\u00f3bica y antimanchas sobre superficies pintadas. Un equilibrio perfecto entre una protecci\u00f3n completa y sencilla y un acabado elegante que supera todas las expectativas.<\/p>\n","protected":false},"excerpt":{"rendered":"<p>Consiga o mantenga un acabado impecable con PIROUETTE, que proporciona un acabado elegante, n\u00edtido y profundo, similar al cristal, tanto en superficies h\u00famedas como secas, con o sin recubrimiento. Nuestro recubrimiento en aerosol de alta calidad contiene una mezcla de SiO2, micros\u00edlice y pol\u00edmeros sint\u00e9ticos que proporciona una capa protectora intensamente hidrof\u00f3bica y antimanchas sobre [&hellip;]<\/p>\n","protected":false},"featured_media":1692,"comment_status":"open","ping_status":"closed","template":"","meta":[],"product_brand":[353],"product_cat":[41],"product_tag":[42,38,354,355],"class_list":{"0":"post-1690","1":"product","2":"type-product","3":"status-publish","4":"has-post-thumbnail","6":"product_brand-fireball","7":"product_cat-boosters","8":"product_tag-booster","9":"product_tag-cera","10":"product_tag-fireball","11":"product_tag-pirouette","13":"first","14":"instock","15":"shipping-taxable","16":"purchasable","17":"product-type-simple"},"yoast_head":"<!-- This site is optimized with the Yoast SEO plugin v27.4 - https:\/\/yoast.com\/product\/yoast-seo-wordpress\/ -->\n<title>PIROUETTE FIREBALL 500ML - Detail Depot | Tienda de insumos para detail<\/title>\n<meta name=\"robots\" content=\"index, follow, max-snippet:-1, max-image-preview:large, max-video-preview:-1\" \/>\n<link rel=\"canonical\" href=\"https:\/\/detaildepot.ar\/?product=pirouette-fireball-500ml\" \/>\n<meta property=\"og:locale\" content=\"es_ES\" \/>\n<meta property=\"og:type\" content=\"article\" \/>\n<meta property=\"og:title\" content=\"PIROUETTE FIREBALL 500ML - Detail Depot | Tienda de insumos para detail\" \/>\n<meta property=\"og:description\" content=\"Consiga o mantenga un acabado impecable con PIROUETTE, que proporciona un acabado elegante, n\u00edtido y profundo, similar al cristal, tanto en superficies h\u00famedas como secas, con o sin recubrimiento. Nuestro recubrimiento en aerosol de alta calidad contiene una mezcla de SiO2, micros\u00edlice y pol\u00edmeros sint\u00e9ticos que proporciona una capa protectora intensamente hidrof\u00f3bica y antimanchas sobre [&hellip;]\" \/>\n<meta property=\"og:url\" content=\"https:\/\/detaildepot.ar\/?product=pirouette-fireball-500ml\" \/>\n<meta property=\"og:site_name\" content=\"Detail Depot | Tienda de insumos para detail\" \/>\n<meta property=\"article:modified_time\" content=\"2025-10-30T20:36:58+00:00\" \/>\n<meta property=\"og:image\" content=\"https:\/\/detaildepot.ar\/wp-content\/uploads\/2025\/10\/fireball_2.jpeg\" \/>\n\t<meta property=\"og:image:width\" content=\"1024\" \/>\n\t<meta property=\"og:image:height\" content=\"1024\" \/>\n\t<meta property=\"og:image:type\" content=\"image\/jpeg\" \/>\n<meta name=\"twitter:card\" content=\"summary_large_image\" \/>\n<meta name=\"twitter:label1\" content=\"Tiempo de lectura\" \/>\n\t<meta name=\"twitter:data1\" content=\"1 minuto\" \/>\n<script type=\"application\/ld+json\" class=\"yoast-schema-graph\">{\"@context\":\"https:\\\/\\\/schema.org\",\"@graph\":[{\"@type\":\"WebPage\",\"@id\":\"https:\\\/\\\/detaildepot.ar\\\/?product=pirouette-fireball-500ml\",\"url\":\"https:\\\/\\\/detaildepot.ar\\\/?product=pirouette-fireball-500ml\",\"name\":\"PIROUETTE FIREBALL 500ML - Detail Depot | Tienda de insumos para detail\",\"isPartOf\":{\"@id\":\"https:\\\/\\\/detaildepot.ar\\\/#website\"},\"primaryImageOfPage\":{\"@id\":\"https:\\\/\\\/detaildepot.ar\\\/?product=pirouette-fireball-500ml#primaryimage\"},\"image\":{\"@id\":\"https:\\\/\\\/detaildepot.ar\\\/?product=pirouette-fireball-500ml#primaryimage\"},\"thumbnailUrl\":\"https:\\\/\\\/detaildepot.ar\\\/wp-content\\\/uploads\\\/2025\\\/10\\\/fireball_2.jpeg\",\"datePublished\":\"2025-10-30T20:36:57+00:00\",\"dateModified\":\"2025-10-30T20:36:58+00:00\",\"breadcrumb\":{\"@id\":\"https:\\\/\\\/detaildepot.ar\\\/?product=pirouette-fireball-500ml#breadcrumb\"},\"inLanguage\":\"es-AR\",\"potentialAction\":[{\"@type\":\"ReadAction\",\"target\":[\"https:\\\/\\\/detaildepot.ar\\\/?product=pirouette-fireball-500ml\"]}]},{\"@type\":\"ImageObject\",\"inLanguage\":\"es-AR\",\"@id\":\"https:\\\/\\\/detaildepot.ar\\\/?product=pirouette-fireball-500ml#primaryimage\",\"url\":\"https:\\\/\\\/detaildepot.ar\\\/wp-content\\\/uploads\\\/2025\\\/10\\\/fireball_2.jpeg\",\"contentUrl\":\"https:\\\/\\\/detaildepot.ar\\\/wp-content\\\/uploads\\\/2025\\\/10\\\/fireball_2.jpeg\",\"width\":1024,\"height\":1024},{\"@type\":\"BreadcrumbList\",\"@id\":\"https:\\\/\\\/detaildepot.ar\\\/?product=pirouette-fireball-500ml#breadcrumb\",\"itemListElement\":[{\"@type\":\"ListItem\",\"position\":1,\"name\":\"Inicio\",\"item\":\"https:\\\/\\\/detaildepot.ar\\\/\"},{\"@type\":\"ListItem\",\"position\":2,\"name\":\"Tienda\",\"item\":\"https:\\\/\\\/detaildepot.ar\\\/\"},{\"@type\":\"ListItem\",\"position\":3,\"name\":\"PIROUETTE FIREBALL 500ML\"}]},{\"@type\":\"WebSite\",\"@id\":\"https:\\\/\\\/detaildepot.ar\\\/#website\",\"url\":\"https:\\\/\\\/detaildepot.ar\\\/\",\"name\":\"Detail Depot | Tienda de insumos para detail\",\"description\":\"\",\"publisher\":{\"@id\":\"https:\\\/\\\/detaildepot.ar\\\/#organization\"},\"potentialAction\":[{\"@type\":\"SearchAction\",\"target\":{\"@type\":\"EntryPoint\",\"urlTemplate\":\"https:\\\/\\\/detaildepot.ar\\\/?s={search_term_string}\"},\"query-input\":{\"@type\":\"PropertyValueSpecification\",\"valueRequired\":true,\"valueName\":\"search_term_string\"}}],\"inLanguage\":\"es-AR\"},{\"@type\":\"Organization\",\"@id\":\"https:\\\/\\\/detaildepot.ar\\\/#organization\",\"name\":\"Detail Depot | Tienda de insumos para detail\",\"url\":\"https:\\\/\\\/detaildepot.ar\\\/\",\"logo\":{\"@type\":\"ImageObject\",\"inLanguage\":\"es-AR\",\"@id\":\"https:\\\/\\\/detaildepot.ar\\\/#\\\/schema\\\/logo\\\/image\\\/\",\"url\":\"https:\\\/\\\/detaildepot.ar\\\/wp-content\\\/uploads\\\/2026\\\/03\\\/652187CB-8631-49B2-8296-13AA835CEAD2.png\",\"contentUrl\":\"https:\\\/\\\/detaildepot.ar\\\/wp-content\\\/uploads\\\/2026\\\/03\\\/652187CB-8631-49B2-8296-13AA835CEAD2.png\",\"width\":1024,\"height\":1024,\"caption\":\"Detail Depot | Tienda de insumos para detail\"},\"image\":{\"@id\":\"https:\\\/\\\/detaildepot.ar\\\/#\\\/schema\\\/logo\\\/image\\\/\"}}]}<\/script>\n<!-- \/ Yoast SEO plugin. -->","yoast_head_json":{"title":"PIROUETTE FIREBALL 500ML - Detail Depot | Tienda de insumos para detail","robots":{"index":"index","follow":"follow","max-snippet":"max-snippet:-1","max-image-preview":"max-image-preview:large","max-video-preview":"max-video-preview:-1"},"canonical":"https:\/\/detaildepot.ar\/?product=pirouette-fireball-500ml","og_locale":"es_ES","og_type":"article","og_title":"PIROUETTE FIREBALL 500ML - Detail Depot | Tienda de insumos para detail","og_description":"Consiga o mantenga un acabado impecable con PIROUETTE, que proporciona un acabado elegante, n\u00edtido y profundo, similar al cristal, tanto en superficies h\u00famedas como secas, con o sin recubrimiento. Nuestro recubrimiento en aerosol de alta calidad contiene una mezcla de SiO2, micros\u00edlice y pol\u00edmeros sint\u00e9ticos que proporciona una capa protectora intensamente hidrof\u00f3bica y antimanchas sobre [&hellip;]","og_url":"https:\/\/detaildepot.ar\/?product=pirouette-fireball-500ml","og_site_name":"Detail Depot | Tienda de insumos para detail","article_modified_time":"2025-10-30T20:36:58+00:00","og_image":[{"width":1024,"height":1024,"url":"https:\/\/detaildepot.ar\/wp-content\/uploads\/2025\/10\/fireball_2.jpeg","type":"image\/jpeg"}],"twitter_card":"summary_large_image","twitter_misc":{"Tiempo de lectura":"1 minuto"},"schema":{"@context":"https:\/\/schema.org","@graph":[{"@type":"WebPage","@id":"https:\/\/detaildepot.ar\/?product=pirouette-fireball-500ml","url":"https:\/\/detaildepot.ar\/?product=pirouette-fireball-500ml","name":"PIROUETTE FIREBALL 500ML - Detail Depot | Tienda de insumos para detail","isPartOf":{"@id":"https:\/\/detaildepot.ar\/#website"},"primaryImageOfPage":{"@id":"https:\/\/detaildepot.ar\/?product=pirouette-fireball-500ml#primaryimage"},"image":{"@id":"https:\/\/detaildepot.ar\/?product=pirouette-fireball-500ml#primaryimage"},"thumbnailUrl":"https:\/\/detaildepot.ar\/wp-content\/uploads\/2025\/10\/fireball_2.jpeg","datePublished":"2025-10-30T20:36:57+00:00","dateModified":"2025-10-30T20:36:58+00:00","breadcrumb":{"@id":"https:\/\/detaildepot.ar\/?product=pirouette-fireball-500ml#breadcrumb"},"inLanguage":"es-AR","potentialAction":[{"@type":"ReadAction","target":["https:\/\/detaildepot.ar\/?product=pirouette-fireball-500ml"]}]},{"@type":"ImageObject","inLanguage":"es-AR","@id":"https:\/\/detaildepot.ar\/?product=pirouette-fireball-500ml#primaryimage","url":"https:\/\/detaildepot.ar\/wp-content\/uploads\/2025\/10\/fireball_2.jpeg","contentUrl":"https:\/\/detaildepot.ar\/wp-content\/uploads\/2025\/10\/fireball_2.jpeg","width":1024,"height":1024},{"@type":"BreadcrumbList","@id":"https:\/\/detaildepot.ar\/?product=pirouette-fireball-500ml#breadcrumb","itemListElement":[{"@type":"ListItem","position":1,"name":"Inicio","item":"https:\/\/detaildepot.ar\/"},{"@type":"ListItem","position":2,"name":"Tienda","item":"https:\/\/detaildepot.ar\/"},{"@type":"ListItem","position":3,"name":"PIROUETTE FIREBALL 500ML"}]},{"@type":"WebSite","@id":"https:\/\/detaildepot.ar\/#website","url":"https:\/\/detaildepot.ar\/","name":"Detail Depot | Tienda de insumos para detail","description":"","publisher":{"@id":"https:\/\/detaildepot.ar\/#organization"},"potentialAction":[{"@type":"SearchAction","target":{"@type":"EntryPoint","urlTemplate":"https:\/\/detaildepot.ar\/?s={search_term_string}"},"query-input":{"@type":"PropertyValueSpecification","valueRequired":true,"valueName":"search_term_string"}}],"inLanguage":"es-AR"},{"@type":"Organization","@id":"https:\/\/detaildepot.ar\/#organization","name":"Detail Depot | Tienda de insumos para detail","url":"https:\/\/detaildepot.ar\/","logo":{"@type":"ImageObject","inLanguage":"es-AR","@id":"https:\/\/detaildepot.ar\/#\/schema\/logo\/image\/","url":"https:\/\/detaildepot.ar\/wp-content\/uploads\/2026\/03\/652187CB-8631-49B2-8296-13AA835CEAD2.png","contentUrl":"https:\/\/detaildepot.ar\/wp-content\/uploads\/2026\/03\/652187CB-8631-49B2-8296-13AA835CEAD2.png","width":1024,"height":1024,"caption":"Detail Depot | Tienda de insumos para detail"},"image":{"@id":"https:\/\/detaildepot.ar\/#\/schema\/logo\/image\/"}}]}},"jetpack_sharing_enabled":true,"_links":{"self":[{"href":"https:\/\/detaildepot.ar\/index.php?rest_route=\/wp\/v2\/product\/1690","targetHints":{"allow":["GET"]}}],"collection":[{"href":"https:\/\/detaildepot.ar\/index.php?rest_route=\/wp\/v2\/product"}],"about":[{"href":"https:\/\/detaildepot.ar\/index.php?rest_route=\/wp\/v2\/types\/product"}],"replies":[{"embeddable":true,"href":"https:\/\/detaildepot.ar\/index.php?rest_route=%2Fwp%2Fv2%2Fcomments&post=1690"}],"version-history":[{"count":1,"href":"https:\/\/detaildepot.ar\/index.php?rest_route=\/wp\/v2\/product\/1690\/revisions"}],"predecessor-version":[{"id":1693,"href":"https:\/\/detaildepot.ar\/index.php?rest_route=\/wp\/v2\/product\/1690\/revisions\/1693"}],"wp:featuredmedia":[{"embeddable":true,"href":"https:\/\/detaildepot.ar\/index.php?rest_route=\/wp\/v2\/media\/1692"}],"wp:attachment":[{"href":"https:\/\/detaildepot.ar\/index.php?rest_route=%2Fwp%2Fv2%2Fmedia&parent=1690"}],"wp:term":[{"taxonomy":"product_brand","embeddable":true,"href":"https:\/\/detaildepot.ar\/index.php?rest_route=%2Fwp%2Fv2%2Fproduct_brand&post=1690"},{"taxonomy":"product_cat","embeddable":true,"href":"https:\/\/detaildepot.ar\/index.php?rest_route=%2Fwp%2Fv2%2Fproduct_cat&post=1690"},{"taxonomy":"product_tag","embeddable":true,"href":"https:\/\/detaildepot.ar\/index.php?rest_route=%2Fwp%2Fv2%2Fproduct_tag&post=1690"}],"curies":[{"name":"wp","href":"https:\/\/api.w.org\/{rel}","templated":true}]}}