{"id":1684,"date":"2025-10-30T17:31:47","date_gmt":"2025-10-30T20:31:47","guid":{"rendered":"https:\/\/detaildepot.ar\/?post_type=product&#038;p=1684"},"modified":"2025-11-12T22:08:06","modified_gmt":"2025-11-13T01:08:06","slug":"nappa-cleaner-fireball-500ml","status":"publish","type":"product","link":"https:\/\/detaildepot.ar\/?product=nappa-cleaner-fireball-500ml","title":{"rendered":"NAPPA CLEANER FIREBALL 500ML"},"content":{"rendered":"<p>Nappa Cleaner es un limpiador multiusos especializado en la limpieza profunda de interiores. Se puede usar en aerosol o espuma y elimina eficazmente todo tipo de suciedad y grasa sin dejar residuos. Adem\u00e1s, Nappa Cleaner acondiciona el suelo, reduciendo el riesgo de agrietamiento y decoloraci\u00f3n. Es seguro para telas, cuero, vinilo, pl\u00e1sticos y otros elementos interiores.<\/p>\n<p>&#8211; F\u00e1cil de usar.<br \/>\n&#8211; Ingredientes de alta calidad.<br \/>\n&#8211; Limpia y acondiciona.<br \/>\n&#8211; Se puede usar diluido o puro.<br \/>\n&#8211; Acabado antiest\u00e1tico y libre de grasa.<\/p>\n<p>Agradable aroma a limpio.<\/p>\n","protected":false},"excerpt":{"rendered":"<p>Nappa Cleaner es un limpiador multiusos especializado en la limpieza profunda de interiores. Se puede usar en aerosol o espuma y elimina eficazmente todo tipo de suciedad y grasa sin dejar residuos. Adem\u00e1s, Nappa Cleaner acondiciona el suelo, reduciendo el riesgo de agrietamiento y decoloraci\u00f3n. Es seguro para telas, cuero, vinilo, pl\u00e1sticos y otros elementos [&hellip;]<\/p>\n","protected":false},"featured_media":1688,"comment_status":"open","ping_status":"closed","template":"","meta":[],"product_brand":[353],"product_cat":[47],"product_tag":[82,354,385],"class_list":{"0":"post-1684","1":"product","2":"type-product","3":"status-publish","4":"has-post-thumbnail","6":"product_brand-fireball","7":"product_cat-limpiadores","8":"product_tag-apc","9":"product_tag-fireball","10":"product_tag-nappa","12":"first","13":"instock","14":"shipping-taxable","15":"purchasable","16":"product-type-simple"},"yoast_head":"<!-- This site is optimized with the Yoast SEO plugin v27.4 - https:\/\/yoast.com\/product\/yoast-seo-wordpress\/ -->\n<title>NAPPA CLEANER FIREBALL 500ML - Detail Depot | Tienda de insumos para detail<\/title>\n<meta name=\"robots\" content=\"index, follow, max-snippet:-1, max-image-preview:large, max-video-preview:-1\" \/>\n<link rel=\"canonical\" href=\"https:\/\/detaildepot.ar\/?product=nappa-cleaner-fireball-500ml\" \/>\n<meta property=\"og:locale\" content=\"es_ES\" \/>\n<meta property=\"og:type\" content=\"article\" \/>\n<meta property=\"og:title\" content=\"NAPPA CLEANER FIREBALL 500ML - Detail Depot | Tienda de insumos para detail\" \/>\n<meta property=\"og:description\" content=\"Nappa Cleaner es un limpiador multiusos especializado en la limpieza profunda de interiores. Se puede usar en aerosol o espuma y elimina eficazmente todo tipo de suciedad y grasa sin dejar residuos. Adem\u00e1s, Nappa Cleaner acondiciona el suelo, reduciendo el riesgo de agrietamiento y decoloraci\u00f3n. Es seguro para telas, cuero, vinilo, pl\u00e1sticos y otros elementos [&hellip;]\" \/>\n<meta property=\"og:url\" content=\"https:\/\/detaildepot.ar\/?product=nappa-cleaner-fireball-500ml\" \/>\n<meta property=\"og:site_name\" content=\"Detail Depot | Tienda de insumos para detail\" \/>\n<meta property=\"article:modified_time\" content=\"2025-11-13T01:08:06+00:00\" \/>\n<meta property=\"og:image\" content=\"https:\/\/detaildepot.ar\/wp-content\/uploads\/2025\/10\/fireball_1.jpeg\" \/>\n\t<meta property=\"og:image:width\" content=\"1024\" \/>\n\t<meta property=\"og:image:height\" content=\"1024\" \/>\n\t<meta property=\"og:image:type\" content=\"image\/jpeg\" \/>\n<meta name=\"twitter:card\" content=\"summary_large_image\" \/>\n<meta name=\"twitter:label1\" content=\"Tiempo de lectura\" \/>\n\t<meta name=\"twitter:data1\" content=\"1 minuto\" \/>\n<script type=\"application\/ld+json\" class=\"yoast-schema-graph\">{\"@context\":\"https:\\\/\\\/schema.org\",\"@graph\":[{\"@type\":\"WebPage\",\"@id\":\"https:\\\/\\\/detaildepot.ar\\\/?product=nappa-cleaner-fireball-500ml\",\"url\":\"https:\\\/\\\/detaildepot.ar\\\/?product=nappa-cleaner-fireball-500ml\",\"name\":\"NAPPA CLEANER FIREBALL 500ML - Detail Depot | Tienda de insumos para detail\",\"isPartOf\":{\"@id\":\"https:\\\/\\\/detaildepot.ar\\\/#website\"},\"primaryImageOfPage\":{\"@id\":\"https:\\\/\\\/detaildepot.ar\\\/?product=nappa-cleaner-fireball-500ml#primaryimage\"},\"image\":{\"@id\":\"https:\\\/\\\/detaildepot.ar\\\/?product=nappa-cleaner-fireball-500ml#primaryimage\"},\"thumbnailUrl\":\"https:\\\/\\\/detaildepot.ar\\\/wp-content\\\/uploads\\\/2025\\\/10\\\/fireball_1.jpeg\",\"datePublished\":\"2025-10-30T20:31:47+00:00\",\"dateModified\":\"2025-11-13T01:08:06+00:00\",\"breadcrumb\":{\"@id\":\"https:\\\/\\\/detaildepot.ar\\\/?product=nappa-cleaner-fireball-500ml#breadcrumb\"},\"inLanguage\":\"es-AR\",\"potentialAction\":[{\"@type\":\"ReadAction\",\"target\":[\"https:\\\/\\\/detaildepot.ar\\\/?product=nappa-cleaner-fireball-500ml\"]}]},{\"@type\":\"ImageObject\",\"inLanguage\":\"es-AR\",\"@id\":\"https:\\\/\\\/detaildepot.ar\\\/?product=nappa-cleaner-fireball-500ml#primaryimage\",\"url\":\"https:\\\/\\\/detaildepot.ar\\\/wp-content\\\/uploads\\\/2025\\\/10\\\/fireball_1.jpeg\",\"contentUrl\":\"https:\\\/\\\/detaildepot.ar\\\/wp-content\\\/uploads\\\/2025\\\/10\\\/fireball_1.jpeg\",\"width\":1024,\"height\":1024},{\"@type\":\"BreadcrumbList\",\"@id\":\"https:\\\/\\\/detaildepot.ar\\\/?product=nappa-cleaner-fireball-500ml#breadcrumb\",\"itemListElement\":[{\"@type\":\"ListItem\",\"position\":1,\"name\":\"Inicio\",\"item\":\"https:\\\/\\\/detaildepot.ar\\\/\"},{\"@type\":\"ListItem\",\"position\":2,\"name\":\"Tienda\",\"item\":\"https:\\\/\\\/detaildepot.ar\\\/\"},{\"@type\":\"ListItem\",\"position\":3,\"name\":\"NAPPA CLEANER FIREBALL 500ML\"}]},{\"@type\":\"WebSite\",\"@id\":\"https:\\\/\\\/detaildepot.ar\\\/#website\",\"url\":\"https:\\\/\\\/detaildepot.ar\\\/\",\"name\":\"Detail Depot | Tienda de insumos para detail\",\"description\":\"\",\"publisher\":{\"@id\":\"https:\\\/\\\/detaildepot.ar\\\/#organization\"},\"potentialAction\":[{\"@type\":\"SearchAction\",\"target\":{\"@type\":\"EntryPoint\",\"urlTemplate\":\"https:\\\/\\\/detaildepot.ar\\\/?s={search_term_string}\"},\"query-input\":{\"@type\":\"PropertyValueSpecification\",\"valueRequired\":true,\"valueName\":\"search_term_string\"}}],\"inLanguage\":\"es-AR\"},{\"@type\":\"Organization\",\"@id\":\"https:\\\/\\\/detaildepot.ar\\\/#organization\",\"name\":\"Detail Depot | Tienda de insumos para detail\",\"url\":\"https:\\\/\\\/detaildepot.ar\\\/\",\"logo\":{\"@type\":\"ImageObject\",\"inLanguage\":\"es-AR\",\"@id\":\"https:\\\/\\\/detaildepot.ar\\\/#\\\/schema\\\/logo\\\/image\\\/\",\"url\":\"https:\\\/\\\/detaildepot.ar\\\/wp-content\\\/uploads\\\/2026\\\/03\\\/652187CB-8631-49B2-8296-13AA835CEAD2.png\",\"contentUrl\":\"https:\\\/\\\/detaildepot.ar\\\/wp-content\\\/uploads\\\/2026\\\/03\\\/652187CB-8631-49B2-8296-13AA835CEAD2.png\",\"width\":1024,\"height\":1024,\"caption\":\"Detail Depot | Tienda de insumos para detail\"},\"image\":{\"@id\":\"https:\\\/\\\/detaildepot.ar\\\/#\\\/schema\\\/logo\\\/image\\\/\"}}]}<\/script>\n<!-- \/ Yoast SEO plugin. -->","yoast_head_json":{"title":"NAPPA CLEANER FIREBALL 500ML - Detail Depot | Tienda de insumos para detail","robots":{"index":"index","follow":"follow","max-snippet":"max-snippet:-1","max-image-preview":"max-image-preview:large","max-video-preview":"max-video-preview:-1"},"canonical":"https:\/\/detaildepot.ar\/?product=nappa-cleaner-fireball-500ml","og_locale":"es_ES","og_type":"article","og_title":"NAPPA CLEANER FIREBALL 500ML - Detail Depot | Tienda de insumos para detail","og_description":"Nappa Cleaner es un limpiador multiusos especializado en la limpieza profunda de interiores. Se puede usar en aerosol o espuma y elimina eficazmente todo tipo de suciedad y grasa sin dejar residuos. Adem\u00e1s, Nappa Cleaner acondiciona el suelo, reduciendo el riesgo de agrietamiento y decoloraci\u00f3n. Es seguro para telas, cuero, vinilo, pl\u00e1sticos y otros elementos [&hellip;]","og_url":"https:\/\/detaildepot.ar\/?product=nappa-cleaner-fireball-500ml","og_site_name":"Detail Depot | Tienda de insumos para detail","article_modified_time":"2025-11-13T01:08:06+00:00","og_image":[{"width":1024,"height":1024,"url":"https:\/\/detaildepot.ar\/wp-content\/uploads\/2025\/10\/fireball_1.jpeg","type":"image\/jpeg"}],"twitter_card":"summary_large_image","twitter_misc":{"Tiempo de lectura":"1 minuto"},"schema":{"@context":"https:\/\/schema.org","@graph":[{"@type":"WebPage","@id":"https:\/\/detaildepot.ar\/?product=nappa-cleaner-fireball-500ml","url":"https:\/\/detaildepot.ar\/?product=nappa-cleaner-fireball-500ml","name":"NAPPA CLEANER FIREBALL 500ML - Detail Depot | Tienda de insumos para detail","isPartOf":{"@id":"https:\/\/detaildepot.ar\/#website"},"primaryImageOfPage":{"@id":"https:\/\/detaildepot.ar\/?product=nappa-cleaner-fireball-500ml#primaryimage"},"image":{"@id":"https:\/\/detaildepot.ar\/?product=nappa-cleaner-fireball-500ml#primaryimage"},"thumbnailUrl":"https:\/\/detaildepot.ar\/wp-content\/uploads\/2025\/10\/fireball_1.jpeg","datePublished":"2025-10-30T20:31:47+00:00","dateModified":"2025-11-13T01:08:06+00:00","breadcrumb":{"@id":"https:\/\/detaildepot.ar\/?product=nappa-cleaner-fireball-500ml#breadcrumb"},"inLanguage":"es-AR","potentialAction":[{"@type":"ReadAction","target":["https:\/\/detaildepot.ar\/?product=nappa-cleaner-fireball-500ml"]}]},{"@type":"ImageObject","inLanguage":"es-AR","@id":"https:\/\/detaildepot.ar\/?product=nappa-cleaner-fireball-500ml#primaryimage","url":"https:\/\/detaildepot.ar\/wp-content\/uploads\/2025\/10\/fireball_1.jpeg","contentUrl":"https:\/\/detaildepot.ar\/wp-content\/uploads\/2025\/10\/fireball_1.jpeg","width":1024,"height":1024},{"@type":"BreadcrumbList","@id":"https:\/\/detaildepot.ar\/?product=nappa-cleaner-fireball-500ml#breadcrumb","itemListElement":[{"@type":"ListItem","position":1,"name":"Inicio","item":"https:\/\/detaildepot.ar\/"},{"@type":"ListItem","position":2,"name":"Tienda","item":"https:\/\/detaildepot.ar\/"},{"@type":"ListItem","position":3,"name":"NAPPA CLEANER FIREBALL 500ML"}]},{"@type":"WebSite","@id":"https:\/\/detaildepot.ar\/#website","url":"https:\/\/detaildepot.ar\/","name":"Detail Depot | Tienda de insumos para detail","description":"","publisher":{"@id":"https:\/\/detaildepot.ar\/#organization"},"potentialAction":[{"@type":"SearchAction","target":{"@type":"EntryPoint","urlTemplate":"https:\/\/detaildepot.ar\/?s={search_term_string}"},"query-input":{"@type":"PropertyValueSpecification","valueRequired":true,"valueName":"search_term_string"}}],"inLanguage":"es-AR"},{"@type":"Organization","@id":"https:\/\/detaildepot.ar\/#organization","name":"Detail Depot | Tienda de insumos para detail","url":"https:\/\/detaildepot.ar\/","logo":{"@type":"ImageObject","inLanguage":"es-AR","@id":"https:\/\/detaildepot.ar\/#\/schema\/logo\/image\/","url":"https:\/\/detaildepot.ar\/wp-content\/uploads\/2026\/03\/652187CB-8631-49B2-8296-13AA835CEAD2.png","contentUrl":"https:\/\/detaildepot.ar\/wp-content\/uploads\/2026\/03\/652187CB-8631-49B2-8296-13AA835CEAD2.png","width":1024,"height":1024,"caption":"Detail Depot | Tienda de insumos para detail"},"image":{"@id":"https:\/\/detaildepot.ar\/#\/schema\/logo\/image\/"}}]}},"jetpack_sharing_enabled":true,"_links":{"self":[{"href":"https:\/\/detaildepot.ar\/index.php?rest_route=\/wp\/v2\/product\/1684","targetHints":{"allow":["GET"]}}],"collection":[{"href":"https:\/\/detaildepot.ar\/index.php?rest_route=\/wp\/v2\/product"}],"about":[{"href":"https:\/\/detaildepot.ar\/index.php?rest_route=\/wp\/v2\/types\/product"}],"replies":[{"embeddable":true,"href":"https:\/\/detaildepot.ar\/index.php?rest_route=%2Fwp%2Fv2%2Fcomments&post=1684"}],"version-history":[{"count":1,"href":"https:\/\/detaildepot.ar\/index.php?rest_route=\/wp\/v2\/product\/1684\/revisions"}],"predecessor-version":[{"id":1689,"href":"https:\/\/detaildepot.ar\/index.php?rest_route=\/wp\/v2\/product\/1684\/revisions\/1689"}],"wp:featuredmedia":[{"embeddable":true,"href":"https:\/\/detaildepot.ar\/index.php?rest_route=\/wp\/v2\/media\/1688"}],"wp:attachment":[{"href":"https:\/\/detaildepot.ar\/index.php?rest_route=%2Fwp%2Fv2%2Fmedia&parent=1684"}],"wp:term":[{"taxonomy":"product_brand","embeddable":true,"href":"https:\/\/detaildepot.ar\/index.php?rest_route=%2Fwp%2Fv2%2Fproduct_brand&post=1684"},{"taxonomy":"product_cat","embeddable":true,"href":"https:\/\/detaildepot.ar\/index.php?rest_route=%2Fwp%2Fv2%2Fproduct_cat&post=1684"},{"taxonomy":"product_tag","embeddable":true,"href":"https:\/\/detaildepot.ar\/index.php?rest_route=%2Fwp%2Fv2%2Fproduct_tag&post=1684"}],"curies":[{"name":"wp","href":"https:\/\/api.w.org\/{rel}","templated":true}]}}