{"id":1501,"date":"2025-09-29T00:36:50","date_gmt":"2025-09-29T03:36:50","guid":{"rendered":"https:\/\/detaildepot.ar\/?post_type=product&#038;p=1501"},"modified":"2025-09-29T00:36:50","modified_gmt":"2025-09-29T03:36:50","slug":"ps-ballistic-compound-x-galon","status":"publish","type":"product","link":"https:\/\/detaildepot.ar\/?product=ps-ballistic-compound-x-galon","title":{"rendered":"P&#038;S BALLISTIC COMPOUND X GALON"},"content":{"rendered":"<p>El compuesto bal\u00edstico es un compuesto de alta resistencia y corte m\u00e1ximo, dise\u00f1ado para proporcionar la capacidad de corte necesaria para acabados de pintura m\u00e1s duros y gel coat. Fue desarrollado para eliminar rayones de lijado de grano 1000 o m\u00e1s finos, oxidaci\u00f3n, residuos, manchas de agua y otras irregularidades de la superficie. Es seguro para todo tipo de acabados de pintura. Se puede usar con pulidoras rotativas o de acci\u00f3n directa de alta potencia con discos de corte de lana o espuma.<\/p>\n","protected":false},"excerpt":{"rendered":"<p>El compuesto bal\u00edstico es un compuesto de alta resistencia y corte m\u00e1ximo, dise\u00f1ado para proporcionar la capacidad de corte necesaria para acabados de pintura m\u00e1s duros y gel coat. Fue desarrollado para eliminar rayones de lijado de grano 1000 o m\u00e1s finos, oxidaci\u00f3n, residuos, manchas de agua y otras irregularidades de la superficie. Es seguro [&hellip;]<\/p>\n","protected":false},"featured_media":1494,"comment_status":"open","ping_status":"closed","template":"","meta":[],"product_brand":[325],"product_cat":[22],"product_tag":[345,313,25],"class_list":{"0":"post-1501","1":"product","2":"type-product","3":"status-publish","4":"has-post-thumbnail","6":"product_brand-ps","7":"product_cat-pulimentos","8":"product_tag-ballistic","9":"product_tag-ps","10":"product_tag-pulimento","12":"first","13":"instock","14":"shipping-taxable","15":"purchasable","16":"product-type-simple"},"yoast_head":"<!-- This site is optimized with the Yoast SEO plugin v27.4 - https:\/\/yoast.com\/product\/yoast-seo-wordpress\/ -->\n<title>P&amp;S BALLISTIC COMPOUND X GALON - Detail Depot | Tienda de insumos para detail<\/title>\n<meta name=\"robots\" content=\"index, follow, max-snippet:-1, max-image-preview:large, max-video-preview:-1\" \/>\n<link rel=\"canonical\" href=\"https:\/\/detaildepot.ar\/?product=ps-ballistic-compound-x-galon\" \/>\n<meta property=\"og:locale\" content=\"es_ES\" \/>\n<meta property=\"og:type\" content=\"article\" \/>\n<meta property=\"og:title\" content=\"P&amp;S BALLISTIC COMPOUND X GALON - Detail Depot | Tienda de insumos para detail\" \/>\n<meta property=\"og:description\" content=\"El compuesto bal\u00edstico es un compuesto de alta resistencia y corte m\u00e1ximo, dise\u00f1ado para proporcionar la capacidad de corte necesaria para acabados de pintura m\u00e1s duros y gel coat. Fue desarrollado para eliminar rayones de lijado de grano 1000 o m\u00e1s finos, oxidaci\u00f3n, residuos, manchas de agua y otras irregularidades de la superficie. Es seguro [&hellip;]\" \/>\n<meta property=\"og:url\" content=\"https:\/\/detaildepot.ar\/?product=ps-ballistic-compound-x-galon\" \/>\n<meta property=\"og:site_name\" content=\"Detail Depot | Tienda de insumos para detail\" \/>\n<meta property=\"og:image\" content=\"https:\/\/detaildepot.ar\/wp-content\/uploads\/2025\/09\/7.png\" \/>\n\t<meta property=\"og:image:width\" content=\"1024\" \/>\n\t<meta property=\"og:image:height\" content=\"1024\" \/>\n\t<meta property=\"og:image:type\" content=\"image\/png\" \/>\n<meta name=\"twitter:card\" content=\"summary_large_image\" \/>\n<meta name=\"twitter:label1\" content=\"Tiempo de lectura\" \/>\n\t<meta name=\"twitter:data1\" content=\"1 minuto\" \/>\n<script type=\"application\/ld+json\" class=\"yoast-schema-graph\">{\"@context\":\"https:\\\/\\\/schema.org\",\"@graph\":[{\"@type\":\"WebPage\",\"@id\":\"https:\\\/\\\/detaildepot.ar\\\/?product=ps-ballistic-compound-x-galon\",\"url\":\"https:\\\/\\\/detaildepot.ar\\\/?product=ps-ballistic-compound-x-galon\",\"name\":\"P&S BALLISTIC COMPOUND X GALON - Detail Depot | Tienda de insumos para detail\",\"isPartOf\":{\"@id\":\"https:\\\/\\\/detaildepot.ar\\\/#website\"},\"primaryImageOfPage\":{\"@id\":\"https:\\\/\\\/detaildepot.ar\\\/?product=ps-ballistic-compound-x-galon#primaryimage\"},\"image\":{\"@id\":\"https:\\\/\\\/detaildepot.ar\\\/?product=ps-ballistic-compound-x-galon#primaryimage\"},\"thumbnailUrl\":\"https:\\\/\\\/detaildepot.ar\\\/wp-content\\\/uploads\\\/2025\\\/09\\\/7.png\",\"datePublished\":\"2025-09-29T03:36:50+00:00\",\"breadcrumb\":{\"@id\":\"https:\\\/\\\/detaildepot.ar\\\/?product=ps-ballistic-compound-x-galon#breadcrumb\"},\"inLanguage\":\"es-AR\",\"potentialAction\":[{\"@type\":\"ReadAction\",\"target\":[\"https:\\\/\\\/detaildepot.ar\\\/?product=ps-ballistic-compound-x-galon\"]}]},{\"@type\":\"ImageObject\",\"inLanguage\":\"es-AR\",\"@id\":\"https:\\\/\\\/detaildepot.ar\\\/?product=ps-ballistic-compound-x-galon#primaryimage\",\"url\":\"https:\\\/\\\/detaildepot.ar\\\/wp-content\\\/uploads\\\/2025\\\/09\\\/7.png\",\"contentUrl\":\"https:\\\/\\\/detaildepot.ar\\\/wp-content\\\/uploads\\\/2025\\\/09\\\/7.png\",\"width\":1024,\"height\":1024},{\"@type\":\"BreadcrumbList\",\"@id\":\"https:\\\/\\\/detaildepot.ar\\\/?product=ps-ballistic-compound-x-galon#breadcrumb\",\"itemListElement\":[{\"@type\":\"ListItem\",\"position\":1,\"name\":\"Inicio\",\"item\":\"https:\\\/\\\/detaildepot.ar\\\/\"},{\"@type\":\"ListItem\",\"position\":2,\"name\":\"Tienda\",\"item\":\"https:\\\/\\\/detaildepot.ar\\\/\"},{\"@type\":\"ListItem\",\"position\":3,\"name\":\"P&#038;S BALLISTIC COMPOUND X GALON\"}]},{\"@type\":\"WebSite\",\"@id\":\"https:\\\/\\\/detaildepot.ar\\\/#website\",\"url\":\"https:\\\/\\\/detaildepot.ar\\\/\",\"name\":\"Detail Depot | Tienda de insumos para detail\",\"description\":\"\",\"publisher\":{\"@id\":\"https:\\\/\\\/detaildepot.ar\\\/#organization\"},\"potentialAction\":[{\"@type\":\"SearchAction\",\"target\":{\"@type\":\"EntryPoint\",\"urlTemplate\":\"https:\\\/\\\/detaildepot.ar\\\/?s={search_term_string}\"},\"query-input\":{\"@type\":\"PropertyValueSpecification\",\"valueRequired\":true,\"valueName\":\"search_term_string\"}}],\"inLanguage\":\"es-AR\"},{\"@type\":\"Organization\",\"@id\":\"https:\\\/\\\/detaildepot.ar\\\/#organization\",\"name\":\"Detail Depot | Tienda de insumos para detail\",\"url\":\"https:\\\/\\\/detaildepot.ar\\\/\",\"logo\":{\"@type\":\"ImageObject\",\"inLanguage\":\"es-AR\",\"@id\":\"https:\\\/\\\/detaildepot.ar\\\/#\\\/schema\\\/logo\\\/image\\\/\",\"url\":\"https:\\\/\\\/detaildepot.ar\\\/wp-content\\\/uploads\\\/2026\\\/03\\\/652187CB-8631-49B2-8296-13AA835CEAD2.png\",\"contentUrl\":\"https:\\\/\\\/detaildepot.ar\\\/wp-content\\\/uploads\\\/2026\\\/03\\\/652187CB-8631-49B2-8296-13AA835CEAD2.png\",\"width\":1024,\"height\":1024,\"caption\":\"Detail Depot | Tienda de insumos para detail\"},\"image\":{\"@id\":\"https:\\\/\\\/detaildepot.ar\\\/#\\\/schema\\\/logo\\\/image\\\/\"}}]}<\/script>\n<!-- \/ Yoast SEO plugin. -->","yoast_head_json":{"title":"P&S BALLISTIC COMPOUND X GALON - Detail Depot | Tienda de insumos para detail","robots":{"index":"index","follow":"follow","max-snippet":"max-snippet:-1","max-image-preview":"max-image-preview:large","max-video-preview":"max-video-preview:-1"},"canonical":"https:\/\/detaildepot.ar\/?product=ps-ballistic-compound-x-galon","og_locale":"es_ES","og_type":"article","og_title":"P&S BALLISTIC COMPOUND X GALON - Detail Depot | Tienda de insumos para detail","og_description":"El compuesto bal\u00edstico es un compuesto de alta resistencia y corte m\u00e1ximo, dise\u00f1ado para proporcionar la capacidad de corte necesaria para acabados de pintura m\u00e1s duros y gel coat. Fue desarrollado para eliminar rayones de lijado de grano 1000 o m\u00e1s finos, oxidaci\u00f3n, residuos, manchas de agua y otras irregularidades de la superficie. Es seguro [&hellip;]","og_url":"https:\/\/detaildepot.ar\/?product=ps-ballistic-compound-x-galon","og_site_name":"Detail Depot | Tienda de insumos para detail","og_image":[{"width":1024,"height":1024,"url":"https:\/\/detaildepot.ar\/wp-content\/uploads\/2025\/09\/7.png","type":"image\/png"}],"twitter_card":"summary_large_image","twitter_misc":{"Tiempo de lectura":"1 minuto"},"schema":{"@context":"https:\/\/schema.org","@graph":[{"@type":"WebPage","@id":"https:\/\/detaildepot.ar\/?product=ps-ballistic-compound-x-galon","url":"https:\/\/detaildepot.ar\/?product=ps-ballistic-compound-x-galon","name":"P&S BALLISTIC COMPOUND X GALON - Detail Depot | Tienda de insumos para detail","isPartOf":{"@id":"https:\/\/detaildepot.ar\/#website"},"primaryImageOfPage":{"@id":"https:\/\/detaildepot.ar\/?product=ps-ballistic-compound-x-galon#primaryimage"},"image":{"@id":"https:\/\/detaildepot.ar\/?product=ps-ballistic-compound-x-galon#primaryimage"},"thumbnailUrl":"https:\/\/detaildepot.ar\/wp-content\/uploads\/2025\/09\/7.png","datePublished":"2025-09-29T03:36:50+00:00","breadcrumb":{"@id":"https:\/\/detaildepot.ar\/?product=ps-ballistic-compound-x-galon#breadcrumb"},"inLanguage":"es-AR","potentialAction":[{"@type":"ReadAction","target":["https:\/\/detaildepot.ar\/?product=ps-ballistic-compound-x-galon"]}]},{"@type":"ImageObject","inLanguage":"es-AR","@id":"https:\/\/detaildepot.ar\/?product=ps-ballistic-compound-x-galon#primaryimage","url":"https:\/\/detaildepot.ar\/wp-content\/uploads\/2025\/09\/7.png","contentUrl":"https:\/\/detaildepot.ar\/wp-content\/uploads\/2025\/09\/7.png","width":1024,"height":1024},{"@type":"BreadcrumbList","@id":"https:\/\/detaildepot.ar\/?product=ps-ballistic-compound-x-galon#breadcrumb","itemListElement":[{"@type":"ListItem","position":1,"name":"Inicio","item":"https:\/\/detaildepot.ar\/"},{"@type":"ListItem","position":2,"name":"Tienda","item":"https:\/\/detaildepot.ar\/"},{"@type":"ListItem","position":3,"name":"P&#038;S BALLISTIC COMPOUND X GALON"}]},{"@type":"WebSite","@id":"https:\/\/detaildepot.ar\/#website","url":"https:\/\/detaildepot.ar\/","name":"Detail Depot | Tienda de insumos para detail","description":"","publisher":{"@id":"https:\/\/detaildepot.ar\/#organization"},"potentialAction":[{"@type":"SearchAction","target":{"@type":"EntryPoint","urlTemplate":"https:\/\/detaildepot.ar\/?s={search_term_string}"},"query-input":{"@type":"PropertyValueSpecification","valueRequired":true,"valueName":"search_term_string"}}],"inLanguage":"es-AR"},{"@type":"Organization","@id":"https:\/\/detaildepot.ar\/#organization","name":"Detail Depot | Tienda de insumos para detail","url":"https:\/\/detaildepot.ar\/","logo":{"@type":"ImageObject","inLanguage":"es-AR","@id":"https:\/\/detaildepot.ar\/#\/schema\/logo\/image\/","url":"https:\/\/detaildepot.ar\/wp-content\/uploads\/2026\/03\/652187CB-8631-49B2-8296-13AA835CEAD2.png","contentUrl":"https:\/\/detaildepot.ar\/wp-content\/uploads\/2026\/03\/652187CB-8631-49B2-8296-13AA835CEAD2.png","width":1024,"height":1024,"caption":"Detail Depot | Tienda de insumos para detail"},"image":{"@id":"https:\/\/detaildepot.ar\/#\/schema\/logo\/image\/"}}]}},"jetpack_sharing_enabled":true,"_links":{"self":[{"href":"https:\/\/detaildepot.ar\/index.php?rest_route=\/wp\/v2\/product\/1501","targetHints":{"allow":["GET"]}}],"collection":[{"href":"https:\/\/detaildepot.ar\/index.php?rest_route=\/wp\/v2\/product"}],"about":[{"href":"https:\/\/detaildepot.ar\/index.php?rest_route=\/wp\/v2\/types\/product"}],"replies":[{"embeddable":true,"href":"https:\/\/detaildepot.ar\/index.php?rest_route=%2Fwp%2Fv2%2Fcomments&post=1501"}],"version-history":[{"count":1,"href":"https:\/\/detaildepot.ar\/index.php?rest_route=\/wp\/v2\/product\/1501\/revisions"}],"predecessor-version":[{"id":1502,"href":"https:\/\/detaildepot.ar\/index.php?rest_route=\/wp\/v2\/product\/1501\/revisions\/1502"}],"wp:featuredmedia":[{"embeddable":true,"href":"https:\/\/detaildepot.ar\/index.php?rest_route=\/wp\/v2\/media\/1494"}],"wp:attachment":[{"href":"https:\/\/detaildepot.ar\/index.php?rest_route=%2Fwp%2Fv2%2Fmedia&parent=1501"}],"wp:term":[{"taxonomy":"product_brand","embeddable":true,"href":"https:\/\/detaildepot.ar\/index.php?rest_route=%2Fwp%2Fv2%2Fproduct_brand&post=1501"},{"taxonomy":"product_cat","embeddable":true,"href":"https:\/\/detaildepot.ar\/index.php?rest_route=%2Fwp%2Fv2%2Fproduct_cat&post=1501"},{"taxonomy":"product_tag","embeddable":true,"href":"https:\/\/detaildepot.ar\/index.php?rest_route=%2Fwp%2Fv2%2Fproduct_tag&post=1501"}],"curies":[{"name":"wp","href":"https:\/\/api.w.org\/{rel}","templated":true}]}}