{"id":1244,"date":"2025-09-23T23:27:59","date_gmt":"2025-09-24T02:27:59","guid":{"rendered":"https:\/\/detaildepot.ar\/?post_type=product&#038;p=1244"},"modified":"2025-09-28T23:12:04","modified_gmt":"2025-09-29T02:12:04","slug":"carpro-pulimento-fixer-500ml","status":"publish","type":"product","link":"https:\/\/detaildepot.ar\/?product=carpro-pulimento-fixer-500ml","title":{"rendered":"CARPRO PULIMENTO FIXER 500ML"},"content":{"rendered":"<p>Fixer es un compuesto de pulido avanzado de un solo paso que contiene una mezcla de ingredientes de nanotecnolog\u00eda y sofisticados polvos abrasivos.<br \/>\nEs capaz de abordar una amplia variedad de necesidades de correcci\u00f3n de pintura, desde la eliminaci\u00f3n de rayones de lija al agua 1500 hasta el acabado de finish de la mayor\u00eda de las pinturas de veh\u00edculos, incluidas las lacas suaves y los coatings cer\u00e1micos duros resistentes a los rayones.<\/p>\n","protected":false},"excerpt":{"rendered":"<p>Fixer es un compuesto de pulido avanzado de un solo paso que contiene una mezcla de ingredientes de nanotecnolog\u00eda y sofisticados polvos abrasivos. Es capaz de abordar una amplia variedad de necesidades de correcci\u00f3n de pintura, desde la eliminaci\u00f3n de rayones de lija al agua 1500 hasta el acabado de finish de la mayor\u00eda de [&hellip;]<\/p>\n","protected":false},"featured_media":1240,"comment_status":"open","ping_status":"closed","template":"","meta":[],"product_brand":[159],"product_cat":[22],"product_tag":[151,28,343,25],"class_list":{"0":"post-1244","1":"product","2":"type-product","3":"status-publish","4":"has-post-thumbnail","6":"product_brand-carpro","7":"product_cat-pulimentos","8":"product_tag-carpro","9":"product_tag-corte","10":"product_tag-fixer","11":"product_tag-pulimento","13":"first","14":"instock","15":"shipping-taxable","16":"purchasable","17":"product-type-simple"},"yoast_head":"<!-- This site is optimized with the Yoast SEO plugin v27.4 - https:\/\/yoast.com\/product\/yoast-seo-wordpress\/ -->\n<title>CARPRO PULIMENTO FIXER 500ML - Detail Depot | Tienda de insumos para detail<\/title>\n<meta name=\"robots\" content=\"index, follow, max-snippet:-1, max-image-preview:large, max-video-preview:-1\" \/>\n<link rel=\"canonical\" href=\"https:\/\/detaildepot.ar\/?product=carpro-pulimento-fixer-500ml\" \/>\n<meta property=\"og:locale\" content=\"es_ES\" \/>\n<meta property=\"og:type\" content=\"article\" \/>\n<meta property=\"og:title\" content=\"CARPRO PULIMENTO FIXER 500ML - Detail Depot | Tienda de insumos para detail\" \/>\n<meta property=\"og:description\" content=\"Fixer es un compuesto de pulido avanzado de un solo paso que contiene una mezcla de ingredientes de nanotecnolog\u00eda y sofisticados polvos abrasivos. Es capaz de abordar una amplia variedad de necesidades de correcci\u00f3n de pintura, desde la eliminaci\u00f3n de rayones de lija al agua 1500 hasta el acabado de finish de la mayor\u00eda de [&hellip;]\" \/>\n<meta property=\"og:url\" content=\"https:\/\/detaildepot.ar\/?product=carpro-pulimento-fixer-500ml\" \/>\n<meta property=\"og:site_name\" content=\"Detail Depot | Tienda de insumos para detail\" \/>\n<meta property=\"article:modified_time\" content=\"2025-09-29T02:12:04+00:00\" \/>\n<meta property=\"og:image\" content=\"https:\/\/detaildepot.ar\/wp-content\/uploads\/2025\/09\/1-2.png\" \/>\n\t<meta property=\"og:image:width\" content=\"1024\" \/>\n\t<meta property=\"og:image:height\" content=\"1024\" \/>\n\t<meta property=\"og:image:type\" content=\"image\/png\" \/>\n<meta name=\"twitter:card\" content=\"summary_large_image\" \/>\n<meta name=\"twitter:label1\" content=\"Tiempo de lectura\" \/>\n\t<meta name=\"twitter:data1\" content=\"1 minuto\" \/>\n<script type=\"application\/ld+json\" class=\"yoast-schema-graph\">{\"@context\":\"https:\\\/\\\/schema.org\",\"@graph\":[{\"@type\":\"WebPage\",\"@id\":\"https:\\\/\\\/detaildepot.ar\\\/?product=carpro-pulimento-fixer-500ml\",\"url\":\"https:\\\/\\\/detaildepot.ar\\\/?product=carpro-pulimento-fixer-500ml\",\"name\":\"CARPRO PULIMENTO FIXER 500ML - Detail Depot | Tienda de insumos para detail\",\"isPartOf\":{\"@id\":\"https:\\\/\\\/detaildepot.ar\\\/#website\"},\"primaryImageOfPage\":{\"@id\":\"https:\\\/\\\/detaildepot.ar\\\/?product=carpro-pulimento-fixer-500ml#primaryimage\"},\"image\":{\"@id\":\"https:\\\/\\\/detaildepot.ar\\\/?product=carpro-pulimento-fixer-500ml#primaryimage\"},\"thumbnailUrl\":\"https:\\\/\\\/detaildepot.ar\\\/wp-content\\\/uploads\\\/2025\\\/09\\\/1-2.png\",\"datePublished\":\"2025-09-24T02:27:59+00:00\",\"dateModified\":\"2025-09-29T02:12:04+00:00\",\"breadcrumb\":{\"@id\":\"https:\\\/\\\/detaildepot.ar\\\/?product=carpro-pulimento-fixer-500ml#breadcrumb\"},\"inLanguage\":\"es-AR\",\"potentialAction\":[{\"@type\":\"ReadAction\",\"target\":[\"https:\\\/\\\/detaildepot.ar\\\/?product=carpro-pulimento-fixer-500ml\"]}]},{\"@type\":\"ImageObject\",\"inLanguage\":\"es-AR\",\"@id\":\"https:\\\/\\\/detaildepot.ar\\\/?product=carpro-pulimento-fixer-500ml#primaryimage\",\"url\":\"https:\\\/\\\/detaildepot.ar\\\/wp-content\\\/uploads\\\/2025\\\/09\\\/1-2.png\",\"contentUrl\":\"https:\\\/\\\/detaildepot.ar\\\/wp-content\\\/uploads\\\/2025\\\/09\\\/1-2.png\",\"width\":1024,\"height\":1024},{\"@type\":\"BreadcrumbList\",\"@id\":\"https:\\\/\\\/detaildepot.ar\\\/?product=carpro-pulimento-fixer-500ml#breadcrumb\",\"itemListElement\":[{\"@type\":\"ListItem\",\"position\":1,\"name\":\"Inicio\",\"item\":\"https:\\\/\\\/detaildepot.ar\\\/\"},{\"@type\":\"ListItem\",\"position\":2,\"name\":\"Tienda\",\"item\":\"https:\\\/\\\/detaildepot.ar\\\/\"},{\"@type\":\"ListItem\",\"position\":3,\"name\":\"CARPRO PULIMENTO FIXER 500ML\"}]},{\"@type\":\"WebSite\",\"@id\":\"https:\\\/\\\/detaildepot.ar\\\/#website\",\"url\":\"https:\\\/\\\/detaildepot.ar\\\/\",\"name\":\"Detail Depot | Tienda de insumos para detail\",\"description\":\"\",\"publisher\":{\"@id\":\"https:\\\/\\\/detaildepot.ar\\\/#organization\"},\"potentialAction\":[{\"@type\":\"SearchAction\",\"target\":{\"@type\":\"EntryPoint\",\"urlTemplate\":\"https:\\\/\\\/detaildepot.ar\\\/?s={search_term_string}\"},\"query-input\":{\"@type\":\"PropertyValueSpecification\",\"valueRequired\":true,\"valueName\":\"search_term_string\"}}],\"inLanguage\":\"es-AR\"},{\"@type\":\"Organization\",\"@id\":\"https:\\\/\\\/detaildepot.ar\\\/#organization\",\"name\":\"Detail Depot | Tienda de insumos para detail\",\"url\":\"https:\\\/\\\/detaildepot.ar\\\/\",\"logo\":{\"@type\":\"ImageObject\",\"inLanguage\":\"es-AR\",\"@id\":\"https:\\\/\\\/detaildepot.ar\\\/#\\\/schema\\\/logo\\\/image\\\/\",\"url\":\"https:\\\/\\\/detaildepot.ar\\\/wp-content\\\/uploads\\\/2026\\\/03\\\/652187CB-8631-49B2-8296-13AA835CEAD2.png\",\"contentUrl\":\"https:\\\/\\\/detaildepot.ar\\\/wp-content\\\/uploads\\\/2026\\\/03\\\/652187CB-8631-49B2-8296-13AA835CEAD2.png\",\"width\":1024,\"height\":1024,\"caption\":\"Detail Depot | Tienda de insumos para detail\"},\"image\":{\"@id\":\"https:\\\/\\\/detaildepot.ar\\\/#\\\/schema\\\/logo\\\/image\\\/\"}}]}<\/script>\n<!-- \/ Yoast SEO plugin. -->","yoast_head_json":{"title":"CARPRO PULIMENTO FIXER 500ML - Detail Depot | Tienda de insumos para detail","robots":{"index":"index","follow":"follow","max-snippet":"max-snippet:-1","max-image-preview":"max-image-preview:large","max-video-preview":"max-video-preview:-1"},"canonical":"https:\/\/detaildepot.ar\/?product=carpro-pulimento-fixer-500ml","og_locale":"es_ES","og_type":"article","og_title":"CARPRO PULIMENTO FIXER 500ML - Detail Depot | Tienda de insumos para detail","og_description":"Fixer es un compuesto de pulido avanzado de un solo paso que contiene una mezcla de ingredientes de nanotecnolog\u00eda y sofisticados polvos abrasivos. Es capaz de abordar una amplia variedad de necesidades de correcci\u00f3n de pintura, desde la eliminaci\u00f3n de rayones de lija al agua 1500 hasta el acabado de finish de la mayor\u00eda de [&hellip;]","og_url":"https:\/\/detaildepot.ar\/?product=carpro-pulimento-fixer-500ml","og_site_name":"Detail Depot | Tienda de insumos para detail","article_modified_time":"2025-09-29T02:12:04+00:00","og_image":[{"width":1024,"height":1024,"url":"https:\/\/detaildepot.ar\/wp-content\/uploads\/2025\/09\/1-2.png","type":"image\/png"}],"twitter_card":"summary_large_image","twitter_misc":{"Tiempo de lectura":"1 minuto"},"schema":{"@context":"https:\/\/schema.org","@graph":[{"@type":"WebPage","@id":"https:\/\/detaildepot.ar\/?product=carpro-pulimento-fixer-500ml","url":"https:\/\/detaildepot.ar\/?product=carpro-pulimento-fixer-500ml","name":"CARPRO PULIMENTO FIXER 500ML - Detail Depot | Tienda de insumos para detail","isPartOf":{"@id":"https:\/\/detaildepot.ar\/#website"},"primaryImageOfPage":{"@id":"https:\/\/detaildepot.ar\/?product=carpro-pulimento-fixer-500ml#primaryimage"},"image":{"@id":"https:\/\/detaildepot.ar\/?product=carpro-pulimento-fixer-500ml#primaryimage"},"thumbnailUrl":"https:\/\/detaildepot.ar\/wp-content\/uploads\/2025\/09\/1-2.png","datePublished":"2025-09-24T02:27:59+00:00","dateModified":"2025-09-29T02:12:04+00:00","breadcrumb":{"@id":"https:\/\/detaildepot.ar\/?product=carpro-pulimento-fixer-500ml#breadcrumb"},"inLanguage":"es-AR","potentialAction":[{"@type":"ReadAction","target":["https:\/\/detaildepot.ar\/?product=carpro-pulimento-fixer-500ml"]}]},{"@type":"ImageObject","inLanguage":"es-AR","@id":"https:\/\/detaildepot.ar\/?product=carpro-pulimento-fixer-500ml#primaryimage","url":"https:\/\/detaildepot.ar\/wp-content\/uploads\/2025\/09\/1-2.png","contentUrl":"https:\/\/detaildepot.ar\/wp-content\/uploads\/2025\/09\/1-2.png","width":1024,"height":1024},{"@type":"BreadcrumbList","@id":"https:\/\/detaildepot.ar\/?product=carpro-pulimento-fixer-500ml#breadcrumb","itemListElement":[{"@type":"ListItem","position":1,"name":"Inicio","item":"https:\/\/detaildepot.ar\/"},{"@type":"ListItem","position":2,"name":"Tienda","item":"https:\/\/detaildepot.ar\/"},{"@type":"ListItem","position":3,"name":"CARPRO PULIMENTO FIXER 500ML"}]},{"@type":"WebSite","@id":"https:\/\/detaildepot.ar\/#website","url":"https:\/\/detaildepot.ar\/","name":"Detail Depot | Tienda de insumos para detail","description":"","publisher":{"@id":"https:\/\/detaildepot.ar\/#organization"},"potentialAction":[{"@type":"SearchAction","target":{"@type":"EntryPoint","urlTemplate":"https:\/\/detaildepot.ar\/?s={search_term_string}"},"query-input":{"@type":"PropertyValueSpecification","valueRequired":true,"valueName":"search_term_string"}}],"inLanguage":"es-AR"},{"@type":"Organization","@id":"https:\/\/detaildepot.ar\/#organization","name":"Detail Depot | Tienda de insumos para detail","url":"https:\/\/detaildepot.ar\/","logo":{"@type":"ImageObject","inLanguage":"es-AR","@id":"https:\/\/detaildepot.ar\/#\/schema\/logo\/image\/","url":"https:\/\/detaildepot.ar\/wp-content\/uploads\/2026\/03\/652187CB-8631-49B2-8296-13AA835CEAD2.png","contentUrl":"https:\/\/detaildepot.ar\/wp-content\/uploads\/2026\/03\/652187CB-8631-49B2-8296-13AA835CEAD2.png","width":1024,"height":1024,"caption":"Detail Depot | Tienda de insumos para detail"},"image":{"@id":"https:\/\/detaildepot.ar\/#\/schema\/logo\/image\/"}}]}},"jetpack_sharing_enabled":true,"_links":{"self":[{"href":"https:\/\/detaildepot.ar\/index.php?rest_route=\/wp\/v2\/product\/1244","targetHints":{"allow":["GET"]}}],"collection":[{"href":"https:\/\/detaildepot.ar\/index.php?rest_route=\/wp\/v2\/product"}],"about":[{"href":"https:\/\/detaildepot.ar\/index.php?rest_route=\/wp\/v2\/types\/product"}],"replies":[{"embeddable":true,"href":"https:\/\/detaildepot.ar\/index.php?rest_route=%2Fwp%2Fv2%2Fcomments&post=1244"}],"version-history":[{"count":2,"href":"https:\/\/detaildepot.ar\/index.php?rest_route=\/wp\/v2\/product\/1244\/revisions"}],"predecessor-version":[{"id":1431,"href":"https:\/\/detaildepot.ar\/index.php?rest_route=\/wp\/v2\/product\/1244\/revisions\/1431"}],"wp:featuredmedia":[{"embeddable":true,"href":"https:\/\/detaildepot.ar\/index.php?rest_route=\/wp\/v2\/media\/1240"}],"wp:attachment":[{"href":"https:\/\/detaildepot.ar\/index.php?rest_route=%2Fwp%2Fv2%2Fmedia&parent=1244"}],"wp:term":[{"taxonomy":"product_brand","embeddable":true,"href":"https:\/\/detaildepot.ar\/index.php?rest_route=%2Fwp%2Fv2%2Fproduct_brand&post=1244"},{"taxonomy":"product_cat","embeddable":true,"href":"https:\/\/detaildepot.ar\/index.php?rest_route=%2Fwp%2Fv2%2Fproduct_cat&post=1244"},{"taxonomy":"product_tag","embeddable":true,"href":"https:\/\/detaildepot.ar\/index.php?rest_route=%2Fwp%2Fv2%2Fproduct_tag&post=1244"}],"curies":[{"name":"wp","href":"https:\/\/api.w.org\/{rel}","templated":true}]}}