{"id":1214,"date":"2025-09-23T02:26:17","date_gmt":"2025-09-23T05:26:17","guid":{"rendered":"https:\/\/detaildepot.ar\/?post_type=product&#038;p=1214"},"modified":"2026-04-27T00:03:19","modified_gmt":"2026-04-27T03:03:19","slug":"3d-tire-shine","status":"publish","type":"product","link":"https:\/\/detaildepot.ar\/?product=3d-tire-shine","title":{"rendered":"3D TIRE SHINE"},"content":{"rendered":"<section class=\"wrapper bg-light\">\n<div id=\"divProducto_267\" class=\"container py-10 py-md-12\">\n<div class=\"mt-8 mt-md-12 \">\n<div id=\"divDescripcionProducto\" class=\"tab-content mt-5 mt-md-8\">\n<div id=\"tab1-1\" class=\"tab-pane fade show active\">\n<p>Tire Shine es un embellecedor efectivo y econ\u00f3mico para utilizar en toda superficie que se puede usar en una variedad de aplicaciones. Funciona muy bien tanto en superficies exteriores como neum\u00e1ticos y molduras, as\u00ed como en tableros interiores, asientos que no son de tela, molduras o en cualquier otro lugar donde se desee un gran brillo. Universal Protectant protege, embellece y devuelve la vida a las superficies sin dejar ning\u00fan residuo pegajoso. Este producto se seca con un acabado brillante duradero, evita la acumulaci\u00f3n de polvo. A diferencia de otros embellecedores. Tambi\u00e9n protege contra los rayos UV que pueden resecar y agrietar las superficies de cuero y vinilo, tableros y asientos de cuero. De hecho, con el uso regular, preservar\u00e1 sus superficies suaves durante mucho tiempo.<\/p>\n<\/div>\n<\/div>\n<\/div>\n<\/div>\n<\/section>\n<section id=\"divBanners\" class=\"wrapper bg-color-secundario\">\n<div class=\"container pt-8 pb-8\">\n<div class=\"row\">\n<div class=\"swiper-container blog grid-view swiper-container-1\" data-margin=\"30\" data-dots=\"true\" data-items-xxl=\"5\" data-items-lg=\"4\" data-items-md=\"3\" data-items-sm=\"2\" data-items-xs=\"1\">\n<div class=\"swiper swiper-initialized swiper-horizontal swiper-pointer-events swiper-backface-hidden\">\n<div id=\"swiper-wrapper-01aebe8bbdef9aec\" class=\"swiper-wrapper\" aria-live=\"off\">\n<div class=\"swiper-slide texto-slide-pedidos swiper-slide-active\" role=\"group\" align=\"center\" aria-label=\"1 \/ 5\">\n<div><\/div>\n<div><\/div>\n<\/div>\n<div class=\"swiper-slide texto-slide-pedidos swiper-slide-next\" role=\"group\" align=\"center\" aria-label=\"2 \/ 5\">\n<div><\/div>\n<div><\/div>\n<\/div>\n<div class=\"swiper-slide texto-slide-pedidos\" role=\"group\" align=\"center\" aria-label=\"3 \/ 5\">\n<div><\/div>\n<div><\/div>\n<\/div>\n<div class=\"swiper-slide texto-slide-pedidos\" role=\"group\" align=\"center\" aria-label=\"4 \/ 5\">\n<div><\/div>\n<div><\/div>\n<\/div>\n<div class=\"swiper-slide texto-slide-pedidos\" role=\"group\" align=\"center\" aria-label=\"5 \/ 5\">\n<div><\/div>\n<div><\/div>\n<\/div>\n<\/div>\n<\/div>\n<div class=\"swiper-controls\"><\/div>\n<\/div>\n<\/div>\n<\/div>\n<\/section>\n<section id=\"divRecomendados\" class=\"wrapper bg-white\">\n<div class=\"container pt-8 pb-4\"><\/div>\n<\/section>\n","protected":false},"excerpt":{"rendered":"<p>Tire Shine es un embellecedor efectivo y econ\u00f3mico para utilizar en toda superficie que se puede usar en una variedad de aplicaciones. Funciona muy bien tanto en superficies exteriores como neum\u00e1ticos y molduras, as\u00ed como en tableros interiores, asientos que no son de tela, molduras o en cualquier otro lugar donde se desee un gran [&hellip;]<\/p>\n","protected":false},"featured_media":1203,"comment_status":"open","ping_status":"closed","template":"","meta":[],"product_brand":[117],"product_cat":[48],"product_tag":[95,68,69],"class_list":{"0":"post-1214","1":"product","2":"type-product","3":"status-publish","4":"has-post-thumbnail","6":"product_brand-3d","7":"product_cat-acondicionadores","8":"product_tag-3d","9":"product_tag-acondicionador","10":"product_tag-neumaticos","12":"first","13":"instock","14":"shipping-taxable","15":"purchasable","16":"product-type-simple"},"yoast_head":"<!-- This site is optimized with the Yoast SEO plugin v27.4 - https:\/\/yoast.com\/product\/yoast-seo-wordpress\/ -->\n<title>3D TIRE SHINE - Detail Depot | Tienda de insumos para detail<\/title>\n<meta name=\"robots\" content=\"index, follow, max-snippet:-1, max-image-preview:large, max-video-preview:-1\" \/>\n<link rel=\"canonical\" href=\"https:\/\/detaildepot.ar\/?product=3d-tire-shine\" \/>\n<meta property=\"og:locale\" content=\"es_ES\" \/>\n<meta property=\"og:type\" content=\"article\" \/>\n<meta property=\"og:title\" content=\"3D TIRE SHINE - Detail Depot | Tienda de insumos para detail\" \/>\n<meta property=\"og:description\" content=\"Tire Shine es un embellecedor efectivo y econ\u00f3mico para utilizar en toda superficie que se puede usar en una variedad de aplicaciones. Funciona muy bien tanto en superficies exteriores como neum\u00e1ticos y molduras, as\u00ed como en tableros interiores, asientos que no son de tela, molduras o en cualquier otro lugar donde se desee un gran [&hellip;]\" \/>\n<meta property=\"og:url\" content=\"https:\/\/detaildepot.ar\/?product=3d-tire-shine\" \/>\n<meta property=\"og:site_name\" content=\"Detail Depot | Tienda de insumos para detail\" \/>\n<meta property=\"article:modified_time\" content=\"2026-04-27T03:03:19+00:00\" \/>\n<meta property=\"og:image\" content=\"https:\/\/detaildepot.ar\/wp-content\/uploads\/2025\/09\/5.png\" \/>\n\t<meta property=\"og:image:width\" content=\"1024\" \/>\n\t<meta property=\"og:image:height\" content=\"1024\" \/>\n\t<meta property=\"og:image:type\" content=\"image\/png\" \/>\n<meta name=\"twitter:card\" content=\"summary_large_image\" \/>\n<meta name=\"twitter:label1\" content=\"Tiempo de lectura\" \/>\n\t<meta name=\"twitter:data1\" content=\"1 minuto\" \/>\n<script type=\"application\/ld+json\" class=\"yoast-schema-graph\">{\"@context\":\"https:\\\/\\\/schema.org\",\"@graph\":[{\"@type\":\"WebPage\",\"@id\":\"https:\\\/\\\/detaildepot.ar\\\/?product=3d-tire-shine\",\"url\":\"https:\\\/\\\/detaildepot.ar\\\/?product=3d-tire-shine\",\"name\":\"3D TIRE SHINE - Detail Depot | Tienda de insumos para detail\",\"isPartOf\":{\"@id\":\"https:\\\/\\\/detaildepot.ar\\\/#website\"},\"primaryImageOfPage\":{\"@id\":\"https:\\\/\\\/detaildepot.ar\\\/?product=3d-tire-shine#primaryimage\"},\"image\":{\"@id\":\"https:\\\/\\\/detaildepot.ar\\\/?product=3d-tire-shine#primaryimage\"},\"thumbnailUrl\":\"https:\\\/\\\/detaildepot.ar\\\/wp-content\\\/uploads\\\/2025\\\/09\\\/5.png\",\"datePublished\":\"2025-09-23T05:26:17+00:00\",\"dateModified\":\"2026-04-27T03:03:19+00:00\",\"breadcrumb\":{\"@id\":\"https:\\\/\\\/detaildepot.ar\\\/?product=3d-tire-shine#breadcrumb\"},\"inLanguage\":\"es-AR\",\"potentialAction\":[{\"@type\":\"ReadAction\",\"target\":[\"https:\\\/\\\/detaildepot.ar\\\/?product=3d-tire-shine\"]}]},{\"@type\":\"ImageObject\",\"inLanguage\":\"es-AR\",\"@id\":\"https:\\\/\\\/detaildepot.ar\\\/?product=3d-tire-shine#primaryimage\",\"url\":\"https:\\\/\\\/detaildepot.ar\\\/wp-content\\\/uploads\\\/2025\\\/09\\\/5.png\",\"contentUrl\":\"https:\\\/\\\/detaildepot.ar\\\/wp-content\\\/uploads\\\/2025\\\/09\\\/5.png\",\"width\":1024,\"height\":1024},{\"@type\":\"BreadcrumbList\",\"@id\":\"https:\\\/\\\/detaildepot.ar\\\/?product=3d-tire-shine#breadcrumb\",\"itemListElement\":[{\"@type\":\"ListItem\",\"position\":1,\"name\":\"Inicio\",\"item\":\"https:\\\/\\\/detaildepot.ar\\\/\"},{\"@type\":\"ListItem\",\"position\":2,\"name\":\"Tienda\",\"item\":\"https:\\\/\\\/detaildepot.ar\\\/\"},{\"@type\":\"ListItem\",\"position\":3,\"name\":\"3D TIRE SHINE\"}]},{\"@type\":\"WebSite\",\"@id\":\"https:\\\/\\\/detaildepot.ar\\\/#website\",\"url\":\"https:\\\/\\\/detaildepot.ar\\\/\",\"name\":\"Detail Depot | Tienda de insumos para detail\",\"description\":\"\",\"publisher\":{\"@id\":\"https:\\\/\\\/detaildepot.ar\\\/#organization\"},\"potentialAction\":[{\"@type\":\"SearchAction\",\"target\":{\"@type\":\"EntryPoint\",\"urlTemplate\":\"https:\\\/\\\/detaildepot.ar\\\/?s={search_term_string}\"},\"query-input\":{\"@type\":\"PropertyValueSpecification\",\"valueRequired\":true,\"valueName\":\"search_term_string\"}}],\"inLanguage\":\"es-AR\"},{\"@type\":\"Organization\",\"@id\":\"https:\\\/\\\/detaildepot.ar\\\/#organization\",\"name\":\"Detail Depot | Tienda de insumos para detail\",\"url\":\"https:\\\/\\\/detaildepot.ar\\\/\",\"logo\":{\"@type\":\"ImageObject\",\"inLanguage\":\"es-AR\",\"@id\":\"https:\\\/\\\/detaildepot.ar\\\/#\\\/schema\\\/logo\\\/image\\\/\",\"url\":\"https:\\\/\\\/detaildepot.ar\\\/wp-content\\\/uploads\\\/2026\\\/03\\\/652187CB-8631-49B2-8296-13AA835CEAD2.png\",\"contentUrl\":\"https:\\\/\\\/detaildepot.ar\\\/wp-content\\\/uploads\\\/2026\\\/03\\\/652187CB-8631-49B2-8296-13AA835CEAD2.png\",\"width\":1024,\"height\":1024,\"caption\":\"Detail Depot | Tienda de insumos para detail\"},\"image\":{\"@id\":\"https:\\\/\\\/detaildepot.ar\\\/#\\\/schema\\\/logo\\\/image\\\/\"}}]}<\/script>\n<!-- \/ Yoast SEO plugin. -->","yoast_head_json":{"title":"3D TIRE SHINE - Detail Depot | Tienda de insumos para detail","robots":{"index":"index","follow":"follow","max-snippet":"max-snippet:-1","max-image-preview":"max-image-preview:large","max-video-preview":"max-video-preview:-1"},"canonical":"https:\/\/detaildepot.ar\/?product=3d-tire-shine","og_locale":"es_ES","og_type":"article","og_title":"3D TIRE SHINE - Detail Depot | Tienda de insumos para detail","og_description":"Tire Shine es un embellecedor efectivo y econ\u00f3mico para utilizar en toda superficie que se puede usar en una variedad de aplicaciones. Funciona muy bien tanto en superficies exteriores como neum\u00e1ticos y molduras, as\u00ed como en tableros interiores, asientos que no son de tela, molduras o en cualquier otro lugar donde se desee un gran [&hellip;]","og_url":"https:\/\/detaildepot.ar\/?product=3d-tire-shine","og_site_name":"Detail Depot | Tienda de insumos para detail","article_modified_time":"2026-04-27T03:03:19+00:00","og_image":[{"width":1024,"height":1024,"url":"https:\/\/detaildepot.ar\/wp-content\/uploads\/2025\/09\/5.png","type":"image\/png"}],"twitter_card":"summary_large_image","twitter_misc":{"Tiempo de lectura":"1 minuto"},"schema":{"@context":"https:\/\/schema.org","@graph":[{"@type":"WebPage","@id":"https:\/\/detaildepot.ar\/?product=3d-tire-shine","url":"https:\/\/detaildepot.ar\/?product=3d-tire-shine","name":"3D TIRE SHINE - Detail Depot | Tienda de insumos para detail","isPartOf":{"@id":"https:\/\/detaildepot.ar\/#website"},"primaryImageOfPage":{"@id":"https:\/\/detaildepot.ar\/?product=3d-tire-shine#primaryimage"},"image":{"@id":"https:\/\/detaildepot.ar\/?product=3d-tire-shine#primaryimage"},"thumbnailUrl":"https:\/\/detaildepot.ar\/wp-content\/uploads\/2025\/09\/5.png","datePublished":"2025-09-23T05:26:17+00:00","dateModified":"2026-04-27T03:03:19+00:00","breadcrumb":{"@id":"https:\/\/detaildepot.ar\/?product=3d-tire-shine#breadcrumb"},"inLanguage":"es-AR","potentialAction":[{"@type":"ReadAction","target":["https:\/\/detaildepot.ar\/?product=3d-tire-shine"]}]},{"@type":"ImageObject","inLanguage":"es-AR","@id":"https:\/\/detaildepot.ar\/?product=3d-tire-shine#primaryimage","url":"https:\/\/detaildepot.ar\/wp-content\/uploads\/2025\/09\/5.png","contentUrl":"https:\/\/detaildepot.ar\/wp-content\/uploads\/2025\/09\/5.png","width":1024,"height":1024},{"@type":"BreadcrumbList","@id":"https:\/\/detaildepot.ar\/?product=3d-tire-shine#breadcrumb","itemListElement":[{"@type":"ListItem","position":1,"name":"Inicio","item":"https:\/\/detaildepot.ar\/"},{"@type":"ListItem","position":2,"name":"Tienda","item":"https:\/\/detaildepot.ar\/"},{"@type":"ListItem","position":3,"name":"3D TIRE SHINE"}]},{"@type":"WebSite","@id":"https:\/\/detaildepot.ar\/#website","url":"https:\/\/detaildepot.ar\/","name":"Detail Depot | Tienda de insumos para detail","description":"","publisher":{"@id":"https:\/\/detaildepot.ar\/#organization"},"potentialAction":[{"@type":"SearchAction","target":{"@type":"EntryPoint","urlTemplate":"https:\/\/detaildepot.ar\/?s={search_term_string}"},"query-input":{"@type":"PropertyValueSpecification","valueRequired":true,"valueName":"search_term_string"}}],"inLanguage":"es-AR"},{"@type":"Organization","@id":"https:\/\/detaildepot.ar\/#organization","name":"Detail Depot | Tienda de insumos para detail","url":"https:\/\/detaildepot.ar\/","logo":{"@type":"ImageObject","inLanguage":"es-AR","@id":"https:\/\/detaildepot.ar\/#\/schema\/logo\/image\/","url":"https:\/\/detaildepot.ar\/wp-content\/uploads\/2026\/03\/652187CB-8631-49B2-8296-13AA835CEAD2.png","contentUrl":"https:\/\/detaildepot.ar\/wp-content\/uploads\/2026\/03\/652187CB-8631-49B2-8296-13AA835CEAD2.png","width":1024,"height":1024,"caption":"Detail Depot | Tienda de insumos para detail"},"image":{"@id":"https:\/\/detaildepot.ar\/#\/schema\/logo\/image\/"}}]}},"jetpack_sharing_enabled":true,"_links":{"self":[{"href":"https:\/\/detaildepot.ar\/index.php?rest_route=\/wp\/v2\/product\/1214","targetHints":{"allow":["GET"]}}],"collection":[{"href":"https:\/\/detaildepot.ar\/index.php?rest_route=\/wp\/v2\/product"}],"about":[{"href":"https:\/\/detaildepot.ar\/index.php?rest_route=\/wp\/v2\/types\/product"}],"replies":[{"embeddable":true,"href":"https:\/\/detaildepot.ar\/index.php?rest_route=%2Fwp%2Fv2%2Fcomments&post=1214"}],"version-history":[{"count":4,"href":"https:\/\/detaildepot.ar\/index.php?rest_route=\/wp\/v2\/product\/1214\/revisions"}],"predecessor-version":[{"id":1405,"href":"https:\/\/detaildepot.ar\/index.php?rest_route=\/wp\/v2\/product\/1214\/revisions\/1405"}],"wp:featuredmedia":[{"embeddable":true,"href":"https:\/\/detaildepot.ar\/index.php?rest_route=\/wp\/v2\/media\/1203"}],"wp:attachment":[{"href":"https:\/\/detaildepot.ar\/index.php?rest_route=%2Fwp%2Fv2%2Fmedia&parent=1214"}],"wp:term":[{"taxonomy":"product_brand","embeddable":true,"href":"https:\/\/detaildepot.ar\/index.php?rest_route=%2Fwp%2Fv2%2Fproduct_brand&post=1214"},{"taxonomy":"product_cat","embeddable":true,"href":"https:\/\/detaildepot.ar\/index.php?rest_route=%2Fwp%2Fv2%2Fproduct_cat&post=1214"},{"taxonomy":"product_tag","embeddable":true,"href":"https:\/\/detaildepot.ar\/index.php?rest_route=%2Fwp%2Fv2%2Fproduct_tag&post=1214"}],"curies":[{"name":"wp","href":"https:\/\/api.w.org\/{rel}","templated":true}]}}