{"id":1210,"date":"2025-09-23T02:02:49","date_gmt":"2025-09-23T05:02:49","guid":{"rendered":"https:\/\/detaildepot.ar\/?post_type=product&#038;p=1210"},"modified":"2026-04-27T00:03:51","modified_gmt":"2026-04-27T03:03:51","slug":"3d-non-silicon-4l","status":"publish","type":"product","link":"https:\/\/detaildepot.ar\/?product=3d-non-silicon-4l","title":{"rendered":"3D NON SILICON 4L"},"content":{"rendered":"<section class=\"wrapper bg-light\">\n<div id=\"divProducto_269\" class=\"container py-10 py-md-12\">\n<div class=\"mt-8 mt-md-12 \">\n<div id=\"divDescripcionProducto\" class=\"tab-content mt-5 mt-md-8\">\n<div id=\"tab1-1\" class=\"tab-pane fade show active\">\n<p>Restaura el aspecto original y la belleza de cubiertas, pl\u00e1sticos y vinilos. Este producto no contiene absolutamente ninguna silicona. Funciona de manera excelente en superficies duras, incluyendo vinilo, molduras, guardabarros, llantas y motores. 3D NON-SILICONE TIRE DRESSING es tan seguro y eficaz que se puede utilizar en vinilo, y goma sin ning\u00fan inconveniente. Su f\u00f3rmula libre de silicona mejora la apariencia de las superficies sin dejarlas resbaladizas, grasosas ni pegajosas. Aporta profundidad al color y realza el acabado de los neum\u00e1ticos, ofreciendo una terminaci\u00f3n cl\u00e1sica y elegante. Las siliconas presentes en muchos embellecedores de neum\u00e1ticos tienden a resecar la goma con el tiempo, provocando decoloraci\u00f3n y deterioro. Aunque al principio puedan lucir bien, a largo plazo afectan negativamente la apariencia y aceleran el desgaste del material.<\/p>\n<\/div>\n<\/div>\n<\/div>\n<\/div>\n<\/section>\n","protected":false},"excerpt":{"rendered":"<p>Restaura el aspecto original y la belleza de cubiertas, pl\u00e1sticos y vinilos. Este producto no contiene absolutamente ninguna silicona. Funciona de manera excelente en superficies duras, incluyendo vinilo, molduras, guardabarros, llantas y motores. 3D NON-SILICONE TIRE DRESSING es tan seguro y eficaz que se puede utilizar en vinilo, y goma sin ning\u00fan inconveniente. Su f\u00f3rmula [&hellip;]<\/p>\n","protected":false},"featured_media":1201,"comment_status":"open","ping_status":"closed","template":"","meta":[],"product_brand":[117],"product_cat":[48],"product_tag":[95,68,61,72],"class_list":{"0":"post-1210","1":"product","2":"type-product","3":"status-publish","4":"has-post-thumbnail","6":"product_brand-3d","7":"product_cat-acondicionadores","8":"product_tag-3d","9":"product_tag-acondicionador","10":"product_tag-exterior","11":"product_tag-plasticos","13":"first","14":"outofstock","15":"shipping-taxable","16":"purchasable","17":"product-type-simple"},"yoast_head":"<!-- This site is optimized with the Yoast SEO plugin v27.4 - https:\/\/yoast.com\/product\/yoast-seo-wordpress\/ -->\n<title>3D NON SILICON 4L - Detail Depot | Tienda de insumos para detail<\/title>\n<meta name=\"robots\" content=\"index, follow, max-snippet:-1, max-image-preview:large, max-video-preview:-1\" \/>\n<link rel=\"canonical\" href=\"https:\/\/detaildepot.ar\/?product=3d-non-silicon-4l\" \/>\n<meta property=\"og:locale\" content=\"es_ES\" \/>\n<meta property=\"og:type\" content=\"article\" \/>\n<meta property=\"og:title\" content=\"3D NON SILICON 4L - Detail Depot | Tienda de insumos para detail\" \/>\n<meta property=\"og:description\" content=\"Restaura el aspecto original y la belleza de cubiertas, pl\u00e1sticos y vinilos. Este producto no contiene absolutamente ninguna silicona. Funciona de manera excelente en superficies duras, incluyendo vinilo, molduras, guardabarros, llantas y motores. 3D NON-SILICONE TIRE DRESSING es tan seguro y eficaz que se puede utilizar en vinilo, y goma sin ning\u00fan inconveniente. Su f\u00f3rmula [&hellip;]\" \/>\n<meta property=\"og:url\" content=\"https:\/\/detaildepot.ar\/?product=3d-non-silicon-4l\" \/>\n<meta property=\"og:site_name\" content=\"Detail Depot | Tienda de insumos para detail\" \/>\n<meta property=\"article:modified_time\" content=\"2026-04-27T03:03:51+00:00\" \/>\n<meta property=\"og:image\" content=\"https:\/\/detaildepot.ar\/wp-content\/uploads\/2025\/09\/3-1.png\" \/>\n\t<meta property=\"og:image:width\" content=\"1024\" \/>\n\t<meta property=\"og:image:height\" content=\"1024\" \/>\n\t<meta property=\"og:image:type\" content=\"image\/png\" \/>\n<meta name=\"twitter:card\" content=\"summary_large_image\" \/>\n<meta name=\"twitter:label1\" content=\"Tiempo de lectura\" \/>\n\t<meta name=\"twitter:data1\" content=\"1 minuto\" \/>\n<script type=\"application\/ld+json\" class=\"yoast-schema-graph\">{\"@context\":\"https:\\\/\\\/schema.org\",\"@graph\":[{\"@type\":\"WebPage\",\"@id\":\"https:\\\/\\\/detaildepot.ar\\\/?product=3d-non-silicon-4l\",\"url\":\"https:\\\/\\\/detaildepot.ar\\\/?product=3d-non-silicon-4l\",\"name\":\"3D NON SILICON 4L - Detail Depot | Tienda de insumos para detail\",\"isPartOf\":{\"@id\":\"https:\\\/\\\/detaildepot.ar\\\/#website\"},\"primaryImageOfPage\":{\"@id\":\"https:\\\/\\\/detaildepot.ar\\\/?product=3d-non-silicon-4l#primaryimage\"},\"image\":{\"@id\":\"https:\\\/\\\/detaildepot.ar\\\/?product=3d-non-silicon-4l#primaryimage\"},\"thumbnailUrl\":\"https:\\\/\\\/detaildepot.ar\\\/wp-content\\\/uploads\\\/2025\\\/09\\\/3-1.png\",\"datePublished\":\"2025-09-23T05:02:49+00:00\",\"dateModified\":\"2026-04-27T03:03:51+00:00\",\"breadcrumb\":{\"@id\":\"https:\\\/\\\/detaildepot.ar\\\/?product=3d-non-silicon-4l#breadcrumb\"},\"inLanguage\":\"es-AR\",\"potentialAction\":[{\"@type\":\"ReadAction\",\"target\":[\"https:\\\/\\\/detaildepot.ar\\\/?product=3d-non-silicon-4l\"]}]},{\"@type\":\"ImageObject\",\"inLanguage\":\"es-AR\",\"@id\":\"https:\\\/\\\/detaildepot.ar\\\/?product=3d-non-silicon-4l#primaryimage\",\"url\":\"https:\\\/\\\/detaildepot.ar\\\/wp-content\\\/uploads\\\/2025\\\/09\\\/3-1.png\",\"contentUrl\":\"https:\\\/\\\/detaildepot.ar\\\/wp-content\\\/uploads\\\/2025\\\/09\\\/3-1.png\",\"width\":1024,\"height\":1024},{\"@type\":\"BreadcrumbList\",\"@id\":\"https:\\\/\\\/detaildepot.ar\\\/?product=3d-non-silicon-4l#breadcrumb\",\"itemListElement\":[{\"@type\":\"ListItem\",\"position\":1,\"name\":\"Inicio\",\"item\":\"https:\\\/\\\/detaildepot.ar\\\/\"},{\"@type\":\"ListItem\",\"position\":2,\"name\":\"Tienda\",\"item\":\"https:\\\/\\\/detaildepot.ar\\\/\"},{\"@type\":\"ListItem\",\"position\":3,\"name\":\"3D NON SILICON 4L\"}]},{\"@type\":\"WebSite\",\"@id\":\"https:\\\/\\\/detaildepot.ar\\\/#website\",\"url\":\"https:\\\/\\\/detaildepot.ar\\\/\",\"name\":\"Detail Depot | Tienda de insumos para detail\",\"description\":\"\",\"publisher\":{\"@id\":\"https:\\\/\\\/detaildepot.ar\\\/#organization\"},\"potentialAction\":[{\"@type\":\"SearchAction\",\"target\":{\"@type\":\"EntryPoint\",\"urlTemplate\":\"https:\\\/\\\/detaildepot.ar\\\/?s={search_term_string}\"},\"query-input\":{\"@type\":\"PropertyValueSpecification\",\"valueRequired\":true,\"valueName\":\"search_term_string\"}}],\"inLanguage\":\"es-AR\"},{\"@type\":\"Organization\",\"@id\":\"https:\\\/\\\/detaildepot.ar\\\/#organization\",\"name\":\"Detail Depot | Tienda de insumos para detail\",\"url\":\"https:\\\/\\\/detaildepot.ar\\\/\",\"logo\":{\"@type\":\"ImageObject\",\"inLanguage\":\"es-AR\",\"@id\":\"https:\\\/\\\/detaildepot.ar\\\/#\\\/schema\\\/logo\\\/image\\\/\",\"url\":\"https:\\\/\\\/detaildepot.ar\\\/wp-content\\\/uploads\\\/2026\\\/03\\\/652187CB-8631-49B2-8296-13AA835CEAD2.png\",\"contentUrl\":\"https:\\\/\\\/detaildepot.ar\\\/wp-content\\\/uploads\\\/2026\\\/03\\\/652187CB-8631-49B2-8296-13AA835CEAD2.png\",\"width\":1024,\"height\":1024,\"caption\":\"Detail Depot | Tienda de insumos para detail\"},\"image\":{\"@id\":\"https:\\\/\\\/detaildepot.ar\\\/#\\\/schema\\\/logo\\\/image\\\/\"}}]}<\/script>\n<!-- \/ Yoast SEO plugin. -->","yoast_head_json":{"title":"3D NON SILICON 4L - Detail Depot | Tienda de insumos para detail","robots":{"index":"index","follow":"follow","max-snippet":"max-snippet:-1","max-image-preview":"max-image-preview:large","max-video-preview":"max-video-preview:-1"},"canonical":"https:\/\/detaildepot.ar\/?product=3d-non-silicon-4l","og_locale":"es_ES","og_type":"article","og_title":"3D NON SILICON 4L - Detail Depot | Tienda de insumos para detail","og_description":"Restaura el aspecto original y la belleza de cubiertas, pl\u00e1sticos y vinilos. Este producto no contiene absolutamente ninguna silicona. Funciona de manera excelente en superficies duras, incluyendo vinilo, molduras, guardabarros, llantas y motores. 3D NON-SILICONE TIRE DRESSING es tan seguro y eficaz que se puede utilizar en vinilo, y goma sin ning\u00fan inconveniente. Su f\u00f3rmula [&hellip;]","og_url":"https:\/\/detaildepot.ar\/?product=3d-non-silicon-4l","og_site_name":"Detail Depot | Tienda de insumos para detail","article_modified_time":"2026-04-27T03:03:51+00:00","og_image":[{"width":1024,"height":1024,"url":"https:\/\/detaildepot.ar\/wp-content\/uploads\/2025\/09\/3-1.png","type":"image\/png"}],"twitter_card":"summary_large_image","twitter_misc":{"Tiempo de lectura":"1 minuto"},"schema":{"@context":"https:\/\/schema.org","@graph":[{"@type":"WebPage","@id":"https:\/\/detaildepot.ar\/?product=3d-non-silicon-4l","url":"https:\/\/detaildepot.ar\/?product=3d-non-silicon-4l","name":"3D NON SILICON 4L - Detail Depot | Tienda de insumos para detail","isPartOf":{"@id":"https:\/\/detaildepot.ar\/#website"},"primaryImageOfPage":{"@id":"https:\/\/detaildepot.ar\/?product=3d-non-silicon-4l#primaryimage"},"image":{"@id":"https:\/\/detaildepot.ar\/?product=3d-non-silicon-4l#primaryimage"},"thumbnailUrl":"https:\/\/detaildepot.ar\/wp-content\/uploads\/2025\/09\/3-1.png","datePublished":"2025-09-23T05:02:49+00:00","dateModified":"2026-04-27T03:03:51+00:00","breadcrumb":{"@id":"https:\/\/detaildepot.ar\/?product=3d-non-silicon-4l#breadcrumb"},"inLanguage":"es-AR","potentialAction":[{"@type":"ReadAction","target":["https:\/\/detaildepot.ar\/?product=3d-non-silicon-4l"]}]},{"@type":"ImageObject","inLanguage":"es-AR","@id":"https:\/\/detaildepot.ar\/?product=3d-non-silicon-4l#primaryimage","url":"https:\/\/detaildepot.ar\/wp-content\/uploads\/2025\/09\/3-1.png","contentUrl":"https:\/\/detaildepot.ar\/wp-content\/uploads\/2025\/09\/3-1.png","width":1024,"height":1024},{"@type":"BreadcrumbList","@id":"https:\/\/detaildepot.ar\/?product=3d-non-silicon-4l#breadcrumb","itemListElement":[{"@type":"ListItem","position":1,"name":"Inicio","item":"https:\/\/detaildepot.ar\/"},{"@type":"ListItem","position":2,"name":"Tienda","item":"https:\/\/detaildepot.ar\/"},{"@type":"ListItem","position":3,"name":"3D NON SILICON 4L"}]},{"@type":"WebSite","@id":"https:\/\/detaildepot.ar\/#website","url":"https:\/\/detaildepot.ar\/","name":"Detail Depot | Tienda de insumos para detail","description":"","publisher":{"@id":"https:\/\/detaildepot.ar\/#organization"},"potentialAction":[{"@type":"SearchAction","target":{"@type":"EntryPoint","urlTemplate":"https:\/\/detaildepot.ar\/?s={search_term_string}"},"query-input":{"@type":"PropertyValueSpecification","valueRequired":true,"valueName":"search_term_string"}}],"inLanguage":"es-AR"},{"@type":"Organization","@id":"https:\/\/detaildepot.ar\/#organization","name":"Detail Depot | Tienda de insumos para detail","url":"https:\/\/detaildepot.ar\/","logo":{"@type":"ImageObject","inLanguage":"es-AR","@id":"https:\/\/detaildepot.ar\/#\/schema\/logo\/image\/","url":"https:\/\/detaildepot.ar\/wp-content\/uploads\/2026\/03\/652187CB-8631-49B2-8296-13AA835CEAD2.png","contentUrl":"https:\/\/detaildepot.ar\/wp-content\/uploads\/2026\/03\/652187CB-8631-49B2-8296-13AA835CEAD2.png","width":1024,"height":1024,"caption":"Detail Depot | Tienda de insumos para detail"},"image":{"@id":"https:\/\/detaildepot.ar\/#\/schema\/logo\/image\/"}}]}},"jetpack_sharing_enabled":true,"_links":{"self":[{"href":"https:\/\/detaildepot.ar\/index.php?rest_route=\/wp\/v2\/product\/1210","targetHints":{"allow":["GET"]}}],"collection":[{"href":"https:\/\/detaildepot.ar\/index.php?rest_route=\/wp\/v2\/product"}],"about":[{"href":"https:\/\/detaildepot.ar\/index.php?rest_route=\/wp\/v2\/types\/product"}],"replies":[{"embeddable":true,"href":"https:\/\/detaildepot.ar\/index.php?rest_route=%2Fwp%2Fv2%2Fcomments&post=1210"}],"version-history":[{"count":3,"href":"https:\/\/detaildepot.ar\/index.php?rest_route=\/wp\/v2\/product\/1210\/revisions"}],"predecessor-version":[{"id":1408,"href":"https:\/\/detaildepot.ar\/index.php?rest_route=\/wp\/v2\/product\/1210\/revisions\/1408"}],"wp:featuredmedia":[{"embeddable":true,"href":"https:\/\/detaildepot.ar\/index.php?rest_route=\/wp\/v2\/media\/1201"}],"wp:attachment":[{"href":"https:\/\/detaildepot.ar\/index.php?rest_route=%2Fwp%2Fv2%2Fmedia&parent=1210"}],"wp:term":[{"taxonomy":"product_brand","embeddable":true,"href":"https:\/\/detaildepot.ar\/index.php?rest_route=%2Fwp%2Fv2%2Fproduct_brand&post=1210"},{"taxonomy":"product_cat","embeddable":true,"href":"https:\/\/detaildepot.ar\/index.php?rest_route=%2Fwp%2Fv2%2Fproduct_cat&post=1210"},{"taxonomy":"product_tag","embeddable":true,"href":"https:\/\/detaildepot.ar\/index.php?rest_route=%2Fwp%2Fv2%2Fproduct_tag&post=1210"}],"curies":[{"name":"wp","href":"https:\/\/api.w.org\/{rel}","templated":true}]}}